{"id":2104,"date":"2025-01-14T07:06:50","date_gmt":"2025-01-14T07:06:50","guid":{"rendered":"https:\/\/rf-capacitor.com\/?post_type=product&#038;p=2104"},"modified":"2025-01-14T07:41:45","modified_gmt":"2025-01-14T07:41:45","slug":"dc-electrical-voltage-transducer","status":"publish","type":"product","link":"https:\/\/rf-capacitor.com\/tr\/dc-electrical-voltage-transducer\/","title":{"rendered":"DC Elektrik Gerilim Transd\u00fcseri"},"content":{"rendered":"<p data-sourcepos=\"1:1-1:188\">Bir DC Elektrik Voltaj Transd\u00fcseri, bir giri\u015f sinyalini (tipik olarak bir DC voltaj\u0131 veya ak\u0131m\u0131), genellikle farkl\u0131 bir formatta veya farkl\u0131 bir seviyede kar\u015f\u0131l\u0131k gelen bir \u00e7\u0131k\u0131\u015f sinyaline d\u00f6n\u00fc\u015ft\u00fcren bir cihazd\u0131r.<\/p>\n<h2 data-sourcepos=\"3:1-3:18\">DC Elektrik Voltaj Transd\u00fcserinin Temel Fonksiyonlar\u0131:<\/h2>\n<ul data-sourcepos=\"5:1-13:0\">\n<li data-sourcepos=\"5:1-10:0\">\n<p data-sourcepos=\"5:3-5:27\"><strong>Sinyal Ko\u015fulland\u0131rma:<\/strong><\/p>\n<ul data-sourcepos=\"6:5-10:0\">\n<li data-sourcepos=\"6:5-6:68\"><strong>Amplifikasyon:<\/strong> Zay\u0131f bir DC sinyalinin g\u00fcc\u00fcn\u00fc art\u0131r\u0131r.<\/li>\n<li data-sourcepos=\"7:5-7:111\"><strong>\u0130zolasyon:<\/strong> Giri\u015f sinyalini \u00e7\u0131k\u0131\u015ftan izole ederek toprak d\u00f6ng\u00fclerini ve g\u00fcr\u00fclt\u00fc parazitini \u00f6nler.<\/li>\n<li data-sourcepos=\"8:5-8:89\"><strong>Do\u011frusalla\u015ft\u0131rma:<\/strong> Do\u011frulu\u011fu ve tutarl\u0131l\u0131\u011f\u0131 art\u0131rmak i\u00e7in giri\u015f sinyalini do\u011frusalla\u015ft\u0131r\u0131r.<\/li>\n<li data-sourcepos=\"9:5-10:0\"><strong>D\u00f6n\u00fc\u015f\u00fcm:<\/strong> Giri\u015f sinyalini bir formattan di\u011ferine d\u00f6n\u00fc\u015ft\u00fcr\u00fcr (\u00f6rn. ak\u0131mdan voltaja, voltajdan ak\u0131ma).<\/li>\n<\/ul>\n<\/li>\n<li data-sourcepos=\"11:1-13:0\">\n<p data-sourcepos=\"11:3-11:25\"><strong>Veri \u0130letimi:<\/strong><\/p>\n<ul data-sourcepos=\"12:5-13:0\">\n<li data-sourcepos=\"12:5-13:0\">\u00c7e\u015fitli ileti\u015fim protokollerini (\u00f6rn. 4-20mA, RS485, Modbus) kullanarak ko\u015fulland\u0131r\u0131lm\u0131\u015f sinyali uzun mesafelere iletir.<\/li>\n<\/ul>\n<\/li>\n<\/ul>\n<h2 data-sourcepos=\"14:1-14:17\">Uygulamalar:<\/h2>\n<ul data-sourcepos=\"16:1-25:0\">\n<li data-sourcepos=\"16:1-18:31\"><strong>End\u00fcstriyel Otomasyon:<\/strong>\n<ul data-sourcepos=\"17:5-18:31\">\n<li data-sourcepos=\"17:5-17:89\">End\u00fcstriyel s\u00fcre\u00e7lerin izlenmesi ve kontrol\u00fc (s\u0131cakl\u0131k, bas\u0131n\u00e7, ak\u0131\u015f, vb.).<\/li>\n<li data-sourcepos=\"18:5-18:31\">Veri toplama sistemleri.<\/li>\n<\/ul>\n<\/li>\n<li data-sourcepos=\"19:1-20:55\"><strong>Bina Otomasyonu:<\/strong>\n<ul data-sourcepos=\"20:5-20:55\">\n<li data-sourcepos=\"20:5-20:55\">HVAC kontrol\u00fc, ayd\u0131nlatma kontrol\u00fc, g\u00fcvenlik sistemleri.<\/li>\n<\/ul>\n<\/li>\n<li data-sourcepos=\"21:1-22:100\"><strong>S\u00fcre\u00e7 Kontrol\u00fc:<\/strong>\n<ul data-sourcepos=\"22:5-22:100\">\n<li data-sourcepos=\"22:5-22:100\">Kimyasal s\u00fcre\u00e7lerin, su ar\u0131tman\u0131n ve di\u011fer end\u00fcstriyel s\u00fcre\u00e7lerin izlenmesi ve kontrol\u00fc.<\/li>\n<\/ul>\n<\/li>\n<li data-sourcepos=\"23:1-25:0\"><strong>Veri Kayd\u0131:<\/strong>\n<ul data-sourcepos=\"24:5-25:0\">\n<li data-sourcepos=\"24:5-25:0\">Uzak konumlardan veri toplama ve iletme.<\/li>\n<\/ul>\n<\/li>\n<\/ul>\n<h2 data-sourcepos=\"26:1-26:17\">DC Elektrik Voltaj Transd\u00fcserinin Temel \u00d6zellikleri:<\/h2>\n<ul data-sourcepos=\"28:1-33:0\">\n<li data-sourcepos=\"28:1-28:79\"><strong>Do\u011fruluk:<\/strong> G\u00fcvenilir \u00f6l\u00e7\u00fcmler ve kontrol i\u00e7in y\u00fcksek do\u011fruluk \u00e7ok \u00f6nemlidir.<\/li>\n<li data-sourcepos=\"29:1-29:89\"><strong>Stabilite:<\/strong> Zaman i\u00e7inde ve de\u011fi\u015fen \u00e7evresel ko\u015fullar alt\u0131nda istikrarl\u0131 performans.<\/li>\n<li data-sourcepos=\"30:1-30:61\"><strong>G\u00fcvenilirlik:<\/strong> Sa\u011flam yap\u0131 ve uzun hizmet \u00f6mr\u00fc.<\/li>\n<li data-sourcepos=\"31:1-31:103\"><strong>\u0130zolasyon:<\/strong> G\u00fcvenlik ve g\u00fcr\u00fclt\u00fc azaltma i\u00e7in giri\u015f ve \u00e7\u0131k\u0131\u015f devreleri aras\u0131nda elektriksel izolasyon.<\/li>\n<li data-sourcepos=\"32:1-33:0\"><strong>\u0130leti\u015fim Protokolleri:<\/strong> Mevcut sistemlere kolay entegrasyon i\u00e7in \u00e7e\u015fitli ileti\u015fim protokolleriyle uyumluluk.<\/li>\n<\/ul>\n<p data-sourcepos=\"34:1-34:211\">DC Elektrik Voltaj Transd\u00fcserleri, \u00e7ok \u00e7e\u015fitli uygulamalarda temel bile\u015fenlerdir ve geli\u015fmi\u015f kontrol, izleme ve veri toplama i\u00e7in kritik proses parametrelerinin do\u011fru \u00f6l\u00e7\u00fcm\u00fcn\u00fc ve iletimini sa\u011flar.<\/p>","protected":false},"excerpt":{"rendered":"<table style=\"height: 461px;\" width=\"189\">\n<tbody>\n<tr>\n<td width=\"179\">Model<\/td>\n<td width=\"113\">Prensip<\/td>\n<td width=\"128\">Nominal Giri\u015f<\/td>\n<td width=\"160\">Besleme Gerilimi (V)<\/td>\n<td width=\"164\">\u00c7\u0131k\u0131\u015f @ Nominal Giri\u015f<\/td>\n<td width=\"106\">Bant Geni\u015fli\u011fi (Hz)<\/td>\n<td width=\"121\">Normal S\u0131cakl\u0131k Do\u011frulu\u011fu \uff08%\uff09<\/td>\n<td width=\"105\">TA (\u2103)<\/td>\n<td width=\"109\">Kurulum Y\u00f6ntemi<\/td>\n<td width=\"151\">A\u00e7\u0131kl\u0131k\/Ba\u011flant\u0131 (mm)<\/td>\n<\/tr>\n<tr>\n<td width=\"179\">HOC50EKA128<\/td>\n<td width=\"113\">A\u00e7\u0131k d\u00f6ng\u00fc<\/td>\n<td width=\"128\">\u00b150A<\/td>\n<td width=\"160\">+24V<\/td>\n<td width=\"164\">DC 12\u00b18mA<\/td>\n<td width=\"106\">DC-20(-3dB)<\/td>\n<td width=\"121\">1<\/td>\n<td width=\"105\">-40&#8230;+85<\/td>\n<td width=\"109\">Perforasyon<\/td>\n<td width=\"151\">\u03a621<\/td>\n<\/tr>\n<tr>\n<td width=\"179\">HOC100EKA128<\/td>\n<td width=\"113\">A\u00e7\u0131k d\u00f6ng\u00fc<\/td>\n<td width=\"128\">\u00b1100A<\/td>\n<td width=\"160\">+24V<\/td>\n<td width=\"164\">DC 12\u00b18mA<\/td>\n<td width=\"106\">DC-20(-3dB)<\/td>\n<td width=\"121\">1<\/td>\n<td width=\"105\">-40&#8230;+85<\/td>\n<td width=\"109\">Perforasyon<\/td>\n<td width=\"151\">\u03a621<\/td>\n<\/tr>\n<tr>\n<td width=\"179\">HOC150EKA128<\/td>\n<td width=\"113\">A\u00e7\u0131k d\u00f6ng\u00fc<\/td>\n<td width=\"128\">\u00b1150A<\/td>\n<td width=\"160\">+24V<\/td>\n<td width=\"164\">DC 12\u00b18mA<\/td>\n<td width=\"106\">DC-20(-3dB)<\/td>\n<td width=\"121\">1<\/td>\n<td width=\"105\">-40&#8230;+85<\/td>\n<td width=\"109\">Perforasyon<\/td>\n<td width=\"151\">\u03a621<\/td>\n<\/tr>\n<tr>\n<td width=\"179\">HOC200EKA128<\/td>\n<td width=\"113\">A\u00e7\u0131k d\u00f6ng\u00fc<\/td>\n<td width=\"128\">\u00b1200A<\/td>\n<td width=\"160\">+24V<\/td>\n<td width=\"164\">DC 12\u00b18mA<\/td>\n<td width=\"106\">DC-20(-3dB)<\/td>\n<td width=\"121\">1<\/td>\n<td width=\"105\">-40&#8230;+85<\/td>\n<td width=\"109\">Perforasyon<\/td>\n<td width=\"151\">\u03a621<\/td>\n<\/tr>\n<tr>\n<td width=\"179\">HOC300EKA128<\/td>\n<td width=\"113\">A\u00e7\u0131k d\u00f6ng\u00fc<\/td>\n<td width=\"128\">\u00b1300A<\/td>\n<td width=\"160\">+24V<\/td>\n<td width=\"164\">DC 12\u00b18mA<\/td>\n<td width=\"106\">DC-20(-3dB)<\/td>\n<td width=\"121\">1<\/td>\n<td width=\"105\">-40&#8230;+85<\/td>\n<td width=\"109\">Perforasyon<\/td>\n<td width=\"151\">\u03a621<\/td>\n<\/tr>\n<tr>\n<td width=\"179\">HOC400EKA128<\/td>\n<td width=\"113\">A\u00e7\u0131k d\u00f6ng\u00fc<\/td>\n<td width=\"128\">\u00b1400A<\/td>\n<td width=\"160\">+24V<\/td>\n<td width=\"164\">DC 12\u00b18mA<\/td>\n<td width=\"106\">DC-20(-3dB)<\/td>\n<td width=\"121\">1<\/td>\n<td width=\"105\">-40&#8230;+85<\/td>\n<td width=\"109\">Perforasyon<\/td>\n<td width=\"151\">\u03a621<\/td>\n<\/tr>\n<tr>\n<td width=\"179\">HOC500EKA128<\/td>\n<td width=\"113\">A\u00e7\u0131k d\u00f6ng\u00fc<\/td>\n<td width=\"128\">\u00b1500A<\/td>\n<td width=\"160\">+24V<\/td>\n<td width=\"164\">DC 12\u00b18mA<\/td>\n<td width=\"106\">DC-20(-3dB)<\/td>\n<td width=\"121\">1<\/td>\n<td width=\"105\">-40&#8230;+85<\/td>\n<td width=\"109\">Perforasyon<\/td>\n<td width=\"151\">\u03a621<\/td>\n<\/tr>\n<tr>\n<td width=\"179\">HOC600EKA128<\/td>\n<td width=\"113\">A\u00e7\u0131k d\u00f6ng\u00fc<\/td>\n<td width=\"128\">\u00b1600A<\/td>\n<td width=\"160\">+24V<\/td>\n<td width=\"164\">DC 12\u00b18mA<\/td>\n<td width=\"106\">DC-20(-3dB)<\/td>\n<td width=\"121\">1<\/td>\n<td width=\"105\">-40&#8230;+85<\/td>\n<td width=\"109\">Perforasyon<\/td>\n<td width=\"151\">\u03a621<\/td>\n<\/tr>\n<tr>\n<td width=\"179\">HOC100EKB128<\/td>\n<td width=\"113\">A\u00e7\u0131k d\u00f6ng\u00fc<\/td>\n<td width=\"128\">\u00b1100A<\/td>\n<td width=\"160\">+24V<\/td>\n<td width=\"164\">DC 12\u00b18mA<\/td>\n<td width=\"106\">DC-20(-3dB)<\/td>\n<td width=\"121\">1<\/td>\n<td width=\"105\">-40&#8230;+85<\/td>\n<td width=\"109\">Perforasyon<\/td>\n<td width=\"151\">\u03a640.5<\/td>\n<\/tr>\n<tr>\n<td width=\"179\">HOC200EKB128<\/td>\n<td width=\"113\">A\u00e7\u0131k d\u00f6ng\u00fc<\/td>\n<td width=\"128\">\u00b1200A<\/td>\n<td width=\"160\">+24V<\/td>\n<td width=\"164\">DC 12\u00b18mA<\/td>\n<td width=\"106\">DC-20(-3dB)<\/td>\n<td width=\"121\">1<\/td>\n<td width=\"105\">-40&#8230;+85<\/td>\n<td width=\"109\">Perforasyon<\/td>\n<td width=\"151\">\u03a640.5<\/td>\n<\/tr>\n<tr>\n<td width=\"179\">HOC300EKB128<\/td>\n<td width=\"113\">A\u00e7\u0131k d\u00f6ng\u00fc<\/td>\n<td width=\"128\">\u00b1300A<\/td>\n<td width=\"160\">+24V<\/td>\n<td width=\"164\">DC 12\u00b18mA<\/td>\n<td width=\"106\">DC-20(-3dB)<\/td>\n<td width=\"121\">1<\/td>\n<td width=\"105\">-40&#8230;+85<\/td>\n<td width=\"109\">Perforasyon<\/td>\n<td width=\"151\">\u03a640.5<\/td>\n<\/tr>\n<tr>\n<td width=\"179\">HOC500EKB128<\/td>\n<td width=\"113\">A\u00e7\u0131k d\u00f6ng\u00fc<\/td>\n<td width=\"128\">\u00b1500A<\/td>\n<td width=\"160\">+24V<\/td>\n<td width=\"164\">DC 12\u00b18mA<\/td>\n<td width=\"106\">DC-20(-3dB)<\/td>\n<td width=\"121\">1<\/td>\n<td width=\"105\">-40&#8230;+85<\/td>\n<td width=\"109\">Perforasyon<\/td>\n<td width=\"151\">\u03a640.5<\/td>\n<\/tr>\n<tr>\n<td width=\"179\">HOC1000EKB128<\/td>\n<td width=\"113\">A\u00e7\u0131k d\u00f6ng\u00fc<\/td>\n<td width=\"128\">\u00b11000A<\/td>\n<td width=\"160\">+24V<\/td>\n<td width=\"164\">DC 12\u00b18mA<\/td>\n<td width=\"106\">DC-20(-3dB)<\/td>\n<td width=\"121\">1<\/td>\n<td width=\"105\">-40&#8230;+85<\/td>\n<td width=\"109\">Perforasyon<\/td>\n<td width=\"151\">\u03a640.5<\/td>\n<\/tr>\n<tr>\n<td width=\"179\">HOC2000EKB128<\/td>\n<td width=\"113\">A\u00e7\u0131k d\u00f6ng\u00fc<\/td>\n<td width=\"128\">\u00b12000A<\/td>\n<td width=\"160\">+24V<\/td>\n<td width=\"164\">DC 12\u00b18mA<\/td>\n<td width=\"106\">DC-20(-3dB)<\/td>\n<td width=\"121\">1<\/td>\n<td width=\"105\">-40&#8230;+85<\/td>\n<td width=\"109\">Perforasyon<\/td>\n<td width=\"151\">\u03a640.5<\/td>\n<\/tr>\n<\/tbody>\n<\/table>","protected":false},"featured_media":2081,"comment_status":"open","ping_status":"closed","template":"","meta":[],"product_brand":[],"product_cat":[44],"product_tag":[],"class_list":{"0":"post-2104","1":"product","2":"type-product","3":"status-publish","4":"has-post-thumbnail","6":"product_cat-current-sensor-2","8":"first","9":"instock","10":"shipping-taxable","11":"product-type-simple"},"_links":{"self":[{"href":"https:\/\/rf-capacitor.com\/tr\/wp-json\/wp\/v2\/product\/2104","targetHints":{"allow":["GET"]}}],"collection":[{"href":"https:\/\/rf-capacitor.com\/tr\/wp-json\/wp\/v2\/product"}],"about":[{"href":"https:\/\/rf-capacitor.com\/tr\/wp-json\/wp\/v2\/types\/product"}],"replies":[{"embeddable":true,"href":"https:\/\/rf-capacitor.com\/tr\/wp-json\/wp\/v2\/comments?post=2104"}],"wp:featuredmedia":[{"embeddable":true,"href":"https:\/\/rf-capacitor.com\/tr\/wp-json\/wp\/v2\/media\/2081"}],"wp:attachment":[{"href":"https:\/\/rf-capacitor.com\/tr\/wp-json\/wp\/v2\/media?parent=2104"}],"wp:term":[{"taxonomy":"product_brand","embeddable":true,"href":"https:\/\/rf-capacitor.com\/tr\/wp-json\/wp\/v2\/product_brand?post=2104"},{"taxonomy":"product_cat","embeddable":true,"href":"https:\/\/rf-capacitor.com\/tr\/wp-json\/wp\/v2\/product_cat?post=2104"},{"taxonomy":"product_tag","embeddable":true,"href":"https:\/\/rf-capacitor.com\/tr\/wp-json\/wp\/v2\/product_tag?post=2104"}],"curies":[{"name":"wp","href":"https:\/\/api.w.org\/{rel}","templated":true}]}}