{"id":1898,"date":"2025-01-02T07:08:04","date_gmt":"2025-01-02T07:08:04","guid":{"rendered":"https:\/\/rf-capacitor.com\/?post_type=product&#038;p=1898"},"modified":"2025-01-02T07:08:04","modified_gmt":"2025-01-02T07:08:04","slug":"decoupling-resonant-capacitor","status":"publish","type":"product","link":"https:\/\/rf-capacitor.com\/tr\/decoupling-resonant-capacitor\/","title":{"rendered":"Dekuplaj Rezonans Kondansat\u00f6r\u00fc"},"content":{"rendered":"<div class=\"user-query-container ng-star-inserted\">\n<div id=\"user-query-content-7\" class=\"query-content\">\n<div class=\"query-text gds-body-l ng-star-inserted\" dir=\"ltr\" role=\"heading\" aria-level=\"2\">\n<h3 class=\"query-text-line ng-star-inserted\">Dekuplaj Rezonans Kondansat\u00f6r\u00fc<\/h3>\n<\/div>\n<\/div>\n<div class=\"button-gutter\"><span class=\"citation-0 recitation\" style=\"font-size: 14.4px; color: #555555;\">Elektronikte, bir <\/span><strong style=\"font-size: 14.4px; color: #555555;\"><span class=\"citation-0 recitation\">dekuplaj kondansat\u00f6r\u00fc<\/span><\/strong><span class=\"citation-0 recitation citation-end-0\" style=\"font-size: 14.4px; color: #555555;\"> g\u00fc\u00e7 kayna\u011f\u0131 voltajlar\u0131n\u0131 stabilize etmek ve elektriksel g\u00fcr\u00fclt\u00fcy\u00fc en aza indirmek i\u00e7in kullan\u0131lan \u00e7ok \u00f6nemli bir bile\u015fendir.<\/span><span class=\"button-container hide-from-message-actions ng-star-inserted\" style=\"font-size: 14.4px; color: #555555;\">\u00a0 \u00a0<\/span><\/div>\n<\/div>\n<div>\n<div class=\"response-container ng-tns-c3227055261-111 response-optimization tts-removed ng-star-inserted response-container-has-multiple-responses\">\n<div class=\"presented-response-container ng-tns-c3227055261-111\">\n<div class=\"response-container-content ng-tns-c3227055261-111 tunable-selection-with-avatar\">\n<div class=\"response-content ng-tns-c3227055261-111\">\n<div id=\"model-response-message-contentr_e018e616d4e5ed8e\" class=\"markdown markdown-main-panel tutor-markdown-rendering response-optimization\" dir=\"ltr\">\n<h3 data-sourcepos=\"3:1-3:17\"><strong>Dekuplaj Rezonans Kondansat\u00f6r\u00fc Nas\u0131l \u00c7al\u0131\u015f\u0131r?<\/strong><\/h3>\n<ul data-sourcepos=\"5:1-8:0\">\n<li data-sourcepos=\"5:1-5:224\"><strong><span class=\"citation-1 recitation\">Yerel Enerji Depolama:<\/span><\/strong><span class=\"citation-1 recitation citation-end-1\"> Dekuplaj kapasit\u00f6rleri k\u00fc\u00e7\u00fck yerel enerji rezervuarlar\u0131 olarak i\u015flev g\u00f6r\u00fcr.<\/span> <span class=\"citation-2 recitation citation-end-2\">Entegre devrelere (IC'ler) veya dekuple etmeleri ama\u00e7lanan di\u011fer bile\u015fenlere \u00e7ok yak\u0131n yerle\u015ftirilirler.<\/span><span class=\"button-container hide-from-message-actions ng-star-inserted\"> \u00a0<\/span>\n<div class=\"container ng-tns-c362440147-116 hide\">\n<div class=\"carousel-container ng-tns-c362440147-116\"><\/div>\n<\/div>\n<\/li>\n<li data-sourcepos=\"6:1-6:261\"><strong><span class=\"citation-3 recitation\">Gerilim Dalgalanmalar\u0131n\u0131n Bast\u0131r\u0131lmas\u0131:<\/span><\/strong><span class=\"citation-3 recitation citation-end-3\"> Bir IC aniden b\u00fcy\u00fck bir ak\u0131m \u00e7ekti\u011finde (\u00f6rne\u011fin anahtarlama i\u015flemleri s\u0131ras\u0131nda), dekuplaj kondansat\u00f6r\u00fc bu ak\u0131m\u0131 h\u0131zl\u0131 bir \u015fekilde sa\u011flayabilir ve g\u00fc\u00e7 kayna\u011f\u0131 hatlar\u0131nda \u00f6nemli voltaj d\u00fc\u015f\u00fc\u015flerini \u00f6nleyebilir.<\/span><span class=\"button-container hide-from-message-actions ng-star-inserted\">\u00a0 \u00a0<\/span>\n<div class=\"container ng-tns-c362440147-117 hide\">\n<div class=\"carousel-container ng-tns-c362440147-117\"><\/div>\n<\/div>\n<\/li>\n<li data-sourcepos=\"7:1-8:0\"><strong>G\u00fcr\u00fclt\u00fc Filtreleme:<\/strong> <span class=\"citation-4 recitation citation-end-4\">Dekuplaj kapasit\u00f6rleri ayn\u0131 zamanda filtre g\u00f6revi g\u00f6rerek y\u00fcksek frekansl\u0131 g\u00fcr\u00fclt\u00fc ak\u0131mlar\u0131n\u0131 topra\u011fa aktar\u0131r ve b\u00f6ylece g\u00fcr\u00fclt\u00fcn\u00fcn IC'nin \u00e7al\u0131\u015fmas\u0131 \u00fczerindeki etkisini en aza indirir.<\/span><span class=\"button-container hide-from-message-actions ng-star-inserted\">\u00a0<\/span>\n<div class=\"container ng-tns-c362440147-118 hide\">\n<div class=\"carousel-container ng-tns-c362440147-118\"><\/div>\n<\/div>\n<\/li>\n<\/ul>\n<h3 data-sourcepos=\"9:1-9:24\"><strong>Anahtar Dekuplaj Rezonans Kondansat\u00f6r Karakteristikleri:<\/strong><\/h3>\n<ul data-sourcepos=\"11:1-14:0\">\n<li data-sourcepos=\"11:1-11:117\"><strong><span class=\"citation-5 recitation\">D\u00fc\u015f\u00fck ESR (E\u015fde\u011fer Seri Diren\u00e7):<\/span><\/strong><span class=\"citation-5 recitation citation-end-5\"> Enerji kay\u0131plar\u0131n\u0131 en aza indirir ve h\u0131zl\u0131 ak\u0131m iletimi sa\u011flar.<\/span><span class=\"button-container hide-from-message-actions ng-star-inserted\">\u00a0<\/span>\n<div class=\"container ng-tns-c362440147-119 hide\">\n<div class=\"carousel-container ng-tns-c362440147-119\"><\/div>\n<\/div>\n<\/li>\n<li data-sourcepos=\"12:1-12:95\"><strong>Y\u00fcksek Kapasitans:<\/strong> Ge\u00e7ici ak\u0131m taleplerini kar\u015f\u0131lamak i\u00e7in yeterli enerji depolama sa\u011flar.<\/li>\n<li data-sourcepos=\"13:1-14:0\"><strong>K\u00fc\u00e7\u00fck Boyut ve D\u00fc\u015f\u00fck End\u00fcktans:<\/strong> Parazitik end\u00fcktans\u0131n etkisini en aza indirmek i\u00e7in IC'ye \u00e7ok yak\u0131n yerle\u015ftirme sa\u011flar.<\/li>\n<\/ul>\n<h3 data-sourcepos=\"15:1-15:17\"><strong>Yayg\u0131n Tipler Dekuplaj Rezonans Kondansat\u00f6r\u00fc:<\/strong><\/h3>\n<ul data-sourcepos=\"17:1-20:0\">\n<li data-sourcepos=\"17:1-17:93\"><strong>Seramik Kondansat\u00f6rler:<\/strong> K\u00fc\u00e7\u00fck boyutlar\u0131, y\u00fcksek kapasitanslar\u0131 ve d\u00fc\u015f\u00fck ESR'leri nedeniyle yayg\u0131n olarak kullan\u0131l\u0131rlar.<\/li>\n<li data-sourcepos=\"18:1-18:85\"><strong><span class=\"citation-6 recitation\">Tantal Kondansat\u00f6rler:<\/span><\/strong><span class=\"citation-6 recitation citation-end-6\"> Y\u00fcksek frekanslarda iyi performans sunar.<\/span><span class=\"button-container hide-from-message-actions ng-star-inserted\"> \u00a0<\/span>\n<div class=\"container ng-tns-c362440147-120 hide\">\n<div class=\"carousel-container ng-tns-c362440147-120\"><\/div>\n<\/div>\n<\/li>\n<li data-sourcepos=\"19:1-20:0\"><strong><span class=\"citation-7 recitation\">Elektrolitik Kondansat\u00f6rler:<\/span><\/strong><span class=\"citation-7 recitation citation-end-7\"> Genellikle boyutun daha az kritik oldu\u011fu uygulamalarda daha b\u00fcy\u00fck kapasitans de\u011ferleri i\u00e7in kullan\u0131l\u0131r<\/span><span class=\"button-container hide-from-message-actions ng-star-inserted\">\u00a0 .<\/span>\n<div class=\"container ng-tns-c362440147-121 hide\">\n<div class=\"carousel-container ng-tns-c362440147-121\"><\/div>\n<\/div>\n<\/li>\n<\/ul>\n<h3 data-sourcepos=\"21:1-21:28\"><strong>Yerle\u015ftirme ve Se\u00e7me:<\/strong><\/h3>\n<ul data-sourcepos=\"23:1-25:0\">\n<li data-sourcepos=\"23:1-23:247\"><strong>Yerle\u015ftirme:<\/strong> <span class=\"citation-8 recitation citation-end-8\">Dekuplaj kapasit\u00f6rleri, IC'nin g\u00fc\u00e7 ve toprak pinlerine m\u00fcmk\u00fcn oldu\u011funca yak\u0131n (ideal olarak do\u011frudan IC pinlerine) yerle\u015ftirilmelidir.<\/span> <span class=\"citation-9 recitation citation-end-9\">K\u0131sa, do\u011frudan ba\u011flant\u0131lar parazitik end\u00fcktans\u0131n etkisini en aza indirir.<\/span><span class=\"button-container hide-from-message-actions ng-star-inserted\"> \u00a0<\/span>\n<div class=\"container ng-tns-c362440147-122 hide\">\n<div class=\"carousel-container ng-tns-c362440147-122\"><\/div>\n<\/div>\n<\/li>\n<li data-sourcepos=\"24:1-25:0\"><strong>Se\u00e7im:<\/strong> Kondansat\u00f6r tipi ve de\u011ferinin se\u00e7imi \u00f6zel uygulamaya ve IC'nin \u00f6zelliklerine ba\u011fl\u0131d\u0131r. IC'nin anahtarlama h\u0131z\u0131, ak\u0131m \u00e7eki\u015fi ve \u00e7al\u0131\u015fma frekans\u0131 gibi fakt\u00f6rler dikkate al\u0131nmal\u0131d\u0131r.<\/li>\n<\/ul>\n<h3 data-sourcepos=\"26:1-26:15\"><strong>\u00d6zet olarak:<\/strong><\/h3>\n<p data-sourcepos=\"28:1-28:301\"><span class=\"citation-10 recitation citation-end-10\">Dekuplaj kapasit\u00f6rleri elektronik devrelerde, \u00f6zellikle de y\u00fcksek h\u0131zl\u0131 dijital sistemlerde \u00f6nemli bile\u015fenlerdir.<\/span> <span class=\"citation-11 recitation citation-end-11\">IC'leri g\u00fc\u00e7 kayna\u011f\u0131 hatlar\u0131ndan etkili bir \u015fekilde ay\u0131rarak, istikrarl\u0131 \u00e7al\u0131\u015fma sa\u011flamaya, g\u00fcr\u00fclt\u00fcy\u00fc en aza indirmeye ve genel sistem performans\u0131n\u0131 iyile\u015ftirmeye yard\u0131mc\u0131 olurlar.<\/span><span class=\"button-container hide-from-message-actions ng-star-inserted\"> \u00a0<\/span><\/p>\n<p data-sourcepos=\"30:1-30:208\"><strong>Not:<\/strong> Bu a\u00e7\u0131klama genel bir bak\u0131\u015f sa\u011flar. Dekuplaj kapasit\u00f6rleri i\u00e7in \u00f6zel gereksinimler, \u00f6zel uygulamaya ve elektronik devrenin \u00f6zelliklerine ba\u011fl\u0131 olarak de\u011fi\u015fecektir.<\/p>\n<\/div>\n<\/div>\n<\/div>\n<\/div>\n<\/div>\n<\/div>","protected":false},"excerpt":{"rendered":"<table style=\"height: 479px;\" width=\"711\">\n<tbody>\n<tr>\n<td width=\"146\"><strong><b>\u00dcr\u00fcn<\/b><\/strong>\u00a0<strong><b>\u0130sim:<\/b><\/strong><\/td>\n<td width=\"601\"><strong>Dekuplaj Rezonans Kondansat\u00f6r\u00fc<\/strong><\/td>\n<\/tr>\n<tr>\n<td width=\"146\">\n<h4><strong>K\u0131sa A\u00e7\u0131klama:<\/strong><\/h4>\n<\/td>\n<td width=\"601\">CRE, k\u00fc\u00e7\u00fck kompakt bir paket boyutunda b\u00fcy\u00fck voltaj ve ak\u0131mlar\u0131 i\u015fleyen y\u00fcksek g\u00fc\u00e7l\u00fc rezonans kapasit\u00f6rleri sa\u011flayabilir.<\/p>\n<p>&nbsp;<\/td>\n<\/tr>\n<tr>\n<td width=\"146\"><strong>Kapasitans aral\u0131\u011f\u0131:<\/strong><\/td>\n<td width=\"601\">1\u03bcF\uff5e8\u03bcF<\/td>\n<\/tr>\n<tr>\n<td width=\"146\"><strong>Nominal gerilim\uff1a<\/strong><\/td>\n<td width=\"601\">1200V.DC\uff5e4000V.DC<\/td>\n<\/tr>\n<tr>\n<td width=\"146\"><strong>Kap.tol\uff1a<\/strong><\/td>\n<td width=\"601\">\u00b15%(J) ;\u00b110%(K)<\/td>\n<\/tr>\n<tr>\n<td width=\"146\"><strong>Dayan\u0131m gerilimi:<\/strong><\/td>\n<td width=\"601\">1,5Un \/10S<\/td>\n<\/tr>\n<\/tbody>\n<\/table>","protected":false},"featured_media":1899,"comment_status":"open","ping_status":"closed","template":"","meta":[],"product_brand":[],"product_cat":[42],"product_tag":[],"class_list":{"0":"post-1898","1":"product","2":"type-product","3":"status-publish","4":"has-post-thumbnail","6":"product_cat-resonance-capacitor","8":"first","9":"instock","10":"shipping-taxable","11":"product-type-simple"},"_links":{"self":[{"href":"https:\/\/rf-capacitor.com\/tr\/wp-json\/wp\/v2\/product\/1898","targetHints":{"allow":["GET"]}}],"collection":[{"href":"https:\/\/rf-capacitor.com\/tr\/wp-json\/wp\/v2\/product"}],"about":[{"href":"https:\/\/rf-capacitor.com\/tr\/wp-json\/wp\/v2\/types\/product"}],"replies":[{"embeddable":true,"href":"https:\/\/rf-capacitor.com\/tr\/wp-json\/wp\/v2\/comments?post=1898"}],"wp:featuredmedia":[{"embeddable":true,"href":"https:\/\/rf-capacitor.com\/tr\/wp-json\/wp\/v2\/media\/1899"}],"wp:attachment":[{"href":"https:\/\/rf-capacitor.com\/tr\/wp-json\/wp\/v2\/media?parent=1898"}],"wp:term":[{"taxonomy":"product_brand","embeddable":true,"href":"https:\/\/rf-capacitor.com\/tr\/wp-json\/wp\/v2\/product_brand?post=1898"},{"taxonomy":"product_cat","embeddable":true,"href":"https:\/\/rf-capacitor.com\/tr\/wp-json\/wp\/v2\/product_cat?post=1898"},{"taxonomy":"product_tag","embeddable":true,"href":"https:\/\/rf-capacitor.com\/tr\/wp-json\/wp\/v2\/product_tag?post=1898"}],"curies":[{"name":"wp","href":"https:\/\/api.w.org\/{rel}","templated":true}]}}