{"id":1890,"date":"2025-01-02T06:49:41","date_gmt":"2025-01-02T06:49:41","guid":{"rendered":"https:\/\/rf-capacitor.com\/?post_type=product&#038;p=1890"},"modified":"2025-01-02T06:49:41","modified_gmt":"2025-01-02T06:49:41","slug":"compact-resonant-capacitors","status":"publish","type":"product","link":"https:\/\/rf-capacitor.com\/tr\/compact-resonant-capacitors\/","title":{"rendered":"Kompakt Rezonans Kondansat\u00f6rler"},"content":{"rendered":"<div class=\"user-query-container ng-star-inserted\">\n<div id=\"user-query-content-6\" class=\"query-content\">\n<div class=\"query-text gds-body-l ng-star-inserted\" dir=\"ltr\" role=\"heading\" aria-level=\"2\">\n<h3 class=\"query-text-line ng-star-inserted\">Kompakt Rezonans Kondansat\u00f6rler<\/h3>\n<\/div>\n<\/div>\n<div class=\"button-gutter\"><span class=\"citation-0 recitation citation-end-0\" style=\"font-size: 14.4px; color: #555555;\">Kompakt rezonans kapasit\u00f6rleri, rezonans devrelerinde y\u00fcksek performans\u0131 korurken boyut ve a\u011f\u0131rl\u0131\u011f\u0131 en aza indirmek i\u00e7in tasarlanm\u0131\u015ft\u0131r.<\/span><span class=\"button-container hide-from-message-actions ng-star-inserted\" style=\"font-size: 14.4px; color: #555555;\">\u00a0 \u00a0<\/span><\/div>\n<\/div>\n<div>\n<div class=\"response-container ng-tns-c3227055261-101 response-optimization tts-removed ng-star-inserted response-container-has-multiple-responses\">\n<div class=\"presented-response-container ng-tns-c3227055261-101\">\n<div class=\"response-container-content ng-tns-c3227055261-101 tunable-selection-with-avatar\">\n<div class=\"response-content ng-tns-c3227055261-101\">\n<div id=\"model-response-message-contentr_7732902abd9846b2\" class=\"markdown markdown-main-panel tutor-markdown-rendering response-optimization\" dir=\"ltr\">\n<h3 data-sourcepos=\"1:1-1:139\"><strong style=\"font-size: 14.4px;\">Temel \u00d6zellikler:<\/strong><\/h3>\n<ul data-sourcepos=\"5:1-9:0\">\n<li data-sourcepos=\"5:1-5:95\"><strong>Y\u00fcksek Kapasitans Yo\u011funlu\u011fu:<\/strong> K\u00fc\u00e7\u00fck bir fiziksel ayak izinde y\u00fcksek kapasitans de\u011ferleri elde eder.<\/li>\n<li data-sourcepos=\"6:1-6:107\"><strong><span class=\"citation-1 recitation\">D\u00fc\u015f\u00fck ESR (E\u015fde\u011fer Seri Diren\u00e7):<\/span><\/strong><span class=\"citation-1 recitation citation-end-1\"> Enerji kay\u0131plar\u0131n\u0131 en aza indirir ve verimlili\u011fi art\u0131r\u0131r.<\/span>\n<div class=\"container ng-tns-c362440147-106 hide\">\n<div class=\"carousel-container ng-tns-c362440147-106\"><\/div>\n<\/div>\n<\/li>\n<li data-sourcepos=\"7:1-7:90\"><strong>Y\u00fcksek Q-Fakt\u00f6r\u00fc:<\/strong> Verimli rezonans devresi \u00e7al\u0131\u015fmas\u0131 i\u00e7in y\u00fcksek kalite fakt\u00f6r\u00fc sa\u011flar.<\/li>\n<li data-sourcepos=\"8:1-9:0\"><strong>S\u0131cakl\u0131k Kararl\u0131l\u0131\u011f\u0131:<\/strong> Geni\u015f bir s\u0131cakl\u0131k aral\u0131\u011f\u0131nda sabit kapasitans de\u011ferlerini korur.<\/li>\n<\/ul>\n<h3 data-sourcepos=\"10:1-10:38\"><strong>Kompaktl\u0131\u011f\u0131 Etkinle\u015ftiren Teknolojiler:<\/strong><\/h3>\n<ul data-sourcepos=\"12:1-15:0\">\n<li data-sourcepos=\"12:1-12:133\"><strong>Geli\u015fmi\u015f Dielektrik Malzemeler:<\/strong> <span class=\"citation-2 recitation citation-end-2\">Y\u00fcksek ge\u00e7irgenli\u011fe sahip dielektrik malzemelerin kullan\u0131lmas\u0131 daha k\u00fc\u00e7\u00fck fiziksel boyutlara olanak sa\u011flar.<\/span>\n<div class=\"container ng-tns-c362440147-107 hide\">\n<div class=\"carousel-container ng-tns-c362440147-107\"><\/div>\n<\/div>\n<\/li>\n<li data-sourcepos=\"13:1-13:116\"><strong>\u00c7ok Katmanl\u0131 Yap\u0131:<\/strong> \u00c7ok katmanl\u0131 yap\u0131lar\u0131n kullan\u0131lmas\u0131, s\u0131n\u0131rl\u0131 bir alanda kapasitans yo\u011funlu\u011funu art\u0131r\u0131r.<\/li>\n<li data-sourcepos=\"14:1-15:0\"><strong>Minyat\u00fcrle\u015ftirme Teknikleri:<\/strong> Geli\u015fmi\u015f \u00fcretim s\u00fcre\u00e7leri, son derece k\u00fc\u00e7\u00fck ve hassas bile\u015fenlerin olu\u015fturulmas\u0131n\u0131 sa\u011flar.<\/li>\n<\/ul>\n<h3 data-sourcepos=\"16:1-16:17\"><strong>Uygulamalar:<\/strong><\/h3>\n<ul data-sourcepos=\"18:1-22:0\">\n<li data-sourcepos=\"18:1-18:115\"><strong>Kablosuz \u0130leti\u015fim:<\/strong> Cep telefonlar\u0131, Wi-Fi ve di\u011fer kablosuz cihazlar i\u00e7in y\u00fcksek frekansl\u0131 devrelerde kullan\u0131l\u0131r.<\/li>\n<li data-sourcepos=\"19:1-19:98\"><strong>RF Sistemleri:<\/strong> Radar ve uydu ileti\u015fimi gibi radyo frekans sistemlerinde kullan\u0131l\u0131r.<\/li>\n<li data-sourcepos=\"20:1-20:89\"><strong>G\u00fc\u00e7 Elektroni\u011fi:<\/strong> <span class=\"citation-3 recitation citation-end-3\">Kompakt ve verimli g\u00fc\u00e7 d\u00f6n\u00fc\u015ft\u00fcr\u00fcc\u00fclerinde kullan\u0131l\u0131r.<\/span>\n<div class=\"container ng-tns-c362440147-108 hide\">\n<div class=\"carousel-container ng-tns-c362440147-108\"><\/div>\n<\/div>\n<\/li>\n<li data-sourcepos=\"21:1-22:0\"><strong>Otomotiv Elektroni\u011fi:<\/strong> Motor kontrol \u00fcniteleri ve geli\u015fmi\u015f s\u00fcr\u00fcc\u00fc destek sistemleri (ADAS) dahil olmak \u00fczere \u00e7e\u015fitli otomotiv uygulamalar\u0131nda bulunur.<\/li>\n<\/ul>\n<h3 data-sourcepos=\"23:1-23:13\"><strong>Avantajlar:<\/strong><\/h3>\n<ul data-sourcepos=\"25:1-28:0\">\n<li data-sourcepos=\"25:1-25:78\"><strong>Azalt\u0131lm\u0131\u015f Boyut ve A\u011f\u0131rl\u0131k:<\/strong> Daha k\u00fc\u00e7\u00fck ve daha hafif elektronik cihazlara olanak sa\u011flar.<\/li>\n<li data-sourcepos=\"26:1-26:106\"><strong>Geli\u015ftirilmi\u015f Performans:<\/strong> Daha y\u00fcksek kapasitans yo\u011funlu\u011fu ve daha d\u00fc\u015f\u00fck ESR, geli\u015fmi\u015f devre performans\u0131na yol a\u00e7ar.<\/li>\n<li data-sourcepos=\"27:1-28:0\"><strong>Maliyet Azaltma:<\/strong> Daha k\u00fc\u00e7\u00fck bile\u015fen boyutlar\u0131 sayesinde \u00fcretim maliyetlerinde azalma potansiyeli.<\/li>\n<\/ul>\n<\/div>\n<\/div>\n<\/div>\n<\/div>\n<\/div>\n<\/div>","protected":false},"excerpt":{"rendered":"<table style=\"height: 581px;\" width=\"732\">\n<tbody>\n<tr>\n<td width=\"146\"><strong><b>\u00dcr\u00fcn<\/b><\/strong>\u00a0<strong><b>\u0130sim:<\/b><\/strong><\/td>\n<td width=\"601\"><strong>Kompakt Rezonans Kondansat\u00f6rler<\/strong><\/td>\n<\/tr>\n<tr>\n<td width=\"146\">\n<h4><strong>K\u0131sa A\u00e7\u0131klama:<\/strong><\/h4>\n<\/td>\n<td width=\"601\">1. Bak\u0131r somunlu elektrotlar, k\u00fc\u00e7\u00fck fiziksel boyut, kolay kurulum<\/p>\n<p>2. Kuru re\u00e7ine ile kapat\u0131lm\u0131\u015f plastik ambalaj<\/p>\n<p>3. Y\u00fcksek frekansl\u0131 ak\u0131m veya y\u00fcksek darbe ak\u0131m\u0131 alt\u0131nda \u00e7al\u0131\u015fabilir<\/p>\n<p>4. D\u00fc\u015f\u00fck ESL ve ESR<\/td>\n<\/tr>\n<tr>\n<td width=\"146\"><strong>Kapasitans aral\u0131\u011f\u0131:<\/strong><\/td>\n<td width=\"601\">1\uff5e8\u03bcF<\/td>\n<\/tr>\n<tr>\n<td width=\"146\"><strong>Nominal gerilim\uff1a<\/strong><\/td>\n<td width=\"601\">1200V.DC\uff5e2000V.DC<\/td>\n<\/tr>\n<tr>\n<td width=\"146\"><strong>Kap.tol\uff1a<\/strong><\/td>\n<td width=\"601\">\u00b15%(J)<\/td>\n<\/tr>\n<tr>\n<td width=\"146\"><strong>Dayan\u0131m gerilimi:<\/strong><\/td>\n<td width=\"601\">1,5Un DC\/60S<\/td>\n<\/tr>\n<\/tbody>\n<\/table>","protected":false},"featured_media":1891,"comment_status":"open","ping_status":"closed","template":"","meta":[],"product_brand":[],"product_cat":[42],"product_tag":[],"class_list":{"0":"post-1890","1":"product","2":"type-product","3":"status-publish","4":"has-post-thumbnail","6":"product_cat-resonance-capacitor","8":"first","9":"instock","10":"shipping-taxable","11":"product-type-simple"},"_links":{"self":[{"href":"https:\/\/rf-capacitor.com\/tr\/wp-json\/wp\/v2\/product\/1890","targetHints":{"allow":["GET"]}}],"collection":[{"href":"https:\/\/rf-capacitor.com\/tr\/wp-json\/wp\/v2\/product"}],"about":[{"href":"https:\/\/rf-capacitor.com\/tr\/wp-json\/wp\/v2\/types\/product"}],"replies":[{"embeddable":true,"href":"https:\/\/rf-capacitor.com\/tr\/wp-json\/wp\/v2\/comments?post=1890"}],"wp:featuredmedia":[{"embeddable":true,"href":"https:\/\/rf-capacitor.com\/tr\/wp-json\/wp\/v2\/media\/1891"}],"wp:attachment":[{"href":"https:\/\/rf-capacitor.com\/tr\/wp-json\/wp\/v2\/media?parent=1890"}],"wp:term":[{"taxonomy":"product_brand","embeddable":true,"href":"https:\/\/rf-capacitor.com\/tr\/wp-json\/wp\/v2\/product_brand?post=1890"},{"taxonomy":"product_cat","embeddable":true,"href":"https:\/\/rf-capacitor.com\/tr\/wp-json\/wp\/v2\/product_cat?post=1890"},{"taxonomy":"product_tag","embeddable":true,"href":"https:\/\/rf-capacitor.com\/tr\/wp-json\/wp\/v2\/product_tag?post=1890"}],"curies":[{"name":"wp","href":"https:\/\/api.w.org\/{rel}","templated":true}]}}