{"id":1886,"date":"2025-01-02T06:26:09","date_gmt":"2025-01-02T06:26:09","guid":{"rendered":"https:\/\/rf-capacitor.com\/?post_type=product&#038;p=1886"},"modified":"2025-01-02T06:26:09","modified_gmt":"2025-01-02T06:26:09","slug":"high-voltage-resonance-capacitor","status":"publish","type":"product","link":"https:\/\/rf-capacitor.com\/tr\/high-voltage-resonance-capacitor\/","title":{"rendered":"Y\u00fcksek Gerilim Rezonans Kondansat\u00f6r\u00fc"},"content":{"rendered":"<div class=\"user-query-container ng-star-inserted\">\n<div id=\"user-query-content-5\" class=\"query-content\">\n<div class=\"query-text gds-body-l ng-star-inserted\" dir=\"ltr\" role=\"heading\" aria-level=\"2\">\n<h3 class=\"query-text-line ng-star-inserted\">Y\u00fcksek Gerilim Rezonans Kondansat\u00f6r\u00fc<\/h3>\n<\/div>\n<\/div>\n<\/div>\n<div>\n<div class=\"response-container ng-tns-c3227055261-91 response-optimization tts-removed ng-star-inserted response-container-has-multiple-responses\">\n<div class=\"presented-response-container ng-tns-c3227055261-91\">\n<div class=\"response-container-content ng-tns-c3227055261-91 tunable-selection-with-avatar\">\n<div class=\"response-content ng-tns-c3227055261-91\">\n<div id=\"model-response-message-contentr_53dd446f46a75fa7\" class=\"markdown markdown-main-panel tutor-markdown-rendering response-optimization\" dir=\"ltr\">\n<p data-sourcepos=\"1:1-1:126\"><span class=\"citation-0 recitation citation-end-0\">Y\u00fcksek gerilim rezonans kapasit\u00f6rleri, y\u00fcksek gerilim rezonans devrelerinde kullan\u0131lmak \u00fczere tasarlanm\u0131\u015f \u00f6zel bile\u015fenlerdir.<\/span><span class=\"button-container hide-from-message-actions ng-star-inserted\"> \u00a0<\/span><\/p>\n<h3 data-sourcepos=\"3:1-3:24\"><strong>Temel \u00d6zellikler:<\/strong><\/h3>\n<ul data-sourcepos=\"5:1-10:0\">\n<li data-sourcepos=\"5:1-5:127\"><strong>Son Derece Y\u00fcksek Gerilim De\u011feri:<\/strong> <span class=\"citation-1 recitation citation-end-1\">\u00c7ok y\u00fcksek gerilimlere (tipik olarak kilovolt aral\u0131\u011f\u0131nda) dayanabilir.<\/span><span class=\"button-container hide-from-message-actions ng-star-inserted\">\u00a0 \u00a0<\/span>\n<div class=\"container ng-tns-c362440147-96 hide\">\n<div class=\"carousel-container ng-tns-c362440147-96\"><\/div>\n<\/div>\n<\/li>\n<li data-sourcepos=\"6:1-6:95\"><strong>D\u00fc\u015f\u00fck Kay\u0131p:<\/strong> Enerji da\u011f\u0131l\u0131m\u0131n\u0131 en aza indirmek ve verimlili\u011fi en \u00fcst d\u00fczeye \u00e7\u0131karmak i\u00e7in minimum i\u00e7 kay\u0131plar.<\/li>\n<li data-sourcepos=\"7:1-7:110\"><strong>Y\u00fcksek Q-Fakt\u00f6r\u00fc:<\/strong> <span class=\"citation-2 recitation citation-end-2\">Y\u00fcksek kalite fakt\u00f6r\u00fc (Q), verimli rezonans devresi \u00e7al\u0131\u015fmas\u0131 i\u00e7in \u00e7ok \u00f6nemlidir.<\/span><span class=\"button-container hide-from-message-actions ng-star-inserted\">\u00a0 \u00a0<\/span>\n<div class=\"container ng-tns-c362440147-97 hide\">\n<div class=\"carousel-container ng-tns-c362440147-97\"><\/div>\n<\/div>\n<\/li>\n<li data-sourcepos=\"8:1-8:96\"><strong>Hassas Kapasitans:<\/strong> Devrede istenen rezonans frekans\u0131na ula\u015fmak i\u00e7in kritik \u00f6neme sahiptir.<\/li>\n<li data-sourcepos=\"9:1-10:0\"><strong>Sa\u011flam Yap\u0131:<\/strong> Y\u00fcksek gerilimli \u00e7al\u0131\u015fma streslerine ve kullan\u0131ld\u0131klar\u0131 zorlu ortamlara dayanacak \u015fekilde tasarlanm\u0131\u015ft\u0131r.<\/li>\n<\/ul>\n<h3 data-sourcepos=\"11:1-11:17\"><strong>Uygulamalar:<\/strong><\/h3>\n<ul data-sourcepos=\"13:1-18:0\">\n<li data-sourcepos=\"13:1-13:154\"><strong><span class=\"citation-3 recitation\">Tesla Bobinleri:<\/span><\/strong><span class=\"citation-3 recitation citation-end-3\"> Y\u00fcksek voltajl\u0131, y\u00fcksek frekansl\u0131 sal\u0131n\u0131mlar \u00fcretmek i\u00e7in y\u00fcksek voltajl\u0131 rezonans kapasit\u00f6rlerinin kullan\u0131ld\u0131\u011f\u0131 klasik bir \u00f6rnek.<\/span><span class=\"button-container hide-from-message-actions ng-star-inserted\">\u00a0<\/span>\n<div class=\"container ng-tns-c362440147-98 hide\">\n<div class=\"carousel-container ng-tns-c362440147-98\"><\/div>\n<\/div>\n<\/li>\n<li data-sourcepos=\"14:1-14:135\"><strong>Par\u00e7ac\u0131k H\u0131zland\u0131r\u0131c\u0131lar\u0131:<\/strong> Y\u00fcksek enerjili par\u00e7ac\u0131k \u0131\u015f\u0131nlar\u0131n\u0131 \u00fcretmek ve manip\u00fcle etmek i\u00e7in par\u00e7ac\u0131k h\u0131zland\u0131r\u0131c\u0131lar\u0131n\u0131n \u00e7e\u015fitli bile\u015fenlerinde kullan\u0131l\u0131r.<\/li>\n<li data-sourcepos=\"15:1-15:85\"><strong>Y\u00fcksek G\u00fc\u00e7l\u00fc Vericiler:<\/strong> Y\u00fcksek g\u00fc\u00e7l\u00fc radyo ve televizyon vericilerinde bulunur.<\/li>\n<li data-sourcepos=\"16:1-16:98\"><strong>Plazma Fizi\u011fi Ara\u015ft\u0131rmalar\u0131:<\/strong> Plazma fizi\u011fi deneylerinde plazmalar\u0131 \u00fcretmek ve s\u0131n\u0131rlamak i\u00e7in kullan\u0131l\u0131r.<\/li>\n<li data-sourcepos=\"17:1-18:0\"><strong>End\u00fcstriyel Uygulamalar:<\/strong> Baz\u0131 \u00f6zel end\u00fcstriyel uygulamalar y\u00fcksek voltajl\u0131 rezonans kapasit\u00f6rleri gerektirebilir.<\/li>\n<\/ul>\n<p data-sourcepos=\"19:1-19:15\"><strong>\u00d6zet olarak:<\/strong><\/p>\n<p data-sourcepos=\"21:1-21:254\">Y\u00fcksek gerilim rezonans kapasit\u00f6rleri, bir\u00e7ok y\u00fcksek gerilim uygulamas\u0131nda kritik bile\u015fenlerdir. A\u015f\u0131r\u0131 gerilimlere dayanma, kay\u0131plar\u0131 en aza indirme ve rezonans devrelerinde verimli bir \u015fekilde \u00e7al\u0131\u015fma yetenekleri, onlar\u0131 bu zorlu uygulamalar i\u00e7in gerekli k\u0131lar.<\/p>\n<\/div>\n<\/div>\n<\/div>\n<\/div>\n<\/div>\n<\/div>","protected":false},"excerpt":{"rendered":"<table style=\"height: 581px;\" width=\"824\">\n<tbody>\n<tr>\n<td width=\"146\"><strong><b>\u00dcr\u00fcn<\/b><\/strong>\u00a0<strong><b>\u0130sim:<\/b><\/strong><\/td>\n<td width=\"601\"><strong>Y\u00fcksek Gerilim Rezonans Kondansat\u00f6r\u00fc<\/strong><\/td>\n<\/tr>\n<tr>\n<td width=\"146\">\n<h4><strong>K\u0131sa A\u00e7\u0131klama:<\/strong><\/h4>\n<\/td>\n<td width=\"601\">1. K\u00fc\u00e7\u00fck kompakt paket boyutu<\/p>\n<p>2. B\u00fcy\u00fck gerilimleri ve ak\u0131mlar\u0131 ta\u015f\u0131yabilir<\/p>\n<p>3. Polipropilen filmin d\u00fc\u015f\u00fck kay\u0131pl\u0131 dielektri\u011fini kullan\u0131n<\/td>\n<\/tr>\n<tr>\n<td width=\"146\"><strong>De\u015farj direnci:<\/strong><\/td>\n<td width=\"601\">30000M\u03a9<\/td>\n<\/tr>\n<tr>\n<td width=\"146\"><strong>Nominal gerilim\uff1a<\/strong><\/td>\n<td width=\"601\">5000v\/\u00b5s<\/td>\n<\/tr>\n<tr>\n<td width=\"146\"><strong>Kap.tol\uff1a<\/strong><\/td>\n<td width=\"601\">\n<table style=\"height: 6px;\" border=\"0\" width=\"5\" cellspacing=\"0\">\n<tbody>\n<tr>\n<td valign=\"center\" nowrap=\"nowrap\" width=\"330\"><\/td>\n<\/tr>\n<\/tbody>\n<\/table>\n<p>-40\u2103~ +85\u2103<\/td>\n<\/tr>\n<tr>\n<td width=\"146\"><strong>Hizmet \u00f6mr\u00fc:\u00a0<\/strong><\/td>\n<td width=\"601\">100000H<\/td>\n<\/tr>\n<\/tbody>\n<\/table>","protected":false},"featured_media":1887,"comment_status":"open","ping_status":"closed","template":"","meta":[],"product_brand":[],"product_cat":[42],"product_tag":[],"class_list":{"0":"post-1886","1":"product","2":"type-product","3":"status-publish","4":"has-post-thumbnail","6":"product_cat-resonance-capacitor","8":"first","9":"instock","10":"shipping-taxable","11":"product-type-simple"},"_links":{"self":[{"href":"https:\/\/rf-capacitor.com\/tr\/wp-json\/wp\/v2\/product\/1886","targetHints":{"allow":["GET"]}}],"collection":[{"href":"https:\/\/rf-capacitor.com\/tr\/wp-json\/wp\/v2\/product"}],"about":[{"href":"https:\/\/rf-capacitor.com\/tr\/wp-json\/wp\/v2\/types\/product"}],"replies":[{"embeddable":true,"href":"https:\/\/rf-capacitor.com\/tr\/wp-json\/wp\/v2\/comments?post=1886"}],"wp:featuredmedia":[{"embeddable":true,"href":"https:\/\/rf-capacitor.com\/tr\/wp-json\/wp\/v2\/media\/1887"}],"wp:attachment":[{"href":"https:\/\/rf-capacitor.com\/tr\/wp-json\/wp\/v2\/media?parent=1886"}],"wp:term":[{"taxonomy":"product_brand","embeddable":true,"href":"https:\/\/rf-capacitor.com\/tr\/wp-json\/wp\/v2\/product_brand?post=1886"},{"taxonomy":"product_cat","embeddable":true,"href":"https:\/\/rf-capacitor.com\/tr\/wp-json\/wp\/v2\/product_cat?post=1886"},{"taxonomy":"product_tag","embeddable":true,"href":"https:\/\/rf-capacitor.com\/tr\/wp-json\/wp\/v2\/product_tag?post=1886"}],"curies":[{"name":"wp","href":"https:\/\/api.w.org\/{rel}","templated":true}]}}