{"id":1866,"date":"2025-01-02T02:57:34","date_gmt":"2025-01-02T02:57:34","guid":{"rendered":"https:\/\/rf-capacitor.com\/?post_type=product&#038;p=1866"},"modified":"2025-01-02T02:57:34","modified_gmt":"2025-01-02T02:57:34","slug":"water-cooled-capacitor","status":"publish","type":"product","link":"https:\/\/rf-capacitor.com\/tr\/water-cooled-capacitor\/","title":{"rendered":"Su So\u011futmal\u0131 Kondansat\u00f6r"},"content":{"rendered":"<div class=\"user-query-container ng-star-inserted\">\n<div id=\"user-query-content-4\" class=\"query-content\">\n<div class=\"query-text gds-body-l ng-star-inserted\" dir=\"ltr\" role=\"heading\" aria-level=\"2\">\n<h2 class=\"query-text-line ng-star-inserted\"><strong>Su So\u011futmal\u0131 Kondansat\u00f6r<\/strong><\/h2>\n<\/div>\n<\/div>\n<\/div>\n<div>\n<div class=\"response-container ng-tns-c3227055261-63 response-optimization tts-removed ng-star-inserted response-container-has-multiple-responses\">\n<div class=\"presented-response-container ng-tns-c3227055261-63\">\n<div class=\"response-container-content ng-tns-c3227055261-63 tunable-selection-with-avatar\">\n<div class=\"response-content ng-tns-c3227055261-63\">\n<div id=\"model-response-message-contentr_bb0f189e172b8913\" class=\"markdown markdown-main-panel tutor-markdown-rendering response-optimization\" dir=\"ltr\">\n<p data-sourcepos=\"1:1-1:143\"><span class=\"citation-0 recitation citation-end-0\">Su so\u011futmal\u0131 kapasit\u00f6rler, etkili \u0131s\u0131 da\u011f\u0131l\u0131m\u0131n\u0131n kritik oldu\u011fu y\u00fcksek g\u00fc\u00e7l\u00fc uygulamalar i\u00e7in tasarlanm\u0131\u015ft\u0131r.<\/span> \u0130\u015fte bir d\u00f6k\u00fcm:<span class=\"button-container hide-from-message-actions ng-star-inserted\"> \u00a0<\/span><\/p>\n<h3 data-sourcepos=\"3:1-3:18\"><strong>Su So\u011futmal\u0131 Kondansat\u00f6r nas\u0131l \u00e7al\u0131\u015f\u0131r?<\/strong><\/h3>\n<ul data-sourcepos=\"5:1-7:0\">\n<li data-sourcepos=\"5:1-5:162\"><strong><span class=\"citation-1 recitation\">Is\u0131 \u00dcretimi:<\/span><\/strong><span class=\"citation-1 recitation citation-end-1\"> Y\u00fcksek g\u00fc\u00e7l\u00fc uygulamalarda, kapasit\u00f6rler i\u00e7 kay\u0131plar (dielektrik kay\u0131plar ve ESR gibi) nedeniyle \u00f6nemli \u00f6l\u00e7\u00fcde \u0131s\u0131 \u00fcretebilir.<\/span><span class=\"button-container hide-from-message-actions ng-star-inserted\">\u00a0<\/span>\n<div class=\"container ng-tns-c362440147-68 hide\">\n<div class=\"carousel-container ng-tns-c362440147-68\"><\/div>\n<\/div>\n<\/li>\n<li data-sourcepos=\"6:1-7:0\"><strong><span class=\"citation-2 recitation\">So\u011futma Mekanizmas\u0131:<\/span><\/strong><span class=\"citation-2 recitation citation-end-2\"> Su, i\u00e7 kanallardan veya kondansat\u00f6r\u00fcn d\u0131\u015f \u00e7evresinde dola\u015ft\u0131r\u0131l\u0131r.<\/span> <span class=\"citation-3 recitation citation-end-3\">Bu, a\u015f\u0131r\u0131 s\u0131cakl\u0131k art\u0131\u015f\u0131n\u0131 \u00f6nleyerek kondansat\u00f6rden uza\u011fa verimli \u0131s\u0131 transferi sa\u011flar.<\/span><span class=\"button-container hide-from-message-actions ng-star-inserted\">\u00a0<button class=\"mat-mdc-tooltip-trigger button image-fade-on hide-from-message-actions\" aria-controls=\"sources\" aria-expanded=\"false\" aria-describedby=\"cdk-describedby-message-ng-1-29\"><\/button><\/span>\n<div class=\"container ng-tns-c362440147-69 hide\">\n<div class=\"carousel-container ng-tns-c362440147-69\"><\/div>\n<\/div>\n<\/li>\n<\/ul>\n<h3 data-sourcepos=\"8:1-8:24\"><strong>Temel \u00d6zellikler:<\/strong><\/h3>\n<ul data-sourcepos=\"10:1-14:0\">\n<li data-sourcepos=\"10:1-10:89\"><strong>Y\u00fcksek G\u00fc\u00e7 \u0130\u015fleme:<\/strong> <span class=\"citation-4 recitation citation-end-4\">Y\u00fcksek g\u00fc\u00e7 seviyeleri ve y\u00fcksek ak\u0131mlar i\u00e7in tasarlanm\u0131\u015ft\u0131r.<\/span>\n<div class=\"container ng-tns-c362440147-70 hide\">\n<div class=\"carousel-container ng-tns-c362440147-70\"><\/div>\n<\/div>\n<\/li>\n<li data-sourcepos=\"11:1-11:65\"><strong>Y\u00fcksek Gerilim De\u011feri:<\/strong> Y\u00fcksek gerilimlere dayanabilir.<\/li>\n<li data-sourcepos=\"12:1-12:63\"><strong><span class=\"citation-5 recitation\">D\u00fc\u015f\u00fck ESR:<\/span><\/strong><span class=\"citation-5 recitation citation-end-5\"> Dahili \u0131s\u0131 olu\u015fumunu en aza indirir.<\/span><span class=\"button-container hide-from-message-actions ng-star-inserted\"> \u00a0<\/span>\n<div class=\"container ng-tns-c362440147-71 hide\">\n<div class=\"carousel-container ng-tns-c362440147-71\"><\/div>\n<\/div>\n<\/li>\n<li data-sourcepos=\"13:1-14:0\"><strong>Sa\u011flam Yap\u0131:<\/strong> Y\u00fcksek g\u00fc\u00e7te \u00e7al\u0131\u015fman\u0131n stresine ve su so\u011futman\u0131n etkilerine dayanacak \u015fekilde \u00fcretilmi\u015ftir.<\/li>\n<\/ul>\n<h3 data-sourcepos=\"15:1-15:17\"><strong>Uygulamalar:<\/strong><\/h3>\n<ul data-sourcepos=\"17:1-23:0\">\n<li data-sourcepos=\"17:1-21:89\"><strong>End\u00fcstriyel Uygulamalar:<\/strong>\n<ul data-sourcepos=\"18:5-21:89\">\n<li data-sourcepos=\"18:5-18:104\"><strong>\u0130nd\u00fcksiyonla Is\u0131tma:<\/strong> <span class=\"citation-6 recitation citation-end-6\">Metal i\u015fleme i\u00e7in y\u00fcksek g\u00fc\u00e7l\u00fc ind\u00fcksiyonlu \u0131s\u0131tma sistemlerinde kullan\u0131l\u0131r.<\/span><span class=\"button-container hide-from-message-actions ng-star-inserted\">\u00a0<\/span>\n<div class=\"container ng-tns-c362440147-72 hide\">\n<div class=\"carousel-container ng-tns-c362440147-72\"><\/div>\n<\/div>\n<\/li>\n<li data-sourcepos=\"19:5-19:117\"><strong><span class=\"citation-7 recitation\">G\u00fc\u00e7 Fakt\u00f6r\u00fc D\u00fczeltmesi:<\/span><\/strong><span class=\"citation-7 recitation citation-end-7\"> End\u00fcstriyel tesislerde g\u00fc\u00e7 fakt\u00f6r\u00fc d\u00fczeltme sistemlerinde kullan\u0131l\u0131r.<\/span><span class=\"button-container hide-from-message-actions ng-star-inserted\"> \u00a0<\/span>\n<div class=\"container ng-tns-c362440147-73 hide\">\n<div class=\"carousel-container ng-tns-c362440147-73\"><\/div>\n<\/div>\n<\/li>\n<li data-sourcepos=\"20:5-20:89\"><strong>Y\u00fcksek Gerilim \u0130letimi:<\/strong> Y\u00fcksek voltajl\u0131 g\u00fc\u00e7 iletim sistemlerinde kullan\u0131l\u0131r.<\/li>\n<li data-sourcepos=\"21:5-21:89\"><strong><span class=\"citation-8 recitation\">RF Vericiler:<\/span><\/strong><span class=\"citation-8 recitation citation-end-8\"> Y\u00fcksek g\u00fc\u00e7l\u00fc radyo frekans\u0131 vericilerinde bulunur.<\/span>\n<div class=\"container ng-tns-c362440147-74 hide\">\n<div class=\"carousel-container ng-tns-c362440147-74\"><\/div>\n<\/div>\n<\/li>\n<\/ul>\n<\/li>\n<li data-sourcepos=\"22:1-23:0\"><strong>Ara\u015ft\u0131rma ve Bilimsel Uygulamalar:<\/strong> Y\u00fcksek enerji fizi\u011fi deneylerinde ve di\u011fer bilimsel ara\u015ft\u0131rmalarda kullan\u0131l\u0131r.<\/li>\n<\/ul>\n<h3 data-sourcepos=\"24:1-24:13\"><strong>Faydalar\u0131 Su So\u011futmal\u0131 Kondansat\u00f6r:<\/strong><\/h3>\n<ul data-sourcepos=\"26:1-29:0\">\n<li data-sourcepos=\"26:1-26:117\"><strong>Geli\u015ftirilmi\u015f G\u00fcvenilirlik:<\/strong> <span class=\"citation-9 recitation citation-end-9\">Etkili so\u011futma, bile\u015fen ar\u0131zas\u0131na yol a\u00e7abilecek a\u015f\u0131r\u0131 \u0131s\u0131nmay\u0131 \u00f6nler.<\/span><span class=\"button-container hide-from-message-actions ng-star-inserted\"> \u00a0<\/span>\n<div class=\"container ng-tns-c362440147-75 hide\">\n<div class=\"carousel-container ng-tns-c362440147-75\"><\/div>\n<\/div>\n<\/li>\n<li data-sourcepos=\"27:1-27:99\"><strong>Art\u0131r\u0131lm\u0131\u015f G\u00fc\u00e7 Yo\u011funlu\u011fu:<\/strong> <span class=\"citation-10 recitation citation-end-10\">Daha k\u00fc\u00e7\u00fck bir alanda daha y\u00fcksek g\u00fc\u00e7te \u00e7al\u0131\u015fma sa\u011flar.<\/span><span class=\"button-container hide-from-message-actions ng-star-inserted\"> \u00a0<\/span>\n<div class=\"container ng-tns-c362440147-76 hide\">\n<div class=\"carousel-container ng-tns-c362440147-76\"><\/div>\n<\/div>\n<\/li>\n<li data-sourcepos=\"28:1-29:0\"><strong><span class=\"citation-11 recitation\">Uzat\u0131lm\u0131\u015f Kullan\u0131m \u00d6mr\u00fc:<\/span><\/strong><span class=\"citation-11 recitation citation-end-11\"> D\u00fc\u015f\u00fck \u00e7al\u0131\u015fma s\u0131cakl\u0131klar\u0131 kondansat\u00f6r\u00fcn \u00f6mr\u00fcn\u00fc \u00f6nemli \u00f6l\u00e7\u00fcde uzatabilir.<\/span><span class=\"button-container hide-from-message-actions ng-star-inserted\"> \u00a0 <\/span><\/li>\n<\/ul>\n<\/div>\n<\/div>\n<\/div>\n<\/div>\n<\/div>\n<\/div>","protected":false},"excerpt":{"rendered":"<table style=\"height: 462px;\" width=\"711\">\n<tbody>\n<tr>\n<td width=\"146\"><strong><b>\u00dcr\u00fcn<\/b><\/strong>\u00a0<strong><b>\u0130sim:<\/b><\/strong><\/td>\n<td width=\"601\"><strong>Su So\u011futmal\u0131 Kondansat\u00f6r<\/strong><\/td>\n<\/tr>\n<tr>\n<td width=\"146\">\n<h4><strong>K\u0131sa A\u00e7\u0131klama:<\/strong><\/h4>\n<\/td>\n<td width=\"601\">Su so\u011futmal\u0131 kondansat\u00f6rler esas olarak ind\u00fcksiyon \u0131s\u0131tma, eritme, kar\u0131\u015ft\u0131rma veya d\u00f6k\u00fcm cihazlar\u0131nda ve benzer uygulamalarda g\u00fc\u00e7 fakt\u00f6r\u00fcn\u00fc iyile\u015ftirmek i\u00e7in 4.8kv'a kadar nominal voltajlara ve 100KHZ'ye kadar frekanslara sahip kontrol edilebilir veya ayarlanabilir AC voltaj sistemlerinde kullan\u0131l\u0131r.<\/td>\n<\/tr>\n<tr>\n<td width=\"146\"><strong>Kapasitans aral\u0131\u011f\u0131:<\/strong><\/td>\n<td width=\"601\">6000 uF'a kadar<\/td>\n<\/tr>\n<tr>\n<td width=\"146\"><strong>Nominal gerilim\uff1a<\/strong><\/td>\n<td width=\"601\">0.75kv ila 3kv<\/td>\n<\/tr>\n<tr>\n<td width=\"146\"><strong>Kap.tol\uff1a<\/strong><\/td>\n<td width=\"601\">\u00a0-25 ~ +50\u2103<\/td>\n<\/tr>\n<tr>\n<td width=\"146\"><strong>Kondansat\u00f6r Modeli:\u00a0<\/strong><\/td>\n<td width=\"601\">:GB\/T3984.1-2004<\/td>\n<\/tr>\n<\/tbody>\n<\/table>","protected":false},"featured_media":1867,"comment_status":"open","ping_status":"closed","template":"","meta":[],"product_brand":[],"product_cat":[41],"product_tag":[],"class_list":{"0":"post-1866","1":"product","2":"type-product","3":"status-publish","4":"has-post-thumbnail","6":"product_cat-induction-heating-capacitor","8":"first","9":"instock","10":"shipping-taxable","11":"product-type-simple"},"_links":{"self":[{"href":"https:\/\/rf-capacitor.com\/tr\/wp-json\/wp\/v2\/product\/1866","targetHints":{"allow":["GET"]}}],"collection":[{"href":"https:\/\/rf-capacitor.com\/tr\/wp-json\/wp\/v2\/product"}],"about":[{"href":"https:\/\/rf-capacitor.com\/tr\/wp-json\/wp\/v2\/types\/product"}],"replies":[{"embeddable":true,"href":"https:\/\/rf-capacitor.com\/tr\/wp-json\/wp\/v2\/comments?post=1866"}],"wp:featuredmedia":[{"embeddable":true,"href":"https:\/\/rf-capacitor.com\/tr\/wp-json\/wp\/v2\/media\/1867"}],"wp:attachment":[{"href":"https:\/\/rf-capacitor.com\/tr\/wp-json\/wp\/v2\/media?parent=1866"}],"wp:term":[{"taxonomy":"product_brand","embeddable":true,"href":"https:\/\/rf-capacitor.com\/tr\/wp-json\/wp\/v2\/product_brand?post=1866"},{"taxonomy":"product_cat","embeddable":true,"href":"https:\/\/rf-capacitor.com\/tr\/wp-json\/wp\/v2\/product_cat?post=1866"},{"taxonomy":"product_tag","embeddable":true,"href":"https:\/\/rf-capacitor.com\/tr\/wp-json\/wp\/v2\/product_tag?post=1866"}],"curies":[{"name":"wp","href":"https:\/\/api.w.org\/{rel}","templated":true}]}}