{"id":1863,"date":"2025-01-02T02:25:29","date_gmt":"2025-01-02T02:25:29","guid":{"rendered":"https:\/\/rf-capacitor.com\/?post_type=product&#038;p=1863"},"modified":"2025-01-02T02:25:29","modified_gmt":"2025-01-02T02:25:29","slug":"rmf-induction-heating-capacitor","status":"publish","type":"product","link":"https:\/\/rf-capacitor.com\/tr\/rmf-induction-heating-capacitor\/","title":{"rendered":"RMF \u0130nd\u00fcksiyon \u0131s\u0131tma kondansat\u00f6r\u00fc"},"content":{"rendered":"<div class=\"user-query-container ng-star-inserted\">\n<div id=\"user-query-content-3\" class=\"query-content\">\n<div class=\"query-text gds-body-l ng-star-inserted\" dir=\"ltr\" role=\"heading\" aria-level=\"2\">\n<h3 class=\"query-text-line ng-star-inserted\">RMF \u0130nd\u00fcksiyon \u0131s\u0131tma kondansat\u00f6r\u00fc<\/h3>\n<\/div>\n<\/div>\n<\/div>\n<div>\n<div class=\"response-container ng-tns-c3227055261-50 response-optimization tts-removed ng-star-inserted response-container-has-multiple-responses\">\n<div class=\"presented-response-container ng-tns-c3227055261-50\">\n<div class=\"response-container-content ng-tns-c3227055261-50 tunable-selection-with-avatar\">\n<div class=\"response-content ng-tns-c3227055261-50\">\n<div id=\"model-response-message-contentr_6c2a80d1ec190fc8\" class=\"markdown markdown-main-panel tutor-markdown-rendering response-optimization\" dir=\"ltr\">\n<p data-sourcepos=\"1:1-1:113\"><span class=\"citation-0 recitation\">RFM kapasit\u00f6rleri, a\u015fa\u011f\u0131dakilerde kullan\u0131lmak \u00fczere \u00f6zel olarak tasarlanm\u0131\u015ft\u0131r <\/span><strong><span class=\"citation-0 recitation\">orta frekansl\u0131 ind\u00fcksiyon \u0131s\u0131tma sistemleri<\/span><\/strong><span class=\"citation-0 recitation citation-end-0\">.<\/span><span class=\"button-container hide-from-message-actions ng-star-inserted\">\u00a0<\/span><\/p>\n<h3 data-sourcepos=\"3:1-3:24\"><strong>Temel \u00d6zellikler:<\/strong><\/h3>\n<ul data-sourcepos=\"5:1-10:0\">\n<li data-sourcepos=\"5:1-5:95\"><strong>Y\u00fcksek Gerilim De\u011feri:<\/strong> Bu sistemlerde \u00fcretilen y\u00fcksek gerilimlere dayanmalar\u0131 gerekir.<\/li>\n<li data-sourcepos=\"6:1-6:119\"><strong>Y\u00fcksek Ak\u0131m \u0130\u015fleme Kapasitesi:<\/strong> <span class=\"citation-1 recitation citation-end-1\">\u0130nd\u00fcksiyonla \u0131s\u0131tma ile ili\u015fkili b\u00fcy\u00fck ak\u0131mlar\u0131 kald\u0131rabilir.<\/span><span class=\"button-container hide-from-message-actions ng-star-inserted\"> \u00a0<\/span>\n<div class=\"container ng-tns-c362440147-55 hide\">\n<div class=\"carousel-container ng-tns-c362440147-55\"><\/div>\n<\/div>\n<\/li>\n<li data-sourcepos=\"7:1-7:104\"><strong><span class=\"citation-2 recitation\">D\u00fc\u015f\u00fck ESR (E\u015fde\u011fer Seri Diren\u00e7):<\/span><\/strong><span class=\"citation-2 recitation citation-end-2\"> Kondansat\u00f6r i\u00e7indeki enerji kay\u0131plar\u0131n\u0131 en aza indirir.<\/span><span class=\"button-container hide-from-message-actions ng-star-inserted\">\u00a0 \u00a0<\/span>\n<div class=\"container ng-tns-c362440147-56 hide\">\n<div class=\"carousel-container ng-tns-c362440147-56\"><\/div>\n<\/div>\n<\/li>\n<li data-sourcepos=\"8:1-8:123\"><strong>\u0130yi Termal Kararl\u0131l\u0131k:<\/strong> \u0130nd\u00fcksiyonla \u0131s\u0131tma s\u0131ras\u0131nda olu\u015fan \u0131s\u0131 nedeniyle y\u00fcksek s\u0131cakl\u0131klarda \u00e7al\u0131\u015fabilir.<\/li>\n<li data-sourcepos=\"9:1-10:0\"><strong>Sa\u011flam Yap\u0131:<\/strong> End\u00fcstriyel ortamlar\u0131n zorlu \u00e7al\u0131\u015fma ko\u015fullar\u0131na dayanacak \u015fekilde tasarlanm\u0131\u015ft\u0131r.<\/li>\n<\/ul>\n<h3 data-sourcepos=\"11:1-11:39\"><strong>RMF'de nas\u0131l \u00e7al\u0131\u015f\u0131rlar \u0130nd\u00fcksiyon \u0131s\u0131tma kondansat\u00f6r\u00fc:<\/strong><\/h3>\n<ol data-sourcepos=\"13:1-15:0\">\n<li data-sourcepos=\"13:1-13:220\"><strong><span class=\"citation-3 recitation\">Rezonans:<\/span><\/strong><span class=\"citation-3 recitation citation-end-3\"> RFM kapasit\u00f6rleri ind\u00fcksiyon bobini ile bir rezonans devresi olu\u015fturmak i\u00e7in kullan\u0131l\u0131r.<\/span> Bu rezonans, verimli ind\u00fcksiyonlu \u0131s\u0131tma i\u00e7in gerekli olan bobinden ge\u00e7en ak\u0131m ak\u0131\u015f\u0131n\u0131 en \u00fcst d\u00fczeye \u00e7\u0131kar\u0131r.<span class=\"button-container hide-from-message-actions ng-star-inserted\">\u00a0 \u00a0<\/span>\n<div class=\"container ng-tns-c362440147-57 hide\">\n<div class=\"carousel-container ng-tns-c362440147-57\"><\/div>\n<\/div>\n<\/li>\n<li data-sourcepos=\"14:1-15:0\"><strong><span class=\"citation-4 recitation\">G\u00fc\u00e7 Fakt\u00f6r\u00fc D\u00fczeltmesi:<\/span><\/strong><span class=\"citation-4 recitation citation-end-4\"> \u0130nd\u00fcksiyonlu \u0131s\u0131tma sisteminin g\u00fc\u00e7 fakt\u00f6r\u00fcn\u00fc iyile\u015ftirmeye yard\u0131mc\u0131 olarak reaktif g\u00fcc\u00fc azalt\u0131r ve genel sistem verimlili\u011fini art\u0131r\u0131r.<\/span><span class=\"button-container hide-from-message-actions ng-star-inserted\"> \u00a0<\/span>\n<div class=\"container ng-tns-c362440147-58 hide\">\n<div class=\"carousel-container ng-tns-c362440147-58\"><\/div>\n<\/div>\n<\/li>\n<\/ol>\n<h3 data-sourcepos=\"16:1-16:25\"><strong>Tipik Uygulamalar:<\/strong><\/h3>\n<ul data-sourcepos=\"18:1-20:0\">\n<li data-sourcepos=\"18:1-18:93\"><strong>Metal Is\u0131tma:<\/strong> Metal d\u00f6vme, sertle\u015ftirme ve eritme gibi \u00e7e\u015fitli uygulamalarda kullan\u0131l\u0131r.<\/li>\n<li data-sourcepos=\"19:1-20:0\"><strong>Is\u0131l \u0130\u015flem:<\/strong> <span class=\"citation-5 recitation citation-end-5\">Mekanik \u00f6zelliklerini iyile\u015ftirmek i\u00e7in metallerin \u0131s\u0131l i\u015fleminde kullan\u0131l\u0131r.<\/span><span class=\"button-container hide-from-message-actions ng-star-inserted\"> \u00a0 <\/span><\/li>\n<\/ul>\n<\/div>\n<\/div>\n<\/div>\n<\/div>\n<\/div>\n<\/div>","protected":false},"excerpt":{"rendered":"<table style=\"height: 472px;\" width=\"718\">\n<tbody>\n<tr>\n<td width=\"146\"><strong><b>\u00dcr\u00fcn<\/b><\/strong>\u00a0<strong><b>\u0130sim:<\/b><\/strong><\/td>\n<td width=\"601\"><strong>RMF \u0130nd\u00fcksiyon \u0131s\u0131tma kondansat\u00f6r\u00fc<\/strong><\/td>\n<\/tr>\n<tr>\n<td width=\"146\">\n<h4><strong>K\u0131sa A\u00e7\u0131klama:<\/strong><\/h4>\n<\/td>\n<td width=\"601\">Pv invert\u00f6r, r\u00fczgar enerjisi d\u00f6n\u00fc\u015ft\u00fcr\u00fcc\u00fc; AII frekans d\u00f6n\u00fc\u015ft\u00fcr\u00fcc\u00fc ve invert\u00f6r \u00e7e\u015fitleri<br \/>\ng\u00fc\u00e7 kayna\u011f\u0131; Saf elektrikli ve hibrit arabalar; \u015farj y\u0131\u011f\u0131n\u0131, UPS, vb.<\/td>\n<\/tr>\n<tr>\n<td width=\"146\"><b>G\u00fc\u00e7 Aral\u0131\u011f\u0131<\/b>:<\/td>\n<td width=\"601\">6000 uF'a kadar<\/td>\n<\/tr>\n<tr>\n<td width=\"146\"><strong>Nominal gerilim\uff1a<\/strong><\/td>\n<td width=\"601\">0.75kv ila 3kv<\/td>\n<\/tr>\n<tr>\n<td width=\"146\"><strong><b>Referans Standard\u0131<\/b>:\uff1a<\/strong><\/td>\n<td width=\"601\">GB\/T3984.1-2004<\/td>\n<\/tr>\n<tr>\n<td width=\"146\"><strong>IEC60110-1:<\/strong><\/td>\n<td width=\"601\">1998<\/td>\n<\/tr>\n<\/tbody>\n<\/table>","protected":false},"featured_media":1864,"comment_status":"open","ping_status":"closed","template":"","meta":[],"product_brand":[],"product_cat":[41],"product_tag":[],"class_list":{"0":"post-1863","1":"product","2":"type-product","3":"status-publish","4":"has-post-thumbnail","6":"product_cat-induction-heating-capacitor","8":"first","9":"instock","10":"shipping-taxable","11":"product-type-simple"},"_links":{"self":[{"href":"https:\/\/rf-capacitor.com\/tr\/wp-json\/wp\/v2\/product\/1863","targetHints":{"allow":["GET"]}}],"collection":[{"href":"https:\/\/rf-capacitor.com\/tr\/wp-json\/wp\/v2\/product"}],"about":[{"href":"https:\/\/rf-capacitor.com\/tr\/wp-json\/wp\/v2\/types\/product"}],"replies":[{"embeddable":true,"href":"https:\/\/rf-capacitor.com\/tr\/wp-json\/wp\/v2\/comments?post=1863"}],"wp:featuredmedia":[{"embeddable":true,"href":"https:\/\/rf-capacitor.com\/tr\/wp-json\/wp\/v2\/media\/1864"}],"wp:attachment":[{"href":"https:\/\/rf-capacitor.com\/tr\/wp-json\/wp\/v2\/media?parent=1863"}],"wp:term":[{"taxonomy":"product_brand","embeddable":true,"href":"https:\/\/rf-capacitor.com\/tr\/wp-json\/wp\/v2\/product_brand?post=1863"},{"taxonomy":"product_cat","embeddable":true,"href":"https:\/\/rf-capacitor.com\/tr\/wp-json\/wp\/v2\/product_cat?post=1863"},{"taxonomy":"product_tag","embeddable":true,"href":"https:\/\/rf-capacitor.com\/tr\/wp-json\/wp\/v2\/product_tag?post=1863"}],"curies":[{"name":"wp","href":"https:\/\/api.w.org\/{rel}","templated":true}]}}