{"id":1860,"date":"2025-01-02T02:14:12","date_gmt":"2025-01-02T02:14:12","guid":{"rendered":"https:\/\/rf-capacitor.com\/?post_type=product&#038;p=1860"},"modified":"2025-01-02T02:14:12","modified_gmt":"2025-01-02T02:14:12","slug":"switching-power-snubber-capacitor","status":"publish","type":"product","link":"https:\/\/rf-capacitor.com\/tr\/switching-power-snubber-capacitor\/","title":{"rendered":"Anahtarlama G\u00fc\u00e7 Snubber Kondansat\u00f6r\u00fc"},"content":{"rendered":"<div class=\"user-query-container ng-star-inserted\">\n<div id=\"user-query-content-2\" class=\"query-content\">\n<div class=\"query-text gds-body-l ng-star-inserted\" dir=\"ltr\" role=\"heading\" aria-level=\"2\">\n<h3 class=\"query-text-line ng-star-inserted\">Anahtarlama G\u00fc\u00e7 Snubber Kondansat\u00f6r\u00fc<\/h3>\n<\/div>\n<\/div>\n<div class=\"button-gutter\"><span class=\"citation-0 recitation citation-end-0\" style=\"font-size: 14.4px; color: #555555;\">Anahtarlamal\u0131 g\u00fc\u00e7 kaynaklar\u0131nda, anahtarlama cihazlar\u0131n\u0131 (MOSFET'ler veya IGBT'ler gibi) anahtarlama ge\u00e7i\u015fleri s\u0131ras\u0131nda a\u015f\u0131r\u0131 voltaj ve ak\u0131m streslerinden korumak i\u00e7in snubber kapasit\u00f6rler \u00e7ok \u00f6nemlidir.<\/span><span class=\"button-container hide-from-message-actions ng-star-inserted\" style=\"font-size: 14.4px; color: #555555;\">\u00a0 \u00a0<\/span><\/div>\n<\/div>\n<div>\n<div class=\"response-container ng-tns-c3227055261-38 response-optimization tts-removed ng-star-inserted response-container-has-multiple-responses\">\n<div class=\"presented-response-container ng-tns-c3227055261-38\">\n<div class=\"response-container-content ng-tns-c3227055261-38 tunable-selection-with-avatar\">\n<div class=\"response-content ng-tns-c3227055261-38\">\n<div id=\"model-response-message-contentr_690cc733da6ea17b\" class=\"markdown markdown-main-panel tutor-markdown-rendering response-optimization\" dir=\"ltr\">\n<h2 data-sourcepos=\"1:1-1:208\"><strong style=\"font-size: 14.4px;\">\u00a0Anahtarlama G\u00fc\u00e7 Snubber Kondansat\u00f6r\u00fc nas\u0131l \u00e7al\u0131\u015f\u0131r?<\/strong><\/h2>\n<ul data-sourcepos=\"5:1-7:0\">\n<li data-sourcepos=\"5:1-5:287\"><strong><span class=\"citation-1 recitation\">Voltaj y\u00fckselmeleri:<\/span><\/strong><span class=\"citation-1 recitation citation-end-1\"> Anahtar kapand\u0131\u011f\u0131nda, devredeki parazitik end\u00fcktans anahtar boyunca gerilimde h\u0131zl\u0131 bir y\u00fckselmeye neden olabilir.<\/span> <span class=\"citation-2 recitation citation-end-2\">Snubber kondansat\u00f6r\u00fc bu ani voltaj dalgalanmas\u0131n\u0131 emerek tepe voltaj\u0131n\u0131 s\u0131n\u0131rlar ve anahtar\u0131n hasar g\u00f6rmesini \u00f6nler.<\/span>\n<div class=\"container ng-tns-c362440147-43 hide\">\n<div class=\"carousel-container ng-tns-c362440147-43\"><\/div>\n<\/div>\n<\/li>\n<li data-sourcepos=\"6:1-7:0\"><strong>Ak\u0131m Anahtarlama:<\/strong> Kapatma ge\u00e7i\u015fi s\u0131ras\u0131nda, snubber kapasit\u00f6r ak\u0131m\u0131n akmas\u0131 i\u00e7in ge\u00e7ici bir yol sa\u011flayarak di\/dt'yi (ak\u0131m de\u011fi\u015fim h\u0131z\u0131) azalt\u0131r ve EMI'yi (elektromanyetik parazit) en aza indirir.<\/li>\n<\/ul>\n<h3 data-sourcepos=\"8:1-8:24\"><strong>Temel \u00d6zellikler:<\/strong><\/h3>\n<ul data-sourcepos=\"10:1-14:0\">\n<li data-sourcepos=\"10:1-10:88\"><strong>Y\u00fcksek Gerilim De\u011feri:<\/strong> Anahtarlama s\u0131ras\u0131nda olu\u015fan tepe gerilimlerine dayanmal\u0131d\u0131r.<\/li>\n<li data-sourcepos=\"11:1-11:104\"><strong><span class=\"citation-3 recitation\">D\u00fc\u015f\u00fck ESR (E\u015fde\u011fer Seri Diren\u00e7):<\/span><\/strong><span class=\"citation-3 recitation citation-end-3\"> Kondansat\u00f6r i\u00e7indeki enerji kay\u0131plar\u0131n\u0131 en aza indirir.<\/span><span class=\"button-container hide-from-message-actions ng-star-inserted\"> \u00a0<\/span>\n<div class=\"container ng-tns-c362440147-44 hide\">\n<div class=\"carousel-container ng-tns-c362440147-44\"><\/div>\n<\/div>\n<\/li>\n<li data-sourcepos=\"12:1-12:123\"><strong>H\u0131zl\u0131 \u015earj\/De\u015farj \u00d6zelli\u011fi:<\/strong> <span class=\"citation-4 recitation citation-end-4\">Ge\u00e7i\u015f olaylar\u0131 s\u0131ras\u0131nda enerjiyi h\u0131zla emebilir ve serbest b\u0131rakabilir.<\/span>\n<div class=\"container ng-tns-c362440147-45 hide\">\n<div class=\"carousel-container ng-tns-c362440147-45\"><\/div>\n<\/div>\n<\/li>\n<li data-sourcepos=\"13:1-14:0\"><strong>Kompakt Boyut:<\/strong> G\u00fc\u00e7 elektroni\u011fi sistemlerinde alan gereksinimlerini en aza indirmek i\u00e7in.<\/li>\n<\/ul>\n<h3 data-sourcepos=\"15:1-15:32\"><strong>Anahtarlama G\u00fc\u00e7 Snubber Kondansat\u00f6r T\u00fcrleri:<\/strong><\/h3>\n<ul data-sourcepos=\"17:1-19:0\">\n<li data-sourcepos=\"17:1-17:112\"><strong>Film Kondansat\u00f6rler:<\/strong> Y\u00fcksek voltaj de\u011ferleri, d\u00fc\u015f\u00fck ESR ve iyi s\u0131cakl\u0131k kararl\u0131l\u0131\u011f\u0131 nedeniyle yayg\u0131n olarak kullan\u0131l\u0131r.<\/li>\n<li data-sourcepos=\"18:1-19:0\"><strong>Seramik Kondansat\u00f6rler:<\/strong> K\u00fc\u00e7\u00fck bir pakette y\u00fcksek kapasitans sunar, ancak voltaj derecesi ve s\u0131cakl\u0131k kararl\u0131l\u0131\u011f\u0131nda s\u0131n\u0131rlamalara sahip olabilir.<\/li>\n<\/ul>\n<h3 data-sourcepos=\"20:1-20:26\"><strong>Tasar\u0131m Hususlar\u0131:<\/strong><\/h3>\n<ul data-sourcepos=\"22:1-25:0\">\n<li data-sourcepos=\"22:1-22:87\"><strong>Anahtarlama Cihaz\u0131 \u00d6zellikleri:<\/strong> A\u00e7ma\/kapama s\u00fcreleri, tepe ak\u0131mlar\u0131 ve gerilimler.<\/li>\n<li data-sourcepos=\"23:1-23:69\"><strong>Devre Parametreleri:<\/strong> Parazitik end\u00fcktans, y\u00fck karakteristikleri.<\/li>\n<li data-sourcepos=\"24:1-25:0\"><strong><span class=\"citation-5 recitation\">Snubber Devre Topolojisi:<\/span><\/strong><span class=\"citation-5 recitation citation-end-5\"> Farkl\u0131 snubber konfig\u00fcrasyonlar\u0131n\u0131n (R-C, RCD, vb.) devre performans\u0131 \u00fczerinde farkl\u0131 etkileri vard\u0131r.<\/span><span class=\"button-container hide-from-message-actions ng-star-inserted\">\u00a0 \u00a0<\/span>\n<div class=\"container ng-tns-c362440147-46 hide\">\n<div class=\"carousel-container ng-tns-c362440147-46\"><\/div>\n<\/div>\n<\/li>\n<\/ul>\n<h3 data-sourcepos=\"26:1-26:41\"><strong>Snubber Kondansat\u00f6rleri Kullanman\u0131n Faydalar\u0131:<\/strong><\/h3>\n<ul data-sourcepos=\"28:1-31:0\">\n<li data-sourcepos=\"28:1-28:102\"><strong>Geli\u015ftirilmi\u015f Anahtar G\u00fcvenilirli\u011fi:<\/strong> Anahtarlama cihaz\u0131 \u00fczerindeki gerilimi azaltarak daha uzun kullan\u0131m \u00f6mr\u00fc sa\u011flar.<\/li>\n<li data-sourcepos=\"29:1-29:68\"><strong>Azalt\u0131lm\u0131\u015f EMI Emisyonlar\u0131:<\/strong> Elektromanyetik paraziti en aza indirir.<\/li>\n<li data-sourcepos=\"30:1-31:0\"><strong>Geli\u015ftirilmi\u015f Sistem Verimlili\u011fi:<\/strong> Daha d\u00fc\u015f\u00fck anahtarlama kay\u0131plar\u0131 sayesinde daha az g\u00fc\u00e7 kayb\u0131.<\/li>\n<\/ul>\n<\/div>\n<\/div>\n<\/div>\n<\/div>\n<\/div>\n<\/div>","protected":false},"excerpt":{"rendered":"<table style=\"height: 523px;\" width=\"704\">\n<tbody>\n<tr>\n<td width=\"146\"><strong><b>\u00dcr\u00fcn<\/b><\/strong>\u00a0<strong><b>\u0130sim:<\/b><\/strong><\/td>\n<td width=\"601\"><strong>Anahtarlama G\u00fc\u00e7 Snubber Kondansat\u00f6r\u00fc<\/strong><\/td>\n<\/tr>\n<tr>\n<td width=\"146\">\n<h4><strong>K\u0131sa A\u00e7\u0131klama:<\/strong><\/h4>\n<\/td>\n<td width=\"601\">CRE snubber film kapasit\u00f6rler, ge\u00e7ici gerilimlere kar\u015f\u0131 koruma i\u00e7in gereken y\u00fcksek tepe ak\u0131m \u00e7al\u0131\u015fmas\u0131 i\u00e7in tasarlanm\u0131\u015ft\u0131r.<\/td>\n<\/tr>\n<tr>\n<td width=\"146\"><strong>Kapasitans aral\u0131\u011f\u0131:<\/strong><\/td>\n<td width=\"601\">\u00a02\u03bcF\u00b110%<\/td>\n<\/tr>\n<tr>\n<td width=\"146\"><strong>Nominal gerilim\uff1a<\/strong><\/td>\n<td width=\"601\">700V.DC\uff5e3000V.DC<\/td>\n<\/tr>\n<tr>\n<td width=\"146\"><strong>Kap.tol\uff1a<\/strong><\/td>\n<td width=\"601\">\u00b15%(J);\u00b110%(K)<\/td>\n<\/tr>\n<tr>\n<td width=\"146\"><\/td>\n<td width=\"601\"><\/td>\n<\/tr>\n<\/tbody>\n<\/table>","protected":false},"featured_media":1861,"comment_status":"open","ping_status":"closed","template":"","meta":[],"product_brand":[],"product_cat":[40],"product_tag":[],"class_list":{"0":"post-1860","1":"product","2":"type-product","3":"status-publish","4":"has-post-thumbnail","6":"product_cat-snubber-capacitor","8":"first","9":"instock","10":"shipping-taxable","11":"product-type-simple"},"_links":{"self":[{"href":"https:\/\/rf-capacitor.com\/tr\/wp-json\/wp\/v2\/product\/1860","targetHints":{"allow":["GET"]}}],"collection":[{"href":"https:\/\/rf-capacitor.com\/tr\/wp-json\/wp\/v2\/product"}],"about":[{"href":"https:\/\/rf-capacitor.com\/tr\/wp-json\/wp\/v2\/types\/product"}],"replies":[{"embeddable":true,"href":"https:\/\/rf-capacitor.com\/tr\/wp-json\/wp\/v2\/comments?post=1860"}],"wp:featuredmedia":[{"embeddable":true,"href":"https:\/\/rf-capacitor.com\/tr\/wp-json\/wp\/v2\/media\/1861"}],"wp:attachment":[{"href":"https:\/\/rf-capacitor.com\/tr\/wp-json\/wp\/v2\/media?parent=1860"}],"wp:term":[{"taxonomy":"product_brand","embeddable":true,"href":"https:\/\/rf-capacitor.com\/tr\/wp-json\/wp\/v2\/product_brand?post=1860"},{"taxonomy":"product_cat","embeddable":true,"href":"https:\/\/rf-capacitor.com\/tr\/wp-json\/wp\/v2\/product_cat?post=1860"},{"taxonomy":"product_tag","embeddable":true,"href":"https:\/\/rf-capacitor.com\/tr\/wp-json\/wp\/v2\/product_tag?post=1860"}],"curies":[{"name":"wp","href":"https:\/\/api.w.org\/{rel}","templated":true}]}}