{"id":1856,"date":"2025-01-02T02:04:58","date_gmt":"2025-01-02T02:04:58","guid":{"rendered":"https:\/\/rf-capacitor.com\/?post_type=product&#038;p=1856"},"modified":"2025-01-02T02:04:58","modified_gmt":"2025-01-02T02:04:58","slug":"resonant-circuit-snubber-capacitor","status":"publish","type":"product","link":"https:\/\/rf-capacitor.com\/tr\/resonant-circuit-snubber-capacitor\/","title":{"rendered":"Rezonans Devresi Snubber Kondansat\u00f6r\u00fc"},"content":{"rendered":"<div class=\"user-query-container ng-star-inserted\">\n<div id=\"user-query-content-1\" class=\"query-content\">\n<div class=\"query-text gds-body-l ng-star-inserted\" dir=\"ltr\" role=\"heading\" aria-level=\"2\">\n<h3 class=\"query-text-line ng-star-inserted\">Rezonans Devresi Snubber Kondansat\u00f6r\u00fc<\/h3>\n<\/div>\n<\/div>\n<\/div>\n<div>\n<div class=\"response-container ng-tns-c3227055261-32 response-optimization tts-removed ng-star-inserted response-container-has-multiple-responses\">\n<div class=\"presented-response-container ng-tns-c3227055261-32\">\n<div class=\"response-container-content ng-tns-c3227055261-32 tunable-selection-with-avatar\">\n<div class=\"response-content ng-tns-c3227055261-32\">\n<div id=\"model-response-message-contentr_be92511bd195e395\" class=\"markdown markdown-main-panel tutor-markdown-rendering response-optimization\" dir=\"ltr\">\n<p data-sourcepos=\"1:1-1:154\">Rezonans snubber devrelerinde kapasit\u00f6r, sistemde bulunan parazitik end\u00fcktans ile bir rezonans tank devresi olu\u015fturmada \u00e7ok \u00f6nemli bir rol oynar.<\/p>\n<h3 data-sourcepos=\"3:1-3:17\"><strong>Rezonans Devresi Snubber Kondansat\u00f6r\u00fc Nas\u0131l \u00c7al\u0131\u015f\u0131r?<\/strong><\/h3>\n<ul data-sourcepos=\"5:1-7:0\">\n<li data-sourcepos=\"5:1-5:283\"><strong>Rezonans:<\/strong> Kondansat\u00f6r ve parazitik end\u00fcktans bir LC tank devresi olu\u015fturur. IGBT kapand\u0131\u011f\u0131nda, parazitik end\u00fcktans i\u00e7inde depolanan enerji kapasit\u00f6re aktar\u0131l\u0131r. Bu enerji transferi LC tank\u0131n\u0131n rezonans frekans\u0131nda ger\u00e7ekle\u015fir ve sal\u0131n\u0131mlara yol a\u00e7ar.<\/li>\n<li data-sourcepos=\"6:1-7:0\"><strong>Enerji Da\u011f\u0131l\u0131m\u0131:<\/strong> Bu sal\u0131n\u0131mlar\u0131 s\u00f6n\u00fcmlemek ve enerjiyi da\u011f\u0131tmak i\u00e7in rezonans snubber devresine tipik olarak bir diren\u00e7 dahil edilir.<\/li>\n<\/ul>\n<h3 data-sourcepos=\"8:1-8:56\"><strong>Rezonans Snubber Kondansat\u00f6rler i\u00e7in Temel \u00d6zellikler:<\/strong><\/h3>\n<ul data-sourcepos=\"10:1-13:0\">\n<li data-sourcepos=\"10:1-10:82\"><strong>Hassas Kapasitans:<\/strong> \u0130stenen rezonans frekans\u0131na ula\u015fmak i\u00e7in kritik \u00f6neme sahiptir.<\/li>\n<li data-sourcepos=\"11:1-11:78\"><strong><span class=\"citation-0 recitation\">D\u00fc\u015f\u00fck ESR:<\/span><\/strong><span class=\"citation-0 recitation citation-end-0\"> Rezonans sal\u0131n\u0131mlar\u0131 s\u0131ras\u0131nda kay\u0131plar\u0131 en aza indirir. <\/span>\n<div class=\"container ng-tns-c362440147-35\">\n<div class=\"carousel-container ng-tns-c362440147-35\">\n<div class=\"carousel-content ng-tns-c362440147-35\">\n<div class=\"sources-carousel-source ng-tns-c362440147-35 ng-star-inserted\" data-test-id=\"sources-carousel-source\">\n<div class=\"source-card-container\">\n<div class=\"source-card-content\"><\/div>\n<\/div>\n<\/div>\n<\/div>\n<\/div>\n<\/div>\n<\/li>\n<li data-sourcepos=\"12:1-13:0\"><strong>Y\u00fcksek Gerilim De\u011feri:<\/strong> Rezonans s\u0131ras\u0131nda olu\u015fan tepe gerilimlerine dayanmal\u0131d\u0131r.<\/li>\n<\/ul>\n<h3 data-sourcepos=\"14:1-14:42\"><strong>Rezonans Devresi Snubber Kondansat\u00f6r\u00fcn\u00fcn Faydalar\u0131:<\/strong><\/h3>\n<ul data-sourcepos=\"16:1-19:0\">\n<li data-sourcepos=\"16:1-16:158\"><strong>Azalt\u0131lm\u0131\u015f Anahtarlama Kay\u0131plar\u0131:<\/strong> Rezonans enerji transferinden yararlan\u0131larak, anahtarlama kay\u0131plar\u0131 geleneksel R-C snubber'lara k\u0131yasla \u00f6nemli \u00f6l\u00e7\u00fcde azalt\u0131labilir.<\/li>\n<li data-sourcepos=\"17:1-17:96\"><strong>Geli\u015ftirilmi\u015f Verimlilik:<\/strong> Daha d\u00fc\u015f\u00fck anahtarlama kay\u0131plar\u0131, daha y\u00fcksek genel sistem verimlili\u011fi anlam\u0131na gelir.<\/li>\n<li data-sourcepos=\"18:1-19:0\"><strong>Azalt\u0131lm\u0131\u015f EMI:<\/strong> Devrenin rezonans yap\u0131s\u0131 EMI emisyonlar\u0131n\u0131n azalt\u0131lmas\u0131na yard\u0131mc\u0131 olabilir.<\/li>\n<\/ul>\n<h3 data-sourcepos=\"20:1-20:26\"><strong>Tasar\u0131m Hususlar\u0131:<\/strong><\/h3>\n<ul data-sourcepos=\"22:1-25:0\">\n<li data-sourcepos=\"22:1-22:89\"><strong>Rezonans Frekans\u0131:<\/strong> \u0130stenen \u00e7al\u0131\u015fma ko\u015fullar\u0131na uyacak \u015fekilde dikkatlice hesaplanm\u0131\u015ft\u0131r.<\/li>\n<li data-sourcepos=\"23:1-23:117\"><strong>S\u00f6n\u00fcmleme Fakt\u00f6r\u00fc:<\/strong> Diren\u00e7 de\u011feri, uygun s\u00f6n\u00fcmleme sa\u011flamak ve a\u015f\u0131r\u0131 sal\u0131n\u0131mlar\u0131 \u00f6nlemek i\u00e7in se\u00e7ilir.<\/li>\n<li data-sourcepos=\"24:1-25:0\"><strong>Devre Bile\u015feni Se\u00e7imi:<\/strong> Bile\u015fenlerin (kondansat\u00f6r, diren\u00e7, ind\u00fckt\u00f6r) dikkatli se\u00e7imi optimum performans i\u00e7in \u00e7ok \u00f6nemlidir.<\/li>\n<\/ul>\n<p data-sourcepos=\"30:1-30:230\">\n<\/div>\n<\/div>\n<\/div>\n<\/div>\n<\/div>\n<\/div>","protected":false},"excerpt":{"rendered":"<table style=\"height: 534px;\" width=\"695\">\n<tbody>\n<tr>\n<td width=\"146\"><strong><b>\u00dcr\u00fcn<\/b><\/strong>\u00a0<strong><b>\u0130sim:<\/b><\/strong><\/td>\n<td width=\"601\"><strong>Rezonans Devresi Snubber Kondansat\u00f6r\u00fc<\/strong><\/td>\n<\/tr>\n<tr>\n<td width=\"146\">\n<h4><strong>K\u0131sa A\u00e7\u0131klama:<\/strong><\/h4>\n<\/td>\n<td width=\"601\">Tepe gerilimi, tepe ak\u0131m\u0131 emilim korumas\u0131 oldu\u011funda g\u00fc\u00e7 elektroni\u011fi ekipmanlar\u0131nda yayg\u0131n olarak kullan\u0131l\u0131r<\/td>\n<\/tr>\n<tr>\n<td width=\"146\"><strong>Kapasitans aral\u0131\u011f\u0131:<\/strong><\/td>\n<td width=\"601\">0.1\u03bcF~ 5.6\u03bcF<\/td>\n<\/tr>\n<tr>\n<td width=\"146\"><strong>Nominal gerilim\uff1a<\/strong><\/td>\n<td width=\"601\">630V.DC ~ 2000V.DC<\/td>\n<\/tr>\n<tr>\n<td width=\"146\"><strong>Kap.tol\uff1a<\/strong><\/td>\n<td width=\"601\">\u00a0\u00a0\u00b15%(J)\uff1b\u00b110%(K)<\/td>\n<\/tr>\n<tr>\n<td width=\"146\"><strong>Kondansat\u00f6r Modeli:\u00a0<\/strong><\/td>\n<td width=\"601\">IGBT snubber<\/td>\n<\/tr>\n<\/tbody>\n<\/table>","protected":false},"featured_media":1857,"comment_status":"open","ping_status":"closed","template":"","meta":[],"product_brand":[],"product_cat":[40],"product_tag":[],"class_list":{"0":"post-1856","1":"product","2":"type-product","3":"status-publish","4":"has-post-thumbnail","6":"product_cat-snubber-capacitor","8":"first","9":"instock","10":"shipping-taxable","11":"product-type-simple"},"_links":{"self":[{"href":"https:\/\/rf-capacitor.com\/tr\/wp-json\/wp\/v2\/product\/1856","targetHints":{"allow":["GET"]}}],"collection":[{"href":"https:\/\/rf-capacitor.com\/tr\/wp-json\/wp\/v2\/product"}],"about":[{"href":"https:\/\/rf-capacitor.com\/tr\/wp-json\/wp\/v2\/types\/product"}],"replies":[{"embeddable":true,"href":"https:\/\/rf-capacitor.com\/tr\/wp-json\/wp\/v2\/comments?post=1856"}],"wp:featuredmedia":[{"embeddable":true,"href":"https:\/\/rf-capacitor.com\/tr\/wp-json\/wp\/v2\/media\/1857"}],"wp:attachment":[{"href":"https:\/\/rf-capacitor.com\/tr\/wp-json\/wp\/v2\/media?parent=1856"}],"wp:term":[{"taxonomy":"product_brand","embeddable":true,"href":"https:\/\/rf-capacitor.com\/tr\/wp-json\/wp\/v2\/product_brand?post=1856"},{"taxonomy":"product_cat","embeddable":true,"href":"https:\/\/rf-capacitor.com\/tr\/wp-json\/wp\/v2\/product_cat?post=1856"},{"taxonomy":"product_tag","embeddable":true,"href":"https:\/\/rf-capacitor.com\/tr\/wp-json\/wp\/v2\/product_tag?post=1856"}],"curies":[{"name":"wp","href":"https:\/\/api.w.org\/{rel}","templated":true}]}}