{"id":1793,"date":"2024-12-31T03:18:31","date_gmt":"2024-12-31T03:18:31","guid":{"rendered":"https:\/\/rf-capacitor.com\/?post_type=product&#038;p=1793"},"modified":"2024-12-31T03:18:31","modified_gmt":"2024-12-31T03:18:31","slug":"damping-absorption-snubber-capacitor","status":"publish","type":"product","link":"https:\/\/rf-capacitor.com\/tr\/damping-absorption-snubber-capacitor\/","title":{"rendered":"S\u00f6n\u00fcmleme So\u011furma Snubber Kondansat\u00f6r"},"content":{"rendered":"<h3 data-sourcepos=\"1:1-1:41\"><strong>S\u00f6n\u00fcmleme So\u011furma Snubber Kondansat\u00f6rleri<\/strong><\/h3>\n<ul data-sourcepos=\"3:1-24:0\">\n<li data-sourcepos=\"3:1-3:158\">\n<p data-sourcepos=\"3:3-3:158\"><strong><span class=\"citation-0 recitation\">Ama\u00e7:<\/span><\/strong><span class=\"citation-0 recitation citation-end-0\"> \u00d6ncelikle g\u00fc\u00e7 elektroni\u011fi devrelerinde anahtarlama i\u015flemleri s\u0131ras\u0131nda olu\u015fabilecek gerilim ve ak\u0131m a\u015f\u0131mlar\u0131n\u0131 bast\u0131rmak i\u00e7in kullan\u0131l\u0131r.<\/span><span class=\"button-container hide-from-message-actions ng-star-inserted\"> \u00a0<\/span><\/p>\n<div class=\"container ng-tns-c362440147-135 hide\">\n<div class=\"carousel-container ng-tns-c362440147-135\"><\/div>\n<\/div>\n<\/li>\n<li data-sourcepos=\"4:1-9:0\">\n<h3 data-sourcepos=\"4:3-4:20\"><strong>S\u00f6n\u00fcmleme Emme Snubber Kondansat\u00f6r\u00fc nas\u0131l \u00e7al\u0131\u015f\u0131r?<\/strong><\/h3>\n<ul data-sourcepos=\"5:5-9:0\">\n<li data-sourcepos=\"5:5-5:199\"><strong><span class=\"citation-1 recitation\">Gerilim ve Ak\u0131m A\u015f\u0131mlar\u0131:<\/span><\/strong><span class=\"citation-1 recitation citation-end-1\"> Bir g\u00fc\u00e7 elektroni\u011fi devresindeki bir anahtar kapand\u0131\u011f\u0131nda, devre ko\u015fullar\u0131ndaki ani de\u011fi\u015fiklik h\u0131zl\u0131 voltaj ve ak\u0131m ge\u00e7i\u015flerine yol a\u00e7abilir.<\/span><span class=\"button-container hide-from-message-actions ng-star-inserted\">\u00a0<\/span>\n<div class=\"container ng-tns-c362440147-136 hide\">\n<div class=\"carousel-container ng-tns-c362440147-136\"><\/div>\n<\/div>\n<\/li>\n<li data-sourcepos=\"6:5-6:162\"><strong><span class=\"citation-2 recitation\">Snubber Devresi:<\/span><\/strong><span class=\"citation-2 recitation citation-end-2\"> Tipik olarak bir diren\u00e7 ve bir kondansat\u00f6rden olu\u015fan bir snubber devresi, anahtarlama cihaz\u0131na paralel olarak ba\u011flan\u0131r.<\/span><span class=\"button-container hide-from-message-actions ng-star-inserted\"> \u00a0<\/span>\n<div class=\"container ng-tns-c362440147-137 hide\">\n<div class=\"carousel-container ng-tns-c362440147-137\"><\/div>\n<\/div>\n<\/li>\n<li data-sourcepos=\"7:5-7:190\"><strong><span class=\"citation-3 recitation\">S\u00f6n\u00fcmleme Eylemi:<\/span><\/strong><span class=\"citation-3 recitation citation-end-3\"> Kondansat\u00f6r, a\u015f\u0131mla ili\u015fkili enerjiyi emerek ge\u00e7ici durumu etkili bir \u015fekilde \"s\u00f6n\u00fcmler\" ve a\u015f\u0131r\u0131 voltaj veya ak\u0131m art\u0131\u015flar\u0131n\u0131 \u00f6nler.<\/span><\/li>\n<li data-sourcepos=\"7:5-7:190\"><strong style=\"font-size: 14.4px;\">Emilim:<\/strong><span style=\"font-size: 14.4px;\"> Kondansat\u00f6r enerjiyi emer ve ard\u0131ndan kademeli olarak serbest b\u0131rakarak anahtarlama cihaz\u0131na zarar vermesini \u00f6nler.<\/span><\/li>\n<\/ul>\n<\/li>\n<li data-sourcepos=\"10:1-14:0\">\n<h3 data-sourcepos=\"10:3-10:26\"><strong>Temel \u00d6zellikler S\u00f6n\u00fcmleme Emme Snubber Kondansat\u00f6r:<\/strong><\/h3>\n<ul data-sourcepos=\"11:5-14:0\">\n<li data-sourcepos=\"11:5-11:134\"><strong><span class=\"citation-4 recitation\">D\u00fc\u015f\u00fck ESR:<\/span><\/strong><span class=\"citation-4 recitation citation-end-4\"> D\u00fc\u015f\u00fck E\u015fde\u011fer Seri Diren\u00e7, verimli enerji emilimi ve minimum g\u00fc\u00e7 kayb\u0131 i\u00e7in kritik \u00f6neme sahiptir.<\/span><span class=\"button-container hide-from-message-actions ng-star-inserted\"> \u00a0<\/span>\n<div class=\"container ng-tns-c362440147-139 hide\">\n<div class=\"carousel-container ng-tns-c362440147-139\"><\/div>\n<\/div>\n<\/li>\n<li data-sourcepos=\"12:5-12:127\"><strong><span class=\"citation-5 recitation\">Y\u00fcksek Gerilim De\u011feri:<\/span><\/strong><span class=\"citation-5 recitation citation-end-5\"> Anahtarlama ge\u00e7i\u015fleri s\u0131ras\u0131nda olu\u015fan tepe gerilimlerine dayanabilmelidir.<\/span><span class=\"button-container hide-from-message-actions ng-star-inserted\"> \u00a0<\/span>\n<div class=\"container ng-tns-c362440147-140 hide\">\n<div class=\"carousel-container ng-tns-c362440147-140\"><\/div>\n<\/div>\n<\/li>\n<li data-sourcepos=\"13:5-14:0\"><strong>H\u0131zl\u0131 cevap:<\/strong> Gerilim ve ak\u0131mdaki h\u0131zl\u0131 de\u011fi\u015fikliklere h\u0131zl\u0131 bir \u015fekilde yan\u0131t vermelidir.<\/li>\n<\/ul>\n<\/li>\n<li data-sourcepos=\"15:1-18:0\">\n<h4 data-sourcepos=\"15:3-15:19\"><strong>Uygulamalar:<\/strong><\/h4>\n<ul data-sourcepos=\"16:5-18:0\">\n<li data-sourcepos=\"16:5-16:196\"><strong><span class=\"citation-6 recitation\">G\u00fc\u00e7 Elektroni\u011fi:<\/span><\/strong><span class=\"citation-6 recitation citation-end-6\"> IGBT'ler, MOSFET'ler ve trist\u00f6rler gibi anahtarlama cihazlar\u0131n\u0131 korumak i\u00e7in invert\u00f6rler, d\u00f6n\u00fc\u015ft\u00fcr\u00fcc\u00fcler ve motor s\u00fcr\u00fcc\u00fcleri gibi g\u00fc\u00e7 elektroni\u011fi devrelerinde yayg\u0131n olarak kullan\u0131l\u0131r.<\/span><span class=\"button-container hide-from-message-actions ng-star-inserted\"> \u00a0<\/span>\n<div class=\"container ng-tns-c362440147-141 hide\">\n<div class=\"carousel-container ng-tns-c362440147-141\"><\/div>\n<\/div>\n<\/li>\n<li data-sourcepos=\"17:5-18:0\"><strong>Y\u00fcksek Gerilim Uygulamalar\u0131:<\/strong> Anahtarlama ge\u00e7i\u015flerinin daha \u015fiddetli olabilece\u011fi y\u00fcksek gerilim uygulamalar\u0131nda kullan\u0131l\u0131r.<\/li>\n<\/ul>\n<\/li>\n<li data-sourcepos=\"19:1-24:0\">\n<h4 data-sourcepos=\"19:3-19:15\"><strong>Avantajlar:<\/strong><\/h4>\n<ul data-sourcepos=\"20:5-24:0\">\n<li data-sourcepos=\"20:5-20:109\"><strong><span class=\"citation-7 recitation\">Azalt\u0131lm\u0131\u015f Anahtarlama Kay\u0131plar\u0131:<\/span><\/strong><span class=\"citation-7 recitation citation-end-7\"> Anahtarlama i\u015flemleriyle ili\u015fkili g\u00fc\u00e7 kay\u0131plar\u0131n\u0131 en aza indirir.<\/span><span class=\"button-container hide-from-message-actions ng-star-inserted\"> \u00a0<\/span>\n<div class=\"container ng-tns-c362440147-142 hide\">\n<div class=\"carousel-container ng-tns-c362440147-142\"><\/div>\n<\/div>\n<\/li>\n<li data-sourcepos=\"21:5-21:110\"><strong><span class=\"citation-8 recitation\">Geli\u015ftirilmi\u015f G\u00fcvenilirlik:<\/span><\/strong><span class=\"citation-8 recitation citation-end-8\"> Anahtarlama cihazlar\u0131n\u0131 hasardan koruyarak kullan\u0131m \u00f6m\u00fcrlerini uzat\u0131r.<\/span><span class=\"button-container hide-from-message-actions ng-star-inserted\"> \u00a0<\/span>\n<div class=\"container ng-tns-c362440147-143 hide\">\n<div class=\"carousel-container ng-tns-c362440147-143\"><\/div>\n<\/div>\n<\/li>\n<li data-sourcepos=\"22:5-22:156\"><strong><span class=\"citation-9 recitation\">Azalt\u0131lm\u0131\u015f EMI\/RFI:<\/span><\/strong><span class=\"citation-9 recitation citation-end-9\"> Anahtarlama ge\u00e7i\u015flerinden kaynaklanan elektromanyetik paraziti (EMI) ve radyo frekans\u0131 parazitini (RFI) azalt\u0131r.<\/span><span class=\"button-container hide-from-message-actions ng-star-inserted\"> \u00a0<\/span>\n<div class=\"container ng-tns-c362440147-144 hide\">\n<div class=\"carousel-container ng-tns-c362440147-144\"><\/div>\n<\/div>\n<\/li>\n<li data-sourcepos=\"23:5-24:0\"><strong>Geli\u015ftirilmi\u015f Verimlilik:<\/strong> <span class=\"citation-10 recitation citation-end-10\">Anahtarlama kay\u0131plar\u0131n\u0131 azaltarak, snubber devreleri genel sistem verimlili\u011finin artmas\u0131na katk\u0131da bulunabilir.<\/span><span class=\"button-container hide-from-message-actions ng-star-inserted\"> \u00a0 <\/span><\/li>\n<\/ul>\n<\/li>\n<\/ul>","protected":false},"excerpt":{"rendered":"<table style=\"height: 549px;\" width=\"734\">\n<tbody>\n<tr>\n<td width=\"146\"><strong><b>\u00dcr\u00fcn<\/b><\/strong>\u00a0<strong><b>\u0130sim:<\/b><\/strong><\/td>\n<td width=\"601\"><strong>S\u00f6n\u00fcmleme So\u011furma Snubber Kondansat\u00f6r<\/strong><\/td>\n<\/tr>\n<tr>\n<td width=\"146\">\n<h4><strong>K\u0131sa A\u00e7\u0131klama:<\/strong><\/h4>\n<\/td>\n<td width=\"601\">1. Yenilik\u00e7i s\u00f6n\u00fcmleme absorpsiyon kapasit\u00f6rleri CRE taraf\u0131ndan tasarlanm\u0131\u015f ve \u00fcretilmi\u015ftir.<\/p>\n<p>2. CRE, film kondansat\u00f6r tasar\u0131m\u0131 ve \u00fcretiminde liderdir.<\/p>\n<p>3. Benzersiz s\u00f6n\u00fcmleme emme kondansat\u00f6r\u00fc \u00f6zelliklerine ihtiyac\u0131n\u0131z varsa, \u00f6zelle\u015ftirilmi\u015f bir kondansat\u00f6r i\u00e7in tasar\u0131m merkezimize gidin.<\/td>\n<\/tr>\n<tr>\n<td width=\"146\"><strong>Kapasitans aral\u0131\u011f\u0131:<\/strong><\/td>\n<td width=\"601\">\u00a00,33\u03bcF \u00b15%<\/td>\n<\/tr>\n<tr>\n<td width=\"146\"><strong>Nominal gerilim\uff1a<\/strong><\/td>\n<td width=\"601\">3400V.AC<\/td>\n<\/tr>\n<tr>\n<td width=\"146\"><strong>Kap.tol\uff1a<\/strong><\/td>\n<td width=\"601\">-40\u2103_85\u2103<\/td>\n<\/tr>\n<\/tbody>\n<\/table>","protected":false},"featured_media":1795,"comment_status":"open","ping_status":"closed","template":"","meta":[],"product_brand":[],"product_cat":[40],"product_tag":[],"class_list":{"0":"post-1793","1":"product","2":"type-product","3":"status-publish","4":"has-post-thumbnail","6":"product_cat-snubber-capacitor","8":"first","9":"instock","10":"shipping-taxable","11":"product-type-simple"},"_links":{"self":[{"href":"https:\/\/rf-capacitor.com\/tr\/wp-json\/wp\/v2\/product\/1793","targetHints":{"allow":["GET"]}}],"collection":[{"href":"https:\/\/rf-capacitor.com\/tr\/wp-json\/wp\/v2\/product"}],"about":[{"href":"https:\/\/rf-capacitor.com\/tr\/wp-json\/wp\/v2\/types\/product"}],"replies":[{"embeddable":true,"href":"https:\/\/rf-capacitor.com\/tr\/wp-json\/wp\/v2\/comments?post=1793"}],"wp:featuredmedia":[{"embeddable":true,"href":"https:\/\/rf-capacitor.com\/tr\/wp-json\/wp\/v2\/media\/1795"}],"wp:attachment":[{"href":"https:\/\/rf-capacitor.com\/tr\/wp-json\/wp\/v2\/media?parent=1793"}],"wp:term":[{"taxonomy":"product_brand","embeddable":true,"href":"https:\/\/rf-capacitor.com\/tr\/wp-json\/wp\/v2\/product_brand?post=1793"},{"taxonomy":"product_cat","embeddable":true,"href":"https:\/\/rf-capacitor.com\/tr\/wp-json\/wp\/v2\/product_cat?post=1793"},{"taxonomy":"product_tag","embeddable":true,"href":"https:\/\/rf-capacitor.com\/tr\/wp-json\/wp\/v2\/product_tag?post=1793"}],"curies":[{"name":"wp","href":"https:\/\/api.w.org\/{rel}","templated":true}]}}