{"id":1783,"date":"2024-12-31T02:56:12","date_gmt":"2024-12-31T02:56:12","guid":{"rendered":"https:\/\/rf-capacitor.com\/?post_type=product&#038;p=1783"},"modified":"2024-12-31T02:56:12","modified_gmt":"2024-12-31T02:56:12","slug":"low-esr-ac-filter-capacitor","status":"publish","type":"product","link":"https:\/\/rf-capacitor.com\/tr\/low-esr-ac-filter-capacitor\/","title":{"rendered":"D\u00fc\u015f\u00fck ESR AC Filtre Kondansat\u00f6r\u00fc"},"content":{"rendered":"<h3 data-sourcepos=\"1:1-1:32\"><strong>D\u00fc\u015f\u00fck ESR AC Filtre Kondansat\u00f6rleri<\/strong><\/h3>\n<ul data-sourcepos=\"3:1-17:0\">\n<li data-sourcepos=\"3:1-3:208\">\n<p data-sourcepos=\"3:3-3:208\"><strong>ESR:<\/strong> <span class=\"citation-0 recitation citation-end-0\">\"E\u015fde\u011fer Seri Diren\u00e7\" anlam\u0131na gelir.<\/span> <span class=\"citation-1 recitation citation-end-1\">\u00c7al\u0131\u015fma s\u0131ras\u0131nda enerji kay\u0131plar\u0131na ve \u0131s\u0131 olu\u015fumuna neden olabilen kapasit\u00f6r i\u00e7indeki i\u00e7 direnci temsil eder.<\/span><span class=\"button-container hide-from-message-actions ng-star-inserted\">\u00a0<\/span><\/p>\n<div class=\"container ng-tns-c362440147-124 hide\">\n<div class=\"carousel-container ng-tns-c362440147-124\"><\/div>\n<\/div>\n<\/li>\n<li data-sourcepos=\"4:1-9:0\">\n<p data-sourcepos=\"4:3-4:105\"><strong>D\u00fc\u015f\u00fck ESR \u00d6nemi:<\/strong> <span class=\"citation-2 recitation citation-end-2\">AC filtre uygulamalar\u0131nda, d\u00fc\u015f\u00fck ESR \u00e7e\u015fitli nedenlerden dolay\u0131 \u00e7ok \u00f6nemlidir:<\/span><span class=\"button-container hide-from-message-actions ng-star-inserted\"> \u00a0<\/span><\/p>\n<div class=\"container ng-tns-c362440147-125 hide\">\n<div class=\"carousel-container ng-tns-c362440147-125\"><\/div>\n<\/div>\n<ul data-sourcepos=\"5:5-9:0\">\n<li data-sourcepos=\"5:5-5:147\"><strong><span class=\"citation-3 recitation\">Azalt\u0131lm\u0131\u015f G\u00fc\u00e7 Kay\u0131plar\u0131:<\/span><\/strong><span class=\"citation-3 recitation citation-end-3\"> D\u00fc\u015f\u00fck ESR dahili \u0131s\u0131 olu\u015fumunu en aza indirerek g\u00fc\u00e7 kay\u0131plar\u0131n\u0131n azalmas\u0131n\u0131 ve verimlili\u011fin artmas\u0131n\u0131 sa\u011flar.<\/span><span class=\"button-container hide-from-message-actions ng-star-inserted\">\u00a0<\/span>\n<div class=\"container ng-tns-c362440147-126 hide\">\n<div class=\"carousel-container ng-tns-c362440147-126\"><\/div>\n<\/div>\n<\/li>\n<li data-sourcepos=\"6:5-6:186\"><strong>Geli\u015ftirilmi\u015f Filtreleme Performans\u0131:<\/strong> D\u00fc\u015f\u00fck ESR, kapasit\u00f6r\u00fcn h\u0131zl\u0131 ak\u0131m de\u011fi\u015fikliklerine daha etkili bir \u015fekilde yan\u0131t vermesini sa\u011flayarak y\u00fcksek frekansl\u0131 harmonikleri filtreleme yetene\u011fini geli\u015ftirir.<\/li>\n<li data-sourcepos=\"7:5-7:173\"><strong>Geli\u015ftirilmi\u015f Stabilite:<\/strong> G\u00fc\u00e7 sisteminde, y\u00fcksek frekansl\u0131 bile\u015fenler sistemin end\u00fcktans\u0131 ile etkile\u015fime girdi\u011finde ortaya \u00e7\u0131kabilecek rezonans sorunlar\u0131 riskini azalt\u0131r.<\/li>\n<li data-sourcepos=\"8:5-9:0\"><strong>Geli\u015ftirilmi\u015f G\u00fcvenilirlik:<\/strong> <span class=\"citation-4 recitation citation-end-4\">Daha d\u00fc\u015f\u00fck dahili \u0131s\u0131 \u00fcretimi kapasit\u00f6r \u00fczerindeki bask\u0131y\u0131 azaltarak hizmet \u00f6mr\u00fcn\u00fc uzat\u0131r.<\/span><span class=\"button-container hide-from-message-actions ng-star-inserted\"> \u00a0<\/span>\n<div class=\"container ng-tns-c362440147-127 hide\">\n<div class=\"carousel-container ng-tns-c362440147-127\"><\/div>\n<\/div>\n<\/li>\n<\/ul>\n<\/li>\n<li data-sourcepos=\"10:1-13:0\">\n<h3 data-sourcepos=\"10:3-10:19\"><strong>Yayg\u0131n Tipler D\u00fc\u015f\u00fck ESR AC Filtre Kondansat\u00f6r\u00fc:<\/strong><\/h3>\n<ul data-sourcepos=\"11:5-13:0\">\n<li data-sourcepos=\"11:5-11:130\"><strong><span class=\"citation-5 recitation\">Metalize Polipropilen Film Kondansat\u00f6rler:<\/span><\/strong><span class=\"citation-5 recitation citation-end-5\"> Genellikle d\u00fc\u015f\u00fck ESR ve y\u00fcksek frekans performans\u0131 i\u00e7in tercih edilir.<\/span><span class=\"button-container hide-from-message-actions ng-star-inserted\"> \u00a0<\/span>\n<div class=\"container ng-tns-c362440147-128 hide\">\n<div class=\"carousel-container ng-tns-c362440147-128\"><\/div>\n<\/div>\n<\/li>\n<li data-sourcepos=\"12:5-13:0\"><strong>Metalize Ka\u011f\u0131t Kondansat\u00f6rler:<\/strong> \u00d6zellikle y\u00fcksek g\u00fc\u00e7 uygulamalar\u0131nda d\u00fc\u015f\u00fck ESR de sunabilir.<\/li>\n<\/ul>\n<\/li>\n<li data-sourcepos=\"14:1-17:0\">\n<h3 data-sourcepos=\"14:3-14:19\"><strong>Uygulamalar:<\/strong><\/h3>\n<ul data-sourcepos=\"15:5-17:0\">\n<li data-sourcepos=\"15:5-15:202\"><strong>Y\u00fcksek G\u00fc\u00e7 Uygulamalar\u0131:<\/strong> Y\u00fcksek g\u00fc\u00e7l\u00fc end\u00fcstriyel ekipmanlarda, yenilenebilir enerji sistemlerinde ve y\u00fcksek ak\u0131mlar\u0131n ve h\u0131zl\u0131 ge\u00e7ici ak\u0131mlar\u0131n mevcut oldu\u011fu g\u00fc\u00e7 iletim ve da\u011f\u0131t\u0131m sistemlerinde kullan\u0131l\u0131r.<\/li>\n<li data-sourcepos=\"16:5-17:0\"><strong>Y\u00fcksek Frekans Uygulamalar\u0131:<\/strong> Motor s\u00fcr\u00fcc\u00fcleri, invert\u00f6rler ve g\u00fc\u00e7 elektroni\u011fi d\u00f6n\u00fc\u015ft\u00fcr\u00fcc\u00fcleri gibi y\u00fcksek frekansl\u0131 anahtarlama i\u00e7eren uygulamalarda kullan\u0131l\u0131r.<\/li>\n<\/ul>\n<\/li>\n<\/ul>\n<p data-sourcepos=\"18:1-18:358\"><strong>\u00d6zetle:<\/strong> D\u00fc\u015f\u00fck ESR AC filtre kapasit\u00f6rleri, y\u00fcksek ak\u0131mlar\u0131n, h\u0131zl\u0131 ge\u00e7i\u015flerin ve y\u00fcksek frekansl\u0131 bile\u015fenlerin bulundu\u011fu zorlu uygulamalarda optimum performans ve g\u00fcvenilirlik sa\u011flamak i\u00e7in gereklidir. Dahili direnci en aza indirerek, bu kapasit\u00f6rler geli\u015fmi\u015f g\u00fc\u00e7 kalitesine, azalt\u0131lm\u0131\u015f enerji kay\u0131plar\u0131na ve geli\u015fmi\u015f sistem kararl\u0131l\u0131\u011f\u0131na katk\u0131da bulunur.<\/p>","protected":false},"excerpt":{"rendered":"<table style=\"height: 601px;\" width=\"720\">\n<tbody>\n<tr>\n<td width=\"146\"><strong><b>\u00dcr\u00fcn<\/b><\/strong>\u00a0<strong><b>\u0130sim:<\/b><\/strong><\/td>\n<td width=\"601\"><strong>D\u00fc\u015f\u00fck ESR AC Filtre Kondansat\u00f6r\u00fc<\/strong><\/td>\n<\/tr>\n<tr>\n<td width=\"146\">\n<h4><strong>Dielektrik malzeme:<\/strong><\/h4>\n<\/td>\n<td width=\"601\">1. B\u00fcy\u00fck paslanmaz \u00e7elik kasa<\/p>\n<p>2. y\u00fcksek \u00f6zg\u00fcl enerji<\/p>\n<p>3. D\u00fc\u015f\u00fck \u00f6z end\u00fcktans, y\u00fcksek kopma direnci ve y\u00fcksek g\u00fcvenilirlik sa\u011flayan dalga kesim metalize PP film\/PU.<\/td>\n<\/tr>\n<tr>\n<td width=\"146\"><strong>Kapasitans aral\u0131\u011f\u0131:<\/strong><\/td>\n<td width=\"601\">3*200\u03bcF \u00b15%<\/td>\n<\/tr>\n<tr>\n<td width=\"146\"><strong>Nominal gerilim\uff1a<\/strong><\/td>\n<td width=\"601\">\u00a0450V.AC SH<\/td>\n<\/tr>\n<tr>\n<td width=\"146\"><strong>Kap.tol\uff1a<\/strong><\/td>\n<td width=\"601\">5%~+5%<\/td>\n<\/tr>\n<tr>\n<td width=\"146\"><strong>Maksimum ortam s\u0131cakl\u0131\u011f\u0131:<\/strong><\/td>\n<td width=\"601\">\u00a0-40\u2103-85\u2103<\/td>\n<\/tr>\n<\/tbody>\n<\/table>","protected":false},"featured_media":1787,"comment_status":"open","ping_status":"closed","template":"","meta":[],"product_brand":[],"product_cat":[39],"product_tag":[],"class_list":{"0":"post-1783","1":"product","2":"type-product","3":"status-publish","4":"has-post-thumbnail","6":"product_cat-ac-filter-capacitor-1","8":"first","9":"instock","10":"shipping-taxable","11":"product-type-simple"},"_links":{"self":[{"href":"https:\/\/rf-capacitor.com\/tr\/wp-json\/wp\/v2\/product\/1783","targetHints":{"allow":["GET"]}}],"collection":[{"href":"https:\/\/rf-capacitor.com\/tr\/wp-json\/wp\/v2\/product"}],"about":[{"href":"https:\/\/rf-capacitor.com\/tr\/wp-json\/wp\/v2\/types\/product"}],"replies":[{"embeddable":true,"href":"https:\/\/rf-capacitor.com\/tr\/wp-json\/wp\/v2\/comments?post=1783"}],"wp:featuredmedia":[{"embeddable":true,"href":"https:\/\/rf-capacitor.com\/tr\/wp-json\/wp\/v2\/media\/1787"}],"wp:attachment":[{"href":"https:\/\/rf-capacitor.com\/tr\/wp-json\/wp\/v2\/media?parent=1783"}],"wp:term":[{"taxonomy":"product_brand","embeddable":true,"href":"https:\/\/rf-capacitor.com\/tr\/wp-json\/wp\/v2\/product_brand?post=1783"},{"taxonomy":"product_cat","embeddable":true,"href":"https:\/\/rf-capacitor.com\/tr\/wp-json\/wp\/v2\/product_cat?post=1783"},{"taxonomy":"product_tag","embeddable":true,"href":"https:\/\/rf-capacitor.com\/tr\/wp-json\/wp\/v2\/product_tag?post=1783"}],"curies":[{"name":"wp","href":"https:\/\/api.w.org\/{rel}","templated":true}]}}