{"id":1773,"date":"2024-12-31T02:47:20","date_gmt":"2024-12-31T02:47:20","guid":{"rendered":"https:\/\/rf-capacitor.com\/?post_type=product&#038;p=1773"},"modified":"2024-12-31T03:19:56","modified_gmt":"2024-12-31T03:19:56","slug":"dual-run-ac-capacitor","status":"publish","type":"product","link":"https:\/\/rf-capacitor.com\/tr\/dual-run-ac-capacitor\/","title":{"rendered":"\u00c7ift \u00c7al\u0131\u015fmal\u0131 AC Kondansat\u00f6r"},"content":{"rendered":"<h2 data-sourcepos=\"1:1-1:147\"><span class=\"citation-0 recitation citation-end-0\"> \u00c7ift \u00c7al\u0131\u015fmal\u0131 AC Kondansat\u00f6r<\/span><\/h2>\n<p data-sourcepos=\"1:1-1:147\"><span class=\"citation-0 recitation citation-end-0\">\u0130kili \u00e7al\u0131\u015fma AC kondansat\u00f6r\u00fc, ba\u015flatma kondansat\u00f6r\u00fc ve \u00e7al\u0131\u015ft\u0131rma kondansat\u00f6r\u00fcn\u00fcn i\u015flevlerini tek bir \u00fcnitede birle\u015ftiren bir kondansat\u00f6r t\u00fcr\u00fcd\u00fcr.<\/span><span class=\"button-container hide-from-message-actions ng-star-inserted\">\u00a0 \u00a0<\/span><\/p>\n<ul data-sourcepos=\"3:1-5:0\">\n<li data-sourcepos=\"3:1-3:128\"><strong><span class=\"citation-1 recitation\">Ba\u015flang\u0131\u00e7 Kondansat\u00f6r\u00fc:<\/span><\/strong><span class=\"citation-1 recitation citation-end-1\"> Kompres\u00f6r ve fan motorlar\u0131n\u0131n \u00e7al\u0131\u015fmas\u0131na yard\u0131mc\u0131 olmak i\u00e7in ge\u00e7ici bir elektrik enerjisi art\u0131\u015f\u0131 sa\u011flar.<\/span><span class=\"button-container hide-from-message-actions ng-star-inserted\"> \u00a0<\/span>\n<div class=\"container ng-tns-c362440147-111 hide\">\n<div class=\"carousel-container ng-tns-c362440147-111\"><\/div>\n<\/div>\n<\/li>\n<li data-sourcepos=\"4:1-5:0\"><strong>\u00c7al\u0131\u015fma Kondansat\u00f6r\u00fc:<\/strong> <span class=\"citation-2 recitation citation-end-2\">S\u00fcrekli \u00e7al\u0131\u015fma s\u0131ras\u0131nda motorlar\u0131n verimlili\u011fini ve performans\u0131n\u0131 art\u0131r\u0131r.<\/span><span class=\"button-container hide-from-message-actions ng-star-inserted\">\u00a0 \u00a0<\/span>\n<div class=\"container ng-tns-c362440147-112 hide\">\n<div class=\"carousel-container ng-tns-c362440147-112\"><\/div>\n<\/div>\n<\/li>\n<\/ul>\n<h3 data-sourcepos=\"6:1-6:17\"><strong>Temel \u00d6zellikler:<\/strong><\/h3>\n<ul data-sourcepos=\"8:1-11:0\">\n<li data-sourcepos=\"8:1-8:128\"><strong>Rahatl\u0131k:<\/strong> <span class=\"citation-3 recitation citation-end-3\">\u0130ki ayr\u0131 kondansat\u00f6r\u00fc tek bir \u00fcnite ile de\u011fi\u015ftirerek kurulum ve bak\u0131m\u0131 basitle\u015ftirir.<\/span><\/li>\n<li data-sourcepos=\"8:1-8:128\"><strong style=\"font-size: 14.4px;\">Yer Tasarrufu:<\/strong> <span class=\"citation-4 recitation citation-end-4\" style=\"font-size: 14.4px;\">HVAC sistemindeki kondansat\u00f6rler i\u00e7in gereken alan\u0131 azalt\u0131r.<\/span><span class=\"button-container hide-from-message-actions ng-star-inserted\" style=\"font-size: 14.4px;\">\u00a0\u00a0<\/span>\n<div class=\"container ng-tns-c362440147-114 hide\">\n<div class=\"carousel-container ng-tns-c362440147-114\"><\/div>\n<\/div>\n<\/li>\n<li data-sourcepos=\"10:1-11:0\"><strong><span class=\"citation-5 recitation\">Geli\u015ftirilmi\u015f Verimlilik:<\/span><\/strong><span class=\"citation-5 recitation citation-end-5\"> Genel sistem verimlili\u011finin artmas\u0131na katk\u0131da bulunabilir.<\/span><span class=\"button-container hide-from-message-actions ng-star-inserted\"> \u00a0<\/span>\n<div class=\"container ng-tns-c362440147-115 hide\">\n<div class=\"carousel-container ng-tns-c362440147-115\"><\/div>\n<\/div>\n<\/li>\n<\/ul>\n<h3 data-sourcepos=\"12:1-12:17\"><strong>Uygulamalar:<\/strong><\/h3>\n<ul data-sourcepos=\"14:1-15:0\">\n<li data-sourcepos=\"14:1-15:0\"><span class=\"citation-6 recitation citation-end-6\">\u00d6ncelikle klima sistemlerinde kompres\u00f6r ve fan motorlar\u0131n\u0131n d\u00fczg\u00fcn ve verimli \u00e7al\u0131\u015fmas\u0131n\u0131 sa\u011flamak i\u00e7in kullan\u0131l\u0131r.<\/span><span class=\"button-container hide-from-message-actions ng-star-inserted\">\u00a0 \u00a0<\/span>\n<div class=\"container ng-tns-c362440147-116 hide\">\n<div class=\"carousel-container ng-tns-c362440147-116\"><\/div>\n<\/div>\n<\/li>\n<\/ul>\n<p data-sourcepos=\"20:1-20:167\"><strong><span class=\"citation-7 recitation\">Not:<\/span><\/strong><span class=\"citation-7 recitation citation-end-7\"> \u00c7ift \u00e7al\u0131\u015fma kapasit\u00f6rleri \u00f6zel bir bile\u015fendir ve HVAC sisteminin \u00f6zel gereksinimlerine g\u00f6re se\u00e7ilmeli ve kurulmal\u0131d\u0131r.<\/span><span class=\"button-container hide-from-message-actions ng-star-inserted\"> \u00a0 <\/span><\/p>","protected":false},"excerpt":{"rendered":"<table style=\"height: 619px;\" width=\"693\">\n<tbody>\n<tr>\n<td width=\"146\"><strong><b>\u00dcr\u00fcn<\/b><\/strong>\u00a0<strong><b>\u0130sim:<\/b><\/strong><\/td>\n<td width=\"601\"><strong>\u00c7ift \u00c7al\u0131\u015fmal\u0131 AC Kondansat\u00f6r<\/strong><\/td>\n<\/tr>\n<tr>\n<td width=\"146\">\n<h4><strong>K\u0131sa A\u00e7\u0131klama:<\/strong><\/h4>\n<\/td>\n<td width=\"601\">1. Yenilik\u00e7i tasar\u0131m<\/p>\n<p>2. Sa\u011flam vaka<\/p>\n<p>3. \u0130yi fiyat ile y\u00fcksek kaliteli AC film kondansat\u00f6r<\/td>\n<\/tr>\n<tr>\n<td width=\"146\"><strong>Kapasitans aral\u0131\u011f\u0131:<\/strong><\/td>\n<td width=\"601\">\u00a03*10\u03bcF \u00b15%<\/td>\n<\/tr>\n<tr>\n<td width=\"146\"><strong>Nominal gerilim\uff1a<\/strong><\/td>\n<td width=\"601\">750V.AC<\/td>\n<\/tr>\n<tr>\n<td width=\"146\"><strong>Kap.tol\uff1a<\/strong><\/td>\n<td width=\"601\">-40\u2103_85\u2103<\/td>\n<\/tr>\n<tr>\n<td width=\"146\"><\/td>\n<td width=\"601\"><\/td>\n<\/tr>\n<\/tbody>\n<\/table>","protected":false},"featured_media":1775,"comment_status":"open","ping_status":"closed","template":"","meta":[],"product_brand":[],"product_cat":[39],"product_tag":[],"class_list":{"0":"post-1773","1":"product","2":"type-product","3":"status-publish","4":"has-post-thumbnail","6":"product_cat-ac-filter-capacitor-1","8":"first","9":"instock","10":"shipping-taxable","11":"product-type-simple"},"_links":{"self":[{"href":"https:\/\/rf-capacitor.com\/tr\/wp-json\/wp\/v2\/product\/1773","targetHints":{"allow":["GET"]}}],"collection":[{"href":"https:\/\/rf-capacitor.com\/tr\/wp-json\/wp\/v2\/product"}],"about":[{"href":"https:\/\/rf-capacitor.com\/tr\/wp-json\/wp\/v2\/types\/product"}],"replies":[{"embeddable":true,"href":"https:\/\/rf-capacitor.com\/tr\/wp-json\/wp\/v2\/comments?post=1773"}],"wp:featuredmedia":[{"embeddable":true,"href":"https:\/\/rf-capacitor.com\/tr\/wp-json\/wp\/v2\/media\/1775"}],"wp:attachment":[{"href":"https:\/\/rf-capacitor.com\/tr\/wp-json\/wp\/v2\/media?parent=1773"}],"wp:term":[{"taxonomy":"product_brand","embeddable":true,"href":"https:\/\/rf-capacitor.com\/tr\/wp-json\/wp\/v2\/product_brand?post=1773"},{"taxonomy":"product_cat","embeddable":true,"href":"https:\/\/rf-capacitor.com\/tr\/wp-json\/wp\/v2\/product_cat?post=1773"},{"taxonomy":"product_tag","embeddable":true,"href":"https:\/\/rf-capacitor.com\/tr\/wp-json\/wp\/v2\/product_tag?post=1773"}],"curies":[{"name":"wp","href":"https:\/\/api.w.org\/{rel}","templated":true}]}}