{"id":1767,"date":"2024-12-31T02:35:15","date_gmt":"2024-12-31T02:35:15","guid":{"rendered":"https:\/\/rf-capacitor.com\/?post_type=product&#038;p=1767"},"modified":"2024-12-31T02:35:15","modified_gmt":"2024-12-31T02:35:15","slug":"metallized-polypropylene-film-capacitor","status":"publish","type":"product","link":"https:\/\/rf-capacitor.com\/tr\/metallized-polypropylene-film-capacitor\/","title":{"rendered":"Metalize Polipropilen Film Kondansat\u00f6r"},"content":{"rendered":"<h3 data-sourcepos=\"1:1-1:50\"><strong>Metalize Polipropilen Film Kondansat\u00f6rler (MKP)<\/strong><\/h3>\n<ul data-sourcepos=\"3:1-27:0\">\n<li data-sourcepos=\"3:1-7:0\">\n<p data-sourcepos=\"3:3-3:19\"><strong>\u0130n\u015faat:<\/strong><\/p>\n<ul data-sourcepos=\"4:5-7:0\">\n<li data-sourcepos=\"4:5-4:104\"><strong>Dielektrik:<\/strong> <span class=\"citation-0 recitation citation-end-0\">Yal\u0131t\u0131m malzemesi olarak ince polipropilen film katmanlar\u0131 kullan\u0131n.<\/span><span class=\"button-container hide-from-message-actions ng-star-inserted\">\u00a0 \u00a0<\/span>\n<div class=\"container ng-tns-c362440147-96 hide\">\n<div class=\"carousel-container ng-tns-c362440147-96\"><\/div>\n<\/div>\n<\/li>\n<li data-sourcepos=\"5:5-5:136\"><strong>Metalizasyon:<\/strong> \u0130nce bir metal tabakas\u0131 (genellikle al\u00fcminyum) film \u00fczerine vakumla biriktirilerek iletken elektrotlar olu\u015fturulur.<\/li>\n<li data-sourcepos=\"6:5-7:0\"><strong>Kendini \u0130yile\u015ftirme:<\/strong> <span class=\"citation-1 recitation citation-end-1\">\u00dcretim hatas\u0131 veya a\u015f\u0131r\u0131 gerilim nedeniyle lokalize bir k\u0131sa devre meydana gelirse, hatan\u0131n etraf\u0131ndaki metalizasyon buharla\u015farak alan\u0131 izole eder ve daha fazla hasar\u0131 \u00f6nler.<\/span> <span class=\"citation-2 recitation citation-end-2\">Bu kendi kendini iyile\u015ftirme mekanizmas\u0131 g\u00fcvenilirli\u011fi art\u0131r\u0131r.<\/span><span class=\"button-container hide-from-message-actions ng-star-inserted\"> \u00a0<\/span>\n<div class=\"container ng-tns-c362440147-97 hide\">\n<div class=\"carousel-container ng-tns-c362440147-97\"><\/div>\n<\/div>\n<\/li>\n<\/ul>\n<\/li>\n<li data-sourcepos=\"8:1-14:0\">\n<h3 data-sourcepos=\"8:3-8:26\"><strong>Temel \u00d6zellikler Metalize Polipropilen Film Kondansat\u00f6r:<\/strong><\/h3>\n<ul data-sourcepos=\"9:5-14:0\">\n<li data-sourcepos=\"9:5-9:122\"><strong><span class=\"citation-3 recitation\">D\u00fc\u015f\u00fck Kay\u0131p:<\/span><\/strong><span class=\"citation-3 recitation citation-end-3\"> \u00c7ok d\u00fc\u015f\u00fck dielektrik kay\u0131plar\u0131 sergilemeleri, onlar\u0131 y\u00fcksek frekansl\u0131 uygulamalar i\u00e7in uygun hale getirir.<\/span><span class=\"button-container hide-from-message-actions ng-star-inserted\"> \u00a0<\/span>\n<div class=\"container ng-tns-c362440147-98 hide\">\n<div class=\"carousel-container ng-tns-c362440147-98\"><\/div>\n<\/div>\n<\/li>\n<li data-sourcepos=\"10:5-10:72\"><strong>Y\u00fcksek Stabilite:<\/strong> S\u0131cakl\u0131k ve zamana kar\u015f\u0131 m\u00fckemmel stabilite.<\/li>\n<li data-sourcepos=\"11:5-11:83\"><strong>Kendini \u0130yile\u015ftirme:<\/strong> <span class=\"citation-4 recitation citation-end-4\">G\u00fcvenilirli\u011fi art\u0131r\u0131r ve hizmet \u00f6mr\u00fcn\u00fc uzat\u0131r.<\/span><span class=\"button-container hide-from-message-actions ng-star-inserted\"> \u00a0<\/span>\n<div class=\"container ng-tns-c362440147-99 hide\">\n<div class=\"carousel-container ng-tns-c362440147-99\"><\/div>\n<\/div>\n<\/li>\n<li data-sourcepos=\"12:5-12:72\"><strong>Y\u00fcksek Gerilim De\u011feri:<\/strong> <span class=\"citation-5 recitation citation-end-5\">Y\u00fcksek gerilimlere dayanabilir.<\/span><span class=\"button-container hide-from-message-actions ng-star-inserted\"> \u00a0<\/span>\n<div class=\"container ng-tns-c362440147-100 hide\">\n<div class=\"carousel-container ng-tns-c362440147-100\"><\/div>\n<\/div>\n<\/li>\n<li data-sourcepos=\"13:5-14:0\"><strong>Kompakt Boyut:<\/strong> Nispeten k\u00fc\u00e7\u00fck paketlerde y\u00fcksek kapasitans de\u011ferleri elde edin.<\/li>\n<\/ul>\n<\/li>\n<li data-sourcepos=\"15:1-21:0\">\n<h3 data-sourcepos=\"15:3-15:19\"><strong>Uygulamalar:<\/strong><\/h3>\n<ul data-sourcepos=\"16:5-21:0\">\n<li data-sourcepos=\"16:5-16:110\"><strong>AC Filtreler:<\/strong> <span class=\"citation-6 recitation citation-end-6\">AC g\u00fc\u00e7 sistemlerinde harmonikleri filtrelemek ve g\u00fc\u00e7 kalitesini art\u0131rmak i\u00e7in kullan\u0131l\u0131r.<\/span><span class=\"button-container hide-from-message-actions ng-star-inserted\"> \u00a0<\/span>\n<div class=\"container ng-tns-c362440147-101 hide\">\n<div class=\"carousel-container ng-tns-c362440147-101\"><\/div>\n<\/div>\n<\/li>\n<li data-sourcepos=\"17:5-17:98\"><strong>Motor S\u00fcr\u00fcc\u00fcleri:<\/strong> Performans\u0131 art\u0131rmak ve g\u00fcr\u00fclt\u00fcy\u00fc azaltmak i\u00e7in de\u011fi\u015fken h\u0131zl\u0131 s\u00fcr\u00fcc\u00fclerde kullan\u0131l\u0131r.<\/li>\n<li data-sourcepos=\"18:5-18:142\"><strong>Anahtarlamal\u0131 G\u00fc\u00e7 Kaynaklar\u0131:<\/strong> Anahtarlamal\u0131 g\u00fc\u00e7 kaynaklar\u0131, invert\u00f6rler ve d\u00f6n\u00fc\u015ft\u00fcr\u00fcc\u00fcler dahil olmak \u00fczere \u00e7e\u015fitli elektronik devrelerde yayg\u0131n olarak kullan\u0131l\u0131r.<\/li>\n<li data-sourcepos=\"19:5-19:149\"><strong>Y\u00fcksek Frekans Uygulamalar\u0131:<\/strong> RF devreleri ve telekom\u00fcnikasyon ekipmanlar\u0131 gibi y\u00fcksek frekanslarda \u00e7al\u0131\u015fan uygulamalar i\u00e7in uygundur.<\/li>\n<li data-sourcepos=\"20:5-21:0\"><strong>Ses Ekipmanlar\u0131:<\/strong> <span class=\"citation-7 recitation citation-end-7\">Ses uygulamalar\u0131nda sinyal kalitesini iyile\u015ftirmek ve bozulmay\u0131 azaltmak i\u00e7in kullan\u0131l\u0131r.<\/span><span class=\"button-container hide-from-message-actions ng-star-inserted\">\u00a0<\/span>\n<div class=\"container ng-tns-c362440147-102 hide\">\n<div class=\"carousel-container ng-tns-c362440147-102\"><\/div>\n<\/div>\n<\/li>\n<\/ul>\n<\/li>\n<li data-sourcepos=\"22:1-27:0\">\n<h3 data-sourcepos=\"22:3-22:15\"><strong>Avantajlar:<\/strong><\/h3>\n<ul data-sourcepos=\"23:5-27:0\">\n<li data-sourcepos=\"23:5-23:108\"><strong><span class=\"citation-8 recitation\">Geli\u015ftirilmi\u015f Performans:<\/span><\/strong><span class=\"citation-8 recitation citation-end-8\"> Elektronik ekipmanlar\u0131n performans\u0131n\u0131 ve verimlili\u011fini art\u0131r\u0131n.<\/span>\n<div class=\"container ng-tns-c362440147-103 hide\">\n<div class=\"carousel-container ng-tns-c362440147-103\"><\/div>\n<\/div>\n<\/li>\n<li data-sourcepos=\"24:5-24:80\"><strong>Azalt\u0131lm\u0131\u015f Enerji Kay\u0131plar\u0131:<\/strong> \u00c7e\u015fitli uygulamalarda enerji kay\u0131plar\u0131n\u0131 en aza indirir.<\/li>\n<li data-sourcepos=\"25:5-25:87\"><strong>Art\u0131r\u0131lm\u0131\u015f G\u00fcvenilirlik:<\/strong> Kendi kendini iyile\u015ftirme mekanizmas\u0131 uzun vadeli g\u00fcvenilirli\u011fi art\u0131r\u0131r.<\/li>\n<li data-sourcepos=\"26:5-27:0\"><strong>Kompakt ve Hafif:<\/strong> K\u0131s\u0131tl\u0131 alan uygulamalar\u0131 i\u00e7in uygundur.<\/li>\n<\/ul>\n<\/li>\n<\/ul>\n<p data-sourcepos=\"28:1-28:293\"><strong>\u00d6zetle:<\/strong> Metalize polipropilen film kapasit\u00f6rler, \u00e7e\u015fitli elektronik ve g\u00fc\u00e7 sistemlerinde geni\u015f bir uygulama yelpazesine sahip \u00e7ok y\u00f6nl\u00fc ve g\u00fcvenilir bir bile\u015fendir. D\u00fc\u015f\u00fck kay\u0131plar\u0131, y\u00fcksek kararl\u0131l\u0131klar\u0131 ve kendi kendini iyile\u015ftirme yetenekleri, onlar\u0131 bir\u00e7ok kritik uygulama i\u00e7in tercih edilen bir se\u00e7im haline getirmektedir.<\/p>\n<p data-sourcepos=\"30:1-30:82\">","protected":false},"excerpt":{"rendered":"<table style=\"height: 493px;\" width=\"698\">\n<tbody>\n<tr>\n<td width=\"146\"><strong><b>\u00dcr\u00fcn<\/b><\/strong>\u00a0<strong><b>\u0130sim:<\/b><\/strong><\/td>\n<td width=\"601\"><strong>Metalize Polipropilen Film Kondansat\u00f6r<\/strong><\/td>\n<\/tr>\n<tr>\n<td width=\"146\">\n<h4><strong>Dielektrik malzeme:<\/strong><\/h4>\n<\/td>\n<td width=\"601\">Metalize polipropilen film<\/td>\n<\/tr>\n<tr>\n<td width=\"146\"><strong>Kapasitans aral\u0131\u011f\u0131:<\/strong><\/td>\n<td width=\"601\">50 Hz ve\/veya 60 Hz<\/td>\n<\/tr>\n<tr>\n<td width=\"146\"><strong>Nominal gerilim\uff1a<\/strong><\/td>\n<td width=\"601\">\u00a0660 VAC<\/td>\n<\/tr>\n<tr>\n<td width=\"146\"><strong>Kap.tol\uff1a<\/strong><\/td>\n<td width=\"601\">5%~+5%<\/td>\n<\/tr>\n<tr>\n<td width=\"146\"><strong>Maksimum ortam s\u0131cakl\u0131\u011f\u0131:<\/strong><\/td>\n<td width=\"601\">\u00a0-40\u2103 ila +70\u2103<\/td>\n<\/tr>\n<\/tbody>\n<\/table>","protected":false},"featured_media":1770,"comment_status":"open","ping_status":"closed","template":"","meta":[],"product_brand":[],"product_cat":[39],"product_tag":[],"class_list":{"0":"post-1767","1":"product","2":"type-product","3":"status-publish","4":"has-post-thumbnail","6":"product_cat-ac-filter-capacitor-1","8":"first","9":"instock","10":"shipping-taxable","11":"product-type-simple"},"_links":{"self":[{"href":"https:\/\/rf-capacitor.com\/tr\/wp-json\/wp\/v2\/product\/1767","targetHints":{"allow":["GET"]}}],"collection":[{"href":"https:\/\/rf-capacitor.com\/tr\/wp-json\/wp\/v2\/product"}],"about":[{"href":"https:\/\/rf-capacitor.com\/tr\/wp-json\/wp\/v2\/types\/product"}],"replies":[{"embeddable":true,"href":"https:\/\/rf-capacitor.com\/tr\/wp-json\/wp\/v2\/comments?post=1767"}],"wp:featuredmedia":[{"embeddable":true,"href":"https:\/\/rf-capacitor.com\/tr\/wp-json\/wp\/v2\/media\/1770"}],"wp:attachment":[{"href":"https:\/\/rf-capacitor.com\/tr\/wp-json\/wp\/v2\/media?parent=1767"}],"wp:term":[{"taxonomy":"product_brand","embeddable":true,"href":"https:\/\/rf-capacitor.com\/tr\/wp-json\/wp\/v2\/product_brand?post=1767"},{"taxonomy":"product_cat","embeddable":true,"href":"https:\/\/rf-capacitor.com\/tr\/wp-json\/wp\/v2\/product_cat?post=1767"},{"taxonomy":"product_tag","embeddable":true,"href":"https:\/\/rf-capacitor.com\/tr\/wp-json\/wp\/v2\/product_tag?post=1767"}],"curies":[{"name":"wp","href":"https:\/\/api.w.org\/{rel}","templated":true}]}}