{"id":1715,"date":"2024-12-30T03:49:14","date_gmt":"2024-12-30T03:49:14","guid":{"rendered":"https:\/\/rf-capacitor.com\/?post_type=product&#038;p=1715"},"modified":"2024-12-30T03:49:14","modified_gmt":"2024-12-30T03:49:14","slug":"three-phase-ac-filter-capacitor","status":"publish","type":"product","link":"https:\/\/rf-capacitor.com\/tr\/three-phase-ac-filter-capacitor\/","title":{"rendered":"\u00dc\u00e7 fazl\u0131 AC filtre Kondansat\u00f6r\u00fc"},"content":{"rendered":"<h3 data-sourcepos=\"1:1-1:36\"><strong>\u00dc\u00e7 fazl\u0131 AC filtre Kondansat\u00f6r\u00fc<\/strong><\/h3>\n<ul data-sourcepos=\"3:1-21:0\">\n<li data-sourcepos=\"3:1-3:147\">\n<p data-sourcepos=\"3:3-3:147\"><strong>Ama\u00e7:<\/strong> <span class=\"citation-0 recitation citation-end-0\">Do\u011frusal olmayan y\u00fckler taraf\u0131ndan \u00fcretilen harmonik bozulmay\u0131 filtrelemek i\u00e7in \u00fc\u00e7 fazl\u0131 AC g\u00fc\u00e7 sistemleri i\u00e7in \u00f6zel olarak tasarlanm\u0131\u015ft\u0131r.<\/span><span class=\"button-container hide-from-message-actions ng-star-inserted\">\u00a0<\/span><\/p>\n<div class=\"container ng-tns-c362440147-79 hide\">\n<div class=\"carousel-container ng-tns-c362440147-79\"><\/div>\n<\/div>\n<\/li>\n<li data-sourcepos=\"4:1-10:0\">\n<h3 data-sourcepos=\"4:3-4:26\"><strong>Temel \u00d6zellikler \u00dc\u00e7 fazl\u0131 AC filtre Kondansat\u00f6r\u00fc:<\/strong><\/h3>\n<ul data-sourcepos=\"5:5-10:0\">\n<li data-sourcepos=\"5:5-5:151\"><strong>\u00dc\u00e7 Fazl\u0131 Konfig\u00fcrasyon:<\/strong> \u00dc\u00e7 fazl\u0131 sistemlerde harmonikleri etkili bir \u015fekilde filtrelemek i\u00e7in tipik olarak delta veya wye konfig\u00fcrasyonunda ba\u011flan\u0131r.<\/li>\n<li data-sourcepos=\"6:5-6:126\"><strong>Y\u00fcksek G\u00fc\u00e7 \u0130\u015fleme:<\/strong> <span class=\"citation-1 recitation citation-end-1\">\u00dc\u00e7 fazl\u0131 sistemlerde mevcut olan y\u00fcksek ak\u0131mlar\u0131 ve gerilimleri idare edebilir.<\/span><span class=\"button-container hide-from-message-actions ng-star-inserted\">\u00a0 \u00a0<\/span>\n<div class=\"container ng-tns-c362440147-80 hide\">\n<div class=\"carousel-container ng-tns-c362440147-80\"><\/div>\n<\/div>\n<\/li>\n<li data-sourcepos=\"7:5-7:78\"><strong>D\u00fc\u015f\u00fck Empedans:<\/strong> <span class=\"citation-2 recitation citation-end-2\">\u00c7al\u0131\u015fma s\u0131ras\u0131nda enerji kay\u0131plar\u0131n\u0131 en aza indirin.<\/span><span class=\"button-container hide-from-message-actions ng-star-inserted\">\u00a0 \u00a0<\/span>\n<div class=\"container ng-tns-c362440147-81 hide\">\n<div class=\"carousel-container ng-tns-c362440147-81\"><\/div>\n<\/div>\n<\/li>\n<li data-sourcepos=\"8:5-8:158\"><strong>Sa\u011flam Yap\u0131:<\/strong> Daha y\u00fcksek gerilimler ve daha y\u00fcksek ar\u0131za ak\u0131mlar\u0131 potansiyeli dahil olmak \u00fczere \u00fc\u00e7 fazl\u0131 g\u00fc\u00e7 sistemlerinin taleplerine dayanacak \u015fekilde \u00fcretilmi\u015ftir.<\/li>\n<li data-sourcepos=\"9:5-10:0\"><strong>Kendini \u0130yile\u015ftirme:<\/strong> <span class=\"citation-3 recitation citation-end-3\">G\u00fcvenilirli\u011fi art\u0131rmak ve hizmet \u00f6mr\u00fcn\u00fc uzatmak i\u00e7in genellikle kendi kendini iyile\u015ftirme mekanizmalar\u0131 i\u00e7erir.<\/span><span class=\"button-container hide-from-message-actions ng-star-inserted\"> \u00a0<\/span>\n<div class=\"container ng-tns-c362440147-82 hide\">\n<div class=\"carousel-container ng-tns-c362440147-82\"><\/div>\n<\/div>\n<\/li>\n<\/ul>\n<\/li>\n<li data-sourcepos=\"11:1-15:0\">\n<h3 data-sourcepos=\"11:3-11:19\"><strong>Uygulamalar \u00dc\u00e7 fazl\u0131 AC filtre Kondansat\u00f6r\u00fc:<\/strong><\/h3>\n<ul data-sourcepos=\"12:5-15:0\">\n<li data-sourcepos=\"12:5-12:158\"><strong>End\u00fcstriyel:<\/strong> <span class=\"citation-4 recitation citation-end-4\">De\u011fi\u015fken h\u0131zl\u0131 s\u00fcr\u00fcc\u00fcler (VSD'ler), g\u00fc\u00e7 elektroni\u011fi d\u00f6n\u00fc\u015ft\u00fcr\u00fcc\u00fcleri ve di\u011fer end\u00fcstriyel ekipmanlar taraf\u0131ndan \u00fcretilen harmoniklerin filtrelenmesi.<\/span><span class=\"button-container hide-from-message-actions ng-star-inserted\">\u00a0 \u00a0<\/span>\n<div class=\"container ng-tns-c362440147-83 hide\">\n<div class=\"carousel-container ng-tns-c362440147-83\"><\/div>\n<\/div>\n<\/li>\n<li data-sourcepos=\"13:5-13:140\"><strong><span class=\"citation-5 recitation\">Yenilenebilir Enerji:<\/span><\/strong><span class=\"citation-5 recitation citation-end-5\"> R\u00fczgar t\u00fcrbinleri, g\u00fcne\u015f invert\u00f6rleri ve di\u011fer yenilenebilir enerji kaynaklar\u0131 taraf\u0131ndan \u00fcretilen harmoniklerin filtrelenmesi.<\/span>\n<div class=\"container ng-tns-c362440147-84 hide\">\n<div class=\"carousel-container ng-tns-c362440147-84\"><\/div>\n<\/div>\n<\/li>\n<li data-sourcepos=\"14:5-15:0\"><strong>G\u00fc\u00e7 \u0130letimi ve Da\u011f\u0131t\u0131m\u0131:<\/strong> \u00dc\u00e7 fazl\u0131 iletim ve da\u011f\u0131t\u0131m sistemlerinde g\u00fc\u00e7 kalitesinin iyile\u015ftirilmesi.<\/li>\n<\/ul>\n<\/li>\n<li data-sourcepos=\"16:1-21:0\">\n<h3 data-sourcepos=\"16:3-16:15\"><strong>Avantajlar:<\/strong><\/h3>\n<ul data-sourcepos=\"17:5-21:0\">\n<li data-sourcepos=\"17:5-17:127\"><strong>Geli\u015ftirilmi\u015f G\u00fc\u00e7 Kalitesi:<\/strong> Harmonik bozulmay\u0131 \u00f6nemli \u00f6l\u00e7\u00fcde azaltarak daha istikrarl\u0131 ve verimli g\u00fc\u00e7 sistemleri sa\u011flar.<\/li>\n<li data-sourcepos=\"18:5-18:131\"><strong><span class=\"citation-6 recitation\">Azalt\u0131lm\u0131\u015f Enerji Kay\u0131plar\u0131:<\/span><\/strong><span class=\"citation-6 recitation citation-end-6\"> Sistemdeki g\u00fc\u00e7 kay\u0131plar\u0131n\u0131 en aza indirerek enerji t\u00fcketimini ve i\u015fletme maliyetlerini azalt\u0131r.<\/span><span class=\"button-container hide-from-message-actions ng-star-inserted\">\u00a0 \u00a0<\/span>\n<div class=\"container ng-tns-c362440147-85 hide\">\n<div class=\"carousel-container ng-tns-c362440147-85\"><\/div>\n<\/div>\n<\/li>\n<li data-sourcepos=\"19:5-19:105\"><strong>Geli\u015ftirilmi\u015f Ekipman \u00d6mr\u00fc:<\/strong> Hassas ekipmanlar\u0131 harmoniklerin zararl\u0131 etkilerinden koruyun.<\/li>\n<li data-sourcepos=\"20:5-21:0\"><strong>Artan Sistem G\u00fcvenilirli\u011fi:<\/strong> \u00dc\u00e7 fazl\u0131 g\u00fc\u00e7 sisteminin genel g\u00fcvenilirli\u011fini ve kararl\u0131l\u0131\u011f\u0131n\u0131 art\u0131r\u0131r.<\/li>\n<\/ul>\n<\/li>\n<\/ul>","protected":false},"excerpt":{"rendered":"<table style=\"height: 446px;\" width=\"714\">\n<tbody>\n<tr>\n<td width=\"146\"><strong><b>\u00dcr\u00fcn<\/b><\/strong>\u00a0<strong><b>\u0130sim:<\/b><\/strong><\/td>\n<td width=\"601\"><strong>\u00dc\u00e7 fazl\u0131 AC filtre Kondansat\u00f6r\u00fc<\/strong><\/td>\n<\/tr>\n<tr>\n<td width=\"146\">\n<h4><strong>K\u0131sa A\u00e7\u0131klama:<\/strong><\/h4>\n<\/td>\n<td width=\"601\">Metal al\u00fcminyum kabuk, y\u00fcksek ak\u0131m, b\u00fcy\u00fck kapasite, d\u00fc\u015f\u00fck ESL ve d\u00fc\u015f\u00fck kay\u0131pl\u0131 alev geciktirici (UL 94V-0) epoksi paket<\/td>\n<\/tr>\n<tr>\n<td width=\"146\"><strong>Kapasitans aral\u0131\u011f\u0131:<\/strong><\/td>\n<td width=\"601\">3\u2716\ufe0f20~3\u2716\ufe0f500UF<\/td>\n<\/tr>\n<tr>\n<td width=\"146\"><strong>Nominal gerilim\uff1a<\/strong><\/td>\n<td width=\"601\">220-1000vac<\/td>\n<\/tr>\n<tr>\n<td width=\"146\"><strong>Yap\u0131:\u00a0<\/strong><\/td>\n<td width=\"601\">\u00a0Metalize film kuru yap\u0131<\/td>\n<\/tr>\n<tr>\n<td width=\"146\"><strong>Kondansat\u00f6r Modeli:\u00a0<\/strong><\/td>\n<td width=\"601\">AKMJ-MC<\/td>\n<\/tr>\n<\/tbody>\n<\/table>","protected":false},"featured_media":1716,"comment_status":"open","ping_status":"closed","template":"","meta":[],"product_brand":[],"product_cat":[39],"product_tag":[],"class_list":{"0":"post-1715","1":"product","2":"type-product","3":"status-publish","4":"has-post-thumbnail","6":"product_cat-ac-filter-capacitor-1","8":"first","9":"instock","10":"shipping-taxable","11":"product-type-simple"},"_links":{"self":[{"href":"https:\/\/rf-capacitor.com\/tr\/wp-json\/wp\/v2\/product\/1715","targetHints":{"allow":["GET"]}}],"collection":[{"href":"https:\/\/rf-capacitor.com\/tr\/wp-json\/wp\/v2\/product"}],"about":[{"href":"https:\/\/rf-capacitor.com\/tr\/wp-json\/wp\/v2\/types\/product"}],"replies":[{"embeddable":true,"href":"https:\/\/rf-capacitor.com\/tr\/wp-json\/wp\/v2\/comments?post=1715"}],"wp:featuredmedia":[{"embeddable":true,"href":"https:\/\/rf-capacitor.com\/tr\/wp-json\/wp\/v2\/media\/1716"}],"wp:attachment":[{"href":"https:\/\/rf-capacitor.com\/tr\/wp-json\/wp\/v2\/media?parent=1715"}],"wp:term":[{"taxonomy":"product_brand","embeddable":true,"href":"https:\/\/rf-capacitor.com\/tr\/wp-json\/wp\/v2\/product_brand?post=1715"},{"taxonomy":"product_cat","embeddable":true,"href":"https:\/\/rf-capacitor.com\/tr\/wp-json\/wp\/v2\/product_cat?post=1715"},{"taxonomy":"product_tag","embeddable":true,"href":"https:\/\/rf-capacitor.com\/tr\/wp-json\/wp\/v2\/product_tag?post=1715"}],"curies":[{"name":"wp","href":"https:\/\/api.w.org\/{rel}","templated":true}]}}