{"id":1713,"date":"2024-12-30T03:26:32","date_gmt":"2024-12-30T03:26:32","guid":{"rendered":"https:\/\/rf-capacitor.com\/?post_type=product&#038;p=1713"},"modified":"2024-12-30T03:26:32","modified_gmt":"2024-12-30T03:26:32","slug":"high-power-filter-capacitor","status":"publish","type":"product","link":"https:\/\/rf-capacitor.com\/tr\/high-power-filter-capacitor\/","title":{"rendered":"Y\u00fcksek G\u00fc\u00e7l\u00fc Filtre Kondansat\u00f6r\u00fc"},"content":{"rendered":"<h3 data-sourcepos=\"1:1-1:32\"><strong>Y\u00fcksek G\u00fc\u00e7l\u00fc Filtre Kondansat\u00f6rleri<\/strong><\/h3>\n<ul data-sourcepos=\"3:1-27:0\">\n<li data-sourcepos=\"3:1-3:141\">\n<p data-sourcepos=\"3:3-3:141\"><strong>Ama\u00e7:<\/strong> Tipik olarak y\u00fcksek voltajl\u0131, y\u00fcksek ak\u0131ml\u0131 ortamlarda y\u00fcksek g\u00fc\u00e7 i\u015fleme kapasitesi gerektiren uygulamalar i\u00e7in tasarlanm\u0131\u015ft\u0131r.<\/p>\n<\/li>\n<li data-sourcepos=\"4:1-10:0\">\n<h3 data-sourcepos=\"4:3-4:26\"><strong>Temel \u00d6zellikler Y\u00fcksek G\u00fc\u00e7l\u00fc Filtre Kondansat\u00f6r\u00fc:<\/strong><\/h3>\n<ul data-sourcepos=\"5:5-10:0\">\n<li data-sourcepos=\"5:5-5:77\"><strong>Y\u00fcksek Gerilim De\u011feri:<\/strong> Y\u00fcksek gerilimlere bozulmadan dayanabilir.<\/li>\n<li data-sourcepos=\"6:5-6:103\"><strong>Y\u00fcksek Ak\u0131m \u0130\u015fleme:<\/strong> B\u00fcy\u00fck ak\u0131m dalgalanmalar\u0131n\u0131 ve s\u00fcrekli y\u00fcksek ak\u0131mlar\u0131 idare edebilir.<\/li>\n<li data-sourcepos=\"7:5-7:65\"><strong>D\u00fc\u015f\u00fck Empedans:<\/strong> \u00c7al\u0131\u015fma s\u0131ras\u0131nda enerji kay\u0131plar\u0131n\u0131 en aza indirin.<\/li>\n<li data-sourcepos=\"8:5-8:121\"><strong>Sa\u011flam Yap\u0131:<\/strong> Y\u00fcksek s\u0131cakl\u0131klar ve titre\u015fimler de dahil olmak \u00fczere zorlu \u00e7al\u0131\u015fma ko\u015fullar\u0131na dayanacak \u015fekilde \u00fcretilmi\u015ftir.<\/li>\n<li data-sourcepos=\"9:5-10:0\"><strong>Kendini \u0130yile\u015ftirme:<\/strong> Hizmet \u00f6mr\u00fcn\u00fc uzatmak i\u00e7in genellikle kendi kendini iyile\u015ftirme mekanizmalar\u0131 i\u00e7erir.<\/li>\n<\/ul>\n<\/li>\n<li data-sourcepos=\"11:1-15:0\">\n<h3 data-sourcepos=\"11:3-11:19\"><strong>\u0130n\u015faat Y\u00fcksek G\u00fc\u00e7l\u00fc Filtre Kondansat\u00f6r\u00fc:<\/strong><\/h3>\n<ul data-sourcepos=\"12:5-15:0\">\n<li data-sourcepos=\"12:5-12:112\"><strong>Dielektrik:<\/strong> Tipik olarak polipropilen film veya metalize ka\u011f\u0131t gibi sa\u011flam dielektrik malzemeler kullan\u0131l\u0131r.<\/li>\n<li data-sourcepos=\"13:5-13:132\"><strong>So\u011futma:<\/strong> Genellikle \u0131s\u0131 da\u011f\u0131l\u0131m\u0131n\u0131 y\u00f6netmek i\u00e7in ya\u011f dolu muhafazalar veya bas\u0131n\u00e7l\u0131 hava so\u011futmas\u0131 gibi so\u011futma mekanizmalar\u0131 i\u00e7erir.<\/li>\n<li data-sourcepos=\"14:5-15:0\"><strong>Sa\u011flam Muhafazalar:<\/strong> Dahili bile\u015fenleri \u00e7evresel fakt\u00f6rlerden korumak i\u00e7in sa\u011flam muhafazalara yerle\u015ftirilmi\u015ftir.<\/li>\n<\/ul>\n<\/li>\n<li data-sourcepos=\"16:1-21:0\">\n<h3 data-sourcepos=\"16:3-16:19\"><strong>Uygulamalar:<\/strong><\/h3>\n<ul data-sourcepos=\"17:5-21:0\">\n<li data-sourcepos=\"17:5-17:118\"><strong>G\u00fc\u00e7 \u0130letimi ve Da\u011f\u0131t\u0131m\u0131:<\/strong> Y\u00fcksek gerilim iletim hatlar\u0131nda ve trafo merkezlerinde harmoniklerin filtrelenmesi.<\/li>\n<li data-sourcepos=\"18:5-18:130\"><strong>End\u00fcstriyel Uygulamalar:<\/strong> Motor s\u00fcr\u00fcc\u00fcleri, d\u00f6n\u00fc\u015ft\u00fcr\u00fcc\u00fcler ve kaynak makineleri gibi y\u00fcksek g\u00fc\u00e7l\u00fc end\u00fcstriyel ekipmanlarda kullan\u0131l\u0131r.<\/li>\n<li data-sourcepos=\"19:5-19:128\"><strong>Yenilenebilir Enerji:<\/strong> R\u00fczgar t\u00fcrbinleri, g\u00fcne\u015f invert\u00f6rleri ve di\u011fer yenilenebilir enerji kaynaklar\u0131 taraf\u0131ndan \u00fcretilen harmoniklerin filtrelenmesi.<\/li>\n<li data-sourcepos=\"19:5-19:128\"><strong>Y\u00fcksek Gerilim DC (HVDC) \u0130letimi:<\/strong> HVDC d\u00f6n\u00fc\u015ft\u00fcr\u00fcc\u00fc istasyonlar\u0131nda harmonikleri filtrelemek ve g\u00fc\u00e7 kalitesini art\u0131rmak i\u00e7in kullan\u0131l\u0131r.<\/li>\n<\/ul>\n<\/li>\n<li data-sourcepos=\"22:1-27:0\">\n<h3 data-sourcepos=\"22:3-22:15\"><strong>Avantajlar:<\/strong><\/h3>\n<ul data-sourcepos=\"23:5-27:0\">\n<li data-sourcepos=\"23:5-23:125\"><strong>Geli\u015ftirilmi\u015f G\u00fc\u00e7 Kalitesi:<\/strong> Harmonik bozulmay\u0131 etkili bir \u015fekilde azaltarak daha istikrarl\u0131 ve verimli g\u00fc\u00e7 sistemlerine yol a\u00e7ar.<\/li>\n<li data-sourcepos=\"24:5-24:110\"><strong>Art\u0131r\u0131lm\u0131\u015f Sistem Verimlili\u011fi:<\/strong> G\u00fc\u00e7 kay\u0131plar\u0131n\u0131 en aza indirerek enerji t\u00fcketimini ve i\u015fletme maliyetlerini azalt\u0131r.<\/li>\n<li data-sourcepos=\"25:5-25:105\"><strong>Geli\u015ftirilmi\u015f Ekipman \u00d6mr\u00fc:<\/strong> Hassas ekipmanlar\u0131 harmoniklerin zararl\u0131 etkilerinden koruyun.<\/li>\n<li data-sourcepos=\"26:5-27:0\"><strong>Geli\u015ftirilmi\u015f Sistem G\u00fcvenilirli\u011fi:<\/strong> Sa\u011flam yap\u0131 ve kendi kendini iyile\u015ftirme \u00f6zellikleri, sistemin uzun vadeli g\u00fcvenilirli\u011fini art\u0131r\u0131r.<\/li>\n<\/ul>\n<\/li>\n<\/ul>","protected":false},"excerpt":{"rendered":"<table style=\"height: 447px;\" width=\"813\">\n<tbody>\n<tr>\n<td width=\"146\"><strong><b>\u00dcr\u00fcn<\/b><\/strong>\u00a0<strong><b>\u0130sim:<\/b><\/strong><\/td>\n<td width=\"601\"><strong>Y\u00fcksek G\u00fc\u00e7l\u00fc Filtre Kondansat\u00f6r\u00fc<\/strong><\/td>\n<\/tr>\n<tr>\n<td width=\"146\">\n<h4>Uygulama:<\/h4>\n<\/td>\n<td width=\"601\">Genel Ama\u00e7l\u0131, G\u00fc\u00e7, Y\u00fcksek Gerilim, UPS<\/td>\n<\/tr>\n<tr>\n<td width=\"146\"><strong>Kapasitans aral\u0131\u011f\u0131:<\/strong><\/td>\n<td width=\"601\">\u00a00.33UF~60UF<\/td>\n<\/tr>\n<tr>\n<td width=\"146\"><strong>Nominal gerilim\uff1a<\/strong><\/td>\n<td width=\"601\">450V.DC - 1800V.DC<\/td>\n<\/tr>\n<tr>\n<td width=\"146\"><strong>Referans Standard\u0131:<\/strong><\/td>\n<td width=\"601\">\u00a0IEC61071; GB\/T 17702<\/td>\n<\/tr>\n<tr>\n<td width=\"146\"><strong>Kullan\u0131m:\u00a0<\/strong><\/td>\n<td width=\"601\">\u00a0AC-Filtre<\/td>\n<\/tr>\n<\/tbody>\n<\/table>","protected":false},"featured_media":1714,"comment_status":"open","ping_status":"closed","template":"","meta":[],"product_brand":[],"product_cat":[39],"product_tag":[],"class_list":{"0":"post-1713","1":"product","2":"type-product","3":"status-publish","4":"has-post-thumbnail","6":"product_cat-ac-filter-capacitor-1","8":"first","9":"instock","10":"shipping-taxable","11":"product-type-simple"},"_links":{"self":[{"href":"https:\/\/rf-capacitor.com\/tr\/wp-json\/wp\/v2\/product\/1713","targetHints":{"allow":["GET"]}}],"collection":[{"href":"https:\/\/rf-capacitor.com\/tr\/wp-json\/wp\/v2\/product"}],"about":[{"href":"https:\/\/rf-capacitor.com\/tr\/wp-json\/wp\/v2\/types\/product"}],"replies":[{"embeddable":true,"href":"https:\/\/rf-capacitor.com\/tr\/wp-json\/wp\/v2\/comments?post=1713"}],"wp:featuredmedia":[{"embeddable":true,"href":"https:\/\/rf-capacitor.com\/tr\/wp-json\/wp\/v2\/media\/1714"}],"wp:attachment":[{"href":"https:\/\/rf-capacitor.com\/tr\/wp-json\/wp\/v2\/media?parent=1713"}],"wp:term":[{"taxonomy":"product_brand","embeddable":true,"href":"https:\/\/rf-capacitor.com\/tr\/wp-json\/wp\/v2\/product_brand?post=1713"},{"taxonomy":"product_cat","embeddable":true,"href":"https:\/\/rf-capacitor.com\/tr\/wp-json\/wp\/v2\/product_cat?post=1713"},{"taxonomy":"product_tag","embeddable":true,"href":"https:\/\/rf-capacitor.com\/tr\/wp-json\/wp\/v2\/product_tag?post=1713"}],"curies":[{"name":"wp","href":"https:\/\/api.w.org\/{rel}","templated":true}]}}