{"id":1674,"date":"2024-12-27T03:45:28","date_gmt":"2024-12-27T03:45:28","guid":{"rendered":"https:\/\/rf-capacitor.com\/?post_type=product&#038;p=1674"},"modified":"2024-12-27T03:45:28","modified_gmt":"2024-12-27T03:45:28","slug":"power-film-capacitor","status":"publish","type":"product","link":"https:\/\/rf-capacitor.com\/tr\/power-film-capacitor\/","title":{"rendered":"G\u00fc\u00e7 Film Kondansat\u00f6r\u00fc"},"content":{"rendered":"<h3 data-sourcepos=\"1:1-1:25\"><strong>G\u00fc\u00e7 Film Kondansat\u00f6rleri<\/strong><\/h3>\n<p data-sourcepos=\"3:1-3:291\"><span class=\"citation-0 recitation citation-end-0\">G\u00fc\u00e7 film kondansat\u00f6rleri, y\u00fcksek g\u00fc\u00e7 uygulamalar\u0131n\u0131 idare etmek i\u00e7in tasarlanm\u0131\u015f \u00f6zel bir film kondansat\u00f6r t\u00fcr\u00fcd\u00fcr.<\/span> <span class=\"citation-1 recitation citation-end-1\">\u0130letken elektrotlar aras\u0131na s\u0131k\u0131\u015ft\u0131r\u0131lm\u0131\u015f polipropilen, polyester veya metalize film gibi ince dielektrik malzeme filmleri kullan\u0131larak in\u015fa edilirler.<\/span><span class=\"button-container hide-from-message-actions ng-star-inserted\">\u00a0<\/span><\/p>\n<h3 data-sourcepos=\"5:1-5:24\"><strong>Temel \u00d6zellikler:<\/strong><\/h3>\n<ul data-sourcepos=\"7:1-12:0\">\n<li data-sourcepos=\"7:1-7:123\"><strong>Y\u00fcksek G\u00fc\u00e7 \u0130\u015fleme:<\/strong> <span class=\"citation-2 recitation citation-end-2\">\u00d6nemli kay\u0131plar olmadan y\u00fcksek ak\u0131mlar\u0131 ve y\u00fcksek g\u00fc\u00e7 seviyelerini idare edebilir.<\/span><span class=\"button-container hide-from-message-actions ng-star-inserted\">\u00a0 \u00a0<\/span>\n<div class=\"container ng-tns-c362440147-107 hide\">\n<div class=\"carousel-container ng-tns-c362440147-107\"><\/div>\n<\/div>\n<\/li>\n<li data-sourcepos=\"8:1-8:135\"><strong><span class=\"citation-3 recitation\">D\u00fc\u015f\u00fck ESR (E\u015fde\u011fer Seri Diren\u00e7):<\/span><\/strong> D\u00fc\u015f\u00fck dahili diren\u00e7 g\u00fc\u00e7 kayb\u0131n\u0131 en aza indirir ve verimlili\u011fi art\u0131r\u0131r.<span class=\"button-container hide-from-message-actions ng-star-inserted\">\u00a0 \u00a0<\/span>\n<div class=\"container ng-tns-c362440147-108 hide\">\n<div class=\"carousel-container ng-tns-c362440147-108\"><\/div>\n<\/div>\n<\/li>\n<li data-sourcepos=\"9:1-9:133\"><strong><span class=\"citation-4 recitation\">Y\u00fcksek Dalgalanma Ak\u0131m\u0131 Kapasitesi:<\/span><\/strong><span class=\"citation-4 recitation citation-end-4\"> G\u00fc\u00e7 elektroni\u011fi devrelerinde yayg\u0131n olan y\u00fcksek dalgalanma ak\u0131mlar\u0131na dayanabilir.<\/span>\n<div class=\"container ng-tns-c362440147-109 hide\">\n<div class=\"carousel-container ng-tns-c362440147-109\"><\/div>\n<\/div>\n<\/li>\n<li data-sourcepos=\"10:1-10:123\"><strong>Kompakt Boyut:<\/strong> <span class=\"citation-5 recitation citation-end-5\">Genellikle kompakt boyutlarda mevcuttur, bu da onlar\u0131 alan k\u0131s\u0131tl\u0131 uygulamalar i\u00e7in uygun hale getirir.<\/span><span class=\"button-container hide-from-message-actions ng-star-inserted\">\u00a0\u00a0<\/span>\n<div class=\"container ng-tns-c362440147-110 hide\">\n<div class=\"carousel-container ng-tns-c362440147-110\"><\/div>\n<\/div>\n<\/li>\n<li data-sourcepos=\"11:1-12:0\"><strong><span class=\"citation-6 recitation\">Uzun \u00d6m\u00fcrl\u00fcd\u00fcr:<\/span><\/strong><span class=\"citation-6 recitation citation-end-6\"> Zorlu g\u00fc\u00e7 uygulamalar\u0131nda uzun s\u00fcreli \u00e7al\u0131\u015fma i\u00e7in tasarlanm\u0131\u015ft\u0131r.<\/span><span class=\"button-container hide-from-message-actions ng-star-inserted\"> \u00a0<\/span>\n<div class=\"container ng-tns-c362440147-111 hide\">\n<div class=\"carousel-container ng-tns-c362440147-111\"><\/div>\n<\/div>\n<\/li>\n<\/ul>\n<h3 data-sourcepos=\"13:1-13:24\"><strong>Yayg\u0131n Uygulamalar:<\/strong><\/h3>\n<ul data-sourcepos=\"15:1-20:0\">\n<li data-sourcepos=\"15:1-15:170\"><strong>G\u00fc\u00e7 Kaynaklar\u0131:<\/strong> <span class=\"citation-7 recitation citation-end-7\">End\u00fcstriyel ekipmanlar, yenilenebilir enerji sistemleri ve elektrikli ara\u00e7lar dahil olmak \u00fczere \u00e7e\u015fitli elektronik cihazlar\u0131n g\u00fc\u00e7 kaynaklar\u0131nda kullan\u0131l\u0131r.<\/span><span class=\"button-container hide-from-message-actions ng-star-inserted\"> \u00a0<\/span>\n<div class=\"container ng-tns-c362440147-112 hide\">\n<div class=\"carousel-container ng-tns-c362440147-112\"><\/div>\n<\/div>\n<\/li>\n<li data-sourcepos=\"16:1-16:110\"><strong><span class=\"citation-8 recitation\">Motor S\u00fcr\u00fcc\u00fcleri:<\/span><\/strong><span class=\"citation-8 recitation citation-end-8\"> Motor s\u00fcr\u00fcc\u00fc sistemlerinde filtreleme, yumu\u015fatma ve enerji depolama i\u00e7in kullan\u0131l\u0131r.<\/span><span class=\"button-container hide-from-message-actions ng-star-inserted\">\u00a0 \u00a0<\/span>\n<div class=\"container ng-tns-c362440147-113 hide\">\n<div class=\"carousel-container ng-tns-c362440147-113\"><\/div>\n<\/div>\n<\/li>\n<li data-sourcepos=\"17:1-17:110\"><strong><span class=\"citation-9 recitation\">G\u00fc\u00e7 Fakt\u00f6r\u00fc D\u00fczeltmesi:<\/span><\/strong><span class=\"citation-9 recitation citation-end-9\"> G\u00fc\u00e7 kalitesini art\u0131rmak i\u00e7in g\u00fc\u00e7 fakt\u00f6r\u00fc d\u00fczeltme devrelerinde kullan\u0131l\u0131r.<\/span><span class=\"button-container hide-from-message-actions ng-star-inserted\">\u00a0 \u00a0<\/span>\n<div class=\"container ng-tns-c362440147-114 hide\">\n<div class=\"carousel-container ng-tns-c362440147-114\"><\/div>\n<\/div>\n<\/li>\n<li data-sourcepos=\"18:1-18:75\"><strong>\u0130nvert\u00f6rler:<\/strong> DC g\u00fcc\u00fcn\u00fc AC g\u00fcc\u00fcne d\u00f6n\u00fc\u015ft\u00fcrmek i\u00e7in invert\u00f6rlerde kullan\u0131l\u0131r.<\/li>\n<li data-sourcepos=\"19:1-20:0\"><strong><span class=\"citation-10 recitation\">Rezonans Devreleri:<\/span><\/strong><span class=\"citation-10 recitation citation-end-10\"> \u0130nd\u00fcksiyonla \u0131s\u0131tma ve plazma \u00fcretimi gibi uygulamalar i\u00e7in rezonans devrelerinde kullan\u0131l\u0131r.<\/span><span class=\"button-container hide-from-message-actions ng-star-inserted\"> \u00a0 <\/span><\/li>\n<\/ul>","protected":false},"excerpt":{"rendered":"<table style=\"height: 437px;\" width=\"726\">\n<tbody>\n<tr>\n<td width=\"146\"><strong><b>\u00dcr\u00fcn<\/b><\/strong>\u00a0<strong><b>\u0130sim:<\/b><\/strong><\/td>\n<td width=\"601\"><strong>G\u00fc\u00e7 Film Kondansat\u00f6r\u00fc<\/strong><\/td>\n<\/tr>\n<tr>\n<td width=\"146\">\n<h4><strong>K\u0131sa A\u00e7\u0131klama:<\/strong><\/h4>\n<\/td>\n<td width=\"601\">Defibrilat\u00f6r film kapasit\u00f6rleri, S\u0131n\u0131f III t\u0131bbi cihazlar\u0131n g\u00fcvenilirlik taleplerini kar\u015f\u0131lamak \u00fczere \u00f6zel olarak tasarlanm\u0131\u015ft\u0131r.<\/td>\n<\/tr>\n<tr>\n<td width=\"146\"><strong>Kapasitans aral\u0131\u011f\u0131:<\/strong><\/td>\n<td width=\"601\">32\u00b5F ila 500 \u00b5F<\/td>\n<\/tr>\n<tr>\n<td width=\"146\"><strong>Nominal gerilim\uff1a<\/strong><\/td>\n<td width=\"601\">800 VDC ila 6000 VDC<\/td>\n<\/tr>\n<tr>\n<td width=\"146\"><strong>Kap.tol\uff1a<\/strong><\/td>\n<td width=\"601\">+70 ila -45 \u2103<\/td>\n<\/tr>\n<\/tbody>\n<\/table>","protected":false},"featured_media":1676,"comment_status":"open","ping_status":"closed","template":"","meta":[],"product_brand":[],"product_cat":[38],"product_tag":[],"class_list":{"0":"post-1674","1":"product","2":"type-product","3":"status-publish","4":"has-post-thumbnail","6":"product_cat-dc-capacitor-2","8":"first","9":"instock","10":"shipping-taxable","11":"product-type-simple"},"_links":{"self":[{"href":"https:\/\/rf-capacitor.com\/tr\/wp-json\/wp\/v2\/product\/1674","targetHints":{"allow":["GET"]}}],"collection":[{"href":"https:\/\/rf-capacitor.com\/tr\/wp-json\/wp\/v2\/product"}],"about":[{"href":"https:\/\/rf-capacitor.com\/tr\/wp-json\/wp\/v2\/types\/product"}],"replies":[{"embeddable":true,"href":"https:\/\/rf-capacitor.com\/tr\/wp-json\/wp\/v2\/comments?post=1674"}],"wp:featuredmedia":[{"embeddable":true,"href":"https:\/\/rf-capacitor.com\/tr\/wp-json\/wp\/v2\/media\/1676"}],"wp:attachment":[{"href":"https:\/\/rf-capacitor.com\/tr\/wp-json\/wp\/v2\/media?parent=1674"}],"wp:term":[{"taxonomy":"product_brand","embeddable":true,"href":"https:\/\/rf-capacitor.com\/tr\/wp-json\/wp\/v2\/product_brand?post=1674"},{"taxonomy":"product_cat","embeddable":true,"href":"https:\/\/rf-capacitor.com\/tr\/wp-json\/wp\/v2\/product_cat?post=1674"},{"taxonomy":"product_tag","embeddable":true,"href":"https:\/\/rf-capacitor.com\/tr\/wp-json\/wp\/v2\/product_tag?post=1674"}],"curies":[{"name":"wp","href":"https:\/\/api.w.org\/{rel}","templated":true}]}}