{"id":1666,"date":"2024-12-27T03:40:14","date_gmt":"2024-12-27T03:40:14","guid":{"rendered":"https:\/\/rf-capacitor.com\/?post_type=product&#038;p=1666"},"modified":"2024-12-31T03:26:01","modified_gmt":"2024-12-31T03:26:01","slug":"polyester-film-capacitor","status":"publish","type":"product","link":"https:\/\/rf-capacitor.com\/tr\/polyester-film-capacitor\/","title":{"rendered":"Polyester Film Kondansat\u00f6r"},"content":{"rendered":"<h3 data-sourcepos=\"1:1-1:29\"><strong>Polyester Film Kondansat\u00f6rler<\/strong><\/h3>\n<p data-sourcepos=\"3:1-3:312\"><span class=\"citation-0 recitation citation-end-0\">Polyester film kondansat\u00f6rler, iletken plakalar aras\u0131nda dielektrik malzeme olarak polyester film kullanan yayg\u0131n bir film kondansat\u00f6r t\u00fcr\u00fcd\u00fcr.<\/span> <span class=\"citation-1 recitation citation-end-1\">\u0130yi stabiliteleri, g\u00fcvenilirlikleri ve maliyet etkinlikleri ile bilinirler, bu da onlar\u0131 \u00e7e\u015fitli elektronik uygulamalarda yayg\u0131n olarak kullan\u0131l\u0131r hale getirir.<\/span><span class=\"button-container hide-from-message-actions ng-star-inserted\">\u00a0<\/span><\/p>\n<h3 data-sourcepos=\"5:1-5:24\"><strong>Temel \u00d6zellikler:<\/strong><\/h3>\n<ul data-sourcepos=\"7:1-13:0\">\n<li data-sourcepos=\"7:1-7:90\"><strong><span class=\"citation-2 recitation\">Dielektrik Malzeme:<\/span><\/strong><span class=\"citation-2 recitation citation-end-2\"> Polyester film (polietilen tereftalat veya PET)<\/span><span class=\"button-container hide-from-message-actions ng-star-inserted\"> \u00a0<\/span>\n<div class=\"container ng-tns-c362440147-92 hide\">\n<div class=\"carousel-container ng-tns-c362440147-92\"><\/div>\n<\/div>\n<\/li>\n<li data-sourcepos=\"8:1-8:104\"><strong>\u0130yi Stabilite:<\/strong> <span class=\"citation-3 recitation citation-end-3\">S\u0131cakl\u0131k ve zamana g\u00f6re m\u00fckemmel kapasitans kararl\u0131l\u0131\u011f\u0131 sergiler.<\/span><span class=\"button-container hide-from-message-actions ng-star-inserted\"> \u00a0<\/span>\n<div class=\"container ng-tns-c362440147-93 hide\">\n<div class=\"carousel-container ng-tns-c362440147-93\"><\/div>\n<\/div>\n<\/li>\n<li data-sourcepos=\"9:1-9:189\"><strong><span class=\"citation-4 recitation\">Kendi Kendini \u0130yile\u015ftirme \u00d6zellikleri:<\/span><\/strong><span class=\"citation-4 recitation citation-end-4\"> Do\u011fas\u0131 gere\u011fi, lokal dielektrik ar\u0131zalar\u0131n otomatik olarak onar\u0131ld\u0131\u011f\u0131 ve kapasit\u00f6r\u00fcn \u00f6mr\u00fcn\u00fc uzatan kendi kendini iyile\u015ftirme \u00f6zelliklerine sahiptir.<\/span>\n<div class=\"container ng-tns-c362440147-94 hide\">\n<div class=\"carousel-container ng-tns-c362440147-94\"><\/div>\n<\/div>\n<\/li>\n<li data-sourcepos=\"10:1-10:140\"><strong><span class=\"citation-5 recitation\">Geni\u015f Kapasitans De\u011ferleri Aral\u0131\u011f\u0131:<\/span><\/strong><span class=\"citation-5 recitation citation-end-5\"> Farkl\u0131 devre gereksinimlerine uyacak \u015fekilde \u00e7ok \u00e7e\u015fitli kapasitans de\u011ferleri mevcuttur.<\/span><span class=\"button-container hide-from-message-actions ng-star-inserted\"> \u00a0<\/span>\n<div class=\"container ng-tns-c362440147-95 hide\">\n<div class=\"carousel-container ng-tns-c362440147-95\"><\/div>\n<\/div>\n<\/li>\n<li data-sourcepos=\"11:1-11:109\"><strong>Uygun Maliyetli:<\/strong> <span class=\"citation-6 recitation citation-end-6\">Di\u011fer baz\u0131 film kapasit\u00f6r t\u00fcrlerine k\u0131yasla genellikle daha uygun fiyatl\u0131d\u0131r.<\/span><span class=\"button-container hide-from-message-actions ng-star-inserted\"> \u00a0<\/span>\n<div class=\"container ng-tns-c362440147-96 hide\">\n<div class=\"carousel-container ng-tns-c362440147-96\"><\/div>\n<\/div>\n<\/li>\n<li data-sourcepos=\"12:1-13:0\"><strong>Orta Gerilim De\u011feri:<\/strong> Y\u00fcksek voltajl\u0131 film kapasit\u00f6rlere k\u0131yasla tipik olarak orta voltaj de\u011ferlerine sahiptir.<\/li>\n<\/ul>\n<h3 data-sourcepos=\"14:1-14:24\"><strong>Yayg\u0131n Uygulamalar:<\/strong><\/h3>\n<ul data-sourcepos=\"16:1-20:0\">\n<li data-sourcepos=\"16:1-16:128\"><strong>Birle\u015ftirme ve Ayr\u0131\u015ft\u0131rma:<\/strong> DC \u00f6ngerilimini izole etmek ve amplifikat\u00f6r devrelerinde ve di\u011fer elektronik sistemlerde AC sinyallerini filtrelemek i\u00e7in kullan\u0131l\u0131r.<\/li>\n<li data-sourcepos=\"17:1-17:96\"><strong><span class=\"citation-7 recitation\">Zamanlama Devreleri:<\/span><\/strong><span class=\"citation-7 recitation citation-end-7\"> Osilat\u00f6rler ve zamanlay\u0131c\u0131lar gibi zamanlama devrelerinde kullan\u0131l\u0131r.<\/span><span class=\"button-container hide-from-message-actions ng-star-inserted\"> \u00a0<\/span>\n<div class=\"container ng-tns-c362440147-97 hide\">\n<div class=\"carousel-container ng-tns-c362440147-97\"><\/div>\n<\/div>\n<\/li>\n<li data-sourcepos=\"18:1-18:97\"><strong>G\u00fc\u00e7 Kaynaklar\u0131:<\/strong> <span class=\"citation-8 recitation citation-end-8\">G\u00fc\u00e7 kayna\u011f\u0131 devrelerinde filtreleme ve yumu\u015fatma i\u00e7in kullan\u0131l\u0131r.<\/span><span class=\"button-container hide-from-message-actions ng-star-inserted\">\u00a0<\/span>\n<div class=\"container ng-tns-c362440147-98 hide\">\n<div class=\"carousel-container ng-tns-c362440147-98\"><\/div>\n<\/div>\n<\/li>\n<li data-sourcepos=\"19:1-20:0\"><strong>Genel Ama\u00e7l\u0131 Uygulamalar:<\/strong> <span class=\"citation-9 recitation citation-end-9\">\u0130yi stabilite ve g\u00fcvenilirli\u011fin gerekli oldu\u011fu \u00e7ok \u00e7e\u015fitli genel ama\u00e7l\u0131 uygulamalar i\u00e7in uygundur.<\/span><span class=\"button-container hide-from-message-actions ng-star-inserted\"> \u00a0 <\/span><\/li>\n<\/ul>","protected":false},"excerpt":{"rendered":"<table style=\"height: 436px;\" width=\"725\">\n<tbody>\n<tr>\n<td width=\"146\"><strong><b>\u00dcr\u00fcn<\/b><\/strong>\u00a0<strong><b>\u0130sim:<\/b><\/strong><\/td>\n<td width=\"601\"><strong>Polyester Film Kondansat\u00f6r<\/strong><\/td>\n<\/tr>\n<tr>\n<td width=\"146\">\n<h4><strong>K\u0131sa A\u00e7\u0131klama:<\/strong><\/h4>\n<\/td>\n<td width=\"601\">Harici defibrilat\u00f6r;<br \/>\nDarbe g\u00fcc\u00fc uygulamalar\u0131;<\/td>\n<\/tr>\n<tr>\n<td width=\"146\"><strong>Kapasitans aral\u0131\u011f\u0131:<\/strong><\/td>\n<td width=\"601\">32\u03bcF~200\u03bcF<\/td>\n<\/tr>\n<tr>\n<td width=\"146\"><strong>Nominal gerilim\uff1a<\/strong><\/td>\n<td width=\"601\">1500V.DC - 5000V.DC<\/td>\n<\/tr>\n<tr>\n<td width=\"146\"><strong>Kap.tol\uff1a<\/strong><\/td>\n<td width=\"601\">\u00a0\u00b15%(J);\u00b110%(K)<\/td>\n<\/tr>\n<\/tbody>\n<\/table>","protected":false},"featured_media":1806,"comment_status":"open","ping_status":"closed","template":"","meta":[],"product_brand":[],"product_cat":[38],"product_tag":[],"class_list":{"0":"post-1666","1":"product","2":"type-product","3":"status-publish","4":"has-post-thumbnail","6":"product_cat-dc-capacitor-2","8":"first","9":"instock","10":"shipping-taxable","11":"product-type-simple"},"_links":{"self":[{"href":"https:\/\/rf-capacitor.com\/tr\/wp-json\/wp\/v2\/product\/1666","targetHints":{"allow":["GET"]}}],"collection":[{"href":"https:\/\/rf-capacitor.com\/tr\/wp-json\/wp\/v2\/product"}],"about":[{"href":"https:\/\/rf-capacitor.com\/tr\/wp-json\/wp\/v2\/types\/product"}],"replies":[{"embeddable":true,"href":"https:\/\/rf-capacitor.com\/tr\/wp-json\/wp\/v2\/comments?post=1666"}],"wp:featuredmedia":[{"embeddable":true,"href":"https:\/\/rf-capacitor.com\/tr\/wp-json\/wp\/v2\/media\/1806"}],"wp:attachment":[{"href":"https:\/\/rf-capacitor.com\/tr\/wp-json\/wp\/v2\/media?parent=1666"}],"wp:term":[{"taxonomy":"product_brand","embeddable":true,"href":"https:\/\/rf-capacitor.com\/tr\/wp-json\/wp\/v2\/product_brand?post=1666"},{"taxonomy":"product_cat","embeddable":true,"href":"https:\/\/rf-capacitor.com\/tr\/wp-json\/wp\/v2\/product_cat?post=1666"},{"taxonomy":"product_tag","embeddable":true,"href":"https:\/\/rf-capacitor.com\/tr\/wp-json\/wp\/v2\/product_tag?post=1666"}],"curies":[{"name":"wp","href":"https:\/\/api.w.org\/{rel}","templated":true}]}}