{"id":1649,"date":"2024-12-27T03:26:39","date_gmt":"2024-12-27T03:26:39","guid":{"rendered":"https:\/\/rf-capacitor.com\/?post_type=product&#038;p=1649"},"modified":"2024-12-27T03:26:39","modified_gmt":"2024-12-27T03:26:39","slug":"high-voltage-film-capacitor","status":"publish","type":"product","link":"https:\/\/rf-capacitor.com\/tr\/high-voltage-film-capacitor\/","title":{"rendered":"Y\u00fcksek Gerilim Film Kondansat\u00f6r"},"content":{"rendered":"<h3 data-sourcepos=\"1:1-1:32\"><strong>Y\u00fcksek Gerilim Film Kondansat\u00f6rler<\/strong><\/h3>\n<p data-sourcepos=\"3:1-3:313\"><span class=\"citation-0 recitation citation-end-0\">Y\u00fcksek gerilim film kapasit\u00f6rleri, m\u00fckemmel elektriksel \u00f6zellikleri korurken y\u00fcksek gerilim seviyelerini idare etmek i\u00e7in tasarlanm\u0131\u015f \u00f6zel bile\u015fenlerdir.<\/span> \u0130letken elektrotlar aras\u0131na s\u0131k\u0131\u015ft\u0131r\u0131lm\u0131\u015f polipropilen, polyester veya polistiren gibi ince dielektrik malzeme filmleri kullan\u0131larak in\u015fa edilirler.<span class=\"button-container hide-from-message-actions ng-star-inserted\"> \u00a0<\/span><\/p>\n<h3 data-sourcepos=\"5:1-5:24\"><strong>Temel \u00d6zellikler:<\/strong><\/h3>\n<ul data-sourcepos=\"7:1-12:0\">\n<li data-sourcepos=\"7:1-7:106\"><strong>Y\u00fcksek Gerilim De\u011feri:<\/strong> <span class=\"citation-1 recitation citation-end-1\">A\u015f\u0131r\u0131 y\u00fcksek gerilimlere bozulmadan dayanabilir.<\/span><span class=\"button-container hide-from-message-actions ng-star-inserted\"> \u00a0<\/span>\n<div class=\"container ng-tns-c362440147-70 hide\">\n<div class=\"carousel-container ng-tns-c362440147-70\"><\/div>\n<\/div>\n<\/li>\n<li data-sourcepos=\"8:1-8:109\"><strong>D\u00fc\u015f\u00fck Ka\u00e7ak Ak\u0131m:<\/strong> Minimum ak\u0131m ka\u00e7a\u011f\u0131, verimli enerji depolama ve minimum g\u00fc\u00e7 kayb\u0131 sa\u011flar.<\/li>\n<li data-sourcepos=\"9:1-9:151\"><strong><span class=\"citation-2 recitation\">Y\u00fcksek \u0130zolasyon Direnci:<\/span><\/strong><span class=\"citation-2 recitation citation-end-2\"> Elektriksel bozulmaya kar\u015f\u0131 m\u00fckemmel diren\u00e7, y\u00fcksek voltajl\u0131 uygulamalarda g\u00fcvenilir \u00e7al\u0131\u015fma sa\u011flar.<\/span><span class=\"button-container hide-from-message-actions ng-star-inserted\"> \u00a0<\/span>\n<div class=\"container ng-tns-c362440147-71 hide\">\n<div class=\"carousel-container ng-tns-c362440147-71\"><\/div>\n<\/div>\n<\/li>\n<li data-sourcepos=\"10:1-10:198\"><strong>Kendi Kendini \u0130yile\u015ftirme \u00d6zellikleri:<\/strong> <span class=\"citation-3 recitation citation-end-3\">Baz\u0131 film kapasit\u00f6rler, lokal dielektrik ar\u0131zalar\u0131n otomatik olarak onar\u0131ld\u0131\u011f\u0131 ve kapasit\u00f6r\u00fcn \u00f6mr\u00fcn\u00fc uzatan kendi kendini iyile\u015ftirme \u00f6zelliklerine sahiptir.<\/span><span class=\"button-container hide-from-message-actions ng-star-inserted\"> \u00a0<\/span>\n<div class=\"container ng-tns-c362440147-72 hide\">\n<div class=\"carousel-container ng-tns-c362440147-72\"><\/div>\n<\/div>\n<\/li>\n<li data-sourcepos=\"11:1-12:0\"><strong><span class=\"citation-4 recitation\">Geni\u015f Kapasitans De\u011ferleri Aral\u0131\u011f\u0131:<\/span><\/strong><span class=\"citation-4 recitation citation-end-4\"> Farkl\u0131 uygulamalara uymas\u0131 i\u00e7in \u00e7e\u015fitli kapasitans de\u011ferleri mevcuttur.<\/span><span class=\"button-container hide-from-message-actions ng-star-inserted\">\u00a0 \u00a0<\/span>\n<div class=\"container ng-tns-c362440147-73 hide\">\n<div class=\"carousel-container ng-tns-c362440147-73\"><\/div>\n<\/div>\n<\/li>\n<\/ul>\n<h4 data-sourcepos=\"13:1-13:24\"><strong>Y\u00fcksek Gerilim Film Kondansat\u00f6r Yayg\u0131n Uygulamalar:<\/strong><\/h4>\n<ul data-sourcepos=\"15:1-20:0\">\n<li data-sourcepos=\"15:1-15:157\"><strong>Y\u00fcksek Gerilim G\u00fc\u00e7 Kaynaklar\u0131:<\/strong> Televizyonlar, t\u0131bbi ekipmanlar ve end\u00fcstriyel makineler de dahil olmak \u00fczere \u00e7e\u015fitli elektronik cihazlar\u0131n g\u00fc\u00e7 kaynaklar\u0131nda kullan\u0131l\u0131r.<\/li>\n<li data-sourcepos=\"16:1-16:164\"><strong><span class=\"citation-5 recitation\">Pulse G\u00fc\u00e7 Sistemleri:<\/span><\/strong><span class=\"citation-5 recitation citation-end-5\"> Darbeli lazerler ve radar sistemleri gibi y\u00fcksek enerjinin depolanmas\u0131n\u0131 ve h\u0131zl\u0131 bir \u015fekilde serbest b\u0131rak\u0131lmas\u0131n\u0131 gerektiren uygulamalarda kullan\u0131l\u0131r.<\/span><span class=\"button-container hide-from-message-actions ng-star-inserted\"> \u00a0<\/span>\n<div class=\"container ng-tns-c362440147-74 hide\">\n<div class=\"carousel-container ng-tns-c362440147-74\"><\/div>\n<\/div>\n<\/li>\n<li data-sourcepos=\"17:1-17:100\"><strong>Motor S\u00fcr\u00fcc\u00fcleri:<\/strong> <span class=\"citation-6 recitation citation-end-6\">Motor kontrol sistemlerinde filtreleme ve enerji depolama i\u00e7in kullan\u0131l\u0131r.<\/span><span class=\"button-container hide-from-message-actions ng-star-inserted\">\u00a0<\/span>\n<div class=\"container ng-tns-c362440147-75 hide\">\n<div class=\"carousel-container ng-tns-c362440147-75\"><\/div>\n<\/div>\n<\/li>\n<li data-sourcepos=\"18:1-18:131\"><strong>Y\u00fcksek Gerilim Test Cihazlar\u0131:<\/strong> Elektrikli bile\u015fenlerin ve sistemlerin yal\u0131t\u0131m \u00f6zelliklerini test etmek i\u00e7in kullan\u0131lan ekipmanlarda kullan\u0131l\u0131r.<\/li>\n<li data-sourcepos=\"19:1-20:0\"><strong>Enerji Depolama Sistemleri:<\/strong> G\u00fcne\u015f ve r\u00fczgar enerjisi gibi yenilenebilir enerji kaynaklar\u0131 i\u00e7in enerji depolama sistemlerinde kullan\u0131l\u0131r.<\/li>\n<\/ul>","protected":false},"excerpt":{"rendered":"<table style=\"height: 474px;\" width=\"704\">\n<tbody>\n<tr>\n<td width=\"146\"><strong><b>\u00dcr\u00fcn<\/b><\/strong>\u00a0<strong><b>\u0130sim:<\/b><\/strong><\/td>\n<td width=\"601\"><strong>Y\u00fcksek Gerilim Film Kondansat\u00f6r<\/strong><\/td>\n<\/tr>\n<tr>\n<td width=\"146\">\n<h4><strong>K\u0131sa A\u00e7\u0131klama:<\/strong><\/h4>\n<\/td>\n<td width=\"601\">DC deste\u011fi, enerji depolama ve filtre i\u00e7in farkl\u0131 elektronik ekipman DC ba\u011flant\u0131 par\u00e7alar\u0131nda yayg\u0131n olarak kullan\u0131l\u0131r. \u00f6rne\u011fin r\u00fczgar enerjisi sistemleri ve invert\u00f6rler;<\/td>\n<\/tr>\n<tr>\n<td width=\"146\"><strong>Kapasitans aral\u0131\u011f\u0131:<\/strong><\/td>\n<td width=\"601\">20\u00b5F ~ 5600\u00b5F<\/td>\n<\/tr>\n<tr>\n<td width=\"146\"><strong>Nominal gerilim\uff1a<\/strong><\/td>\n<td width=\"601\">500 ~ 4000VDC<\/td>\n<\/tr>\n<tr>\n<td width=\"146\"><strong>Kap.tol\uff1a<\/strong><\/td>\n<td width=\"601\">\u00a0\u00a0\u00b15%\uff08J\uff09\uff1b\u00b110%\uff08K\uff09<\/td>\n<\/tr>\n<tr>\n<td width=\"146\"><\/td>\n<td width=\"601\"><\/td>\n<\/tr>\n<\/tbody>\n<\/table>","protected":false},"featured_media":1664,"comment_status":"open","ping_status":"closed","template":"","meta":[],"product_brand":[],"product_cat":[38],"product_tag":[],"class_list":{"0":"post-1649","1":"product","2":"type-product","3":"status-publish","4":"has-post-thumbnail","6":"product_cat-dc-capacitor-2","8":"first","9":"instock","10":"shipping-taxable","11":"product-type-simple"},"_links":{"self":[{"href":"https:\/\/rf-capacitor.com\/tr\/wp-json\/wp\/v2\/product\/1649","targetHints":{"allow":["GET"]}}],"collection":[{"href":"https:\/\/rf-capacitor.com\/tr\/wp-json\/wp\/v2\/product"}],"about":[{"href":"https:\/\/rf-capacitor.com\/tr\/wp-json\/wp\/v2\/types\/product"}],"replies":[{"embeddable":true,"href":"https:\/\/rf-capacitor.com\/tr\/wp-json\/wp\/v2\/comments?post=1649"}],"wp:featuredmedia":[{"embeddable":true,"href":"https:\/\/rf-capacitor.com\/tr\/wp-json\/wp\/v2\/media\/1664"}],"wp:attachment":[{"href":"https:\/\/rf-capacitor.com\/tr\/wp-json\/wp\/v2\/media?parent=1649"}],"wp:term":[{"taxonomy":"product_brand","embeddable":true,"href":"https:\/\/rf-capacitor.com\/tr\/wp-json\/wp\/v2\/product_brand?post=1649"},{"taxonomy":"product_cat","embeddable":true,"href":"https:\/\/rf-capacitor.com\/tr\/wp-json\/wp\/v2\/product_cat?post=1649"},{"taxonomy":"product_tag","embeddable":true,"href":"https:\/\/rf-capacitor.com\/tr\/wp-json\/wp\/v2\/product_tag?post=1649"}],"curies":[{"name":"wp","href":"https:\/\/api.w.org\/{rel}","templated":true}]}}