{"id":1639,"date":"2024-12-27T02:20:53","date_gmt":"2024-12-27T02:20:53","guid":{"rendered":"https:\/\/rf-capacitor.com\/?post_type=product&#038;p=1639"},"modified":"2024-12-27T02:20:53","modified_gmt":"2024-12-27T02:20:53","slug":"dc-electrolytic-capacitor","status":"publish","type":"product","link":"https:\/\/rf-capacitor.com\/tr\/dc-electrolytic-capacitor\/","title":{"rendered":"DC Elektrolitik Kondansat\u00f6r"},"content":{"rendered":"<h2 data-sourcepos=\"1:1-1:41\">DC Elektrolitik Kondansat\u00f6r: Derin Bir Dal\u0131\u015f<\/h2>\n<p data-sourcepos=\"3:1-3:260\"><strong>DC elektrolitik kondansat\u00f6rler<\/strong> di\u011fer kapasit\u00f6r t\u00fcrlerinden \u00f6nemli \u00f6l\u00e7\u00fcde daha y\u00fcksek bir kapasitans elde etmek i\u00e7in bir elektrolit kullanan bir t\u00fcr polarize kapasit\u00f6rd\u00fcr. Elektronik devrelerde filtreleme, dekuplaj ve enerji depolama i\u00e7in yayg\u0131n olarak kullan\u0131l\u0131rlar.<\/p>\n<h3 data-sourcepos=\"5:1-5:18\">DC Elektrolitik Kondansat\u00f6r Nas\u0131l \u00c7al\u0131\u015f\u0131r?<\/h3>\n<ul data-sourcepos=\"6:1-9:0\">\n<li data-sourcepos=\"6:1-6:191\"><strong>Polarize Yap\u0131:<\/strong> Anot (pozitif plaka), anodizasyon yoluyla yal\u0131tkan bir oksit tabakas\u0131 olu\u015fturan bir metalden yap\u0131l\u0131r. Bu oksit tabakas\u0131 kondansat\u00f6r\u00fcn dielektri\u011fi olarak i\u015flev g\u00f6r\u00fcr.<\/li>\n<li data-sourcepos=\"7:1-7:165\"><strong>Elektrolit:<\/strong> Tipik olarak y\u00fcksek konsantrasyonda iyon i\u00e7eren bir s\u0131v\u0131 veya jel elektrolit, oksit tabakas\u0131n\u0131 kaplar ve katot (negatif plaka) g\u00f6revi g\u00f6r\u00fcr.<\/li>\n<li data-sourcepos=\"7:1-7:165\"><strong>Y\u00fcksek Kapasitans:<\/strong> \u0130nce dielektrik tabaka ve anodun geni\u015f y\u00fczey alan\u0131, elektrolitik kapasit\u00f6rlerin y\u00fcksek kapasitans de\u011ferlerine katk\u0131da bulunur.<\/li>\n<\/ul>\n<h3 data-sourcepos=\"10:1-10:24\">Temel \u00d6zellikler:<\/h3>\n<ul data-sourcepos=\"11:1-15:0\">\n<li data-sourcepos=\"11:1-11:190\"><strong>Polarizasyon:<\/strong> Elektrolitik kapasit\u00f6rler polarize bile\u015fenlerdir, yani pozitif terminal negatif terminalden daha y\u00fcksek bir potansiyele sahip olacak \u015fekilde bir devreye ba\u011flanmalar\u0131 gerekir.<\/li>\n<li data-sourcepos=\"12:1-12:184\"><strong>B\u00fcy\u00fck Kapasitans:<\/strong> Di\u011fer kapasit\u00f6r t\u00fcrlerine k\u0131yasla \u00f6nemli \u00f6l\u00e7\u00fcde daha y\u00fcksek kapasitans de\u011ferleri sunarlar, bu da onlar\u0131 b\u00fcy\u00fck enerji depolama gerektiren uygulamalar i\u00e7in uygun hale getirir.<\/li>\n<li data-sourcepos=\"13:1-13:167\"><strong>Y\u00fcksek Ka\u00e7ak Ak\u0131m:<\/strong> Elektrolitik kondansat\u00f6rler tipik olarak di\u011fer tiplere k\u0131yasla daha y\u00fcksek ka\u00e7ak ak\u0131mlara sahiptir ve bu da baz\u0131 durumlarda devre performans\u0131n\u0131 etkileyebilir.<\/li>\n<li data-sourcepos=\"14:1-15:0\"><strong>S\u0131n\u0131rl\u0131 \u00d6m\u00fcr Boyu:<\/strong> Elektrolit zamanla kuruyarak kapasitans\u0131n azalmas\u0131na ve ka\u00e7ak ak\u0131m\u0131n artmas\u0131na neden olabilir. Bu, elektrolitik kapasit\u00f6rlerin \u00f6mr\u00fcn\u00fc s\u0131n\u0131rlar.<\/li>\n<\/ul>\n<h3 data-sourcepos=\"16:1-16:24\">Yayg\u0131n Uygulamalar:<\/h3>\n<ul data-sourcepos=\"17:1-21:0\">\n<li data-sourcepos=\"17:1-17:64\"><strong>G\u00fc\u00e7 Kaynaklar\u0131:<\/strong> DC g\u00fc\u00e7 kaynaklar\u0131n\u0131 filtreleme ve yumu\u015fatma.<\/li>\n<li data-sourcepos=\"18:1-18:58\"><strong>Ses Amplifikat\u00f6rleri:<\/strong> Amplifikat\u00f6r kademeleri aras\u0131nda kuplaj.<\/li>\n<li data-sourcepos=\"19:1-19:55\"><strong>Motor S\u00fcr\u00fcc\u00fcleri:<\/strong> DC ba\u011flant\u0131 devrelerinde enerji depolama.<\/li>\n<li data-sourcepos=\"20:1-21:0\"><strong>Fla\u015f Devreler:<\/strong> Fla\u015f lambalar\u0131 i\u00e7in enerji depolamak.<\/li>\n<\/ul>\n<h3 data-sourcepos=\"22:1-22:37\">DC Elektrolitik Kondansat\u00f6r \u00c7e\u015fitleri:<\/h3>\n<ul data-sourcepos=\"23:1-26:0\">\n<li data-sourcepos=\"23:1-23:126\"><strong>Al\u00fcminyum Elektrolitik Kondansat\u00f6rler:<\/strong> \u00c7ok \u00e7e\u015fitli kapasitans de\u011ferleri ve voltaj de\u011ferleri sunan en yayg\u0131n tiptir.<\/li>\n<li data-sourcepos=\"23:1-23:126\"><strong>Tantal Elektrolitik Kondansat\u00f6rler:<\/strong> D\u00fc\u015f\u00fck ka\u00e7ak ak\u0131mlar\u0131 ve y\u00fcksek kararl\u0131l\u0131klar\u0131 ile bilinir, ancak tipik olarak al\u00fcminyum elektrolitik kapasit\u00f6rlerden daha pahal\u0131d\u0131r.<\/li>\n<li data-sourcepos=\"25:1-26:0\"><strong>Niyobyum Elektrolitik Kondansat\u00f6rler:<\/strong> Daha d\u00fc\u015f\u00fck ESR ve daha y\u00fcksek dalgalanma ak\u0131m\u0131 kapasitesi dahil olmak \u00fczere geli\u015fmi\u015f performans \u00f6zelliklerine sahip daha yeni bir tip.<\/li>\n<\/ul>\n<p data-sourcepos=\"27:1-28:36\">\n<div class=\"attachment-container search-images\">\n<div class=\"image-container hide-from-message-actions ng-star-inserted\">\n<div class=\"caption ellipsis gds-label-m-alt ng-star-inserted\" aria-hidden=\"true\"><\/div>\n<\/div>\n<\/div>","protected":false},"excerpt":{"rendered":"<table style=\"height: 515px;\" width=\"684\">\n<tbody>\n<tr>\n<td width=\"146\"><strong><b>\u00dcr\u00fcn<\/b><\/strong>\u00a0<strong><b>\u0130sim:<\/b><\/strong><\/td>\n<td width=\"601\">DC Elektrolitik Kondansat\u00f6r<\/td>\n<\/tr>\n<tr>\n<td width=\"146\">\n<h4><strong>K\u0131sa A\u00e7\u0131klama:<\/strong><\/h4>\n<\/td>\n<td width=\"601\">Pv invert\u00f6r, r\u00fczgar g\u00fc\u00e7 d\u00f6n\u00fc\u015ft\u00fcr\u00fcc\u00fc; Her t\u00fcrl\u00fc frekans d\u00f6n\u00fc\u015ft\u00fcr\u00fcc\u00fc ve invert\u00f6r g\u00fc\u00e7 kayna\u011f\u0131; Saf elektrikli ve hibrit arabalar; SVG, SVC cihazlar\u0131 ve di\u011fer g\u00fc\u00e7 kalitesi y\u00f6netimi t\u00fcrleri.<\/td>\n<\/tr>\n<tr>\n<td width=\"146\"><strong>Kapasitans aral\u0131\u011f\u0131:<\/strong><\/td>\n<td width=\"601\">50\u03bcF~380\u03bcF<\/td>\n<\/tr>\n<tr>\n<td width=\"146\"><strong>Nominal gerilim\uff1a<\/strong><\/td>\n<td width=\"601\">450V.DC~1500V.DC<\/td>\n<\/tr>\n<tr>\n<td width=\"146\"><strong>Kap.tol\uff1a<\/strong><\/td>\n<td width=\"601\">\u00b15%\uff08J\uff09\uff1b\u00b110%\uff08K\uff09<\/td>\n<\/tr>\n<tr>\n<td width=\"146\"><strong>DC ba\u011flant\u0131 kondansat\u00f6r\u00fc:<\/strong><\/td>\n<td width=\"601\">DMJ-PC<\/td>\n<\/tr>\n<\/tbody>\n<\/table>","protected":false},"featured_media":1640,"comment_status":"open","ping_status":"closed","template":"","meta":[],"product_brand":[],"product_cat":[38],"product_tag":[],"class_list":{"0":"post-1639","1":"product","2":"type-product","3":"status-publish","4":"has-post-thumbnail","6":"product_cat-dc-capacitor-2","8":"first","9":"instock","10":"shipping-taxable","11":"product-type-simple"},"_links":{"self":[{"href":"https:\/\/rf-capacitor.com\/tr\/wp-json\/wp\/v2\/product\/1639","targetHints":{"allow":["GET"]}}],"collection":[{"href":"https:\/\/rf-capacitor.com\/tr\/wp-json\/wp\/v2\/product"}],"about":[{"href":"https:\/\/rf-capacitor.com\/tr\/wp-json\/wp\/v2\/types\/product"}],"replies":[{"embeddable":true,"href":"https:\/\/rf-capacitor.com\/tr\/wp-json\/wp\/v2\/comments?post=1639"}],"wp:featuredmedia":[{"embeddable":true,"href":"https:\/\/rf-capacitor.com\/tr\/wp-json\/wp\/v2\/media\/1640"}],"wp:attachment":[{"href":"https:\/\/rf-capacitor.com\/tr\/wp-json\/wp\/v2\/media?parent=1639"}],"wp:term":[{"taxonomy":"product_brand","embeddable":true,"href":"https:\/\/rf-capacitor.com\/tr\/wp-json\/wp\/v2\/product_brand?post=1639"},{"taxonomy":"product_cat","embeddable":true,"href":"https:\/\/rf-capacitor.com\/tr\/wp-json\/wp\/v2\/product_cat?post=1639"},{"taxonomy":"product_tag","embeddable":true,"href":"https:\/\/rf-capacitor.com\/tr\/wp-json\/wp\/v2\/product_tag?post=1639"}],"curies":[{"name":"wp","href":"https:\/\/api.w.org\/{rel}","templated":true}]}}