{"id":1630,"date":"2024-12-26T08:55:26","date_gmt":"2024-12-26T08:55:26","guid":{"rendered":"https:\/\/rf-capacitor.com\/?post_type=product&#038;p=1630"},"modified":"2024-12-26T09:16:35","modified_gmt":"2024-12-26T09:16:35","slug":"dc-circuit-capacitor","status":"publish","type":"product","link":"https:\/\/rf-capacitor.com\/tr\/dc-circuit-capacitor\/","title":{"rendered":"DC Devre Kondansat\u00f6r\u00fc"},"content":{"rendered":"<h3 data-sourcepos=\"1:1-1:47\"><strong>DC Devrelerindeki Kondansat\u00f6rler: Beklenmedik Roller<\/strong><\/h3>\n<p data-sourcepos=\"3:1-3:203\">DC Devre Kondansat\u00f6rleri genellikle AC devreleriyle ili\u015fkilendirilse de, DC devrelerinde de \u015fa\u015f\u0131rt\u0131c\u0131 ve \u00f6nemli roller oynayabilirler. \u0130\u015fte kondansat\u00f6rlerin DC ortamlar\u0131nda nas\u0131l davrand\u0131klar\u0131n\u0131n ve kullan\u0131ld\u0131klar\u0131n\u0131n bir d\u00f6k\u00fcm\u00fc:<\/p>\n<h4 data-sourcepos=\"5:1-5:37\"><strong>1. \u0130lk \u015earj Etme ve Engelleme:<\/strong><\/h4>\n<ul data-sourcepos=\"7:1-9:0\">\n<li data-sourcepos=\"7:1-7:201\"><strong>\u015earj A\u015famas\u0131:<\/strong> Bir DC Devre Kondansat\u00f6r\u00fc ilk olarak y\u00fcks\u00fcz bir kondansat\u00f6re ba\u011fland\u0131\u011f\u0131nda, k\u0131sa bir ak\u0131m akar. Bu ak\u0131m kondansat\u00f6r\u00fcn plakalar\u0131n\u0131 y\u00fckleyerek kar\u015f\u0131t bir elektrik alan\u0131 olu\u015fturur.<\/li>\n<li data-sourcepos=\"7:1-7:201\"><strong>Sabit Durum:<\/strong> Kondansat\u00f6r tamamen \u015farj oldu\u011funda, daha fazla DC ak\u0131m\u0131n\u0131n ak\u0131\u015f\u0131n\u0131 engelleyen bir a\u00e7\u0131k devre g\u00f6revi g\u00f6r\u00fcr. Bunun nedeni, plakalar \u00fczerinde biriken y\u00fck\u00fcn, uygulanan DC Devre Kondansat\u00f6r\u00fcne m\u00fckemmel bir \u015fekilde kar\u015f\u0131 koyan bir elektrik alan\u0131 olu\u015fturmas\u0131d\u0131r.<\/li>\n<li data-sourcepos=\"8:1-9:0\"><strong style=\"color: #555555; font-size: 14.4px;\">2. D\u00fczg\u00fcnle\u015ftirme ve Filtreleme:<\/strong><\/li>\n<\/ul>\n<ul data-sourcepos=\"12:1-14:0\">\n<li data-sourcepos=\"12:1-12:281\"><strong>Dalgalanma Azaltma:<\/strong> G\u00fc\u00e7 kaynaklar\u0131nda kapasit\u00f6rler, genellikle do\u011frultma i\u015flemi nedeniyle meydana gelen voltaj dalgalanmalar\u0131n\u0131 (dalgalanma) d\u00fczeltmek i\u00e7in kullan\u0131l\u0131r. Kondansat\u00f6r, voltaj tepe noktalar\u0131 s\u0131ras\u0131nda fazla y\u00fck\u00fc emer ve d\u00fc\u015f\u00fc\u015fler s\u0131ras\u0131nda serbest b\u0131rakarak daha kararl\u0131 bir DC \u00e7\u0131k\u0131\u015f\u0131 sa\u011flar.<\/li>\n<li data-sourcepos=\"13:1-14:0\"><strong>Filtreleme:<\/strong> Kondansat\u00f6rler, bir DC sinyalinden y\u00fcksek frekansl\u0131 g\u00fcr\u00fclt\u00fcy\u00fc filtrelemek i\u00e7in kullan\u0131labilir. DC Devre Kondansat\u00f6r\u00fc Bu \u00f6zellikle g\u00fcr\u00fclt\u00fcn\u00fcn d\u00fczg\u00fcn \u00e7al\u0131\u015fmay\u0131 engelleyebilece\u011fi hassas elektronik devrelerde \u00f6nemlidir.<\/li>\n<\/ul>\n<h4 data-sourcepos=\"15:1-15:23\"><strong>3. Zamanlama Devreleri:<\/strong><\/h4>\n<ul data-sourcepos=\"17:1-18:0\">\n<li data-sourcepos=\"17:1-18:0\"><strong>RC Devreleri:<\/strong> Diren\u00e7lerle birle\u015ftirilmi\u015f kapasit\u00f6rler (RC devreleri) zamanlama devrelerinin temelini olu\u015fturur. Bir kondansat\u00f6r\u00fcn bir diren\u00e7 \u00fczerinden \u015farj veya de\u015farj olmas\u0131 i\u00e7in ge\u00e7en s\u00fcre hassas bir \u015fekilde kontrol edilebilir ve bu da gecikmelerin, osilat\u00f6rlerin ve zamanlamayla ilgili di\u011fer i\u015flevlerin olu\u015fturulmas\u0131na olanak tan\u0131r.<\/li>\n<li data-sourcepos=\"17:1-18:0\">\n<h4><strong style=\"color: #555555; font-size: 14.4px;\">4. AC Sinyallerinin Ba\u011flanmas\u0131:<\/strong><\/h4>\n<\/li>\n<\/ul>\n<ul data-sourcepos=\"21:1-22:0\">\n<li data-sourcepos=\"21:1-22:0\"><strong>DC'yi engelliyor:<\/strong> Kondansat\u00f6rler, DC bile\u015fenini etkili bir \u015fekilde bloke ederken AC sinyallerini bir DC devresinin farkl\u0131 a\u015famalar\u0131 aras\u0131nda birle\u015ftirmek i\u00e7in kullan\u0131labilir. Bu, bir\u00e7ok ses ve amplifikat\u00f6r devresinde \u00e7ok \u00f6nemlidir.<\/li>\n<li data-sourcepos=\"21:1-22:0\"><strong style=\"color: #555555; font-size: 14.4px;\">\u00d6nemli Noktalar:<\/strong><\/li>\n<\/ul>\n<ul data-sourcepos=\"25:1-27:0\">\n<li data-sourcepos=\"25:1-25:248\"><strong>Her Zaman Pasif De\u011fil:<\/strong> Kondansat\u00f6rler genellikle DC ak\u0131m\u0131n\u0131 bloke ederken, DC devrelerindeki davran\u0131\u015flar\u0131 her zaman pasif de\u011fildir. \u00d6zellikle \u015farj, yumu\u015fatma ve zamanlama uygulamalar\u0131nda devrenin davran\u0131\u015f\u0131n\u0131 \u015fekillendirmeye aktif olarak kat\u0131labilirler.<\/li>\n<li data-sourcepos=\"25:1-25:248\"><strong>Uygulamaya \u00d6zel:<\/strong> Bir kondansat\u00f6r\u00fcn bir DC devresindeki \u00f6zel rol\u00fc b\u00fcy\u00fck \u00f6l\u00e7\u00fcde devrenin tasar\u0131m\u0131na ve ama\u00e7lanan i\u015flevine ba\u011fl\u0131d\u0131r.<\/li>\n<\/ul>\n<p data-sourcepos=\"28:1-28:223\"><strong>\u00d6z\u00fcnde, DC devrelerindeki kapasit\u00f6rler sadece pasif elemanlar de\u011fildir; g\u00fc\u00e7 kaynaklar\u0131n\u0131 yumu\u015fatmaktan hassas zamanlama mekanizmalar\u0131 olu\u015fturmaya kadar devre davran\u0131\u015f\u0131n\u0131 \u015fekillendirmede hayati roller oynayan dinamik bile\u015fenler olabilirler.<\/strong><\/p>","protected":false},"excerpt":{"rendered":"<table style=\"height: 544px;\" width=\"704\">\n<tbody>\n<tr>\n<td width=\"146\"><strong><b>\u00dcr\u00fcn<\/b><\/strong>\u00a0<strong><b>\u0130sim:<\/b><\/strong><\/td>\n<td width=\"601\">DC Devre Kondansat\u00f6r\u00fc<\/td>\n<\/tr>\n<tr>\n<td width=\"146\">\n<h4><strong>K\u0131sa A\u00e7\u0131klama:<\/strong><\/h4>\n<\/td>\n<td width=\"601\">Metalize film kapasit\u00f6rler g\u00fcn\u00fcm\u00fcz elektronik devrelerinde kullan\u0131lan en yayg\u0131n kapasit\u00f6rlerden baz\u0131lar\u0131d\u0131r, d\u00fc\u015f\u00fck g\u00fc\u00e7l\u00fc film kapasit\u00f6rler ise dekuplaj ve filtreleme uygulamalar\u0131 i\u00e7in yayg\u0131n olarak kullan\u0131lmaktad\u0131r.<\/td>\n<\/tr>\n<tr>\n<td width=\"146\"><strong>Kapasitans aral\u0131\u011f\u0131:<\/strong><\/td>\n<td width=\"601\">8-150uf<\/td>\n<\/tr>\n<tr>\n<td width=\"146\"><strong>Nominal gerilim\uff1a<\/strong><\/td>\n<td width=\"601\">450-1300V<\/td>\n<\/tr>\n<tr>\n<td width=\"146\">\u00a0<strong>S\u0131cakl\u0131k:<\/strong><\/td>\n<td width=\"601\">105\u2103'ye kadar<\/td>\n<\/tr>\n<\/tbody>\n<\/table>","protected":false},"featured_media":1632,"comment_status":"open","ping_status":"closed","template":"","meta":[],"product_brand":[],"product_cat":[38],"product_tag":[],"class_list":{"0":"post-1630","1":"product","2":"type-product","3":"status-publish","4":"has-post-thumbnail","6":"product_cat-dc-capacitor-2","8":"first","9":"instock","10":"shipping-taxable","11":"product-type-simple"},"_links":{"self":[{"href":"https:\/\/rf-capacitor.com\/tr\/wp-json\/wp\/v2\/product\/1630","targetHints":{"allow":["GET"]}}],"collection":[{"href":"https:\/\/rf-capacitor.com\/tr\/wp-json\/wp\/v2\/product"}],"about":[{"href":"https:\/\/rf-capacitor.com\/tr\/wp-json\/wp\/v2\/types\/product"}],"replies":[{"embeddable":true,"href":"https:\/\/rf-capacitor.com\/tr\/wp-json\/wp\/v2\/comments?post=1630"}],"wp:featuredmedia":[{"embeddable":true,"href":"https:\/\/rf-capacitor.com\/tr\/wp-json\/wp\/v2\/media\/1632"}],"wp:attachment":[{"href":"https:\/\/rf-capacitor.com\/tr\/wp-json\/wp\/v2\/media?parent=1630"}],"wp:term":[{"taxonomy":"product_brand","embeddable":true,"href":"https:\/\/rf-capacitor.com\/tr\/wp-json\/wp\/v2\/product_brand?post=1630"},{"taxonomy":"product_cat","embeddable":true,"href":"https:\/\/rf-capacitor.com\/tr\/wp-json\/wp\/v2\/product_cat?post=1630"},{"taxonomy":"product_tag","embeddable":true,"href":"https:\/\/rf-capacitor.com\/tr\/wp-json\/wp\/v2\/product_tag?post=1630"}],"curies":[{"name":"wp","href":"https:\/\/api.w.org\/{rel}","templated":true}]}}