{"id":1624,"date":"2024-12-26T07:13:54","date_gmt":"2024-12-26T07:13:54","guid":{"rendered":"https:\/\/rf-capacitor.com\/?post_type=product&#038;p=1624"},"modified":"2024-12-26T07:13:54","modified_gmt":"2024-12-26T07:13:54","slug":"dc-link-capacitor","status":"publish","type":"product","link":"https:\/\/rf-capacitor.com\/tr\/dc-link-capacitor\/","title":{"rendered":"DC Ba\u011flant\u0131 Kondansat\u00f6r\u00fc"},"content":{"rendered":"<h2 data-sourcepos=\"1:1-1:48\">DC Ba\u011flant\u0131 Kondansat\u00f6r\u00fc: Bir G\u00fc\u00e7 Elektroni\u011fi Tamponu<\/h2>\n<p data-sourcepos=\"3:1-3:271\"><strong><span class=\"citation-0 recitation\">Bir DC ba\u011flant\u0131 kondansat\u00f6r\u00fc<\/span><\/strong><span class=\"citation-0 recitation citation-end-0\"> g\u00fc\u00e7 elektroni\u011fi devrelerinde \u00e7ok \u00f6nemli bir bile\u015fendir ve bir d\u00f6n\u00fc\u015ft\u00fcr\u00fcc\u00fcn\u00fcn giri\u015f ve \u00e7\u0131k\u0131\u015f a\u015famalar\u0131 aras\u0131nda bir tampon g\u00f6revi g\u00f6r\u00fcr.<\/span> <span class=\"citation-1 recitation citation-end-1\">DC voltaj\u0131n\u0131n dengelenmesinde ve sistemin sorunsuz \u00e7al\u0131\u015fmas\u0131n\u0131n sa\u011flanmas\u0131nda hayati bir rol oynar.<\/span><span class=\"button-container hide-from-message-actions ng-star-inserted\">\u00a0<\/span><\/p>\n<h3 data-sourcepos=\"5:1-5:16\">Nas\u0131l \u00c7al\u0131\u015f\u0131r<\/h3>\n<ul data-sourcepos=\"6:1-9:0\">\n<li data-sourcepos=\"6:1-6:146\"><strong>Enerji Depolama:<\/strong> <span class=\"citation-2 recitation citation-end-2\">DC ba\u011flant\u0131 kapasit\u00f6r\u00fc d\u00fc\u015f\u00fck talep d\u00f6nemlerinde enerjiyi depolar ve y\u00fcksek talep d\u00f6nemlerinde serbest b\u0131rak\u0131r.<\/span>\n<div class=\"container ng-tns-c362440147-34 hide\">\n<div class=\"carousel-container ng-tns-c362440147-34\"><\/div>\n<\/div>\n<\/li>\n<li data-sourcepos=\"7:1-7:209\"><strong><span class=\"citation-3 recitation\">Gerilim Stabilizasyonu:<\/span><\/strong><span class=\"citation-3 recitation citation-end-3\"> Kondansat\u00f6r, enerjiyi emerek ve serbest b\u0131rakarak, giri\u015f g\u00fcc\u00fc veya y\u00fck talebindeki de\u011fi\u015fikliklerin neden oldu\u011fu dalgalanmalar\u0131 azaltarak sabit bir DC voltaj seviyesinin korunmas\u0131na yard\u0131mc\u0131 olur.<\/span><span class=\"button-container hide-from-message-actions ng-star-inserted\">\u00a0<\/span>\n<div class=\"container ng-tns-c362440147-35 hide\">\n<div class=\"carousel-container ng-tns-c362440147-35\"><\/div>\n<\/div>\n<\/li>\n<li data-sourcepos=\"8:1-9:0\"><strong><span class=\"citation-4 recitation\">Dalgalanma Ak\u0131m\u0131 Azaltma:<\/span><\/strong><span class=\"citation-4 recitation citation-end-4\"> Ayr\u0131ca, d\u00f6n\u00fc\u015ft\u00fcr\u00fcc\u00fcn\u00fcn anahtarlama eylemi taraf\u0131ndan \u00fcretilen dalgalanma ak\u0131m\u0131n\u0131n azalt\u0131lmas\u0131na yard\u0131mc\u0131 olarak daha temiz DC \u00e7\u0131k\u0131\u015f\u0131 sa\u011flar.<\/span><span class=\"button-container hide-from-message-actions ng-star-inserted\"> \u00a0<\/span>\n<div class=\"container ng-tns-c362440147-36 hide\">\n<div class=\"carousel-container ng-tns-c362440147-36\"><\/div>\n<\/div>\n<\/li>\n<\/ul>\n<h3 data-sourcepos=\"10:1-10:16\">Uygulamalar<\/h3>\n<p data-sourcepos=\"11:1-11:88\">DC ba\u011flant\u0131 kapasit\u00f6rleri, a\u015fa\u011f\u0131dakiler de dahil olmak \u00fczere \u00e7e\u015fitli g\u00fc\u00e7 elektroni\u011fi uygulamalar\u0131nda yayg\u0131n olarak kullan\u0131lmaktad\u0131r:<\/p>\n<ul data-sourcepos=\"18:1-21:0\">\n<li data-sourcepos=\"12:1-12:122\"><strong><span class=\"citation-5 recitation\">\u0130nvert\u00f6rler:<\/span><\/strong><span class=\"citation-5 recitation citation-end-5\"> DC g\u00fcc\u00fcn\u00fc AC g\u00fcc\u00fcne d\u00f6n\u00fc\u015ft\u00fcren invert\u00f6r i\u00e7in kararl\u0131 bir DC gerilim kayna\u011f\u0131 sa\u011flamak.<\/span><span class=\"button-container hide-from-message-actions ng-star-inserted\">\u00a0 \u00a0<\/span>\n<div class=\"container ng-tns-c362440147-37 hide\">\n<div class=\"carousel-container ng-tns-c362440147-37\"><\/div>\n<\/div>\n<\/li>\n<li data-sourcepos=\"13:1-13:98\"><strong><span class=\"citation-6 recitation\">D\u00f6n\u00fc\u015ft\u00fcr\u00fcc\u00fcler:<\/span><\/strong><span class=\"citation-6 recitation citation-end-6\"> \u00c7ok a\u015famal\u0131 bir d\u00f6n\u00fc\u015ft\u00fcr\u00fcc\u00fcn\u00fcn a\u015famalar\u0131 aras\u0131ndaki DC voltaj\u0131n\u0131 yumu\u015fatmak i\u00e7in.<\/span><span class=\"button-container hide-from-message-actions ng-star-inserted\">\u00a0 \u00a0<\/span>\n<div class=\"container ng-tns-c362440147-38 hide\">\n<div class=\"carousel-container ng-tns-c362440147-38\"><\/div>\n<\/div>\n<\/li>\n<li data-sourcepos=\"14:1-14:124\"><strong><span class=\"citation-7 recitation\">Motor S\u00fcr\u00fcc\u00fcleri:<\/span><\/strong><span class=\"citation-7 recitation citation-end-7\"> Motora sabit bir DC gerilim sa\u011flayarak motor s\u00fcr\u00fcc\u00fclerinin kararl\u0131 \u00e7al\u0131\u015fmas\u0131n\u0131 sa\u011flamak.<\/span><span class=\"button-container hide-from-message-actions ng-star-inserted\">\u00a0 \u00a0<\/span>\n<div class=\"container ng-tns-c362440147-39 hide\">\n<div class=\"carousel-container ng-tns-c362440147-39\"><\/div>\n<\/div>\n<\/li>\n<li data-sourcepos=\"15:1-16:0\"><strong><span class=\"citation-8 recitation\">Yenilenebilir Enerji Sistemleri:<\/span><\/strong><span class=\"citation-8 recitation citation-end-8\"> G\u00fcne\u015f panelleri ve r\u00fczgar t\u00fcrbinleri gibi kaynaklardan gelen enerjiyi depolamak ve istikrarl\u0131 bir DC kayna\u011f\u0131 sa\u011flamak.<\/span><span class=\"button-container hide-from-message-actions ng-star-inserted\">\u00a0<\/span>\n<div class=\"container ng-tns-c362440147-40 hide\">\n<div class=\"carousel-container ng-tns-c362440147-40\">\n<div class=\"carousel-content ng-tns-c362440147-40\">\n<div data-test-id=\"sources-carousel-source\"><\/div>\n<div data-test-id=\"sources-carousel-source\"><\/div>\n<div class=\"sources-carousel-source ng-tns-c362440147-40 hide ng-star-inserted\" data-test-id=\"sources-carousel-source\"><span style=\"font-size: 20.16px;\">\u00d6nemli Hususlar<\/span><\/div>\n<\/div>\n<\/div>\n<\/div>\n<\/li>\n<li data-sourcepos=\"18:1-18:147\"><strong>Kapasitans De\u011feri:<\/strong> <span class=\"citation-9 recitation citation-end-9\">Kapasitans de\u011feri, istenen gerilim dalgalanmas\u0131na ve sistemin g\u00fc\u00e7 gereksinimlerine g\u00f6re se\u00e7ilir.<\/span><\/li>\n<li data-sourcepos=\"18:1-18:147\"><strong style=\"font-size: 14.4px;\">Gerilim De\u011feri:<\/strong><span style=\"font-size: 14.4px;\"> Kondansat\u00f6r, devrede maruz kalaca\u011f\u0131 maksimum voltaj i\u00e7in derecelendirilmelidir.<\/span><\/li>\n<li data-sourcepos=\"20:1-21:0\"><strong>Dalgalanma Ak\u0131m De\u011feri:<\/strong> <span class=\"citation-10 recitation citation-end-10\">Kondansat\u00f6r, d\u00f6n\u00fc\u015ft\u00fcr\u00fcc\u00fcn\u00fcn anahtarlama eylemi taraf\u0131ndan \u00fcretilen y\u00fcksek dalgalanma ak\u0131mlar\u0131n\u0131 kar\u015f\u0131layabilmelidir.<\/span><span class=\"button-container hide-from-message-actions ng-star-inserted\"> \u00a0<\/span>\n<div class=\"container ng-tns-c362440147-42 hide\">\n<div class=\"carousel-container ng-tns-c362440147-42\"><\/div>\n<\/div>\n<\/li>\n<\/ul>\n<p data-sourcepos=\"22:1-22:323\"><strong><span class=\"citation-11 recitation citation-end-11\">Temelde, bir DC ba\u011flant\u0131 kondansat\u00f6r\u00fc, g\u00fc\u00e7 elektroni\u011fi sistemlerinin istikrarl\u0131 ve verimli \u00e7al\u0131\u015fmas\u0131n\u0131 sa\u011flayan kritik bir bile\u015fendir.<\/span> <span class=\"citation-12 recitation\">Enerji depolama ve voltaj stabilizasyonu i\u00e7in bir tampon sa\u011flayarak, yenilenebilir enerji sistemlerinden motor s\u00fcr\u00fcc\u00fclerine kadar \u00e7e\u015fitli uygulamalarda \u00f6nemli bir rol oynar.<\/span><\/strong><span class=\"button-container hide-from-message-actions ng-star-inserted\"> \u00a0 <\/span><\/p>","protected":false},"excerpt":{"rendered":"<table style=\"height: 485px;\" width=\"682\">\n<tbody>\n<tr>\n<td width=\"146\"><strong><b>\u00dcr\u00fcn<\/b><\/strong>\u00a0<strong><b>\u0130sim:<\/b><\/strong><\/td>\n<td width=\"601\">DC Ba\u011flant\u0131 Kondansat\u00f6r\u00fc<\/td>\n<\/tr>\n<tr>\n<td width=\"146\">\n<h4><strong>K\u0131sa A\u00e7\u0131klama:<\/strong><\/h4>\n<\/td>\n<td width=\"601\">DC deste\u011fi, enerji depolama ve filtre i\u00e7in farkl\u0131 elektronik ekipman DC ba\u011flant\u0131 par\u00e7alar\u0131nda yayg\u0131n olarak kullan\u0131l\u0131r. \u00f6rne\u011fin r\u00fczgar enerjisi sistemleri ve invert\u00f6rler;<\/td>\n<\/tr>\n<tr>\n<td width=\"146\"><strong>Kapasitans aral\u0131\u011f\u0131:<\/strong><\/td>\n<td width=\"601\">20\u00b5F ~ 5600\u00b5F<\/td>\n<\/tr>\n<tr>\n<td width=\"146\"><strong>Nominal gerilim\uff1a<\/strong><\/td>\n<td width=\"601\">500 ~ 4000VDC<\/td>\n<\/tr>\n<tr>\n<td width=\"146\"><strong>Kap.tol\uff1a<\/strong><\/td>\n<td width=\"601\">\u00a0\u00a0\u00b15%\uff08J\uff09\uff1b\u00b110%\uff08K\uff09<\/td>\n<\/tr>\n<tr>\n<td width=\"146\"><\/td>\n<td width=\"601\"><\/td>\n<\/tr>\n<\/tbody>\n<\/table>","protected":false},"featured_media":1625,"comment_status":"open","ping_status":"closed","template":"","meta":[],"product_brand":[],"product_cat":[38],"product_tag":[],"class_list":{"0":"post-1624","1":"product","2":"type-product","3":"status-publish","4":"has-post-thumbnail","6":"product_cat-dc-capacitor-2","8":"first","9":"instock","10":"shipping-taxable","11":"product-type-simple"},"_links":{"self":[{"href":"https:\/\/rf-capacitor.com\/tr\/wp-json\/wp\/v2\/product\/1624","targetHints":{"allow":["GET"]}}],"collection":[{"href":"https:\/\/rf-capacitor.com\/tr\/wp-json\/wp\/v2\/product"}],"about":[{"href":"https:\/\/rf-capacitor.com\/tr\/wp-json\/wp\/v2\/types\/product"}],"replies":[{"embeddable":true,"href":"https:\/\/rf-capacitor.com\/tr\/wp-json\/wp\/v2\/comments?post=1624"}],"wp:featuredmedia":[{"embeddable":true,"href":"https:\/\/rf-capacitor.com\/tr\/wp-json\/wp\/v2\/media\/1625"}],"wp:attachment":[{"href":"https:\/\/rf-capacitor.com\/tr\/wp-json\/wp\/v2\/media?parent=1624"}],"wp:term":[{"taxonomy":"product_brand","embeddable":true,"href":"https:\/\/rf-capacitor.com\/tr\/wp-json\/wp\/v2\/product_brand?post=1624"},{"taxonomy":"product_cat","embeddable":true,"href":"https:\/\/rf-capacitor.com\/tr\/wp-json\/wp\/v2\/product_cat?post=1624"},{"taxonomy":"product_tag","embeddable":true,"href":"https:\/\/rf-capacitor.com\/tr\/wp-json\/wp\/v2\/product_tag?post=1624"}],"curies":[{"name":"wp","href":"https:\/\/api.w.org\/{rel}","templated":true}]}}