{"id":2087,"date":"2025-01-14T03:17:14","date_gmt":"2025-01-14T03:17:14","guid":{"rendered":"https:\/\/rf-capacitor.com\/?post_type=product&#038;p=2087"},"modified":"2025-01-14T07:43:50","modified_gmt":"2025-01-14T07:43:50","slug":"closed-loop-hall-current-sensor","status":"publish","type":"product","link":"https:\/\/rf-capacitor.com\/sv\/closed-loop-hall-current-sensor\/","title":{"rendered":"Hallstr\u00f6msensor med sluten slinga"},"content":{"rendered":"<p data-sourcepos=\"1:1-1:157\">En Hall-effektstr\u00f6mgivare med sluten slinga \u00e4r en mer sofistikerad typ av str\u00f6mgivare som \u00f6vervinner m\u00e5nga av begr\u00e4nsningarna hos sin motsvarighet med \u00f6ppen slinga.<\/p>\n<h2 data-sourcepos=\"3:1-3:17\">Hur en Hallstr\u00f6msensor med sluten slinga fungerar:<\/h2>\n<ol data-sourcepos=\"5:1-9:0\">\n<li data-sourcepos=\"5:1-5:171\"><strong>Detektering av magnetf\u00e4lt:<\/strong> Precis som open loop-givaren anv\u00e4nder den en Halleffektgivare f\u00f6r att detektera det magnetf\u00e4lt som genereras av str\u00f6mmen som flyter genom en ledare.<\/li>\n<li data-sourcepos=\"6:1-6:179\"><strong>Mekanism f\u00f6r \u00e5terkoppling:<\/strong> Den stora skillnaden ligger i att en \u00e5terkopplingsslinga ing\u00e5r. Utsignalen fr\u00e5n Hall-givaren f\u00f6rst\u00e4rks och anv\u00e4nds f\u00f6r att driva en kompensationsspole.<\/li>\n<li data-sourcepos=\"7:1-7:151\"><strong>Avst\u00e4ngning av magnetf\u00e4lt:<\/strong> Denna kompensationsspole genererar ett magnetf\u00e4lt som mots\u00e4tter sig det magnetf\u00e4lt som produceras av prim\u00e4rstr\u00f6mmen.<\/li>\n<li data-sourcepos=\"8:1-9:0\"><strong>Nollfl\u00f6destillst\u00e5nd:<\/strong> Systemet justerar aktivt str\u00f6mmen som fl\u00f6dar genom kompensationsspolen tills nettomagnetf\u00e4ltet i k\u00e4rnan minimeras (helst till noll).<\/li>\n<\/ol>\n<h2 data-sourcepos=\"10:1-10:19\">Viktiga f\u00f6rdelar:<\/h2>\n<ul data-sourcepos=\"12:1-16:0\">\n<li data-sourcepos=\"12:1-12:104\"><strong>F\u00f6rb\u00e4ttrad noggrannhet:<\/strong> Minimerar p\u00e5verkan av externa magnetf\u00e4lt och temperaturvariationer.<\/li>\n<li data-sourcepos=\"13:1-13:91\"><strong>F\u00f6rb\u00e4ttrad linj\u00e4ritet:<\/strong> Ger en mycket linj\u00e4r utsignal \u00f6ver ett brett str\u00f6momr\u00e5de.<\/li>\n<li data-sourcepos=\"14:1-14:99\"><strong>Minskad temperaturdrift:<\/strong> Minimerar temperaturf\u00f6r\u00e4ndringarnas inverkan p\u00e5 sensorns prestanda.<\/li>\n<li data-sourcepos=\"15:1-16:0\"><strong>H\u00f6g precision:<\/strong> Uppn\u00e5r h\u00f6gre noggrannhet och precision j\u00e4mf\u00f6rt med givare med \u00f6ppen slinga.<\/li>\n<\/ul>\n<h2 data-sourcepos=\"17:1-17:17\">Applikationer:<\/h2>\n<ul data-sourcepos=\"19:1-22:0\">\n<li data-sourcepos=\"19:1-19:198\"><strong>H\u00f6gprecisionstill\u00e4mpningar:<\/strong> Anv\u00e4nds i applikationer d\u00e4r h\u00f6g noggrannhet och precision \u00e4r avg\u00f6rande, t.ex. inom precisionsmotorstyrning, \u00f6vervakning av elkvalitet och vetenskaplig instrumentering.<\/li>\n<li data-sourcepos=\"20:1-20:120\"><strong>Industriell automation:<\/strong> Anv\u00e4nds i kr\u00e4vande industriella milj\u00f6er d\u00e4r noggrannhet och tillf\u00f6rlitlighet \u00e4r av st\u00f6rsta vikt.<\/li>\n<li data-sourcepos=\"21:1-22:0\"><strong>System f\u00f6r f\u00f6rnybar energi:<\/strong> Anv\u00e4nds i solcellsv\u00e4xelriktare, vindkraftverk och andra system f\u00f6r f\u00f6rnybar energi f\u00f6r exakt \u00f6vervakning och styrning av effekten.<\/li>\n<\/ul>\n<h2 data-sourcepos=\"23:1-23:15\">Sammanfattningsvis:<\/h2>\n<p data-sourcepos=\"25:1-25:329\">Hallstr\u00f6msensorer med sluten slinga erbjuder betydande f\u00f6rdelar j\u00e4mf\u00f6rt med motsvarande sensorer med \u00f6ppen slinga genom att de inneh\u00e5ller en \u00e5terkopplingsmekanism som aktivt kompenserar f\u00f6r yttre p\u00e5verkan och f\u00f6rb\u00e4ttrar den totala prestandan. Detta g\u00f6r dem l\u00e4mpliga f\u00f6r ett brett spektrum av applikationer d\u00e4r h\u00f6g noggrannhet och tillf\u00f6rlitlighet \u00e4r avg\u00f6rande.<\/p>","protected":false},"excerpt":{"rendered":"<p>\u25cf Hallstr\u00f6msensor av sluten typ<\/p>\n<p>\u25cf Inmatning av m\u00e4rkstr\u00f6m: 0~(200-1000)A; Nominell utg\u00e5ng: 4V \/ 5V<\/p>\n<p>\u25cf Bl\u00e4ndare: 40mm; Str\u00f6mf\u00f6rs\u00f6rjning: \u00b112V \/ \u00b115V<\/p>\n<p>AC, DC, puls och annan komplex str\u00f6m<\/p>\n<p>\u25cf Snabb respons, brett m\u00e4tomr\u00e5de, h\u00f6g precision, stark \u00f6verbelastningskapacitet, god linj\u00e4ritet och utm\u00e4rkt st\u00f6rningsskydd<\/p>","protected":false},"featured_media":2089,"comment_status":"open","ping_status":"closed","template":"","meta":[],"product_brand":[],"product_cat":[44],"product_tag":[],"class_list":{"0":"post-2087","1":"product","2":"type-product","3":"status-publish","4":"has-post-thumbnail","6":"product_cat-current-sensor-2","8":"first","9":"instock","10":"shipping-taxable","11":"product-type-simple"},"_links":{"self":[{"href":"https:\/\/rf-capacitor.com\/sv\/wp-json\/wp\/v2\/product\/2087","targetHints":{"allow":["GET"]}}],"collection":[{"href":"https:\/\/rf-capacitor.com\/sv\/wp-json\/wp\/v2\/product"}],"about":[{"href":"https:\/\/rf-capacitor.com\/sv\/wp-json\/wp\/v2\/types\/product"}],"replies":[{"embeddable":true,"href":"https:\/\/rf-capacitor.com\/sv\/wp-json\/wp\/v2\/comments?post=2087"}],"wp:featuredmedia":[{"embeddable":true,"href":"https:\/\/rf-capacitor.com\/sv\/wp-json\/wp\/v2\/media\/2089"}],"wp:attachment":[{"href":"https:\/\/rf-capacitor.com\/sv\/wp-json\/wp\/v2\/media?parent=2087"}],"wp:term":[{"taxonomy":"product_brand","embeddable":true,"href":"https:\/\/rf-capacitor.com\/sv\/wp-json\/wp\/v2\/product_brand?post=2087"},{"taxonomy":"product_cat","embeddable":true,"href":"https:\/\/rf-capacitor.com\/sv\/wp-json\/wp\/v2\/product_cat?post=2087"},{"taxonomy":"product_tag","embeddable":true,"href":"https:\/\/rf-capacitor.com\/sv\/wp-json\/wp\/v2\/product_tag?post=2087"}],"curies":[{"name":"wp","href":"https:\/\/api.w.org\/{rel}","templated":true}]}}