{"id":2084,"date":"2025-01-14T03:10:45","date_gmt":"2025-01-14T03:10:45","guid":{"rendered":"https:\/\/rf-capacitor.com\/?post_type=product&#038;p=2084"},"modified":"2025-01-14T07:43:24","modified_gmt":"2025-01-14T07:43:24","slug":"open-loop-hall-current-sensor","status":"publish","type":"product","link":"https:\/\/rf-capacitor.com\/sv\/open-loop-hall-current-sensor\/","title":{"rendered":"Hallstr\u00f6msensor med \u00f6ppen slinga"},"content":{"rendered":"<p data-sourcepos=\"1:1-1:164\">En Hall-effektstr\u00f6mgivare med \u00f6ppen slinga \u00e4r en typ av str\u00f6mgivare som direkt m\u00e4ter det magnetf\u00e4lt som genereras av den str\u00f6m som flyter genom en ledare.<\/p>\n<h2 data-sourcepos=\"3:1-3:24\">S\u00e5 h\u00e4r fungerar en hallstr\u00f6msensor med \u00f6ppen slinga:<\/h2>\n<ol data-sourcepos=\"5:1-8:0\">\n<li data-sourcepos=\"5:1-5:103\"><strong>Nuvarande fl\u00f6de:<\/strong> N\u00e4r str\u00f6m flyter genom ledaren genererar den ett magnetf\u00e4lt runt sig.<\/li>\n<li data-sourcepos=\"6:1-6:131\"><strong>Detektering av magnetf\u00e4lt:<\/strong> En Hall-effektsensor, placerad n\u00e4ra ledaren, k\u00e4nner av styrkan p\u00e5 detta magnetf\u00e4lt.<\/li>\n<li data-sourcepos=\"7:1-8:0\"><strong>Utmatad sp\u00e4nning:<\/strong> Hall-effektsensorn ger en utsp\u00e4nning som \u00e4r proportionell mot magnetf\u00e4ltets styrka och d\u00e4rmed proportionell mot den str\u00f6m som flyter genom ledaren.<\/li>\n<\/ol>\n<h2 data-sourcepos=\"9:1-9:24\">Viktiga egenskaper:<\/h2>\n<ul data-sourcepos=\"11:1-16:0\">\n<li data-sourcepos=\"11:1-11:76\"><strong>Enkel konstruktion:<\/strong> Relativt enkel och billig att tillverka.<\/li>\n<li data-sourcepos=\"12:1-12:89\"><strong>Icke-invasiv m\u00e4tning:<\/strong> Kr\u00e4ver inte att kretsen bryts f\u00f6r att m\u00e4ta str\u00f6mmen.<\/li>\n<li data-sourcepos=\"13:1-13:69\"><strong>Bra bandbredd:<\/strong> Kan m\u00e4ta b\u00e5de likstr\u00f6m och v\u00e4xelstr\u00f6m p\u00e5 ett korrekt s\u00e4tt.<\/li>\n<li data-sourcepos=\"14:1-14:111\"><strong>K\u00e4nslig f\u00f6r extern magnetisk st\u00f6rning:<\/strong> Externa magnetf\u00e4lt kan p\u00e5verka givarens noggrannhet.<\/li>\n<li data-sourcepos=\"15:1-16:0\"><strong>Temperaturk\u00e4nslighet:<\/strong> Sensorns utdata kan p\u00e5verkas av temperaturvariationer.<\/li>\n<\/ul>\n<h2 data-sourcepos=\"17:1-17:17\">Applikationer:<\/h2>\n<ul data-sourcepos=\"19:1-23:0\">\n<li data-sourcepos=\"19:1-19:96\"><strong>Motorstyrning:<\/strong> \u00d6vervakning av motorstr\u00f6mmar i industriella drivenheter och fordonsapplikationer.<\/li>\n<li data-sourcepos=\"20:1-20:114\"><strong>Batterihanteringssystem (BMS):<\/strong> M\u00e4tning av batteristr\u00f6m i elfordon och energilagringssystem.<\/li>\n<li data-sourcepos=\"21:1-21:104\"><strong>\u00d6verstr\u00f6msskydd:<\/strong> Detektera och reagera p\u00e5 \u00f6verstr\u00f6msf\u00f6rh\u00e5llanden i elektriska kretsar.<\/li>\n<li data-sourcepos=\"22:1-23:0\"><strong>Effekt\u00f6vervakning:<\/strong> M\u00e4tning av str\u00f6mf\u00f6rbrukning i olika applikationer.<\/li>\n<\/ul>\n<h2 data-sourcepos=\"24:1-24:16\">Begr\u00e4nsningar:<\/h2>\n<ul data-sourcepos=\"26:1-28:0\">\n<li data-sourcepos=\"26:1-26:86\"><strong>Noggrannheten kan p\u00e5verkas av externa magnetf\u00e4lt och temperaturvariationer.<\/strong><\/li>\n<li data-sourcepos=\"27:1-28:0\"><strong>Kan kr\u00e4va ytterligare signalbehandlingskretsar f\u00f6r att f\u00f6rb\u00e4ttra noggrannheten och kompensera f\u00f6r milj\u00f6faktorer.<\/strong><\/li>\n<\/ul>\n<p data-sourcepos=\"29:1-29:189\">Trots dessa begr\u00e4nsningar erbjuder Hall-effektstr\u00f6mgivare med \u00f6ppen slinga en kostnadseffektiv och praktisk l\u00f6sning f\u00f6r m\u00e5nga str\u00f6mavk\u00e4nningstill\u00e4mpningar tack vare sin enkelhet och anv\u00e4ndarv\u00e4nlighet.<\/p>","protected":false},"excerpt":{"rendered":"<p>Specifikation och funktioner \uff1a<\/p>\n<p>Inmatning av m\u00e4rkstr\u00f6m: 0~(200-1000)A<\/p>\n<p>\u25cf Nominell utg\u00e5ng: 5V \/ 4V \/ 4-20mA<\/p>\n<p>Bl\u00e4ndare: 20 mm\/40 mm\/55 mm\/etc<\/p>\n<p>\u25cf Str\u00f6mf\u00f6rs\u00f6rjning: \u00b115V \/ 12V \/ 24V<\/p>\n<p>\u25cf Liten f\u00f6rpackningsstorlek<\/p>\n<p>\u25cf L\u00e5g str\u00f6mf\u00f6rbrukning<\/p>\n<p>\u25cf Ut\u00f6kat m\u00e4tomr\u00e5de<\/p>\n<p>\u25cf Delad typ; enkel installation<\/p>","protected":false},"featured_media":2085,"comment_status":"open","ping_status":"closed","template":"","meta":[],"product_brand":[],"product_cat":[44],"product_tag":[],"class_list":{"0":"post-2084","1":"product","2":"type-product","3":"status-publish","4":"has-post-thumbnail","6":"product_cat-current-sensor-2","8":"first","9":"instock","10":"shipping-taxable","11":"product-type-simple"},"_links":{"self":[{"href":"https:\/\/rf-capacitor.com\/sv\/wp-json\/wp\/v2\/product\/2084","targetHints":{"allow":["GET"]}}],"collection":[{"href":"https:\/\/rf-capacitor.com\/sv\/wp-json\/wp\/v2\/product"}],"about":[{"href":"https:\/\/rf-capacitor.com\/sv\/wp-json\/wp\/v2\/types\/product"}],"replies":[{"embeddable":true,"href":"https:\/\/rf-capacitor.com\/sv\/wp-json\/wp\/v2\/comments?post=2084"}],"wp:featuredmedia":[{"embeddable":true,"href":"https:\/\/rf-capacitor.com\/sv\/wp-json\/wp\/v2\/media\/2085"}],"wp:attachment":[{"href":"https:\/\/rf-capacitor.com\/sv\/wp-json\/wp\/v2\/media?parent=2084"}],"wp:term":[{"taxonomy":"product_brand","embeddable":true,"href":"https:\/\/rf-capacitor.com\/sv\/wp-json\/wp\/v2\/product_brand?post=2084"},{"taxonomy":"product_cat","embeddable":true,"href":"https:\/\/rf-capacitor.com\/sv\/wp-json\/wp\/v2\/product_cat?post=2084"},{"taxonomy":"product_tag","embeddable":true,"href":"https:\/\/rf-capacitor.com\/sv\/wp-json\/wp\/v2\/product_tag?post=2084"}],"curies":[{"name":"wp","href":"https:\/\/api.w.org\/{rel}","templated":true}]}}