{"id":1898,"date":"2025-01-02T07:08:04","date_gmt":"2025-01-02T07:08:04","guid":{"rendered":"https:\/\/rf-capacitor.com\/?post_type=product&#038;p=1898"},"modified":"2025-01-02T07:08:04","modified_gmt":"2025-01-02T07:08:04","slug":"decoupling-resonant-capacitor","status":"publish","type":"product","link":"https:\/\/rf-capacitor.com\/sv\/decoupling-resonant-capacitor\/","title":{"rendered":"Resonanskondensator f\u00f6r frikoppling"},"content":{"rendered":"<div class=\"user-query-container ng-star-inserted\">\n<div id=\"user-query-content-7\" class=\"query-content\">\n<div class=\"query-text gds-body-l ng-star-inserted\" dir=\"ltr\" role=\"heading\" aria-level=\"2\">\n<h3 class=\"query-text-line ng-star-inserted\">Resonanskondensator f\u00f6r frikoppling<\/h3>\n<\/div>\n<\/div>\n<div class=\"button-gutter\"><span class=\"citation-0 recitation\" style=\"font-size: 14.4px; color: #555555;\">Inom elektronik \u00e4r en <\/span><strong style=\"font-size: 14.4px; color: #555555;\"><span class=\"citation-0 recitation\">avkopplingskondensator<\/span><\/strong><span class=\"citation-0 recitation citation-end-0\" style=\"font-size: 14.4px; color: #555555;\"> \u00e4r en viktig komponent som anv\u00e4nds f\u00f6r att stabilisera str\u00f6mf\u00f6rs\u00f6rjningssp\u00e4nningar och minimera elektriskt brus.<\/span><span class=\"button-container hide-from-message-actions ng-star-inserted\" style=\"font-size: 14.4px; color: #555555;\">\u00a0 \u00a0<\/span><\/div>\n<\/div>\n<div>\n<div class=\"response-container ng-tns-c3227055261-111 response-optimization tts-removed ng-star-inserted response-container-has-multiple-responses\">\n<div class=\"presented-response-container ng-tns-c3227055261-111\">\n<div class=\"response-container-content ng-tns-c3227055261-111 tunable-selection-with-avatar\">\n<div class=\"response-content ng-tns-c3227055261-111\">\n<div id=\"model-response-message-contentr_e018e616d4e5ed8e\" class=\"markdown markdown-main-panel tutor-markdown-rendering response-optimization\" dir=\"ltr\">\n<h3 data-sourcepos=\"3:1-3:17\"><strong>Hur fungerar en frikopplande resonanskondensator?<\/strong><\/h3>\n<ul data-sourcepos=\"5:1-8:0\">\n<li data-sourcepos=\"5:1-5:224\"><strong><span class=\"citation-1 recitation\">Lokal energilagring:<\/span><\/strong><span class=\"citation-1 recitation citation-end-1\"> Frikopplingskondensatorer fungerar som sm\u00e5 lokala energireservoarer.<\/span> <span class=\"citation-2 recitation citation-end-2\">De \u00e4r placerade mycket n\u00e4ra de integrerade kretsar (IC) eller andra komponenter som de \u00e4r avsedda att frikoppla.<\/span><span class=\"button-container hide-from-message-actions ng-star-inserted\"> \u00a0<\/span>\n<div class=\"container ng-tns-c362440147-116 hide\">\n<div class=\"carousel-container ng-tns-c362440147-116\"><\/div>\n<\/div>\n<\/li>\n<li data-sourcepos=\"6:1-6:261\"><strong><span class=\"citation-3 recitation\">Undertryckning av sp\u00e4nningsfluktuationer:<\/span><\/strong><span class=\"citation-3 recitation citation-end-3\"> N\u00e4r en IC pl\u00f6tsligt drar en stor str\u00f6m (t.ex. under switchning) kan avkopplingskondensatorn snabbt leverera den str\u00f6mmen, vilket f\u00f6rhindrar betydande sp\u00e4nningsfall \u00f6ver str\u00f6mf\u00f6rs\u00f6rjningsledningarna.<\/span><span class=\"button-container hide-from-message-actions ng-star-inserted\">\u00a0 \u00a0<\/span>\n<div class=\"container ng-tns-c362440147-117 hide\">\n<div class=\"carousel-container ng-tns-c362440147-117\"><\/div>\n<\/div>\n<\/li>\n<li data-sourcepos=\"7:1-8:0\"><strong>Filtrering av brus:<\/strong> <span class=\"citation-4 recitation citation-end-4\">Frikopplingskondensatorer fungerar ocks\u00e5 som filter och leder h\u00f6gfrekventa brusstr\u00f6mmar till jord, vilket minimerar brusets inverkan p\u00e5 IC:ns funktion.<\/span><span class=\"button-container hide-from-message-actions ng-star-inserted\">\u00a0<\/span>\n<div class=\"container ng-tns-c362440147-118 hide\">\n<div class=\"carousel-container ng-tns-c362440147-118\"><\/div>\n<\/div>\n<\/li>\n<\/ul>\n<h3 data-sourcepos=\"9:1-9:24\"><strong>Viktiga egenskaper f\u00f6r resonanskondensatorer f\u00f6r frikoppling:<\/strong><\/h3>\n<ul data-sourcepos=\"11:1-14:0\">\n<li data-sourcepos=\"11:1-11:117\"><strong><span class=\"citation-5 recitation\">L\u00e5g ESR (ekvivalent seriemotst\u00e5nd):<\/span><\/strong><span class=\"citation-5 recitation citation-end-5\"> Minimerar energif\u00f6rluster och s\u00e4kerst\u00e4ller snabb str\u00f6mf\u00f6rs\u00f6rjning.<\/span><span class=\"button-container hide-from-message-actions ng-star-inserted\">\u00a0<\/span>\n<div class=\"container ng-tns-c362440147-119 hide\">\n<div class=\"carousel-container ng-tns-c362440147-119\"><\/div>\n<\/div>\n<\/li>\n<li data-sourcepos=\"12:1-12:95\"><strong>H\u00f6g kapacitans:<\/strong> Ger tillr\u00e4cklig energilagring f\u00f6r att hantera transienta str\u00f6mkrav.<\/li>\n<li data-sourcepos=\"13:1-14:0\"><strong>Liten storlek och l\u00e5g induktans:<\/strong> M\u00f6jligg\u00f6r placering mycket n\u00e4ra IC:n f\u00f6r att minimera inverkan av parasitisk induktans.<\/li>\n<\/ul>\n<h3 data-sourcepos=\"15:1-15:17\"><strong>Vanliga typer av frikopplande resonanskondensatorer:<\/strong><\/h3>\n<ul data-sourcepos=\"17:1-20:0\">\n<li data-sourcepos=\"17:1-17:93\"><strong>Keramiska kondensatorer:<\/strong> Anv\u00e4nds ofta p\u00e5 grund av sin lilla storlek, h\u00f6ga kapacitans och l\u00e5ga ESR.<\/li>\n<li data-sourcepos=\"18:1-18:85\"><strong><span class=\"citation-6 recitation\">Tantalum kondensatorer:<\/span><\/strong><span class=\"citation-6 recitation citation-end-6\"> Ger bra prestanda vid h\u00f6gre frekvenser.<\/span><span class=\"button-container hide-from-message-actions ng-star-inserted\"> \u00a0<\/span>\n<div class=\"container ng-tns-c362440147-120 hide\">\n<div class=\"carousel-container ng-tns-c362440147-120\"><\/div>\n<\/div>\n<\/li>\n<li data-sourcepos=\"19:1-20:0\"><strong><span class=\"citation-7 recitation\">Elektrolytiska kondensatorer:<\/span><\/strong><span class=\"citation-7 recitation citation-end-7\"> Anv\u00e4nds vanligtvis f\u00f6r st\u00f6rre kapacitansv\u00e4rden i applikationer d\u00e4r storleken \u00e4r mindre kritisk<\/span><span class=\"button-container hide-from-message-actions ng-star-inserted\">\u00a0 .<\/span>\n<div class=\"container ng-tns-c362440147-121 hide\">\n<div class=\"carousel-container ng-tns-c362440147-121\"><\/div>\n<\/div>\n<\/li>\n<\/ul>\n<h3 data-sourcepos=\"21:1-21:28\"><strong>Placering och urval:<\/strong><\/h3>\n<ul data-sourcepos=\"23:1-25:0\">\n<li data-sourcepos=\"23:1-23:247\"><strong>Placering:<\/strong> <span class=\"citation-8 recitation citation-end-8\">Avkopplingskondensatorer ska placeras s\u00e5 n\u00e4ra som m\u00f6jligt (helst direkt p\u00e5 IC-stiften) till IC:s str\u00f6m- och jordstift.<\/span> <span class=\"citation-9 recitation citation-end-9\">Korta, direkta anslutningar minimerar inverkan av parasitisk induktans.<\/span><span class=\"button-container hide-from-message-actions ng-star-inserted\"> \u00a0<\/span>\n<div class=\"container ng-tns-c362440147-122 hide\">\n<div class=\"carousel-container ng-tns-c362440147-122\"><\/div>\n<\/div>\n<\/li>\n<li data-sourcepos=\"24:1-25:0\"><strong>Urval:<\/strong> Valet av kondensatortyp och v\u00e4rde beror p\u00e5 den specifika applikationen och IC:ns egenskaper. Faktorer som IC:ns kopplingshastighet, str\u00f6muttag och driftsfrekvens m\u00e5ste beaktas.<\/li>\n<\/ul>\n<h3 data-sourcepos=\"26:1-26:15\"><strong>Sammanfattningsvis:<\/strong><\/h3>\n<p data-sourcepos=\"28:1-28:301\"><span class=\"citation-10 recitation citation-end-10\">Frikopplingskondensatorer \u00e4r viktiga komponenter i elektroniska kretsar, s\u00e4rskilt i digitala h\u00f6ghastighetssystem.<\/span> <span class=\"citation-11 recitation citation-end-11\">Genom att effektivt frikoppla IC-kretsarna fr\u00e5n str\u00f6mf\u00f6rs\u00f6rjningsledningarna bidrar de till att s\u00e4kerst\u00e4lla stabil drift, minimera brus och f\u00f6rb\u00e4ttra systemets \u00f6vergripande prestanda.<\/span><span class=\"button-container hide-from-message-actions ng-star-inserted\"> \u00a0<\/span><\/p>\n<p data-sourcepos=\"30:1-30:208\"><strong>Obs!<\/strong> Den h\u00e4r f\u00f6rklaringen ger en allm\u00e4n \u00f6versikt. De specifika kraven f\u00f6r avkopplingskondensatorer varierar beroende p\u00e5 den specifika till\u00e4mpningen och den elektroniska kretsens egenskaper.<\/p>\n<\/div>\n<\/div>\n<\/div>\n<\/div>\n<\/div>\n<\/div>","protected":false},"excerpt":{"rendered":"<table style=\"height: 479px;\" width=\"711\">\n<tbody>\n<tr>\n<td width=\"146\"><strong><b>Produkt<\/b><\/strong>\u00a0<strong><b>Namn:<\/b><\/strong><\/td>\n<td width=\"601\"><strong>Resonanskondensator f\u00f6r frikoppling<\/strong><\/td>\n<\/tr>\n<tr>\n<td width=\"146\">\n<h4><strong>Kort beskrivning:<\/strong><\/h4>\n<\/td>\n<td width=\"601\">CRE kan leverera h\u00f6geffekts resonanskondensatorer som klarar stora sp\u00e4nningar och str\u00f6mmar i en liten kompakt kapsling.<\/p>\n<p>&nbsp;<\/td>\n<\/tr>\n<tr>\n<td width=\"146\"><strong>Kapacitansomr\u00e5de:<\/strong><\/td>\n<td width=\"601\">1\u03bcF\uff5e8\u03bcF<\/td>\n<\/tr>\n<tr>\n<td width=\"146\"><strong>Nominell sp\u00e4nning\uff1a.<\/strong><\/td>\n<td width=\"601\">1200V.DC\uff5e4000V.DC<\/td>\n<\/tr>\n<tr>\n<td width=\"146\"><strong>Cap.tol\uff1a<\/strong><\/td>\n<td width=\"601\">\u00b15%(J) ;\u00b110%(K)<\/td>\n<\/tr>\n<tr>\n<td width=\"146\"><strong>T\u00e5lig sp\u00e4nning:<\/strong><\/td>\n<td width=\"601\">1,5Un \/10S<\/td>\n<\/tr>\n<\/tbody>\n<\/table>","protected":false},"featured_media":1899,"comment_status":"open","ping_status":"closed","template":"","meta":[],"product_brand":[],"product_cat":[42],"product_tag":[],"class_list":{"0":"post-1898","1":"product","2":"type-product","3":"status-publish","4":"has-post-thumbnail","6":"product_cat-resonance-capacitor","8":"first","9":"instock","10":"shipping-taxable","11":"product-type-simple"},"_links":{"self":[{"href":"https:\/\/rf-capacitor.com\/sv\/wp-json\/wp\/v2\/product\/1898","targetHints":{"allow":["GET"]}}],"collection":[{"href":"https:\/\/rf-capacitor.com\/sv\/wp-json\/wp\/v2\/product"}],"about":[{"href":"https:\/\/rf-capacitor.com\/sv\/wp-json\/wp\/v2\/types\/product"}],"replies":[{"embeddable":true,"href":"https:\/\/rf-capacitor.com\/sv\/wp-json\/wp\/v2\/comments?post=1898"}],"wp:featuredmedia":[{"embeddable":true,"href":"https:\/\/rf-capacitor.com\/sv\/wp-json\/wp\/v2\/media\/1899"}],"wp:attachment":[{"href":"https:\/\/rf-capacitor.com\/sv\/wp-json\/wp\/v2\/media?parent=1898"}],"wp:term":[{"taxonomy":"product_brand","embeddable":true,"href":"https:\/\/rf-capacitor.com\/sv\/wp-json\/wp\/v2\/product_brand?post=1898"},{"taxonomy":"product_cat","embeddable":true,"href":"https:\/\/rf-capacitor.com\/sv\/wp-json\/wp\/v2\/product_cat?post=1898"},{"taxonomy":"product_tag","embeddable":true,"href":"https:\/\/rf-capacitor.com\/sv\/wp-json\/wp\/v2\/product_tag?post=1898"}],"curies":[{"name":"wp","href":"https:\/\/api.w.org\/{rel}","templated":true}]}}