{"id":1890,"date":"2025-01-02T06:49:41","date_gmt":"2025-01-02T06:49:41","guid":{"rendered":"https:\/\/rf-capacitor.com\/?post_type=product&#038;p=1890"},"modified":"2025-01-02T06:49:41","modified_gmt":"2025-01-02T06:49:41","slug":"compact-resonant-capacitors","status":"publish","type":"product","link":"https:\/\/rf-capacitor.com\/sv\/compact-resonant-capacitors\/","title":{"rendered":"Kompakta resonanskondensatorer"},"content":{"rendered":"<div class=\"user-query-container ng-star-inserted\">\n<div id=\"user-query-content-6\" class=\"query-content\">\n<div class=\"query-text gds-body-l ng-star-inserted\" dir=\"ltr\" role=\"heading\" aria-level=\"2\">\n<h3 class=\"query-text-line ng-star-inserted\">Kompakta resonanskondensatorer<\/h3>\n<\/div>\n<\/div>\n<div class=\"button-gutter\"><span class=\"citation-0 recitation citation-end-0\" style=\"font-size: 14.4px; color: #555555;\">Kompakta resonanskondensatorer \u00e4r konstruerade f\u00f6r att minimera storlek och vikt och samtidigt bibeh\u00e5lla h\u00f6g prestanda i resonanskretsar.<\/span><span class=\"button-container hide-from-message-actions ng-star-inserted\" style=\"font-size: 14.4px; color: #555555;\">\u00a0 \u00a0<\/span><\/div>\n<\/div>\n<div>\n<div class=\"response-container ng-tns-c3227055261-101 response-optimization tts-removed ng-star-inserted response-container-has-multiple-responses\">\n<div class=\"presented-response-container ng-tns-c3227055261-101\">\n<div class=\"response-container-content ng-tns-c3227055261-101 tunable-selection-with-avatar\">\n<div class=\"response-content ng-tns-c3227055261-101\">\n<div id=\"model-response-message-contentr_7732902abd9846b2\" class=\"markdown markdown-main-panel tutor-markdown-rendering response-optimization\" dir=\"ltr\">\n<h3 data-sourcepos=\"1:1-1:139\"><strong style=\"font-size: 14.4px;\">Viktiga egenskaper:<\/strong><\/h3>\n<ul data-sourcepos=\"5:1-9:0\">\n<li data-sourcepos=\"5:1-5:95\"><strong>H\u00f6g kapacitansdensitet:<\/strong> Uppn\u00e5r h\u00f6ga kapacitansv\u00e4rden i ett litet fysiskt fotavtryck.<\/li>\n<li data-sourcepos=\"6:1-6:107\"><strong><span class=\"citation-1 recitation\">L\u00e5g ESR (ekvivalent seriemotst\u00e5nd):<\/span><\/strong><span class=\"citation-1 recitation citation-end-1\"> Minimerar energif\u00f6rluster och f\u00f6rb\u00e4ttrar effektiviteten.<\/span>\n<div class=\"container ng-tns-c362440147-106 hide\">\n<div class=\"carousel-container ng-tns-c362440147-106\"><\/div>\n<\/div>\n<\/li>\n<li data-sourcepos=\"7:1-7:90\"><strong>H\u00f6g Q-faktor:<\/strong> S\u00e4kerst\u00e4ller h\u00f6g kvalitetsfaktor f\u00f6r effektiv drift av resonanskretsar.<\/li>\n<li data-sourcepos=\"8:1-9:0\"><strong>Temperaturstabilitet:<\/strong> Bibeh\u00e5ller stabila kapacitansv\u00e4rden \u00f6ver ett brett temperaturomr\u00e5de.<\/li>\n<\/ul>\n<h3 data-sourcepos=\"10:1-10:38\"><strong>Teknik som m\u00f6jligg\u00f6r kompakthet:<\/strong><\/h3>\n<ul data-sourcepos=\"12:1-15:0\">\n<li data-sourcepos=\"12:1-12:133\"><strong>Avancerade dielektriska material:<\/strong> <span class=\"citation-2 recitation citation-end-2\">Genom att anv\u00e4nda dielektriska material med h\u00f6g permittivitet kan de fysiska storlekarna minskas.<\/span>\n<div class=\"container ng-tns-c362440147-107 hide\">\n<div class=\"carousel-container ng-tns-c362440147-107\"><\/div>\n<\/div>\n<\/li>\n<li data-sourcepos=\"13:1-13:116\"><strong>Konstruktion i flera lager:<\/strong> Genom att anv\u00e4nda flerskiktsstrukturer \u00f6kar kapacitansdensiteten inom ett begr\u00e4nsat utrymme.<\/li>\n<li data-sourcepos=\"14:1-15:0\"><strong>Miniatyriseringstekniker:<\/strong> Avancerade tillverkningsprocesser g\u00f6r det m\u00f6jligt att skapa extremt sm\u00e5 och exakta komponenter.<\/li>\n<\/ul>\n<h3 data-sourcepos=\"16:1-16:17\"><strong>Applikationer:<\/strong><\/h3>\n<ul data-sourcepos=\"18:1-22:0\">\n<li data-sourcepos=\"18:1-18:115\"><strong>Tr\u00e5dl\u00f6s kommunikation:<\/strong> Anv\u00e4nds i h\u00f6gfrekventa kretsar f\u00f6r mobiltelefoner, Wi-Fi och andra tr\u00e5dl\u00f6sa enheter.<\/li>\n<li data-sourcepos=\"19:1-19:98\"><strong>RF-system:<\/strong> Anv\u00e4nds i radiofrekvenssystem, t.ex. radar- och satellitkommunikation.<\/li>\n<li data-sourcepos=\"20:1-20:89\"><strong>Kraftelektronik:<\/strong> <span class=\"citation-3 recitation citation-end-3\">Anv\u00e4nds i kompakta och effektiva kraftomvandlare.<\/span>\n<div class=\"container ng-tns-c362440147-108 hide\">\n<div class=\"carousel-container ng-tns-c362440147-108\"><\/div>\n<\/div>\n<\/li>\n<li data-sourcepos=\"21:1-22:0\"><strong>Elektronik f\u00f6r fordonsindustrin:<\/strong> F\u00f6rekommer i olika fordonsapplikationer, bland annat i motorstyrenheter och avancerade f\u00f6rarassistanssystem (ADAS).<\/li>\n<\/ul>\n<h3 data-sourcepos=\"23:1-23:13\"><strong>F\u00f6rdelar:<\/strong><\/h3>\n<ul data-sourcepos=\"25:1-28:0\">\n<li data-sourcepos=\"25:1-25:78\"><strong>Minskad storlek och vikt:<\/strong> M\u00f6jligg\u00f6r mindre och l\u00e4ttare elektroniska enheter.<\/li>\n<li data-sourcepos=\"26:1-26:106\"><strong>F\u00f6rb\u00e4ttrad prestanda:<\/strong> H\u00f6gre kapacitansdensitet och l\u00e4gre ESR leder till f\u00f6rb\u00e4ttrad kretsprestanda.<\/li>\n<li data-sourcepos=\"27:1-28:0\"><strong>Kostnadsminskning:<\/strong> M\u00f6jlighet till l\u00e4gre tillverkningskostnader tack vare mindre komponentstorlekar.<\/li>\n<\/ul>\n<\/div>\n<\/div>\n<\/div>\n<\/div>\n<\/div>\n<\/div>","protected":false},"excerpt":{"rendered":"<table style=\"height: 581px;\" width=\"732\">\n<tbody>\n<tr>\n<td width=\"146\"><strong><b>Produkt<\/b><\/strong>\u00a0<strong><b>Namn:<\/b><\/strong><\/td>\n<td width=\"601\"><strong>Kompakta resonanskondensatorer<\/strong><\/td>\n<\/tr>\n<tr>\n<td width=\"146\">\n<h4><strong>Kort beskrivning:<\/strong><\/h4>\n<\/td>\n<td width=\"601\">1. Kopparn\u00f6tselektroder, liten fysisk storlek, enkel installation<\/p>\n<p>2. Plastf\u00f6rpackning, f\u00f6rseglad med torr harts<\/p>\n<p>3. Kan arbeta under h\u00f6gfrekvent str\u00f6m eller h\u00f6g pulsstr\u00f6m<\/p>\n<p>4. L\u00e5g ESL och ESR<\/td>\n<\/tr>\n<tr>\n<td width=\"146\"><strong>Kapacitansomr\u00e5de:<\/strong><\/td>\n<td width=\"601\">1 \uff5e 8 \u03bcF<\/td>\n<\/tr>\n<tr>\n<td width=\"146\"><strong>Nominell sp\u00e4nning\uff1a.<\/strong><\/td>\n<td width=\"601\">1200V.DC \uff5e 2000V.DC<\/td>\n<\/tr>\n<tr>\n<td width=\"146\"><strong>Cap.tol\uff1a<\/strong><\/td>\n<td width=\"601\">\u00b15%(J)<\/td>\n<\/tr>\n<tr>\n<td width=\"146\"><strong>T\u00e5lig sp\u00e4nning:<\/strong><\/td>\n<td width=\"601\">1,5Un DC\/60S<\/td>\n<\/tr>\n<\/tbody>\n<\/table>","protected":false},"featured_media":1891,"comment_status":"open","ping_status":"closed","template":"","meta":[],"product_brand":[],"product_cat":[42],"product_tag":[],"class_list":{"0":"post-1890","1":"product","2":"type-product","3":"status-publish","4":"has-post-thumbnail","6":"product_cat-resonance-capacitor","8":"first","9":"instock","10":"shipping-taxable","11":"product-type-simple"},"_links":{"self":[{"href":"https:\/\/rf-capacitor.com\/sv\/wp-json\/wp\/v2\/product\/1890","targetHints":{"allow":["GET"]}}],"collection":[{"href":"https:\/\/rf-capacitor.com\/sv\/wp-json\/wp\/v2\/product"}],"about":[{"href":"https:\/\/rf-capacitor.com\/sv\/wp-json\/wp\/v2\/types\/product"}],"replies":[{"embeddable":true,"href":"https:\/\/rf-capacitor.com\/sv\/wp-json\/wp\/v2\/comments?post=1890"}],"wp:featuredmedia":[{"embeddable":true,"href":"https:\/\/rf-capacitor.com\/sv\/wp-json\/wp\/v2\/media\/1891"}],"wp:attachment":[{"href":"https:\/\/rf-capacitor.com\/sv\/wp-json\/wp\/v2\/media?parent=1890"}],"wp:term":[{"taxonomy":"product_brand","embeddable":true,"href":"https:\/\/rf-capacitor.com\/sv\/wp-json\/wp\/v2\/product_brand?post=1890"},{"taxonomy":"product_cat","embeddable":true,"href":"https:\/\/rf-capacitor.com\/sv\/wp-json\/wp\/v2\/product_cat?post=1890"},{"taxonomy":"product_tag","embeddable":true,"href":"https:\/\/rf-capacitor.com\/sv\/wp-json\/wp\/v2\/product_tag?post=1890"}],"curies":[{"name":"wp","href":"https:\/\/api.w.org\/{rel}","templated":true}]}}