{"id":1886,"date":"2025-01-02T06:26:09","date_gmt":"2025-01-02T06:26:09","guid":{"rendered":"https:\/\/rf-capacitor.com\/?post_type=product&#038;p=1886"},"modified":"2025-01-02T06:26:09","modified_gmt":"2025-01-02T06:26:09","slug":"high-voltage-resonance-capacitor","status":"publish","type":"product","link":"https:\/\/rf-capacitor.com\/sv\/high-voltage-resonance-capacitor\/","title":{"rendered":"Resonanskondensator f\u00f6r h\u00f6g sp\u00e4nning"},"content":{"rendered":"<div class=\"user-query-container ng-star-inserted\">\n<div id=\"user-query-content-5\" class=\"query-content\">\n<div class=\"query-text gds-body-l ng-star-inserted\" dir=\"ltr\" role=\"heading\" aria-level=\"2\">\n<h3 class=\"query-text-line ng-star-inserted\">Resonanskondensator f\u00f6r h\u00f6g sp\u00e4nning<\/h3>\n<\/div>\n<\/div>\n<\/div>\n<div>\n<div class=\"response-container ng-tns-c3227055261-91 response-optimization tts-removed ng-star-inserted response-container-has-multiple-responses\">\n<div class=\"presented-response-container ng-tns-c3227055261-91\">\n<div class=\"response-container-content ng-tns-c3227055261-91 tunable-selection-with-avatar\">\n<div class=\"response-content ng-tns-c3227055261-91\">\n<div id=\"model-response-message-contentr_53dd446f46a75fa7\" class=\"markdown markdown-main-panel tutor-markdown-rendering response-optimization\" dir=\"ltr\">\n<p data-sourcepos=\"1:1-1:126\"><span class=\"citation-0 recitation citation-end-0\">H\u00f6gsp\u00e4nningsresonanskondensatorer \u00e4r specialiserade komponenter avsedda f\u00f6r anv\u00e4ndning i h\u00f6gsp\u00e4nningsresonanskretsar.<\/span><span class=\"button-container hide-from-message-actions ng-star-inserted\"> \u00a0<\/span><\/p>\n<h3 data-sourcepos=\"3:1-3:24\"><strong>Viktiga egenskaper:<\/strong><\/h3>\n<ul data-sourcepos=\"5:1-10:0\">\n<li data-sourcepos=\"5:1-5:127\"><strong>Extremt h\u00f6g sp\u00e4nningsniv\u00e5:<\/strong> <span class=\"citation-1 recitation citation-end-1\">Kapabel att motst\u00e5 mycket h\u00f6ga sp\u00e4nningar (typiskt i kilovoltomr\u00e5det).<\/span><span class=\"button-container hide-from-message-actions ng-star-inserted\">\u00a0 \u00a0<\/span>\n<div class=\"container ng-tns-c362440147-96 hide\">\n<div class=\"carousel-container ng-tns-c362440147-96\"><\/div>\n<\/div>\n<\/li>\n<li data-sourcepos=\"6:1-6:95\"><strong>L\u00e5g f\u00f6rlust:<\/strong> Minimala interna f\u00f6rluster f\u00f6r att minimera energiavledning och maximera effektiviteten.<\/li>\n<li data-sourcepos=\"7:1-7:110\"><strong>H\u00f6g Q-faktor:<\/strong> <span class=\"citation-2 recitation citation-end-2\">H\u00f6g kvalitetsfaktor (Q) \u00e4r avg\u00f6rande f\u00f6r effektiv drift av resonanskretsar.<\/span><span class=\"button-container hide-from-message-actions ng-star-inserted\">\u00a0 \u00a0<\/span>\n<div class=\"container ng-tns-c362440147-97 hide\">\n<div class=\"carousel-container ng-tns-c362440147-97\"><\/div>\n<\/div>\n<\/li>\n<li data-sourcepos=\"8:1-8:96\"><strong>Exakt kapacitans:<\/strong> Avg\u00f6rande f\u00f6r att uppn\u00e5 \u00f6nskad resonansfrekvens i kretsen.<\/li>\n<li data-sourcepos=\"9:1-10:0\"><strong>Robust konstruktion:<\/strong> Konstruerade f\u00f6r att klara p\u00e5frestningarna vid h\u00f6gsp\u00e4nningsdrift och de kr\u00e4vande milj\u00f6er d\u00e4r de anv\u00e4nds.<\/li>\n<\/ul>\n<h3 data-sourcepos=\"11:1-11:17\"><strong>Applikationer:<\/strong><\/h3>\n<ul data-sourcepos=\"13:1-18:0\">\n<li data-sourcepos=\"13:1-13:154\"><strong><span class=\"citation-3 recitation\">Teslaspolar:<\/span><\/strong><span class=\"citation-3 recitation citation-end-3\"> Ett klassiskt exempel d\u00e4r h\u00f6gsp\u00e4nningsresonanskondensatorer anv\u00e4nds f\u00f6r att generera h\u00f6gsp\u00e4nda, h\u00f6gfrekventa sv\u00e4ngningar.<\/span><span class=\"button-container hide-from-message-actions ng-star-inserted\">\u00a0<\/span>\n<div class=\"container ng-tns-c362440147-98 hide\">\n<div class=\"carousel-container ng-tns-c362440147-98\"><\/div>\n<\/div>\n<\/li>\n<li data-sourcepos=\"14:1-14:135\"><strong>Partikelacceleratorer:<\/strong> Anv\u00e4nds i olika komponenter i partikelacceleratorer f\u00f6r att generera och manipulera h\u00f6genergetiska partikelstr\u00e5lar.<\/li>\n<li data-sourcepos=\"15:1-15:85\"><strong>S\u00e4ndare med h\u00f6g effekt:<\/strong> Finns i h\u00f6geffektiva radio- och TV-s\u00e4ndare.<\/li>\n<li data-sourcepos=\"16:1-16:98\"><strong>Plasmafysikforskning:<\/strong> Anv\u00e4nds i plasmafysikexperiment f\u00f6r att generera och begr\u00e4nsa plasmor.<\/li>\n<li data-sourcepos=\"17:1-18:0\"><strong>Industriella till\u00e4mpningar:<\/strong> Vissa specialiserade industriella applikationer kan kr\u00e4va h\u00f6gsp\u00e4nningsresonanskondensatorer.<\/li>\n<\/ul>\n<p data-sourcepos=\"19:1-19:15\"><strong>Sammanfattningsvis:<\/strong><\/p>\n<p data-sourcepos=\"21:1-21:254\">H\u00f6gsp\u00e4nningsresonanskondensatorer \u00e4r kritiska komponenter i m\u00e5nga h\u00f6gsp\u00e4nningsapplikationer. Deras f\u00f6rm\u00e5ga att motst\u00e5 extrema sp\u00e4nningar, minimera f\u00f6rluster och fungera effektivt i resonanskretsar g\u00f6r dem viktiga f\u00f6r dessa kr\u00e4vande applikationer.<\/p>\n<\/div>\n<\/div>\n<\/div>\n<\/div>\n<\/div>\n<\/div>","protected":false},"excerpt":{"rendered":"<table style=\"height: 581px;\" width=\"824\">\n<tbody>\n<tr>\n<td width=\"146\"><strong><b>Produkt<\/b><\/strong>\u00a0<strong><b>Namn:<\/b><\/strong><\/td>\n<td width=\"601\"><strong>Resonanskondensator f\u00f6r h\u00f6g sp\u00e4nning<\/strong><\/td>\n<\/tr>\n<tr>\n<td width=\"146\">\n<h4><strong>Kort beskrivning:<\/strong><\/h4>\n<\/td>\n<td width=\"601\">1. Liten kompakt f\u00f6rpackningsstorlek<\/p>\n<p>2. Kapabel att hantera stora sp\u00e4nningar och str\u00f6mmar<\/p>\n<p>3. Anv\u00e4nd dielektrikum med l\u00e5g f\u00f6rlust av polypropylenfilm<\/td>\n<\/tr>\n<tr>\n<td width=\"146\"><strong>Urladdningsbest\u00e4ndighet:<\/strong><\/td>\n<td width=\"601\">30000M\u03a9<\/td>\n<\/tr>\n<tr>\n<td width=\"146\"><strong>Nominell sp\u00e4nning\uff1a.<\/strong><\/td>\n<td width=\"601\">5000v\/\u00b5s<\/td>\n<\/tr>\n<tr>\n<td width=\"146\"><strong>Cap.tol\uff1a<\/strong><\/td>\n<td width=\"601\">\n<table style=\"height: 6px;\" border=\"0\" width=\"5\" cellspacing=\"0\">\n<tbody>\n<tr>\n<td valign=\"center\" nowrap=\"nowrap\" width=\"330\"><\/td>\n<\/tr>\n<\/tbody>\n<\/table>\n<p>-40\u2103~ +85\u2103<\/td>\n<\/tr>\n<tr>\n<td width=\"146\"><strong>Livsl\u00e4ngd:\u00a0<\/strong><\/td>\n<td width=\"601\">100000H<\/td>\n<\/tr>\n<\/tbody>\n<\/table>","protected":false},"featured_media":1887,"comment_status":"open","ping_status":"closed","template":"","meta":[],"product_brand":[],"product_cat":[42],"product_tag":[],"class_list":{"0":"post-1886","1":"product","2":"type-product","3":"status-publish","4":"has-post-thumbnail","6":"product_cat-resonance-capacitor","8":"first","9":"instock","10":"shipping-taxable","11":"product-type-simple"},"_links":{"self":[{"href":"https:\/\/rf-capacitor.com\/sv\/wp-json\/wp\/v2\/product\/1886","targetHints":{"allow":["GET"]}}],"collection":[{"href":"https:\/\/rf-capacitor.com\/sv\/wp-json\/wp\/v2\/product"}],"about":[{"href":"https:\/\/rf-capacitor.com\/sv\/wp-json\/wp\/v2\/types\/product"}],"replies":[{"embeddable":true,"href":"https:\/\/rf-capacitor.com\/sv\/wp-json\/wp\/v2\/comments?post=1886"}],"wp:featuredmedia":[{"embeddable":true,"href":"https:\/\/rf-capacitor.com\/sv\/wp-json\/wp\/v2\/media\/1887"}],"wp:attachment":[{"href":"https:\/\/rf-capacitor.com\/sv\/wp-json\/wp\/v2\/media?parent=1886"}],"wp:term":[{"taxonomy":"product_brand","embeddable":true,"href":"https:\/\/rf-capacitor.com\/sv\/wp-json\/wp\/v2\/product_brand?post=1886"},{"taxonomy":"product_cat","embeddable":true,"href":"https:\/\/rf-capacitor.com\/sv\/wp-json\/wp\/v2\/product_cat?post=1886"},{"taxonomy":"product_tag","embeddable":true,"href":"https:\/\/rf-capacitor.com\/sv\/wp-json\/wp\/v2\/product_tag?post=1886"}],"curies":[{"name":"wp","href":"https:\/\/api.w.org\/{rel}","templated":true}]}}