{"id":1863,"date":"2025-01-02T02:25:29","date_gmt":"2025-01-02T02:25:29","guid":{"rendered":"https:\/\/rf-capacitor.com\/?post_type=product&#038;p=1863"},"modified":"2025-01-02T02:25:29","modified_gmt":"2025-01-02T02:25:29","slug":"rmf-induction-heating-capacitor","status":"publish","type":"product","link":"https:\/\/rf-capacitor.com\/sv\/rmf-induction-heating-capacitor\/","title":{"rendered":"RMF Kondensator f\u00f6r induktionsv\u00e4rme"},"content":{"rendered":"<div class=\"user-query-container ng-star-inserted\">\n<div id=\"user-query-content-3\" class=\"query-content\">\n<div class=\"query-text gds-body-l ng-star-inserted\" dir=\"ltr\" role=\"heading\" aria-level=\"2\">\n<h3 class=\"query-text-line ng-star-inserted\">RMF Kondensator f\u00f6r induktionsv\u00e4rme<\/h3>\n<\/div>\n<\/div>\n<\/div>\n<div>\n<div class=\"response-container ng-tns-c3227055261-50 response-optimization tts-removed ng-star-inserted response-container-has-multiple-responses\">\n<div class=\"presented-response-container ng-tns-c3227055261-50\">\n<div class=\"response-container-content ng-tns-c3227055261-50 tunable-selection-with-avatar\">\n<div class=\"response-content ng-tns-c3227055261-50\">\n<div id=\"model-response-message-contentr_6c2a80d1ec190fc8\" class=\"markdown markdown-main-panel tutor-markdown-rendering response-optimization\" dir=\"ltr\">\n<p data-sourcepos=\"1:1-1:113\"><span class=\"citation-0 recitation\">RFM-kondensatorer \u00e4r speciellt utformade f\u00f6r anv\u00e4ndning i <\/span><strong><span class=\"citation-0 recitation\">Medelfrekventa induktionsv\u00e4rmesystem<\/span><\/strong><span class=\"citation-0 recitation citation-end-0\">.<\/span><span class=\"button-container hide-from-message-actions ng-star-inserted\">\u00a0<\/span><\/p>\n<h3 data-sourcepos=\"3:1-3:24\"><strong>Viktiga egenskaper:<\/strong><\/h3>\n<ul data-sourcepos=\"5:1-10:0\">\n<li data-sourcepos=\"5:1-5:95\"><strong>H\u00f6g sp\u00e4nningsklassning:<\/strong> De m\u00e5ste t\u00e5la de h\u00f6ga sp\u00e4nningar som genereras i dessa system.<\/li>\n<li data-sourcepos=\"6:1-6:119\"><strong>H\u00f6g kapacitet f\u00f6r str\u00f6mhantering:<\/strong> <span class=\"citation-1 recitation citation-end-1\">Kan hantera de stora str\u00f6mmar som \u00e4r f\u00f6rknippade med induktionsuppv\u00e4rmning.<\/span><span class=\"button-container hide-from-message-actions ng-star-inserted\"> \u00a0<\/span>\n<div class=\"container ng-tns-c362440147-55 hide\">\n<div class=\"carousel-container ng-tns-c362440147-55\"><\/div>\n<\/div>\n<\/li>\n<li data-sourcepos=\"7:1-7:104\"><strong><span class=\"citation-2 recitation\">L\u00e5g ESR (ekvivalent seriemotst\u00e5nd):<\/span><\/strong><span class=\"citation-2 recitation citation-end-2\"> Minimerar energif\u00f6rlusterna i kondensatorn.<\/span><span class=\"button-container hide-from-message-actions ng-star-inserted\">\u00a0 \u00a0<\/span>\n<div class=\"container ng-tns-c362440147-56 hide\">\n<div class=\"carousel-container ng-tns-c362440147-56\"><\/div>\n<\/div>\n<\/li>\n<li data-sourcepos=\"8:1-8:123\"><strong>God termisk stabilitet:<\/strong> Kan arbeta vid h\u00f6ga temperaturer p\u00e5 grund av den v\u00e4rme som genereras vid induktionsuppv\u00e4rmning.<\/li>\n<li data-sourcepos=\"9:1-10:0\"><strong>Robust konstruktion:<\/strong> Utformad f\u00f6r att klara de tuffa driftsf\u00f6rh\u00e5llandena i industriella milj\u00f6er.<\/li>\n<\/ul>\n<h3 data-sourcepos=\"11:1-11:39\"><strong>Hur de fungerar i RMF Induktionsv\u00e4rmekondensator:<\/strong><\/h3>\n<ol data-sourcepos=\"13:1-15:0\">\n<li data-sourcepos=\"13:1-13:220\"><strong><span class=\"citation-3 recitation\">Resonans:<\/span><\/strong><span class=\"citation-3 recitation citation-end-3\"> RFM-kondensatorer anv\u00e4nds f\u00f6r att skapa en resonanskrets med induktionsspolen.<\/span> Denna resonans maximerar str\u00f6mfl\u00f6det genom spolen, vilket \u00e4r avg\u00f6rande f\u00f6r effektiv induktionsv\u00e4rme.<span class=\"button-container hide-from-message-actions ng-star-inserted\">\u00a0 \u00a0<\/span>\n<div class=\"container ng-tns-c362440147-57 hide\">\n<div class=\"carousel-container ng-tns-c362440147-57\"><\/div>\n<\/div>\n<\/li>\n<li data-sourcepos=\"14:1-15:0\"><strong><span class=\"citation-4 recitation\">Effektfaktorkorrigering:<\/span><\/strong><span class=\"citation-4 recitation citation-end-4\"> De bidrar till att f\u00f6rb\u00e4ttra induktionsv\u00e4rmesystemets effektfaktor, vilket minskar den reaktiva effekten och f\u00f6rb\u00e4ttrar systemets totala effektivitet.<\/span><span class=\"button-container hide-from-message-actions ng-star-inserted\"> \u00a0<\/span>\n<div class=\"container ng-tns-c362440147-58 hide\">\n<div class=\"carousel-container ng-tns-c362440147-58\"><\/div>\n<\/div>\n<\/li>\n<\/ol>\n<h3 data-sourcepos=\"16:1-16:25\"><strong>Typiska till\u00e4mpningar:<\/strong><\/h3>\n<ul data-sourcepos=\"18:1-20:0\">\n<li data-sourcepos=\"18:1-18:93\"><strong>Metall Uppv\u00e4rmning:<\/strong> Anv\u00e4nds i olika applikationer som smide, h\u00e4rdning och sm\u00e4ltning av metall.<\/li>\n<li data-sourcepos=\"19:1-20:0\"><strong>V\u00e4rmebehandling:<\/strong> <span class=\"citation-5 recitation citation-end-5\">Anv\u00e4nds vid v\u00e4rmebehandling av metaller f\u00f6r att f\u00f6rb\u00e4ttra deras mekaniska egenskaper.<\/span><span class=\"button-container hide-from-message-actions ng-star-inserted\"> \u00a0 <\/span><\/li>\n<\/ul>\n<\/div>\n<\/div>\n<\/div>\n<\/div>\n<\/div>\n<\/div>","protected":false},"excerpt":{"rendered":"<table style=\"height: 472px;\" width=\"718\">\n<tbody>\n<tr>\n<td width=\"146\"><strong><b>Produkt<\/b><\/strong>\u00a0<strong><b>Namn:<\/b><\/strong><\/td>\n<td width=\"601\"><strong>RMF Kondensator f\u00f6r induktionsv\u00e4rme<\/strong><\/td>\n<\/tr>\n<tr>\n<td width=\"146\">\n<h4><strong>Kort beskrivning:<\/strong><\/h4>\n<\/td>\n<td width=\"601\">Pv-omvandlare, vindkraftsomvandlare; AII typer av frekvensomvandlare och omformare<br \/>\nstr\u00f6mf\u00f6rs\u00f6rjning; rena el- och hybridbilar; laddningsstolpe, UPS, etc.<\/td>\n<\/tr>\n<tr>\n<td width=\"146\"><b>Effektomr\u00e5de<\/b>:<\/td>\n<td width=\"601\">upp till 6000 uF<\/td>\n<\/tr>\n<tr>\n<td width=\"146\"><strong>Nominell sp\u00e4nning\uff1a.<\/strong><\/td>\n<td width=\"601\">0,75kv till 3kv<\/td>\n<\/tr>\n<tr>\n<td width=\"146\"><strong><b>Referensstandard<\/b>:\uff1a<\/strong><\/td>\n<td width=\"601\">GB\/T3984.1-2004<\/td>\n<\/tr>\n<tr>\n<td width=\"146\"><strong>IEC60110-1:<\/strong><\/td>\n<td width=\"601\">1998<\/td>\n<\/tr>\n<\/tbody>\n<\/table>","protected":false},"featured_media":1864,"comment_status":"open","ping_status":"closed","template":"","meta":[],"product_brand":[],"product_cat":[41],"product_tag":[],"class_list":{"0":"post-1863","1":"product","2":"type-product","3":"status-publish","4":"has-post-thumbnail","6":"product_cat-induction-heating-capacitor","8":"first","9":"instock","10":"shipping-taxable","11":"product-type-simple"},"_links":{"self":[{"href":"https:\/\/rf-capacitor.com\/sv\/wp-json\/wp\/v2\/product\/1863","targetHints":{"allow":["GET"]}}],"collection":[{"href":"https:\/\/rf-capacitor.com\/sv\/wp-json\/wp\/v2\/product"}],"about":[{"href":"https:\/\/rf-capacitor.com\/sv\/wp-json\/wp\/v2\/types\/product"}],"replies":[{"embeddable":true,"href":"https:\/\/rf-capacitor.com\/sv\/wp-json\/wp\/v2\/comments?post=1863"}],"wp:featuredmedia":[{"embeddable":true,"href":"https:\/\/rf-capacitor.com\/sv\/wp-json\/wp\/v2\/media\/1864"}],"wp:attachment":[{"href":"https:\/\/rf-capacitor.com\/sv\/wp-json\/wp\/v2\/media?parent=1863"}],"wp:term":[{"taxonomy":"product_brand","embeddable":true,"href":"https:\/\/rf-capacitor.com\/sv\/wp-json\/wp\/v2\/product_brand?post=1863"},{"taxonomy":"product_cat","embeddable":true,"href":"https:\/\/rf-capacitor.com\/sv\/wp-json\/wp\/v2\/product_cat?post=1863"},{"taxonomy":"product_tag","embeddable":true,"href":"https:\/\/rf-capacitor.com\/sv\/wp-json\/wp\/v2\/product_tag?post=1863"}],"curies":[{"name":"wp","href":"https:\/\/api.w.org\/{rel}","templated":true}]}}