{"id":1860,"date":"2025-01-02T02:14:12","date_gmt":"2025-01-02T02:14:12","guid":{"rendered":"https:\/\/rf-capacitor.com\/?post_type=product&#038;p=1860"},"modified":"2025-01-02T02:14:12","modified_gmt":"2025-01-02T02:14:12","slug":"switching-power-snubber-capacitor","status":"publish","type":"product","link":"https:\/\/rf-capacitor.com\/sv\/switching-power-snubber-capacitor\/","title":{"rendered":"Snubberkondensator f\u00f6r switchad effekt"},"content":{"rendered":"<div class=\"user-query-container ng-star-inserted\">\n<div id=\"user-query-content-2\" class=\"query-content\">\n<div class=\"query-text gds-body-l ng-star-inserted\" dir=\"ltr\" role=\"heading\" aria-level=\"2\">\n<h3 class=\"query-text-line ng-star-inserted\">Snubberkondensator f\u00f6r switchad effekt<\/h3>\n<\/div>\n<\/div>\n<div class=\"button-gutter\"><span class=\"citation-0 recitation citation-end-0\" style=\"font-size: 14.4px; color: #555555;\">I switchade str\u00f6mf\u00f6rs\u00f6rjningar \u00e4r snubberkondensatorer avg\u00f6rande f\u00f6r att skydda de switchade enheterna (som MOSFETs eller IGBTs) fr\u00e5n alltf\u00f6r stora sp\u00e4nnings- och str\u00f6msp\u00e4nningar under switch\u00f6verg\u00e5ngar.<\/span><span class=\"button-container hide-from-message-actions ng-star-inserted\" style=\"font-size: 14.4px; color: #555555;\">\u00a0 \u00a0<\/span><\/div>\n<\/div>\n<div>\n<div class=\"response-container ng-tns-c3227055261-38 response-optimization tts-removed ng-star-inserted response-container-has-multiple-responses\">\n<div class=\"presented-response-container ng-tns-c3227055261-38\">\n<div class=\"response-container-content ng-tns-c3227055261-38 tunable-selection-with-avatar\">\n<div class=\"response-content ng-tns-c3227055261-38\">\n<div id=\"model-response-message-contentr_690cc733da6ea17b\" class=\"markdown markdown-main-panel tutor-markdown-rendering response-optimization\" dir=\"ltr\">\n<h2 data-sourcepos=\"1:1-1:208\"><strong style=\"font-size: 14.4px;\">\u00a0Hur fungerar Switching Power Snubber Capacitor:<\/strong><\/h2>\n<ul data-sourcepos=\"5:1-7:0\">\n<li data-sourcepos=\"5:1-5:287\"><strong><span class=\"citation-1 recitation\">Sp\u00e4nningsspikar:<\/span><\/strong><span class=\"citation-1 recitation citation-end-1\"> N\u00e4r brytaren st\u00e4ngs av kan den parasitiska induktansen i kretsen orsaka en snabb sp\u00e4nnings\u00f6kning \u00f6ver brytaren.<\/span> <span class=\"citation-2 recitation citation-end-2\">Snubberkondensatorn absorberar denna pl\u00f6tsliga sp\u00e4nnings\u00f6kning, begr\u00e4nsar toppsp\u00e4nningen och f\u00f6rhindrar att brytaren skadas.<\/span>\n<div class=\"container ng-tns-c362440147-43 hide\">\n<div class=\"carousel-container ng-tns-c362440147-43\"><\/div>\n<\/div>\n<\/li>\n<li data-sourcepos=\"6:1-7:0\"><strong>Str\u00f6mbrytare:<\/strong> Under avst\u00e4ngnings\u00f6verg\u00e5ngen ger snubberkondensatorn en tillf\u00e4llig v\u00e4g f\u00f6r str\u00f6mmen att flyta, vilket minskar di\/dt (str\u00f6m\u00e4ndringshastigheten) och minimerar EMI (elektromagnetisk interferens).<\/li>\n<\/ul>\n<h3 data-sourcepos=\"8:1-8:24\"><strong>Viktiga egenskaper:<\/strong><\/h3>\n<ul data-sourcepos=\"10:1-14:0\">\n<li data-sourcepos=\"10:1-10:88\"><strong>H\u00f6g sp\u00e4nningsklassning:<\/strong> M\u00e5ste klara de toppsp\u00e4nningar som uppst\u00e5r vid omkoppling.<\/li>\n<li data-sourcepos=\"11:1-11:104\"><strong><span class=\"citation-3 recitation\">L\u00e5g ESR (ekvivalent seriemotst\u00e5nd):<\/span><\/strong><span class=\"citation-3 recitation citation-end-3\"> Minimerar energif\u00f6rlusterna i kondensatorn.<\/span><span class=\"button-container hide-from-message-actions ng-star-inserted\"> \u00a0<\/span>\n<div class=\"container ng-tns-c362440147-44 hide\">\n<div class=\"carousel-container ng-tns-c362440147-44\"><\/div>\n<\/div>\n<\/li>\n<li data-sourcepos=\"12:1-12:123\"><strong>Kapacitet f\u00f6r snabbladdning\/urladdning:<\/strong> <span class=\"citation-4 recitation citation-end-4\">F\u00f6rm\u00e5ga att snabbt absorbera och frig\u00f6ra energi under v\u00e4xlande h\u00e4ndelser.<\/span>\n<div class=\"container ng-tns-c362440147-45 hide\">\n<div class=\"carousel-container ng-tns-c362440147-45\"><\/div>\n<\/div>\n<\/li>\n<li data-sourcepos=\"13:1-14:0\"><strong>Kompakt storlek:<\/strong> F\u00f6r att minimera utrymmesbehovet i kraftelektroniska system.<\/li>\n<\/ul>\n<h3 data-sourcepos=\"15:1-15:32\"><strong>Typer av switchande effektavsk\u00e4rmningskondensatorer:<\/strong><\/h3>\n<ul data-sourcepos=\"17:1-19:0\">\n<li data-sourcepos=\"17:1-17:112\"><strong>Filmkondensatorer:<\/strong> Anv\u00e4nds ofta p\u00e5 grund av deras h\u00f6ga sp\u00e4nningsklasser, l\u00e5ga ESR och goda temperaturstabilitet.<\/li>\n<li data-sourcepos=\"18:1-19:0\"><strong>Keramiska kondensatorer:<\/strong> Erbjuder h\u00f6g kapacitans i en liten kapsling men kan ha begr\u00e4nsningar i sp\u00e4nningsklassning och temperaturstabilitet.<\/li>\n<\/ul>\n<h3 data-sourcepos=\"20:1-20:26\"><strong>Design\u00f6verv\u00e4ganden:<\/strong><\/h3>\n<ul data-sourcepos=\"22:1-25:0\">\n<li data-sourcepos=\"22:1-22:87\"><strong>Kopplingsenhetens egenskaper:<\/strong> Till- och fr\u00e5nslagstider, toppstr\u00f6mmar och sp\u00e4nningar.<\/li>\n<li data-sourcepos=\"23:1-23:69\"><strong>Parametrar f\u00f6r kretsen:<\/strong> Parasitisk induktans, belastningskarakteristik.<\/li>\n<li data-sourcepos=\"24:1-25:0\"><strong><span class=\"citation-5 recitation\">Topologi f\u00f6r snubberkrets:<\/span><\/strong><span class=\"citation-5 recitation citation-end-5\"> Olika snubberkonfigurationer (R-C, RCD, etc.) har olika inverkan p\u00e5 kretsens prestanda.<\/span><span class=\"button-container hide-from-message-actions ng-star-inserted\">\u00a0 \u00a0<\/span>\n<div class=\"container ng-tns-c362440147-46 hide\">\n<div class=\"carousel-container ng-tns-c362440147-46\"><\/div>\n<\/div>\n<\/li>\n<\/ul>\n<h3 data-sourcepos=\"26:1-26:41\"><strong>F\u00f6rdelar med att anv\u00e4nda snubberkondensatorer:<\/strong><\/h3>\n<ul data-sourcepos=\"28:1-31:0\">\n<li data-sourcepos=\"28:1-28:102\"><strong>F\u00f6rb\u00e4ttrad tillf\u00f6rlitlighet f\u00f6r v\u00e4xlar:<\/strong> Minskad belastning p\u00e5 brytarenheten, vilket leder till l\u00e4ngre livsl\u00e4ngd.<\/li>\n<li data-sourcepos=\"29:1-29:68\"><strong>Minskade EMI-utsl\u00e4pp:<\/strong> Minimerar elektromagnetisk st\u00f6rning.<\/li>\n<li data-sourcepos=\"30:1-31:0\"><strong>F\u00f6rb\u00e4ttrad systemeffektivitet:<\/strong> Minskade effektf\u00f6rluster tack vare l\u00e4gre kopplingsf\u00f6rluster.<\/li>\n<\/ul>\n<\/div>\n<\/div>\n<\/div>\n<\/div>\n<\/div>\n<\/div>","protected":false},"excerpt":{"rendered":"<table style=\"height: 523px;\" width=\"704\">\n<tbody>\n<tr>\n<td width=\"146\"><strong><b>Produkt<\/b><\/strong>\u00a0<strong><b>Namn:<\/b><\/strong><\/td>\n<td width=\"601\"><strong>Snubberkondensator f\u00f6r switchad effekt<\/strong><\/td>\n<\/tr>\n<tr>\n<td width=\"146\">\n<h4><strong>Kort beskrivning:<\/strong><\/h4>\n<\/td>\n<td width=\"601\">CRE snubberfilmkondensatorer \u00e4r konstruerade f\u00f6r h\u00f6ga toppstr\u00f6mmar som kr\u00e4vs f\u00f6r att skydda mot transienta sp\u00e4nningar.<\/td>\n<\/tr>\n<tr>\n<td width=\"146\"><strong>Kapacitansomr\u00e5de:<\/strong><\/td>\n<td width=\"601\">\u00a02\u03bcF\u00b110%<\/td>\n<\/tr>\n<tr>\n<td width=\"146\"><strong>Nominell sp\u00e4nning\uff1a.<\/strong><\/td>\n<td width=\"601\">700V.DC \uff5e3000V.DC<\/td>\n<\/tr>\n<tr>\n<td width=\"146\"><strong>Cap.tol\uff1a<\/strong><\/td>\n<td width=\"601\">\u00b15%(J);\u00b110%(K)<\/td>\n<\/tr>\n<tr>\n<td width=\"146\"><\/td>\n<td width=\"601\"><\/td>\n<\/tr>\n<\/tbody>\n<\/table>","protected":false},"featured_media":1861,"comment_status":"open","ping_status":"closed","template":"","meta":[],"product_brand":[],"product_cat":[40],"product_tag":[],"class_list":{"0":"post-1860","1":"product","2":"type-product","3":"status-publish","4":"has-post-thumbnail","6":"product_cat-snubber-capacitor","8":"first","9":"instock","10":"shipping-taxable","11":"product-type-simple"},"_links":{"self":[{"href":"https:\/\/rf-capacitor.com\/sv\/wp-json\/wp\/v2\/product\/1860","targetHints":{"allow":["GET"]}}],"collection":[{"href":"https:\/\/rf-capacitor.com\/sv\/wp-json\/wp\/v2\/product"}],"about":[{"href":"https:\/\/rf-capacitor.com\/sv\/wp-json\/wp\/v2\/types\/product"}],"replies":[{"embeddable":true,"href":"https:\/\/rf-capacitor.com\/sv\/wp-json\/wp\/v2\/comments?post=1860"}],"wp:featuredmedia":[{"embeddable":true,"href":"https:\/\/rf-capacitor.com\/sv\/wp-json\/wp\/v2\/media\/1861"}],"wp:attachment":[{"href":"https:\/\/rf-capacitor.com\/sv\/wp-json\/wp\/v2\/media?parent=1860"}],"wp:term":[{"taxonomy":"product_brand","embeddable":true,"href":"https:\/\/rf-capacitor.com\/sv\/wp-json\/wp\/v2\/product_brand?post=1860"},{"taxonomy":"product_cat","embeddable":true,"href":"https:\/\/rf-capacitor.com\/sv\/wp-json\/wp\/v2\/product_cat?post=1860"},{"taxonomy":"product_tag","embeddable":true,"href":"https:\/\/rf-capacitor.com\/sv\/wp-json\/wp\/v2\/product_tag?post=1860"}],"curies":[{"name":"wp","href":"https:\/\/api.w.org\/{rel}","templated":true}]}}