{"id":1856,"date":"2025-01-02T02:04:58","date_gmt":"2025-01-02T02:04:58","guid":{"rendered":"https:\/\/rf-capacitor.com\/?post_type=product&#038;p=1856"},"modified":"2025-01-02T02:04:58","modified_gmt":"2025-01-02T02:04:58","slug":"resonant-circuit-snubber-capacitor","status":"publish","type":"product","link":"https:\/\/rf-capacitor.com\/sv\/resonant-circuit-snubber-capacitor\/","title":{"rendered":"Resonanskrets Snubberkondensator"},"content":{"rendered":"<div class=\"user-query-container ng-star-inserted\">\n<div id=\"user-query-content-1\" class=\"query-content\">\n<div class=\"query-text gds-body-l ng-star-inserted\" dir=\"ltr\" role=\"heading\" aria-level=\"2\">\n<h3 class=\"query-text-line ng-star-inserted\">Resonanskrets Snubberkondensator<\/h3>\n<\/div>\n<\/div>\n<\/div>\n<div>\n<div class=\"response-container ng-tns-c3227055261-32 response-optimization tts-removed ng-star-inserted response-container-has-multiple-responses\">\n<div class=\"presented-response-container ng-tns-c3227055261-32\">\n<div class=\"response-container-content ng-tns-c3227055261-32 tunable-selection-with-avatar\">\n<div class=\"response-content ng-tns-c3227055261-32\">\n<div id=\"model-response-message-contentr_be92511bd195e395\" class=\"markdown markdown-main-panel tutor-markdown-rendering response-optimization\" dir=\"ltr\">\n<p data-sourcepos=\"1:1-1:154\">I snubberkretsar med resonans spelar kondensatorn en avg\u00f6rande roll f\u00f6r att skapa en resonanstank med den parasitiska induktans som finns i systemet.<\/p>\n<h3 data-sourcepos=\"3:1-3:17\"><strong>Hur fungerar en snubberkondensator f\u00f6r resonanskretsar?<\/strong><\/h3>\n<ul data-sourcepos=\"5:1-7:0\">\n<li data-sourcepos=\"5:1-5:283\"><strong>Resonans:<\/strong> Kondensatorn och den parasit\u00e4ra induktansen bildar en LC-tank-krets. N\u00e4r IGBT:n st\u00e4ngs av \u00f6verf\u00f6rs den lagrade energin i den parasit\u00e4ra induktansen till kondensatorn. Denna energi\u00f6verf\u00f6ring sker vid LC-tankens resonansfrekvens, vilket leder till sv\u00e4ngningar.<\/li>\n<li data-sourcepos=\"6:1-7:0\"><strong>Energiavledning:<\/strong> Ett motst\u00e5nd ing\u00e5r vanligtvis i den resonanta snubberkretsen f\u00f6r att d\u00e4mpa dessa sv\u00e4ngningar och avleda energin.<\/li>\n<\/ul>\n<h3 data-sourcepos=\"8:1-8:56\"><strong>Viktiga egenskaper f\u00f6r resonerande snubberkondensatorer:<\/strong><\/h3>\n<ul data-sourcepos=\"10:1-13:0\">\n<li data-sourcepos=\"10:1-10:82\"><strong>Exakt kapacitans:<\/strong> Avg\u00f6rande f\u00f6r att uppn\u00e5 \u00f6nskad resonansfrekvens.<\/li>\n<li data-sourcepos=\"11:1-11:78\"><strong><span class=\"citation-0 recitation\">L\u00e5g ESR:<\/span><\/strong><span class=\"citation-0 recitation citation-end-0\"> Minimerar f\u00f6rlusterna under resonanssv\u00e4ngningarna. <\/span>\n<div class=\"container ng-tns-c362440147-35\">\n<div class=\"carousel-container ng-tns-c362440147-35\">\n<div class=\"carousel-content ng-tns-c362440147-35\">\n<div class=\"sources-carousel-source ng-tns-c362440147-35 ng-star-inserted\" data-test-id=\"sources-carousel-source\">\n<div class=\"source-card-container\">\n<div class=\"source-card-content\"><\/div>\n<\/div>\n<\/div>\n<\/div>\n<\/div>\n<\/div>\n<\/li>\n<li data-sourcepos=\"12:1-13:0\"><strong>H\u00f6g sp\u00e4nningsklassning:<\/strong> M\u00e5ste klara de toppsp\u00e4nningar som uppst\u00e5r under resonans.<\/li>\n<\/ul>\n<h3 data-sourcepos=\"14:1-14:42\"><strong>F\u00f6rdelar med snubberkondensator f\u00f6r resonanskretsar:<\/strong><\/h3>\n<ul data-sourcepos=\"16:1-19:0\">\n<li data-sourcepos=\"16:1-16:158\"><strong>Minskade kopplingsf\u00f6rluster:<\/strong> Genom att utnyttja den resonanta energi\u00f6verf\u00f6ringen kan switchf\u00f6rlusterna minskas avsev\u00e4rt j\u00e4mf\u00f6rt med traditionella R-C-snubbers.<\/li>\n<li data-sourcepos=\"17:1-17:96\"><strong>F\u00f6rb\u00e4ttrad effektivitet:<\/strong> L\u00e4gre kopplingsf\u00f6rluster inneb\u00e4r h\u00f6gre total systemeffektivitet.<\/li>\n<li data-sourcepos=\"18:1-19:0\"><strong>Minskad EMI:<\/strong> Kretsens resonanta karakt\u00e4r kan bidra till att minska EMI-utsl\u00e4ppen.<\/li>\n<\/ul>\n<h3 data-sourcepos=\"20:1-20:26\"><strong>Design\u00f6verv\u00e4ganden:<\/strong><\/h3>\n<ul data-sourcepos=\"22:1-25:0\">\n<li data-sourcepos=\"22:1-22:89\"><strong>Resonansfrekvens:<\/strong> Noggrant ber\u00e4knad f\u00f6r att matcha de \u00f6nskade driftf\u00f6rh\u00e5llandena.<\/li>\n<li data-sourcepos=\"23:1-23:117\"><strong>D\u00e4mpningsfaktor:<\/strong> Motst\u00e5ndets v\u00e4rde v\u00e4ljs f\u00f6r att ge l\u00e4mplig d\u00e4mpning och f\u00f6rhindra alltf\u00f6r kraftiga sv\u00e4ngningar.<\/li>\n<li data-sourcepos=\"24:1-25:0\"><strong>Val av kretskomponenter:<\/strong> Ett noggrant val av komponenter (kondensator, motst\u00e5nd, induktor) \u00e4r avg\u00f6rande f\u00f6r optimal prestanda.<\/li>\n<\/ul>\n<p data-sourcepos=\"30:1-30:230\">\n<\/div>\n<\/div>\n<\/div>\n<\/div>\n<\/div>\n<\/div>","protected":false},"excerpt":{"rendered":"<table style=\"height: 534px;\" width=\"695\">\n<tbody>\n<tr>\n<td width=\"146\"><strong><b>Produkt<\/b><\/strong>\u00a0<strong><b>Namn:<\/b><\/strong><\/td>\n<td width=\"601\"><strong>Resonanskrets Snubberkondensator<\/strong><\/td>\n<\/tr>\n<tr>\n<td width=\"146\">\n<h4><strong>Kort beskrivning:<\/strong><\/h4>\n<\/td>\n<td width=\"601\">Anv\u00e4nds ofta i kraftelektronisk utrustning n\u00e4r toppsp\u00e4nningen, toppstr\u00f6mabsorptionen skyddas<\/td>\n<\/tr>\n<tr>\n<td width=\"146\"><strong>Kapacitansomr\u00e5de:<\/strong><\/td>\n<td width=\"601\">0,1 \u03bcF~ 5,6 \u03bcF<\/td>\n<\/tr>\n<tr>\n<td width=\"146\"><strong>Nominell sp\u00e4nning\uff1a.<\/strong><\/td>\n<td width=\"601\">630V.DC ~ 2000V.DC<\/td>\n<\/tr>\n<tr>\n<td width=\"146\"><strong>Cap.tol\uff1a<\/strong><\/td>\n<td width=\"601\">\u00a0\u00a0\u00b15%(J)\uff1b\u00b110%(K)<\/td>\n<\/tr>\n<tr>\n<td width=\"146\"><strong>Kondensator Modell:\u00a0<\/strong><\/td>\n<td width=\"601\">IGBT snubbber<\/td>\n<\/tr>\n<\/tbody>\n<\/table>","protected":false},"featured_media":1857,"comment_status":"open","ping_status":"closed","template":"","meta":[],"product_brand":[],"product_cat":[40],"product_tag":[],"class_list":{"0":"post-1856","1":"product","2":"type-product","3":"status-publish","4":"has-post-thumbnail","6":"product_cat-snubber-capacitor","8":"first","9":"instock","10":"shipping-taxable","11":"product-type-simple"},"_links":{"self":[{"href":"https:\/\/rf-capacitor.com\/sv\/wp-json\/wp\/v2\/product\/1856","targetHints":{"allow":["GET"]}}],"collection":[{"href":"https:\/\/rf-capacitor.com\/sv\/wp-json\/wp\/v2\/product"}],"about":[{"href":"https:\/\/rf-capacitor.com\/sv\/wp-json\/wp\/v2\/types\/product"}],"replies":[{"embeddable":true,"href":"https:\/\/rf-capacitor.com\/sv\/wp-json\/wp\/v2\/comments?post=1856"}],"wp:featuredmedia":[{"embeddable":true,"href":"https:\/\/rf-capacitor.com\/sv\/wp-json\/wp\/v2\/media\/1857"}],"wp:attachment":[{"href":"https:\/\/rf-capacitor.com\/sv\/wp-json\/wp\/v2\/media?parent=1856"}],"wp:term":[{"taxonomy":"product_brand","embeddable":true,"href":"https:\/\/rf-capacitor.com\/sv\/wp-json\/wp\/v2\/product_brand?post=1856"},{"taxonomy":"product_cat","embeddable":true,"href":"https:\/\/rf-capacitor.com\/sv\/wp-json\/wp\/v2\/product_cat?post=1856"},{"taxonomy":"product_tag","embeddable":true,"href":"https:\/\/rf-capacitor.com\/sv\/wp-json\/wp\/v2\/product_tag?post=1856"}],"curies":[{"name":"wp","href":"https:\/\/api.w.org\/{rel}","templated":true}]}}