{"id":1851,"date":"2025-01-02T01:51:17","date_gmt":"2025-01-02T01:51:17","guid":{"rendered":"https:\/\/rf-capacitor.com\/?post_type=product&#038;p=1851"},"modified":"2025-01-02T01:51:17","modified_gmt":"2025-01-02T01:51:17","slug":"igbt-snubber-capacitors","status":"publish","type":"product","link":"https:\/\/rf-capacitor.com\/sv\/igbt-snubber-capacitors\/","title":{"rendered":"IGBT Snubber-kondensatorer"},"content":{"rendered":"<h3 data-sourcepos=\"1:1-1:27\"><strong>IGBT Snubber-kondensatorer<\/strong><\/h3>\n<p data-sourcepos=\"3:1-3:196\"><span class=\"citation-0 recitation citation-end-0\">Inom kraftelektronik anv\u00e4nds IGBT (Insulated Gate Bipolar Transistors) ofta f\u00f6r switchapplikationer.<\/span> Deras snabba omkopplingshastigheter kan dock leda till o\u00f6nskade effekter som t.ex:<span class=\"button-container hide-from-message-actions ng-star-inserted\">\u00a0 \u00a0<\/span><\/p>\n<ul data-sourcepos=\"5:1-7:0\">\n<li data-sourcepos=\"5:1-5:148\"><strong><span class=\"citation-1 recitation\">H\u00f6g dv\/dt (sp\u00e4nningens f\u00f6r\u00e4ndringstakt):<\/span><\/strong><span class=\"citation-1 recitation citation-end-1\"> Detta kan orsaka kraftiga sp\u00e4nningsspikar \u00f6ver IGBT:n, vilket kan skada enheten.<\/span><span class=\"button-container hide-from-message-actions ng-star-inserted\"> \u00a0<\/span>\n<div class=\"container ng-tns-c362440147-20 hide\">\n<div class=\"carousel-container ng-tns-c362440147-20\"><\/div>\n<\/div>\n<\/li>\n<li data-sourcepos=\"6:1-7:0\"><strong><span class=\"citation-2 recitation\">H\u00f6g di\/dt (f\u00f6r\u00e4ndringstakt f\u00f6r str\u00f6m):<\/span><\/strong><span class=\"citation-2 recitation citation-end-2\"> Detta kan generera elektromagnetisk interferens (EMI) och stressa de tillh\u00f6rande kretsarna.<\/span><span class=\"button-container hide-from-message-actions ng-star-inserted\">\u00a0 \u00a0<\/span>\n<div class=\"container ng-tns-c362440147-21 hide\">\n<div class=\"carousel-container ng-tns-c362440147-21\"><\/div>\n<\/div>\n<\/li>\n<\/ul>\n<h3 data-sourcepos=\"8:1-8:20\"><strong>Snubber-kretsar<\/strong><\/h3>\n<p data-sourcepos=\"10:1-10:143\"><span class=\"citation-3 recitation citation-end-3\">F\u00f6r att mildra dessa problem anv\u00e4nds snubberkretsar.<\/span> <span class=\"citation-4 recitation citation-end-4\">En viktig komponent i dessa kretsar \u00e4r snubberkondensatorn.<\/span><span class=\"button-container hide-from-message-actions ng-star-inserted\">\u00a0<\/span><\/p>\n<h3 data-sourcepos=\"12:1-12:31\"><strong>Hur IGBT snubberkondensatorer fungerar<\/strong><\/h3>\n<ul data-sourcepos=\"14:1-16:0\">\n<li data-sourcepos=\"14:1-14:252\"><strong>Sp\u00e4nningsspikar:<\/strong> N\u00e4r IGBT-enheten st\u00e4ngs av kan den parasitiska induktansen i kretsen orsaka en snabb sp\u00e4nnings\u00f6kning \u00f6ver enheten. <span class=\"citation-5 recitation citation-end-5\">Snubberkondensatorn absorberar denna pl\u00f6tsliga sp\u00e4nnings\u00f6kning och begr\u00e4nsar toppsp\u00e4nningen \u00f6ver IGBT:n.<\/span><span class=\"button-container hide-from-message-actions ng-star-inserted\"> \u00a0<\/span>\n<div class=\"container ng-tns-c362440147-23 hide\">\n<div class=\"carousel-container ng-tns-c362440147-23\"><\/div>\n<\/div>\n<\/li>\n<li data-sourcepos=\"15:1-16:0\"><strong>Str\u00f6mbrytare:<\/strong> <span class=\"citation-6 recitation citation-end-6\">Under avst\u00e4ngnings\u00f6verg\u00e5ngen ger snubberkondensatorn en v\u00e4g f\u00f6r str\u00f6mmen att flyta tillf\u00e4lligt, vilket minskar di\/dt och minimerar EMI.<\/span><span class=\"button-container hide-from-message-actions ng-star-inserted\">\u00a0 \u00a0<\/span>\n<div class=\"container ng-tns-c362440147-24 hide\">\n<div class=\"carousel-container ng-tns-c362440147-24\"><\/div>\n<\/div>\n<\/li>\n<\/ul>\n<h3 data-sourcepos=\"17:1-17:45\"><strong>Viktiga egenskaper hos IGBT snubberkondensatorer<\/strong><\/h3>\n<ul data-sourcepos=\"19:1-23:0\">\n<li data-sourcepos=\"19:1-19:88\"><strong>H\u00f6g sp\u00e4nningsklassning:<\/strong> M\u00e5ste klara de toppsp\u00e4nningar som uppst\u00e5r vid omkoppling.<\/li>\n<li data-sourcepos=\"20:1-20:104\"><strong><span class=\"citation-7 recitation\">L\u00e5g ESR (ekvivalent seriemotst\u00e5nd):<\/span><\/strong><span class=\"citation-7 recitation citation-end-7\"> Minimerar energif\u00f6rlusterna i kondensatorn.<\/span><span class=\"button-container hide-from-message-actions ng-star-inserted\">\u00a0<\/span>\n<div class=\"container ng-tns-c362440147-25 hide\">\n<div class=\"carousel-container ng-tns-c362440147-25\"><\/div>\n<\/div>\n<\/li>\n<li data-sourcepos=\"21:1-21:110\"><strong>Kapacitet f\u00f6r snabbladdning\/urladdning:<\/strong> F\u00f6rm\u00e5ga att snabbt absorbera och frig\u00f6ra energi under v\u00e4xlande h\u00e4ndelser.<\/li>\n<li data-sourcepos=\"22:1-23:0\"><strong>Kompakt storlek:<\/strong> F\u00f6r att minimera utrymmesbehovet i kraftelektroniska system.<\/li>\n<\/ul>\n<h3 data-sourcepos=\"24:1-24:31\"><strong>Typer av IGBT snubberkondensatorer<\/strong><\/h3>\n<ul data-sourcepos=\"26:1-28:0\">\n<li data-sourcepos=\"26:1-26:112\"><strong>Filmkondensatorer:<\/strong> Anv\u00e4nds ofta p\u00e5 grund av deras h\u00f6ga sp\u00e4nningsklasser, l\u00e5ga ESR och goda temperaturstabilitet.<\/li>\n<li data-sourcepos=\"27:1-28:0\"><strong><span class=\"citation-8 recitation\">Keramiska kondensatorer:<\/span><\/strong><span class=\"citation-8 recitation citation-end-8\"> Erbjuder h\u00f6g kapacitans i en liten kapsling men kan ha begr\u00e4nsningar i sp\u00e4nningsklassning och temperaturstabilitet.<\/span><span class=\"button-container hide-from-message-actions ng-star-inserted\">\u00a0 \u00a0<\/span>\n<div class=\"container ng-tns-c362440147-26 hide\">\n<div class=\"carousel-container ng-tns-c362440147-26\"><\/div>\n<\/div>\n<\/li>\n<\/ul>\n<h3 data-sourcepos=\"29:1-29:25\"><strong>\u00d6verv\u00e4ganden om design<\/strong><\/h3>\n<p data-sourcepos=\"31:1-31:80\">Vid val och konstruktion av snubberkondensatorer m\u00e5ste man noga \u00f6verv\u00e4ga f\u00f6ljande:<\/p>\n<ul data-sourcepos=\"33:1-36:0\">\n<li data-sourcepos=\"33:1-33:85\"><strong>IGBT-omkopplingsegenskaper:<\/strong> Till- och fr\u00e5nslagstider, toppstr\u00f6mmar och sp\u00e4nningar.<\/li>\n<li data-sourcepos=\"34:1-34:69\"><strong>Kretsens parametrar:<\/strong> Parasitisk induktans, belastningskarakteristik.<\/li>\n<li data-sourcepos=\"35:1-36:0\"><strong><span class=\"citation-9 recitation\">Topologi f\u00f6r snubberkrets:<\/span><\/strong><span class=\"citation-9 recitation citation-end-9\"> Olika snubberkonfigurationer (R-C, RCD) har varierande inverkan p\u00e5 kretsens prestanda.<\/span><span class=\"button-container hide-from-message-actions ng-star-inserted\"> \u00a0<\/span>\n<div class=\"container ng-tns-c362440147-27 hide\">\n<div class=\"carousel-container ng-tns-c362440147-27\"><\/div>\n<\/div>\n<\/li>\n<\/ul>\n<h3 data-sourcepos=\"37:1-37:40\"><strong>F\u00f6rdelar med att anv\u00e4nda snubberkondensatorer<\/strong><\/h3>\n<ul data-sourcepos=\"39:1-42:0\">\n<li data-sourcepos=\"39:1-39:90\"><strong>F\u00f6rb\u00e4ttrad IGBT-tillf\u00f6rlitlighet:<\/strong> Minskad p\u00e5frestning p\u00e5 enheten, vilket leder till l\u00e4ngre livsl\u00e4ngd.<\/li>\n<li data-sourcepos=\"40:1-40:68\"><strong>Minskade EMI-utsl\u00e4pp:<\/strong> Minimerar elektromagnetisk st\u00f6rning.<\/li>\n<li data-sourcepos=\"41:1-42:0\"><strong><span class=\"citation-10 recitation\">F\u00f6rb\u00e4ttrad systemeffektivitet:<\/span><\/strong><span class=\"citation-10 recitation citation-end-10\"> Minskade effektf\u00f6rluster tack vare l\u00e4gre kopplingsf\u00f6rluster.<\/span><span class=\"button-container hide-from-message-actions ng-star-inserted\"> \u00a0<\/span>\n<div class=\"container ng-tns-c362440147-28 hide\">\n<div class=\"carousel-container ng-tns-c362440147-28\"><\/div>\n<\/div>\n<\/li>\n<\/ul>","protected":false},"excerpt":{"rendered":"<table style=\"height: 429px;\" width=\"689\">\n<tbody>\n<tr>\n<td width=\"146\"><strong><b>Produkt<\/b><\/strong>\u00a0<strong><b>Namn:<\/b><\/strong><\/td>\n<td width=\"601\">IGBT Snubber-kondensatorer<\/td>\n<\/tr>\n<tr>\n<td width=\"146\">\n<h4><strong>Kort beskrivning:<\/strong><\/h4>\n<\/td>\n<td width=\"601\">Anv\u00e4nds ofta i kraftelektronisk elektronisk utrustning n\u00e4r toppsp\u00e4nningen, toppstr\u00f6mmen absorberingsskydd<\/td>\n<\/tr>\n<tr>\n<td width=\"146\"><strong>Kapacitansomr\u00e5de:<\/strong><\/td>\n<td width=\"601\">\u00a00,22\u03bcF~3\u03bcF<\/td>\n<\/tr>\n<tr>\n<td width=\"146\"><strong>Nominell sp\u00e4nning\uff1a.<\/strong><\/td>\n<td width=\"601\">\u00a03000V.DC~10000V.DC<\/td>\n<\/tr>\n<tr>\n<td width=\"146\"><strong>Cap.tol\uff1a<\/strong><\/td>\n<td width=\"601\">\u00a0\u00a0\u00a0\u00b15%\uff08J\uff09; \u00b110%\uff08K)<\/td>\n<\/tr>\n<tr>\n<td width=\"146\"><strong>Kondensator Modell:\u00a0<\/strong><\/td>\n<td width=\"601\">\u00a0SMJ-TC<\/td>\n<\/tr>\n<\/tbody>\n<\/table>","protected":false},"featured_media":1852,"comment_status":"open","ping_status":"closed","template":"","meta":[],"product_brand":[],"product_cat":[40],"product_tag":[],"class_list":{"0":"post-1851","1":"product","2":"type-product","3":"status-publish","4":"has-post-thumbnail","6":"product_cat-snubber-capacitor","8":"first","9":"instock","10":"shipping-taxable","11":"product-type-simple"},"_links":{"self":[{"href":"https:\/\/rf-capacitor.com\/sv\/wp-json\/wp\/v2\/product\/1851","targetHints":{"allow":["GET"]}}],"collection":[{"href":"https:\/\/rf-capacitor.com\/sv\/wp-json\/wp\/v2\/product"}],"about":[{"href":"https:\/\/rf-capacitor.com\/sv\/wp-json\/wp\/v2\/types\/product"}],"replies":[{"embeddable":true,"href":"https:\/\/rf-capacitor.com\/sv\/wp-json\/wp\/v2\/comments?post=1851"}],"wp:featuredmedia":[{"embeddable":true,"href":"https:\/\/rf-capacitor.com\/sv\/wp-json\/wp\/v2\/media\/1852"}],"wp:attachment":[{"href":"https:\/\/rf-capacitor.com\/sv\/wp-json\/wp\/v2\/media?parent=1851"}],"wp:term":[{"taxonomy":"product_brand","embeddable":true,"href":"https:\/\/rf-capacitor.com\/sv\/wp-json\/wp\/v2\/product_brand?post=1851"},{"taxonomy":"product_cat","embeddable":true,"href":"https:\/\/rf-capacitor.com\/sv\/wp-json\/wp\/v2\/product_cat?post=1851"},{"taxonomy":"product_tag","embeddable":true,"href":"https:\/\/rf-capacitor.com\/sv\/wp-json\/wp\/v2\/product_tag?post=1851"}],"curies":[{"name":"wp","href":"https:\/\/api.w.org\/{rel}","templated":true}]}}