{"id":1811,"date":"2024-12-31T03:42:39","date_gmt":"2024-12-31T03:42:39","guid":{"rendered":"https:\/\/rf-capacitor.com\/?post_type=product&#038;p=1811"},"modified":"2024-12-31T03:42:39","modified_gmt":"2024-12-31T03:42:39","slug":"high-voltage-snubber-capacitor","status":"publish","type":"product","link":"https:\/\/rf-capacitor.com\/sv\/high-voltage-snubber-capacitor\/","title":{"rendered":"Snubberkondensator f\u00f6r h\u00f6gsp\u00e4nning"},"content":{"rendered":"<p>En snubberkondensator f\u00f6r h\u00f6gsp\u00e4nning \u00e4r en viktig komponent som anv\u00e4nds i h\u00f6gsp\u00e4nningskretsar f\u00f6r att skydda mot sp\u00e4nningsspikar och transienter. H\u00e4r \u00e4r en \u00f6versikt \u00f6ver vad en snubberkondensator \u00e4r, dess funktion och dess till\u00e4mpningar:<\/p>\n<p>Vad \u00e4r en snubberkondensator f\u00f6r h\u00f6gsp\u00e4nning?<\/p>\n<p>En snubberkondensator f\u00f6r h\u00f6gsp\u00e4nning \u00e4r en kondensator som anv\u00e4nds i elektriska kretsar f\u00f6r att d\u00e4mpa sp\u00e4nningsspikar (\u00e4ven kallade transienter) som kan uppst\u00e5 n\u00e4r en induktiv last st\u00e4ngs av. Dessa kondensatorer hj\u00e4lper till att skydda k\u00e4nsliga komponenter fr\u00e5n skador som orsakas av pl\u00f6tsliga sp\u00e4nnings\u00e4ndringar.<\/p>\n<p>Funktionen hos en snubberkondensator f\u00f6r h\u00f6gsp\u00e4nning<\/p>\n<p>1. Sp\u00e4nningsundertryckning: Snubberkondensatorer lagrar energi tempor\u00e4rt och avger den l\u00e5ngsamt, vilket minskar stigningshastigheten (dV\/dt) f\u00f6r sp\u00e4nningsspikar.<br \/>\n2. Skydd: De skyddar halvledarkomponenter som tyristorer, IGBT:er och dioder fr\u00e5n sp\u00e4nnings\u00f6versp\u00e4nningar som annars kan orsaka haveri eller fel.<br \/>\n3. Minskning av buller: Genom att j\u00e4mna ut sp\u00e4nningsfluktuationer bidrar snubberkondensatorer ocks\u00e5 till att minska elektromagnetisk interferens (EMI).<\/p>\n<p>Till\u00e4mpningar<\/p>\n<p>1. Kraftelektronik: Snubberkondensatorer anv\u00e4nds ofta i kraftelektroniska applikationer som inverterare, omvandlare och motorstyrningar.<br \/>\n2. Kopplingsutrustning och effektbrytare: De anv\u00e4nds i st\u00e4llverk och effektbrytare f\u00f6r att skydda mot transienta sp\u00e4nningar under omkopplingsoperationer.<br \/>\n3. Industriell utrustning: I industriella maskiner anv\u00e4nds snubberkondensatorer f\u00f6r att skydda styrkretsar och str\u00f6mf\u00f6rs\u00f6rjning fr\u00e5n sp\u00e4nningsspikar.<br \/>\n4. HVAC-system: H\u00f6gsp\u00e4nda snubberkondensatorer anv\u00e4nds i HVAC-system f\u00f6r att skydda mot sp\u00e4nningstransienter i motorstyrkretsar.<\/p>\n<p>Viktiga specifikationer<\/p>\n<p>- Kapacitansv\u00e4rde: Kapacitansv\u00e4rdet m\u00e5ste v\u00e4ljas utifr\u00e5n den specifika applikationen och de f\u00f6rv\u00e4ntade sp\u00e4nningsniv\u00e5erna.<br \/>\n- Sp\u00e4nningsklassning: Kondensatorn ska ha en tillr\u00e4cklig sp\u00e4nning f\u00f6r att klara toppsp\u00e4nningen i kretsen.<br \/>\n- Dielektriskt material: Vanliga dielektriska material \u00e4r keramik, film och polypropylen. Valet beror p\u00e5 den sp\u00e4nningshanteringsf\u00f6rm\u00e5ga som kr\u00e4vs och driftsfrekvensen.<br \/>\n- ESR (ekvivalent seriemotst\u00e5nd): L\u00e4gre ESR \u00e4r i allm\u00e4nhet att f\u00f6redra f\u00f6r att minimera effektf\u00f6rluster och v\u00e4rmeutveckling.<\/p>\n<p>Exempel p\u00e5 anv\u00e4ndningsfall<\/p>\n<p>1. Inverterarkretsar: I inverterare placeras snubberkondensatorer \u00f6ver kopplingsenheterna f\u00f6r att skydda dem fr\u00e5n sp\u00e4nningsspikar under avst\u00e4ngning.<br \/>\n2. Motordrivna enheter: I frekvensomriktare (VFD) hj\u00e4lper snubberkondensatorer till att skydda str\u00f6mbrytarenheterna fr\u00e5n sp\u00e4nningsspikar som genereras av motorernas induktiva egenskaper.<br \/>\n3. Belysningssystem: I belysningssystem med h\u00f6gintensiv urladdning (HID) anv\u00e4nds snubberkondensatorer f\u00f6r att skydda ballasten och andra komponenter fr\u00e5n sp\u00e4nningstransienter.<\/p>","protected":false},"excerpt":{"rendered":"<table style=\"height: 660px;\" width=\"727\">\n<tbody>\n<tr>\n<td width=\"146\"><strong><b>Produkt<\/b><\/strong>\u00a0<strong><b>Namn:<\/b><\/strong><\/td>\n<td width=\"601\"><strong>Snubberkondensator f\u00f6r h\u00f6gsp\u00e4nning<\/strong><\/td>\n<\/tr>\n<tr>\n<td width=\"146\">\n<h4><strong>Kort beskrivning:<\/strong><\/h4>\n<\/td>\n<td width=\"601\">1. Innovativa snubberkondensatorer konstruerade och tillverkade av CRE<\/p>\n<p>2. Ledande inom design och tillverkning av filmkondensatorer.<\/p>\n<p>3. Om du beh\u00f6ver unika snubber-specifikationer kan du v\u00e4nda dig till v\u00e5rt designcenter f\u00f6r en specialdesignad snubber-kondensator.<\/p>\n<p>&nbsp;<\/td>\n<\/tr>\n<tr>\n<td width=\"146\"><strong>Kapacitansomr\u00e5de:<\/strong><\/td>\n<td width=\"601\">\u00a01,6 \u03bcF \u00b15%<\/td>\n<\/tr>\n<tr>\n<td width=\"146\"><strong>Nominell sp\u00e4nning\uff1a.<\/strong><\/td>\n<td width=\"601\">3000V.DC<\/td>\n<\/tr>\n<tr>\n<td width=\"146\"><strong>Cap.tol\uff1a<\/strong><\/td>\n<td width=\"601\">\u00b15%(J) ;\u00b110%(K)<\/td>\n<\/tr>\n<\/tbody>\n<\/table>","protected":false},"featured_media":1812,"comment_status":"open","ping_status":"closed","template":"","meta":[],"product_brand":[],"product_cat":[40],"product_tag":[],"class_list":{"0":"post-1811","1":"product","2":"type-product","3":"status-publish","4":"has-post-thumbnail","6":"product_cat-snubber-capacitor","8":"first","9":"instock","10":"shipping-taxable","11":"product-type-simple"},"_links":{"self":[{"href":"https:\/\/rf-capacitor.com\/sv\/wp-json\/wp\/v2\/product\/1811","targetHints":{"allow":["GET"]}}],"collection":[{"href":"https:\/\/rf-capacitor.com\/sv\/wp-json\/wp\/v2\/product"}],"about":[{"href":"https:\/\/rf-capacitor.com\/sv\/wp-json\/wp\/v2\/types\/product"}],"replies":[{"embeddable":true,"href":"https:\/\/rf-capacitor.com\/sv\/wp-json\/wp\/v2\/comments?post=1811"}],"wp:featuredmedia":[{"embeddable":true,"href":"https:\/\/rf-capacitor.com\/sv\/wp-json\/wp\/v2\/media\/1812"}],"wp:attachment":[{"href":"https:\/\/rf-capacitor.com\/sv\/wp-json\/wp\/v2\/media?parent=1811"}],"wp:term":[{"taxonomy":"product_brand","embeddable":true,"href":"https:\/\/rf-capacitor.com\/sv\/wp-json\/wp\/v2\/product_brand?post=1811"},{"taxonomy":"product_cat","embeddable":true,"href":"https:\/\/rf-capacitor.com\/sv\/wp-json\/wp\/v2\/product_cat?post=1811"},{"taxonomy":"product_tag","embeddable":true,"href":"https:\/\/rf-capacitor.com\/sv\/wp-json\/wp\/v2\/product_tag?post=1811"}],"curies":[{"name":"wp","href":"https:\/\/api.w.org\/{rel}","templated":true}]}}