{"id":1793,"date":"2024-12-31T03:18:31","date_gmt":"2024-12-31T03:18:31","guid":{"rendered":"https:\/\/rf-capacitor.com\/?post_type=product&#038;p=1793"},"modified":"2024-12-31T03:18:31","modified_gmt":"2024-12-31T03:18:31","slug":"damping-absorption-snubber-capacitor","status":"publish","type":"product","link":"https:\/\/rf-capacitor.com\/sv\/damping-absorption-snubber-capacitor\/","title":{"rendered":"D\u00e4mpning Absorption Snubber Kondensator"},"content":{"rendered":"<h3 data-sourcepos=\"1:1-1:41\"><strong>D\u00e4mpning Absorption Snubber Kondensatorer<\/strong><\/h3>\n<ul data-sourcepos=\"3:1-24:0\">\n<li data-sourcepos=\"3:1-3:158\">\n<p data-sourcepos=\"3:3-3:158\"><strong><span class=\"citation-0 recitation\">Syfte:<\/span><\/strong><span class=\"citation-0 recitation citation-end-0\"> Anv\u00e4nds fr\u00e4mst f\u00f6r att d\u00e4mpa sp\u00e4nnings- och str\u00f6m\u00f6verslag som kan uppst\u00e5 vid omkopplingar i kraftelektroniska kretsar.<\/span><span class=\"button-container hide-from-message-actions ng-star-inserted\"> \u00a0<\/span><\/p>\n<div class=\"container ng-tns-c362440147-135 hide\">\n<div class=\"carousel-container ng-tns-c362440147-135\"><\/div>\n<\/div>\n<\/li>\n<li data-sourcepos=\"4:1-9:0\">\n<h3 data-sourcepos=\"4:3-4:20\"><strong>Hur fungerar d\u00e4mpande absorptions- och snubbberkondensator?<\/strong><\/h3>\n<ul data-sourcepos=\"5:5-9:0\">\n<li data-sourcepos=\"5:5-5:199\"><strong><span class=\"citation-1 recitation\">Sp\u00e4nnings- och str\u00f6m\u00f6verskridningar:<\/span><\/strong><span class=\"citation-1 recitation citation-end-1\"> N\u00e4r en str\u00f6mbrytare i en kraftelektronisk krets st\u00e4ngs av kan den pl\u00f6tsliga f\u00f6r\u00e4ndringen av kretsf\u00f6rh\u00e5llandena leda till snabba sp\u00e4nnings- och str\u00f6mtransienter.<\/span><span class=\"button-container hide-from-message-actions ng-star-inserted\">\u00a0<\/span>\n<div class=\"container ng-tns-c362440147-136 hide\">\n<div class=\"carousel-container ng-tns-c362440147-136\"><\/div>\n<\/div>\n<\/li>\n<li data-sourcepos=\"6:5-6:162\"><strong><span class=\"citation-2 recitation\">Snubber-krets:<\/span><\/strong><span class=\"citation-2 recitation citation-end-2\"> En snubberkrets, som vanligtvis best\u00e5r av ett motst\u00e5nd och en kondensator, \u00e4r ansluten parallellt med kopplingsenheten.<\/span><span class=\"button-container hide-from-message-actions ng-star-inserted\"> \u00a0<\/span>\n<div class=\"container ng-tns-c362440147-137 hide\">\n<div class=\"carousel-container ng-tns-c362440147-137\"><\/div>\n<\/div>\n<\/li>\n<li data-sourcepos=\"7:5-7:190\"><strong><span class=\"citation-3 recitation\">D\u00e4mpning \u00c5tg\u00e4rd:<\/span><\/strong><span class=\"citation-3 recitation citation-end-3\"> Kondensatorn absorberar den energi som \u00e4r f\u00f6rknippad med \u00f6verskridandet, vilket effektivt \"d\u00e4mpar\" transienten och f\u00f6rhindrar \u00f6verdrivna sp\u00e4nnings- eller str\u00f6mspikar.<\/span><\/li>\n<li data-sourcepos=\"7:5-7:190\"><strong style=\"font-size: 14.4px;\">Absorption:<\/strong><span style=\"font-size: 14.4px;\"> Kondensatorn absorberar energin och avger den sedan gradvis, vilket f\u00f6rhindrar att den skadar kopplingsenheten.<\/span><\/li>\n<\/ul>\n<\/li>\n<li data-sourcepos=\"10:1-14:0\">\n<h3 data-sourcepos=\"10:3-10:26\"><strong>Nyckelegenskaper D\u00e4mpning Absorption Snubber Kondensator:<\/strong><\/h3>\n<ul data-sourcepos=\"11:5-14:0\">\n<li data-sourcepos=\"11:5-11:134\"><strong><span class=\"citation-4 recitation\">L\u00e5g ESR:<\/span><\/strong><span class=\"citation-4 recitation citation-end-4\"> L\u00e5gt ekvivalent seriemotst\u00e5nd \u00e4r avg\u00f6rande f\u00f6r effektiv energiupptagning och minimala effektf\u00f6rluster.<\/span><span class=\"button-container hide-from-message-actions ng-star-inserted\"> \u00a0<\/span>\n<div class=\"container ng-tns-c362440147-139 hide\">\n<div class=\"carousel-container ng-tns-c362440147-139\"><\/div>\n<\/div>\n<\/li>\n<li data-sourcepos=\"12:5-12:127\"><strong><span class=\"citation-5 recitation\">H\u00f6g sp\u00e4nningsklassning:<\/span><\/strong><span class=\"citation-5 recitation citation-end-5\"> M\u00e5ste kunna motst\u00e5 de toppsp\u00e4nningar som uppst\u00e5r under kopplingstransienter.<\/span><span class=\"button-container hide-from-message-actions ng-star-inserted\"> \u00a0<\/span>\n<div class=\"container ng-tns-c362440147-140 hide\">\n<div class=\"carousel-container ng-tns-c362440147-140\"><\/div>\n<\/div>\n<\/li>\n<li data-sourcepos=\"13:5-14:0\"><strong>Snabb respons:<\/strong> M\u00e5ste reagera snabbt p\u00e5 snabba f\u00f6r\u00e4ndringar i sp\u00e4nning och str\u00f6m.<\/li>\n<\/ul>\n<\/li>\n<li data-sourcepos=\"15:1-18:0\">\n<h4 data-sourcepos=\"15:3-15:19\"><strong>Applikationer:<\/strong><\/h4>\n<ul data-sourcepos=\"16:5-18:0\">\n<li data-sourcepos=\"16:5-16:196\"><strong><span class=\"citation-6 recitation\">Kraftelektronik:<\/span><\/strong><span class=\"citation-6 recitation citation-end-6\"> Anv\u00e4nds ofta i kraftelektroniska kretsar som inverterare, omvandlare och motorstyrningar f\u00f6r att skydda kopplingsenheter som IGBT:er, MOSFET:er och tyristorer.<\/span><span class=\"button-container hide-from-message-actions ng-star-inserted\"> \u00a0<\/span>\n<div class=\"container ng-tns-c362440147-141 hide\">\n<div class=\"carousel-container ng-tns-c362440147-141\"><\/div>\n<\/div>\n<\/li>\n<li data-sourcepos=\"17:5-18:0\"><strong>H\u00f6gsp\u00e4nningsapplikationer:<\/strong> Anv\u00e4nds i h\u00f6gsp\u00e4nningsapplikationer d\u00e4r v\u00e4xlingstransienter kan vara mer allvarliga.<\/li>\n<\/ul>\n<\/li>\n<li data-sourcepos=\"19:1-24:0\">\n<h4 data-sourcepos=\"19:3-19:15\"><strong>F\u00f6rdelar:<\/strong><\/h4>\n<ul data-sourcepos=\"20:5-24:0\">\n<li data-sourcepos=\"20:5-20:109\"><strong><span class=\"citation-7 recitation\">Minskade kopplingsf\u00f6rluster:<\/span><\/strong><span class=\"citation-7 recitation citation-end-7\"> Minimerar effektf\u00f6rluster i samband med v\u00e4xlingsoperationer.<\/span><span class=\"button-container hide-from-message-actions ng-star-inserted\"> \u00a0<\/span>\n<div class=\"container ng-tns-c362440147-142 hide\">\n<div class=\"carousel-container ng-tns-c362440147-142\"><\/div>\n<\/div>\n<\/li>\n<li data-sourcepos=\"21:5-21:110\"><strong><span class=\"citation-8 recitation\">F\u00f6rb\u00e4ttrad tillf\u00f6rlitlighet:<\/span><\/strong><span class=\"citation-8 recitation citation-end-8\"> Skyddar brytare fr\u00e5n skador och f\u00f6rl\u00e4nger deras livsl\u00e4ngd.<\/span><span class=\"button-container hide-from-message-actions ng-star-inserted\"> \u00a0<\/span>\n<div class=\"container ng-tns-c362440147-143 hide\">\n<div class=\"carousel-container ng-tns-c362440147-143\"><\/div>\n<\/div>\n<\/li>\n<li data-sourcepos=\"22:5-22:156\"><strong><span class=\"citation-9 recitation\">Minskad EMI\/RFI:<\/span><\/strong><span class=\"citation-9 recitation citation-end-9\"> Minskar elektromagnetisk interferens (EMI) och radiofrekvensinterferens (RFI) som genereras av v\u00e4xlingstransienter.<\/span><span class=\"button-container hide-from-message-actions ng-star-inserted\"> \u00a0<\/span>\n<div class=\"container ng-tns-c362440147-144 hide\">\n<div class=\"carousel-container ng-tns-c362440147-144\"><\/div>\n<\/div>\n<\/li>\n<li data-sourcepos=\"23:5-24:0\"><strong>F\u00f6rb\u00e4ttrad effektivitet:<\/strong> <span class=\"citation-10 recitation citation-end-10\">Genom att minska kopplingsf\u00f6rlusterna kan snubberkretsar bidra till att f\u00f6rb\u00e4ttra systemets totala effektivitet.<\/span><span class=\"button-container hide-from-message-actions ng-star-inserted\"> \u00a0 <\/span><\/li>\n<\/ul>\n<\/li>\n<\/ul>","protected":false},"excerpt":{"rendered":"<table style=\"height: 549px;\" width=\"734\">\n<tbody>\n<tr>\n<td width=\"146\"><strong><b>Produkt<\/b><\/strong>\u00a0<strong><b>Namn:<\/b><\/strong><\/td>\n<td width=\"601\"><strong>D\u00e4mpning Absorption Snubber Kondensator<\/strong><\/td>\n<\/tr>\n<tr>\n<td width=\"146\">\n<h4><strong>Kort beskrivning:<\/strong><\/h4>\n<\/td>\n<td width=\"601\">1. Innovativa d\u00e4mpande absorptionskondensatorer \u00e4r konstruerade och tillverkade av CRE<\/p>\n<p>2. CRE \u00e4r ledande inom design och tillverkning av filmkondensatorer.<\/p>\n<p>3. Om du beh\u00f6ver unika specifikationer f\u00f6r d\u00e4mpningsabsorptionskondensatorer kan du v\u00e4nda dig till v\u00e5rt designcenter f\u00f6r en kundanpassad kondensator.<\/td>\n<\/tr>\n<tr>\n<td width=\"146\"><strong>Kapacitansomr\u00e5de:<\/strong><\/td>\n<td width=\"601\">\u00a00,33\u03bcF \u00b15%<\/td>\n<\/tr>\n<tr>\n<td width=\"146\"><strong>Nominell sp\u00e4nning\uff1a.<\/strong><\/td>\n<td width=\"601\">3400V.AC<\/td>\n<\/tr>\n<tr>\n<td width=\"146\"><strong>Cap.tol\uff1a<\/strong><\/td>\n<td width=\"601\">-40\u2103_85\u2103<\/td>\n<\/tr>\n<\/tbody>\n<\/table>","protected":false},"featured_media":1795,"comment_status":"open","ping_status":"closed","template":"","meta":[],"product_brand":[],"product_cat":[40],"product_tag":[],"class_list":{"0":"post-1793","1":"product","2":"type-product","3":"status-publish","4":"has-post-thumbnail","6":"product_cat-snubber-capacitor","8":"first","9":"instock","10":"shipping-taxable","11":"product-type-simple"},"_links":{"self":[{"href":"https:\/\/rf-capacitor.com\/sv\/wp-json\/wp\/v2\/product\/1793","targetHints":{"allow":["GET"]}}],"collection":[{"href":"https:\/\/rf-capacitor.com\/sv\/wp-json\/wp\/v2\/product"}],"about":[{"href":"https:\/\/rf-capacitor.com\/sv\/wp-json\/wp\/v2\/types\/product"}],"replies":[{"embeddable":true,"href":"https:\/\/rf-capacitor.com\/sv\/wp-json\/wp\/v2\/comments?post=1793"}],"wp:featuredmedia":[{"embeddable":true,"href":"https:\/\/rf-capacitor.com\/sv\/wp-json\/wp\/v2\/media\/1795"}],"wp:attachment":[{"href":"https:\/\/rf-capacitor.com\/sv\/wp-json\/wp\/v2\/media?parent=1793"}],"wp:term":[{"taxonomy":"product_brand","embeddable":true,"href":"https:\/\/rf-capacitor.com\/sv\/wp-json\/wp\/v2\/product_brand?post=1793"},{"taxonomy":"product_cat","embeddable":true,"href":"https:\/\/rf-capacitor.com\/sv\/wp-json\/wp\/v2\/product_cat?post=1793"},{"taxonomy":"product_tag","embeddable":true,"href":"https:\/\/rf-capacitor.com\/sv\/wp-json\/wp\/v2\/product_tag?post=1793"}],"curies":[{"name":"wp","href":"https:\/\/api.w.org\/{rel}","templated":true}]}}