{"id":1767,"date":"2024-12-31T02:35:15","date_gmt":"2024-12-31T02:35:15","guid":{"rendered":"https:\/\/rf-capacitor.com\/?post_type=product&#038;p=1767"},"modified":"2024-12-31T02:35:15","modified_gmt":"2024-12-31T02:35:15","slug":"metallized-polypropylene-film-capacitor","status":"publish","type":"product","link":"https:\/\/rf-capacitor.com\/sv\/metallized-polypropylene-film-capacitor\/","title":{"rendered":"Kondensator med metalliserad polypropylenfilm"},"content":{"rendered":"<h3 data-sourcepos=\"1:1-1:50\"><strong>Kondensatorer med metalliserad polypropylenfilm (MKP)<\/strong><\/h3>\n<ul data-sourcepos=\"3:1-27:0\">\n<li data-sourcepos=\"3:1-7:0\">\n<p data-sourcepos=\"3:3-3:19\"><strong>Konstruktion:<\/strong><\/p>\n<ul data-sourcepos=\"4:5-7:0\">\n<li data-sourcepos=\"4:5-4:104\"><strong>Dielektrisk:<\/strong> <span class=\"citation-0 recitation citation-end-0\">Anv\u00e4nd tunna lager av polypropylenfilm som isoleringsmaterial.<\/span><span class=\"button-container hide-from-message-actions ng-star-inserted\">\u00a0 \u00a0<\/span>\n<div class=\"container ng-tns-c362440147-96 hide\">\n<div class=\"carousel-container ng-tns-c362440147-96\"><\/div>\n<\/div>\n<\/li>\n<li data-sourcepos=\"5:5-5:136\"><strong>Metallisering:<\/strong> Ett tunt lager av metall (vanligtvis aluminium) vakuumdeponeras p\u00e5 filmen och bildar de ledande elektroderna.<\/li>\n<li data-sourcepos=\"6:5-7:0\"><strong>Sj\u00e4lvl\u00e4kande:<\/strong> <span class=\"citation-1 recitation citation-end-1\">Om en lokal kortslutning uppst\u00e5r p\u00e5 grund av ett tillverkningsfel eller \u00f6versp\u00e4nning, avdunstar metalliseringen runt felet, vilket isolerar omr\u00e5det och f\u00f6rhindrar ytterligare skador.<\/span> <span class=\"citation-2 recitation citation-end-2\">Denna sj\u00e4lvl\u00e4kande mekanism \u00f6kar tillf\u00f6rlitligheten.<\/span><span class=\"button-container hide-from-message-actions ng-star-inserted\"> \u00a0<\/span>\n<div class=\"container ng-tns-c362440147-97 hide\">\n<div class=\"carousel-container ng-tns-c362440147-97\"><\/div>\n<\/div>\n<\/li>\n<\/ul>\n<\/li>\n<li data-sourcepos=\"8:1-14:0\">\n<h3 data-sourcepos=\"8:3-8:26\"><strong>Viktiga egenskaper Metalliserad polypropenfilmkondensator:<\/strong><\/h3>\n<ul data-sourcepos=\"9:5-14:0\">\n<li data-sourcepos=\"9:5-9:122\"><strong><span class=\"citation-3 recitation\">L\u00e5g f\u00f6rlust:<\/span><\/strong><span class=\"citation-3 recitation citation-end-3\"> De har mycket l\u00e5ga dielektriska f\u00f6rluster, vilket g\u00f6r dem l\u00e4mpliga f\u00f6r h\u00f6gfrekvenstill\u00e4mpningar.<\/span><span class=\"button-container hide-from-message-actions ng-star-inserted\"> \u00a0<\/span>\n<div class=\"container ng-tns-c362440147-98 hide\">\n<div class=\"carousel-container ng-tns-c362440147-98\"><\/div>\n<\/div>\n<\/li>\n<li data-sourcepos=\"10:5-10:72\"><strong>H\u00f6g stabilitet:<\/strong> Utm\u00e4rkt stabilitet \u00f6ver temperatur och tid.<\/li>\n<li data-sourcepos=\"11:5-11:83\"><strong>Sj\u00e4lvl\u00e4kande:<\/strong> <span class=\"citation-4 recitation citation-end-4\">F\u00f6rb\u00e4ttrar tillf\u00f6rlitligheten och f\u00f6rl\u00e4nger livsl\u00e4ngden.<\/span><span class=\"button-container hide-from-message-actions ng-star-inserted\"> \u00a0<\/span>\n<div class=\"container ng-tns-c362440147-99 hide\">\n<div class=\"carousel-container ng-tns-c362440147-99\"><\/div>\n<\/div>\n<\/li>\n<li data-sourcepos=\"12:5-12:72\"><strong>H\u00f6g sp\u00e4nningsklassning:<\/strong> <span class=\"citation-5 recitation citation-end-5\">T\u00e5l h\u00f6ga sp\u00e4nningar.<\/span><span class=\"button-container hide-from-message-actions ng-star-inserted\"> \u00a0<\/span>\n<div class=\"container ng-tns-c362440147-100 hide\">\n<div class=\"carousel-container ng-tns-c362440147-100\"><\/div>\n<\/div>\n<\/li>\n<li data-sourcepos=\"13:5-14:0\"><strong>Kompakt storlek:<\/strong> Uppn\u00e5 h\u00f6ga kapacitansv\u00e4rden i relativt sm\u00e5 f\u00f6rpackningar.<\/li>\n<\/ul>\n<\/li>\n<li data-sourcepos=\"15:1-21:0\">\n<h3 data-sourcepos=\"15:3-15:19\"><strong>Applikationer:<\/strong><\/h3>\n<ul data-sourcepos=\"16:5-21:0\">\n<li data-sourcepos=\"16:5-16:110\"><strong>AC-filter:<\/strong> <span class=\"citation-6 recitation citation-end-6\">Anv\u00e4nds i v\u00e4xelstr\u00f6mssystem f\u00f6r att filtrera bort \u00f6vertoner och f\u00f6rb\u00e4ttra str\u00f6mkvaliteten.<\/span><span class=\"button-container hide-from-message-actions ng-star-inserted\"> \u00a0<\/span>\n<div class=\"container ng-tns-c362440147-101 hide\">\n<div class=\"carousel-container ng-tns-c362440147-101\"><\/div>\n<\/div>\n<\/li>\n<li data-sourcepos=\"17:5-17:98\"><strong>Motordrivna enheter:<\/strong> Anv\u00e4nds i varvtalsreglerare f\u00f6r att f\u00f6rb\u00e4ttra prestanda och minska buller.<\/li>\n<li data-sourcepos=\"18:5-18:142\"><strong>V\u00e4xlande str\u00f6mf\u00f6rs\u00f6rjning:<\/strong> Anv\u00e4nds ofta i olika elektroniska kretsar, inklusive switchande str\u00f6mf\u00f6rs\u00f6rjning, inverterare och omvandlare.<\/li>\n<li data-sourcepos=\"19:5-19:149\"><strong>H\u00f6gfrekventa till\u00e4mpningar:<\/strong> L\u00e4mplig f\u00f6r applikationer som arbetar med h\u00f6ga frekvenser, t.ex. RF-kretsar och telekommunikationsutrustning.<\/li>\n<li data-sourcepos=\"20:5-21:0\"><strong>Ljudutrustning:<\/strong> <span class=\"citation-7 recitation citation-end-7\">Anv\u00e4nds i ljudapplikationer f\u00f6r att f\u00f6rb\u00e4ttra signalkvaliteten och minska distorsionen.<\/span><span class=\"button-container hide-from-message-actions ng-star-inserted\">\u00a0<\/span>\n<div class=\"container ng-tns-c362440147-102 hide\">\n<div class=\"carousel-container ng-tns-c362440147-102\"><\/div>\n<\/div>\n<\/li>\n<\/ul>\n<\/li>\n<li data-sourcepos=\"22:1-27:0\">\n<h3 data-sourcepos=\"22:3-22:15\"><strong>F\u00f6rdelar:<\/strong><\/h3>\n<ul data-sourcepos=\"23:5-27:0\">\n<li data-sourcepos=\"23:5-23:108\"><strong><span class=\"citation-8 recitation\">F\u00f6rb\u00e4ttrad prestanda:<\/span><\/strong><span class=\"citation-8 recitation citation-end-8\"> F\u00f6rb\u00e4ttra prestanda och effektivitet hos elektronisk utrustning.<\/span>\n<div class=\"container ng-tns-c362440147-103 hide\">\n<div class=\"carousel-container ng-tns-c362440147-103\"><\/div>\n<\/div>\n<\/li>\n<li data-sourcepos=\"24:5-24:80\"><strong>Minskade energif\u00f6rluster:<\/strong> Minimera energif\u00f6rluster i olika applikationer.<\/li>\n<li data-sourcepos=\"25:5-25:87\"><strong>\u00d6kad tillf\u00f6rlitlighet:<\/strong> Sj\u00e4lvl\u00e4kande mekanism f\u00f6rb\u00e4ttrar den l\u00e5ngsiktiga tillf\u00f6rlitligheten.<\/li>\n<li data-sourcepos=\"26:5-27:0\"><strong>Kompakt och l\u00e4ttviktig:<\/strong> L\u00e4mplig f\u00f6r applikationer med begr\u00e4nsat utrymme.<\/li>\n<\/ul>\n<\/li>\n<\/ul>\n<p data-sourcepos=\"28:1-28:293\"><strong>Sammanfattningsvis:<\/strong> Metalliserade polypropylenfilmkondensatorer \u00e4r en m\u00e5ngsidig och p\u00e5litlig komponent med ett brett anv\u00e4ndningsomr\u00e5de i olika elektroniska system och kraftsystem. Deras l\u00e5ga f\u00f6rluster, h\u00f6ga stabilitet och sj\u00e4lvl\u00e4kande f\u00f6rm\u00e5ga g\u00f6r dem till ett f\u00f6rstahandsval f\u00f6r m\u00e5nga kritiska applikationer.<\/p>\n<p data-sourcepos=\"30:1-30:82\">","protected":false},"excerpt":{"rendered":"<table style=\"height: 493px;\" width=\"698\">\n<tbody>\n<tr>\n<td width=\"146\"><strong><b>Produkt<\/b><\/strong>\u00a0<strong><b>Namn:<\/b><\/strong><\/td>\n<td width=\"601\"><strong>Kondensator med metalliserad polypropylenfilm<\/strong><\/td>\n<\/tr>\n<tr>\n<td width=\"146\">\n<h4><strong>Dielektriskt material:<\/strong><\/h4>\n<\/td>\n<td width=\"601\">Metalliserad polypropylenfilm<\/td>\n<\/tr>\n<tr>\n<td width=\"146\"><strong>Kapacitansomr\u00e5de:<\/strong><\/td>\n<td width=\"601\">50 Hz och\/eller 60 Hz<\/td>\n<\/tr>\n<tr>\n<td width=\"146\"><strong>Nominell sp\u00e4nning\uff1a.<\/strong><\/td>\n<td width=\"601\">\u00a0660 VAC<\/td>\n<\/tr>\n<tr>\n<td width=\"146\"><strong>Cap.tol\uff1a<\/strong><\/td>\n<td width=\"601\">5%~+5%<\/td>\n<\/tr>\n<tr>\n<td width=\"146\"><strong>Maximal omgivningstemperatur:<\/strong><\/td>\n<td width=\"601\">\u00a0-40\u00b0C till +70\u00b0C<\/td>\n<\/tr>\n<\/tbody>\n<\/table>","protected":false},"featured_media":1770,"comment_status":"open","ping_status":"closed","template":"","meta":[],"product_brand":[],"product_cat":[39],"product_tag":[],"class_list":{"0":"post-1767","1":"product","2":"type-product","3":"status-publish","4":"has-post-thumbnail","6":"product_cat-ac-filter-capacitor-1","8":"first","9":"instock","10":"shipping-taxable","11":"product-type-simple"},"_links":{"self":[{"href":"https:\/\/rf-capacitor.com\/sv\/wp-json\/wp\/v2\/product\/1767","targetHints":{"allow":["GET"]}}],"collection":[{"href":"https:\/\/rf-capacitor.com\/sv\/wp-json\/wp\/v2\/product"}],"about":[{"href":"https:\/\/rf-capacitor.com\/sv\/wp-json\/wp\/v2\/types\/product"}],"replies":[{"embeddable":true,"href":"https:\/\/rf-capacitor.com\/sv\/wp-json\/wp\/v2\/comments?post=1767"}],"wp:featuredmedia":[{"embeddable":true,"href":"https:\/\/rf-capacitor.com\/sv\/wp-json\/wp\/v2\/media\/1770"}],"wp:attachment":[{"href":"https:\/\/rf-capacitor.com\/sv\/wp-json\/wp\/v2\/media?parent=1767"}],"wp:term":[{"taxonomy":"product_brand","embeddable":true,"href":"https:\/\/rf-capacitor.com\/sv\/wp-json\/wp\/v2\/product_brand?post=1767"},{"taxonomy":"product_cat","embeddable":true,"href":"https:\/\/rf-capacitor.com\/sv\/wp-json\/wp\/v2\/product_cat?post=1767"},{"taxonomy":"product_tag","embeddable":true,"href":"https:\/\/rf-capacitor.com\/sv\/wp-json\/wp\/v2\/product_tag?post=1767"}],"curies":[{"name":"wp","href":"https:\/\/api.w.org\/{rel}","templated":true}]}}