{"id":1713,"date":"2024-12-30T03:26:32","date_gmt":"2024-12-30T03:26:32","guid":{"rendered":"https:\/\/rf-capacitor.com\/?post_type=product&#038;p=1713"},"modified":"2024-12-30T03:26:32","modified_gmt":"2024-12-30T03:26:32","slug":"high-power-filter-capacitor","status":"publish","type":"product","link":"https:\/\/rf-capacitor.com\/sv\/high-power-filter-capacitor\/","title":{"rendered":"Filterkondensator med h\u00f6g effekt"},"content":{"rendered":"<h3 data-sourcepos=\"1:1-1:32\"><strong>H\u00f6geffektiva filterkondensatorer<\/strong><\/h3>\n<ul data-sourcepos=\"3:1-27:0\">\n<li data-sourcepos=\"3:1-3:141\">\n<p data-sourcepos=\"3:3-3:141\"><strong>Syfte:<\/strong> Utformad f\u00f6r applikationer som kr\u00e4ver h\u00f6g effekthantering, vanligtvis i h\u00f6gsp\u00e4nnings- och h\u00f6gstr\u00f6msmilj\u00f6er.<\/p>\n<\/li>\n<li data-sourcepos=\"4:1-10:0\">\n<h3 data-sourcepos=\"4:3-4:26\"><strong>Nyckelegenskaper H\u00f6geffektiv filterkondensator:<\/strong><\/h3>\n<ul data-sourcepos=\"5:5-10:0\">\n<li data-sourcepos=\"5:5-5:77\"><strong>H\u00f6g sp\u00e4nningsklassning:<\/strong> Kan motst\u00e5 h\u00f6ga sp\u00e4nningar utan att g\u00e5 s\u00f6nder.<\/li>\n<li data-sourcepos=\"6:5-6:103\"><strong>H\u00f6g str\u00f6mhantering:<\/strong> Klarar stora str\u00f6mst\u00f6tar och kontinuerligt h\u00f6ga str\u00f6mmar.<\/li>\n<li data-sourcepos=\"7:5-7:65\"><strong>L\u00e5g impedans:<\/strong> Minimera energif\u00f6rluster under drift.<\/li>\n<li data-sourcepos=\"8:5-8:121\"><strong>Robust konstruktion:<\/strong> Byggd f\u00f6r att klara tuffa driftsf\u00f6rh\u00e5llanden, inklusive h\u00f6ga temperaturer och vibrationer.<\/li>\n<li data-sourcepos=\"9:5-10:0\"><strong>Sj\u00e4lvl\u00e4kande:<\/strong> Inneh\u00e5ller ofta sj\u00e4lvl\u00e4kande mekanismer f\u00f6r att f\u00f6rl\u00e4nga livsl\u00e4ngden.<\/li>\n<\/ul>\n<\/li>\n<li data-sourcepos=\"11:1-15:0\">\n<h3 data-sourcepos=\"11:3-11:19\"><strong>Konstruktion Filterkondensator med h\u00f6g effekt:<\/strong><\/h3>\n<ul data-sourcepos=\"12:5-15:0\">\n<li data-sourcepos=\"12:5-12:112\"><strong>Dielektrisk:<\/strong> Vanligtvis anv\u00e4nds robusta dielektriska material som polypropylenfilm eller metalliserat papper.<\/li>\n<li data-sourcepos=\"13:5-13:132\"><strong>Kylning:<\/strong> Ofta anv\u00e4nds kylmekanismer som oljefyllda kapslingar eller luftkylning f\u00f6r att hantera v\u00e4rmeavledning.<\/li>\n<li data-sourcepos=\"14:5-15:0\"><strong>Robusta kapslingar:<\/strong> Inrymda i robusta h\u00f6ljen f\u00f6r att skydda de interna komponenterna fr\u00e5n milj\u00f6faktorer.<\/li>\n<\/ul>\n<\/li>\n<li data-sourcepos=\"16:1-21:0\">\n<h3 data-sourcepos=\"16:3-16:19\"><strong>Applikationer:<\/strong><\/h3>\n<ul data-sourcepos=\"17:5-21:0\">\n<li data-sourcepos=\"17:5-17:118\"><strong>Kraft\u00f6verf\u00f6ring och distribution:<\/strong> Filtrering av \u00f6vertoner i h\u00f6gsp\u00e4nningsledningar och transformatorstationer.<\/li>\n<li data-sourcepos=\"18:5-18:130\"><strong>Industriella till\u00e4mpningar:<\/strong> Anv\u00e4nds i industriell utrustning med h\u00f6g effekt, t.ex. motorstyrningar, omriktare och svetsmaskiner.<\/li>\n<li data-sourcepos=\"19:5-19:128\"><strong>F\u00f6rnyelsebar energi:<\/strong> Filtrering av \u00f6vertoner som genereras av vindkraftverk, solcellsv\u00e4xelriktare och andra f\u00f6rnybara energik\u00e4llor.<\/li>\n<li data-sourcepos=\"19:5-19:128\"><strong>H\u00f6gsp\u00e4nd likstr\u00f6ms\u00f6verf\u00f6ring (HVDC):<\/strong> Anv\u00e4nds i HVDC-omriktarstationer f\u00f6r att filtrera \u00f6vertoner och f\u00f6rb\u00e4ttra elkvaliteten.<\/li>\n<\/ul>\n<\/li>\n<li data-sourcepos=\"22:1-27:0\">\n<h3 data-sourcepos=\"22:3-22:15\"><strong>F\u00f6rdelar:<\/strong><\/h3>\n<ul data-sourcepos=\"23:5-27:0\">\n<li data-sourcepos=\"23:5-23:125\"><strong>F\u00f6rb\u00e4ttrad elkvalitet:<\/strong> Minskar effektivt harmonisk distorsion, vilket leder till stabilare och effektivare kraftsystem.<\/li>\n<li data-sourcepos=\"24:5-24:110\"><strong>\u00d6kad systemeffektivitet:<\/strong> Minimerar effektf\u00f6rluster, vilket minskar energif\u00f6rbrukningen och driftskostnaderna.<\/li>\n<li data-sourcepos=\"25:5-25:105\"><strong>F\u00f6rb\u00e4ttrad livsl\u00e4ngd f\u00f6r utrustningen:<\/strong> Skydda k\u00e4nslig utrustning fr\u00e5n de skadliga effekterna av \u00f6vertoner.<\/li>\n<li data-sourcepos=\"26:5-27:0\"><strong>F\u00f6rb\u00e4ttrad systemtillf\u00f6rlitlighet:<\/strong> Robust konstruktion och sj\u00e4lvl\u00e4kande funktioner f\u00f6rb\u00e4ttrar systemets l\u00e5ngsiktiga tillf\u00f6rlitlighet.<\/li>\n<\/ul>\n<\/li>\n<\/ul>","protected":false},"excerpt":{"rendered":"<table style=\"height: 447px;\" width=\"813\">\n<tbody>\n<tr>\n<td width=\"146\"><strong><b>Produkt<\/b><\/strong>\u00a0<strong><b>Namn:<\/b><\/strong><\/td>\n<td width=\"601\"><strong>Filterkondensator med h\u00f6g effekt<\/strong><\/td>\n<\/tr>\n<tr>\n<td width=\"146\">\n<h4>Ans\u00f6kan:<\/h4>\n<\/td>\n<td width=\"601\">Allm\u00e4nt \u00e4ndam\u00e5l, kraft, h\u00f6gsp\u00e4nning, UPS<\/td>\n<\/tr>\n<tr>\n<td width=\"146\"><strong>Kapacitansomr\u00e5de:<\/strong><\/td>\n<td width=\"601\">\u00a00,33UF~60UF<\/td>\n<\/tr>\n<tr>\n<td width=\"146\"><strong>Nominell sp\u00e4nning\uff1a.<\/strong><\/td>\n<td width=\"601\">450V.DC - 1800V.DC<\/td>\n<\/tr>\n<tr>\n<td width=\"146\"><strong>Referensstandard:<\/strong><\/td>\n<td width=\"601\">\u00a0IEC61071;GB\/T 17702<\/td>\n<\/tr>\n<tr>\n<td width=\"146\"><strong>Anv\u00e4ndning:\u00a0<\/strong><\/td>\n<td width=\"601\">\u00a0AC-filter<\/td>\n<\/tr>\n<\/tbody>\n<\/table>","protected":false},"featured_media":1714,"comment_status":"open","ping_status":"closed","template":"","meta":[],"product_brand":[],"product_cat":[39],"product_tag":[],"class_list":{"0":"post-1713","1":"product","2":"type-product","3":"status-publish","4":"has-post-thumbnail","6":"product_cat-ac-filter-capacitor-1","8":"first","9":"instock","10":"shipping-taxable","11":"product-type-simple"},"_links":{"self":[{"href":"https:\/\/rf-capacitor.com\/sv\/wp-json\/wp\/v2\/product\/1713","targetHints":{"allow":["GET"]}}],"collection":[{"href":"https:\/\/rf-capacitor.com\/sv\/wp-json\/wp\/v2\/product"}],"about":[{"href":"https:\/\/rf-capacitor.com\/sv\/wp-json\/wp\/v2\/types\/product"}],"replies":[{"embeddable":true,"href":"https:\/\/rf-capacitor.com\/sv\/wp-json\/wp\/v2\/comments?post=1713"}],"wp:featuredmedia":[{"embeddable":true,"href":"https:\/\/rf-capacitor.com\/sv\/wp-json\/wp\/v2\/media\/1714"}],"wp:attachment":[{"href":"https:\/\/rf-capacitor.com\/sv\/wp-json\/wp\/v2\/media?parent=1713"}],"wp:term":[{"taxonomy":"product_brand","embeddable":true,"href":"https:\/\/rf-capacitor.com\/sv\/wp-json\/wp\/v2\/product_brand?post=1713"},{"taxonomy":"product_cat","embeddable":true,"href":"https:\/\/rf-capacitor.com\/sv\/wp-json\/wp\/v2\/product_cat?post=1713"},{"taxonomy":"product_tag","embeddable":true,"href":"https:\/\/rf-capacitor.com\/sv\/wp-json\/wp\/v2\/product_tag?post=1713"}],"curies":[{"name":"wp","href":"https:\/\/api.w.org\/{rel}","templated":true}]}}