{"id":1709,"date":"2024-12-30T03:11:32","date_gmt":"2024-12-30T03:11:32","guid":{"rendered":"https:\/\/rf-capacitor.com\/?post_type=product&#038;p=1709"},"modified":"2024-12-30T03:11:32","modified_gmt":"2024-12-30T03:11:32","slug":"power-factor-correction-film-capacitors","status":"publish","type":"product","link":"https:\/\/rf-capacitor.com\/sv\/power-factor-correction-film-capacitors\/","title":{"rendered":"Filmkondensatorer f\u00f6r effektfaktorkorrigering"},"content":{"rendered":"<h3 data-sourcepos=\"1:1-1:49\"><strong>Filmkondensatorer f\u00f6r effektfaktorkorrigering<\/strong><\/h3>\n<ul data-sourcepos=\"3:1-13:0\">\n<li data-sourcepos=\"3:1-3:94\">\n<p data-sourcepos=\"3:3-3:94\"><strong><span class=\"citation-0 recitation\">Syfte:<\/span><\/strong><span class=\"citation-0 recitation citation-end-0\"> Anv\u00e4nds fr\u00e4mst f\u00f6r att f\u00f6rb\u00e4ttra effektfaktorn i elektriska system.<\/span><span class=\"button-container hide-from-message-actions ng-star-inserted\">\u00a0<\/span><\/p>\n<div class=\"container ng-tns-c362440147-42 hide\">\n<div class=\"carousel-container ng-tns-c362440147-42\"><\/div>\n<\/div>\n<\/li>\n<li data-sourcepos=\"4:1-11:0\">\n<p data-sourcepos=\"4:3-4:21\"><strong>Hur de fungerar:<\/strong><\/p>\n<ul data-sourcepos=\"5:5-11:0\">\n<li data-sourcepos=\"5:5-5:174\"><strong>Reaktiv effekt:<\/strong> <span class=\"citation-1 recitation citation-end-1\">Induktiva belastningar (som motorer och transformatorer) drar reaktiv effekt, som inte bidrar till nyttigt arbete men \u00f6kar str\u00f6mfl\u00f6det.<\/span><span class=\"button-container hide-from-message-actions ng-star-inserted\"> \u00a0<\/span>\n<div class=\"container ng-tns-c362440147-43 hide\">\n<div class=\"carousel-container ng-tns-c362440147-43\"><\/div>\n<\/div>\n<\/li>\n<li data-sourcepos=\"6:5-6:124\"><strong><span class=\"citation-2 recitation\">Kondensatorer:<\/span><\/strong><span class=\"citation-2 recitation citation-end-2\"> Tillhandah\u00e5ller ledande reaktiv effekt, som upph\u00e4ver lastens eftersl\u00e4pande reaktiva effekt.<\/span><span class=\"button-container hide-from-message-actions ng-star-inserted\"> \u00a0<\/span>\n<div class=\"container ng-tns-c362440147-44 hide\">\n<div class=\"carousel-container ng-tns-c362440147-44\"><\/div>\n<\/div>\n<\/li>\n<li data-sourcepos=\"7:5-11:0\"><strong>F\u00f6rb\u00e4ttrad effektfaktor:<\/strong> Genom att l\u00e4gga till PFC-kondensatorer \u00f6kas systemets totala effektfaktor, vilket resulterar i:\n<ul data-sourcepos=\"8:9-11:0\">\n<li data-sourcepos=\"8:9-8:65\">Minskat str\u00f6mfl\u00f6de f\u00f6r samma m\u00e4ngd verklig effekt.<\/li>\n<li data-sourcepos=\"9:9-9:57\"><span class=\"citation-3 recitation citation-end-3\">L\u00e4gre energif\u00f6rluster i systemet.<\/span><span class=\"button-container hide-from-message-actions ng-star-inserted\"> \u00a0<\/span>\n<div class=\"container ng-tns-c362440147-45 hide\">\n<div class=\"carousel-container ng-tns-c362440147-45\"><\/div>\n<\/div>\n<\/li>\n<li data-sourcepos=\"10:9-11:0\"><span class=\"citation-4 recitation citation-end-4\">F\u00f6rb\u00e4ttrad sp\u00e4nningsstabilitet.<\/span><span class=\"button-container hide-from-message-actions ng-star-inserted\">\u00a0 \u00a0<\/span><\/li>\n<li data-sourcepos=\"10:9-11:0\"><strong>Konstruktion:<\/strong> Liknar allm\u00e4nna AC-filterkondensatorer och anv\u00e4nder vanligtvis metalliserad polypropylenfilm som dielektrikum.<\/li>\n<\/ul>\n<\/li>\n<\/ul>\n<\/li>\n<\/ul>\n<h3 data-sourcepos=\"14:1-14:17\"><strong>Viktiga egenskaper Effektfaktorkorrigering Filmkondensatorer :<\/strong><\/h3>\n<ul data-sourcepos=\"16:1-20:0\">\n<li data-sourcepos=\"16:1-16:86\"><strong>H\u00f6g kapacitansdensitet:<\/strong> Kan uppn\u00e5 h\u00f6ga kapacitansv\u00e4rden i en kompakt storlek.<\/li>\n<li data-sourcepos=\"17:1-17:60\"><strong>L\u00e5g f\u00f6rlust:<\/strong> Minimal energif\u00f6rlust under drift.<\/li>\n<li data-sourcepos=\"18:1-18:80\"><strong>Sj\u00e4lvl\u00e4kande:<\/strong> <span class=\"citation-5 recitation citation-end-5\">\u00d6kar tillf\u00f6rlitligheten och f\u00f6rl\u00e4nger livsl\u00e4ngden.<\/span><span class=\"button-container hide-from-message-actions ng-star-inserted\"> \u00a0<\/span>\n<div class=\"container ng-tns-c362440147-47 hide\">\n<div class=\"carousel-container ng-tns-c362440147-47\"><\/div>\n<\/div>\n<\/li>\n<li data-sourcepos=\"19:1-20:0\"><strong>L\u00e5ng livsl\u00e4ngd:<\/strong> Utformad f\u00f6r kontinuerlig drift i kraftsystem.<\/li>\n<\/ul>\n<h3 data-sourcepos=\"21:1-21:17\"><strong>Applikationer Effektfaktorkorrigering Filmkondensatorer :<\/strong><\/h3>\n<ul data-sourcepos=\"23:1-26:0\">\n<li data-sourcepos=\"23:1-23:147\"><strong><span class=\"citation-6 recitation\">Industriell:<\/span><\/strong><span class=\"citation-6 recitation citation-end-6\"> Anv\u00e4nds ofta i industrianl\u00e4ggningar f\u00f6r att f\u00f6rb\u00e4ttra effektfaktorn f\u00f6r motorer, transformatorer och andra induktiva belastningar.<\/span><span class=\"button-container hide-from-message-actions ng-star-inserted\">\u00a0<\/span>\n<div class=\"container ng-tns-c362440147-48 hide\">\n<div class=\"carousel-container ng-tns-c362440147-48\"><\/div>\n<\/div>\n<\/li>\n<li data-sourcepos=\"24:1-24:113\"><strong>Kommersiell:<\/strong> <span class=\"citation-7 recitation citation-end-7\">Anv\u00e4nds i kommersiella byggnader f\u00f6r att minska energikostnaderna och f\u00f6rb\u00e4ttra systemets effektivitet.<\/span><span class=\"button-container hide-from-message-actions ng-star-inserted\">\u00a0 \u00a0<\/span>\n<div class=\"container ng-tns-c362440147-49 hide\">\n<div class=\"carousel-container ng-tns-c362440147-49\"><\/div>\n<\/div>\n<\/li>\n<li data-sourcepos=\"25:1-26:0\"><strong><span class=\"citation-8 recitation\">Verktyg:<\/span><\/strong><span class=\"citation-8 recitation citation-end-8\"> Anv\u00e4nds av elbolag f\u00f6r att f\u00f6rb\u00e4ttra den \u00f6vergripande elkvaliteten i eln\u00e4tet.<\/span><span class=\"button-container hide-from-message-actions ng-star-inserted\">\u00a0<\/span>\n<div class=\"container ng-tns-c362440147-50 hide\">\n<div class=\"carousel-container ng-tns-c362440147-50\"><\/div>\n<\/div>\n<\/li>\n<\/ul>\n<h3 data-sourcepos=\"27:1-27:13\"><strong>F\u00f6rdelar:<\/strong><\/h3>\n<ul data-sourcepos=\"29:1-34:0\">\n<li data-sourcepos=\"29:1-29:117\"><strong>Minskade energikostnader:<\/strong> L\u00e4gre str\u00f6muttag leder till minskade energif\u00f6rluster i \u00f6verf\u00f6rings- och distributionsledningar.<\/li>\n<li data-sourcepos=\"30:1-30:126\"><strong>F\u00f6rb\u00e4ttrad systemeffektivitet:<\/strong> <span class=\"citation-9 recitation citation-end-9\">\u00d6kad effektfaktor f\u00f6rb\u00e4ttrar den totala effektiviteten hos elektrisk utrustning.<\/span><span class=\"button-container hide-from-message-actions ng-star-inserted\">\u00a0 \u00a0<\/span>\n<div class=\"container ng-tns-c362440147-51 hide\">\n<div class=\"carousel-container ng-tns-c362440147-51\"><\/div>\n<\/div>\n<\/li>\n<li data-sourcepos=\"31:1-31:131\"><strong>\u00d6kad kapacitet i systemet:<\/strong> <span class=\"citation-10 recitation citation-end-10\">L\u00e4gre str\u00f6mstyrka ger m\u00f6jlighet till \u00f6kad effekt utan att beh\u00f6va uppgradera infrastrukturen.<\/span><span class=\"button-container hide-from-message-actions ng-star-inserted\"> \u00a0<\/span>\n<div class=\"container ng-tns-c362440147-52 hide\">\n<div class=\"carousel-container ng-tns-c362440147-52\"><\/div>\n<\/div>\n<\/li>\n<li data-sourcepos=\"32:1-32:93\"><strong>F\u00f6rb\u00e4ttrad sp\u00e4nningsstabilitet:<\/strong> Minskade sp\u00e4nningsfluktuationer och f\u00f6rb\u00e4ttrad systemstabilitet.<\/li>\n<li data-sourcepos=\"33:1-34:0\"><strong>Minskat slitage p\u00e5 utrustningen:<\/strong> L\u00e4gre str\u00f6mstyrka minskar belastningen p\u00e5 elektrisk utrustning och f\u00f6rl\u00e4nger dess livsl\u00e4ngd.<\/li>\n<\/ul>","protected":false},"excerpt":{"rendered":"<table style=\"height: 506px;\" width=\"694\">\n<tbody>\n<tr>\n<td width=\"146\"><strong><b>Produkt<\/b><\/strong>\u00a0<strong><b>Namn:<\/b><\/strong><\/td>\n<td width=\"601\"><strong>Filmkondensatorer f\u00f6r effektfaktorkorrigering<\/strong><\/td>\n<\/tr>\n<tr>\n<td width=\"146\">\n<h4><strong>Kort beskrivning:<\/strong><\/h4>\n<\/td>\n<td width=\"601\">&nbsp;<\/p>\n<p>CRE har utvecklat ett AC-filter av torrfilmstyp som l\u00f6ser problemet med att konventionella AC-filter inte fungerar.<\/td>\n<\/tr>\n<tr>\n<td width=\"146\"><strong>Kapacitansomr\u00e5de:<\/strong><\/td>\n<td width=\"601\">\u00a03*200\u03bcF\u00b15%<\/td>\n<\/tr>\n<tr>\n<td width=\"146\"><strong>Nominell sp\u00e4nning\uff1a.<\/strong><\/td>\n<td width=\"601\">450V.AC SH<\/td>\n<\/tr>\n<tr>\n<td width=\"146\"><strong>Cap.tol\uff1a<\/strong><\/td>\n<td width=\"601\">\u00a0\u00b15%\uff08J\uff09\uff1b\u00b110%\uff08K\uff09<\/td>\n<\/tr>\n<tr>\n<td width=\"146\"><strong>Kondensator Modell:\u00a0<\/strong><\/td>\n<td width=\"601\">DMJ-PS-serien<\/td>\n<\/tr>\n<\/tbody>\n<\/table>","protected":false},"featured_media":1710,"comment_status":"open","ping_status":"closed","template":"","meta":[],"product_brand":[],"product_cat":[39],"product_tag":[],"class_list":{"0":"post-1709","1":"product","2":"type-product","3":"status-publish","4":"has-post-thumbnail","6":"product_cat-ac-filter-capacitor-1","8":"first","9":"instock","10":"shipping-taxable","11":"product-type-simple"},"_links":{"self":[{"href":"https:\/\/rf-capacitor.com\/sv\/wp-json\/wp\/v2\/product\/1709","targetHints":{"allow":["GET"]}}],"collection":[{"href":"https:\/\/rf-capacitor.com\/sv\/wp-json\/wp\/v2\/product"}],"about":[{"href":"https:\/\/rf-capacitor.com\/sv\/wp-json\/wp\/v2\/types\/product"}],"replies":[{"embeddable":true,"href":"https:\/\/rf-capacitor.com\/sv\/wp-json\/wp\/v2\/comments?post=1709"}],"wp:featuredmedia":[{"embeddable":true,"href":"https:\/\/rf-capacitor.com\/sv\/wp-json\/wp\/v2\/media\/1710"}],"wp:attachment":[{"href":"https:\/\/rf-capacitor.com\/sv\/wp-json\/wp\/v2\/media?parent=1709"}],"wp:term":[{"taxonomy":"product_brand","embeddable":true,"href":"https:\/\/rf-capacitor.com\/sv\/wp-json\/wp\/v2\/product_brand?post=1709"},{"taxonomy":"product_cat","embeddable":true,"href":"https:\/\/rf-capacitor.com\/sv\/wp-json\/wp\/v2\/product_cat?post=1709"},{"taxonomy":"product_tag","embeddable":true,"href":"https:\/\/rf-capacitor.com\/sv\/wp-json\/wp\/v2\/product_tag?post=1709"}],"curies":[{"name":"wp","href":"https:\/\/api.w.org\/{rel}","templated":true}]}}