{"id":1705,"date":"2024-12-30T02:28:37","date_gmt":"2024-12-30T02:28:37","guid":{"rendered":"https:\/\/rf-capacitor.com\/?post_type=product&#038;p=1705"},"modified":"2024-12-30T02:28:37","modified_gmt":"2024-12-30T02:28:37","slug":"ac-filter-metalized-film-capacitor","status":"publish","type":"product","link":"https:\/\/rf-capacitor.com\/sv\/ac-filter-metalized-film-capacitor\/","title":{"rendered":"AC-filter Metalliserad filmkondensator"},"content":{"rendered":"<h3 data-sourcepos=\"1:1-1:40\"><strong>AC-filter metalliserad filmkondensator<\/strong><\/h3>\n<h3 data-sourcepos=\"3:1-3:18\"><strong>Vad \u00e4r metalliserad filmkondensator f\u00f6r AC-filter?<\/strong><\/h3>\n<ul data-sourcepos=\"5:1-10:0\">\n<li data-sourcepos=\"5:1-5:121\"><strong><span class=\"citation-0 recitation\">Syfte:<\/span><\/strong><span class=\"citation-0 recitation citation-end-0\"> Anv\u00e4nds i f\u00f6rsta hand f\u00f6r att filtrera bort o\u00f6nskade \u00f6vertoner (f\u00f6rvr\u00e4ngda frekvenser) i v\u00e4xelstr\u00f6mssystem.<\/span><span class=\"button-container hide-from-message-actions ng-star-inserted\"> \u00a0<\/span>\n<div class=\"container ng-tns-c362440147-19 hide\">\n<div class=\"carousel-container ng-tns-c362440147-19\"><\/div>\n<\/div>\n<\/li>\n<li data-sourcepos=\"6:1-10:0\"><strong>Konstruktion:<\/strong>\n<ul data-sourcepos=\"7:5-10:0\">\n<li data-sourcepos=\"7:5-7:90\"><strong>Dielektrisk:<\/strong> <span class=\"citation-1 recitation citation-end-1\">Tillverkad med tunna lager av metalliserad polypropylenfilm.<\/span><span class=\"button-container hide-from-message-actions ng-star-inserted\">\u00a0<\/span>\n<div class=\"container ng-tns-c362440147-20 hide\">\n<div class=\"carousel-container ng-tns-c362440147-20\"><\/div>\n<\/div>\n<\/li>\n<li data-sourcepos=\"8:5-8:135\"><strong><span class=\"citation-2 recitation\">Metallisering:<\/span><\/strong><span class=\"citation-2 recitation citation-end-2\"> Ett tunt lager av metall (vanligtvis aluminium) deponeras p\u00e5 filmen och skapar ett ledande skikt.<\/span><span class=\"button-container hide-from-message-actions ng-star-inserted\"> \u00a0<\/span>\n<div class=\"container ng-tns-c362440147-21 hide\">\n<div class=\"carousel-container ng-tns-c362440147-21\"><\/div>\n<\/div>\n<\/li>\n<li data-sourcepos=\"9:5-10:0\"><strong>Sj\u00e4lvl\u00e4kande:<\/strong> Om det uppst\u00e5r en lokal kortslutning avdunstar metalliseringen runt felet, vilket isolerar omr\u00e5det och g\u00f6r att kondensatorn kan forts\u00e4tta att fungera.<\/li>\n<\/ul>\n<\/li>\n<\/ul>\n<h3 data-sourcepos=\"11:1-11:17\"><strong>Egenskaper AC-filter Metalliserad filmkondensator:<\/strong><\/h3>\n<ul data-sourcepos=\"13:1-22:0\">\n<li data-sourcepos=\"13:1-13:99\"><strong><span class=\"citation-3 recitation\">H\u00f6g kapacitansdensitet:<\/span><\/strong><span class=\"citation-3 recitation citation-end-3\"> Kan uppn\u00e5 h\u00f6ga kapacitansv\u00e4rden i en kompakt storlek.<\/span><span class=\"button-container hide-from-message-actions ng-star-inserted\">\u00a0<\/span>\n<div class=\"container ng-tns-c362440147-22 hide\">\n<div class=\"carousel-container ng-tns-c362440147-22\"><\/div>\n<\/div>\n<\/li>\n<li data-sourcepos=\"14:1-14:73\"><strong><span class=\"citation-4 recitation\">L\u00e5g f\u00f6rlust:<\/span><\/strong><span class=\"citation-4 recitation citation-end-4\"> Minimal energif\u00f6rlust under drift.<\/span><span class=\"button-container hide-from-message-actions ng-star-inserted\">\u00a0 \u00a0<\/span>\n<div class=\"container ng-tns-c362440147-23 hide\">\n<div class=\"carousel-container ng-tns-c362440147-23\"><\/div>\n<\/div>\n<\/li>\n<li data-sourcepos=\"15:1-15:80\"><strong>Sj\u00e4lvl\u00e4kande:<\/strong> <span class=\"citation-5 recitation citation-end-5\">\u00d6kar tillf\u00f6rlitligheten och f\u00f6rl\u00e4nger livsl\u00e4ngden.<\/span><span class=\"button-container hide-from-message-actions ng-star-inserted\">\u00a0 \u00a0<\/span>\n<div class=\"container ng-tns-c362440147-24 hide\">\n<div class=\"carousel-container ng-tns-c362440147-24\"><\/div>\n<\/div>\n<\/li>\n<li data-sourcepos=\"16:1-16:83\"><strong><span class=\"citation-6 recitation\">H\u00f6g kapacitet f\u00f6r toppstr\u00f6m:<\/span><\/strong><span class=\"citation-6 recitation citation-end-6\"> Kan motst\u00e5 h\u00f6ga str\u00f6mst\u00f6tar.<\/span><span class=\"button-container hide-from-message-actions ng-star-inserted\"> \u00a0<\/span>\n<div class=\"container ng-tns-c362440147-25 hide\">\n<div class=\"carousel-container ng-tns-c362440147-25\"><\/div>\n<\/div>\n<\/li>\n<li data-sourcepos=\"17:1-22:0\"><strong>Brett utbud av applikationer:<\/strong> L\u00e4mplig f\u00f6r olika till\u00e4mpningar, t.ex:\n<ul data-sourcepos=\"18:5-22:0\">\n<li data-sourcepos=\"18:5-18:80\"><strong>Inverterarsystem:<\/strong> Utj\u00e4mnar utg\u00e5ngsv\u00e5gformerna och f\u00f6rb\u00e4ttrar effektiviteten.<\/li>\n<li data-sourcepos=\"19:5-19:91\"><strong><span class=\"citation-7 recitation\">Motordrivna enheter:<\/span><\/strong><span class=\"citation-7 recitation citation-end-7\"> Minska \u00f6vertoner som genereras av frekvensomriktare.<\/span>\n<div class=\"container ng-tns-c362440147-26 hide\">\n<div class=\"carousel-container ng-tns-c362440147-26\"><\/div>\n<\/div>\n<\/li>\n<li data-sourcepos=\"20:5-20:67\"><strong><span class=\"citation-8 recitation\">Batteriladdare:<\/span><\/strong><span class=\"citation-8 recitation citation-end-8\"> Filtrering av krusningsstr\u00f6mmar.<\/span><span class=\"button-container hide-from-message-actions ng-star-inserted\"> \u00a0<\/span>\n<div class=\"container ng-tns-c362440147-27 hide\">\n<div class=\"carousel-container ng-tns-c362440147-27\"><\/div>\n<\/div>\n<\/li>\n<li data-sourcepos=\"21:5-22:0\"><strong><span class=\"citation-9 recitation\">Effektfaktorkorrigering (PFC):<\/span><\/strong><span class=\"citation-9 recitation citation-end-9\"> F\u00f6rb\u00e4ttring av elkvaliteten.<\/span><span class=\"button-container hide-from-message-actions ng-star-inserted\"> \u00a0<\/span>\n<div class=\"container ng-tns-c362440147-28 hide\">\n<div class=\"carousel-container ng-tns-c362440147-28\">\n<div class=\"carousel-content ng-tns-c362440147-28\">\n<div class=\"sources-carousel-source ng-tns-c362440147-28 hide ng-star-inserted\" data-test-id=\"sources-carousel-source\"><\/div>\n<\/div>\n<\/div>\n<\/div>\n<\/li>\n<\/ul>\n<\/li>\n<\/ul>\n<h3 data-sourcepos=\"23:1-23:17\"><strong>Till\u00e4mpningar AC-filter Metalliserad filmkondensator:<\/strong><\/h3>\n<ul data-sourcepos=\"25:1-29:0\">\n<li data-sourcepos=\"25:1-25:99\"><strong><span class=\"citation-10 recitation\">Industriell:<\/span><\/strong><span class=\"citation-10 recitation citation-end-10\"> Effektfaktorkorrigering, \u00f6vertonsfiltrering i industriell utrustning.<\/span><span class=\"button-container hide-from-message-actions ng-star-inserted\"> \u00a0<\/span>\n<div class=\"container ng-tns-c362440147-29 hide\">\n<div class=\"carousel-container ng-tns-c362440147-29\"><\/div>\n<\/div>\n<\/li>\n<li data-sourcepos=\"26:1-26:91\"><strong><span class=\"citation-11 recitation\">F\u00f6rnyelsebar energi:<\/span><\/strong><span class=\"citation-11 recitation citation-end-11\"> Filtrering av \u00f6vertoner i vind- och solkraftsystem,<\/span>\n<div class=\"container ng-tns-c362440147-30 hide\">\n<div class=\"carousel-container ng-tns-c362440147-30\"><\/div>\n<\/div>\n<\/li>\n<li data-sourcepos=\"27:1-27:90\"><strong>Fordon:<\/strong> <span class=\"citation-12 recitation citation-end-12\">Utj\u00e4mning av sp\u00e4nningsfluktuationer i elektroniska system.<\/span><span class=\"button-container hide-from-message-actions ng-star-inserted\">\u00a0 \u00a0<\/span>\n<div class=\"container ng-tns-c362440147-31 hide\">\n<div class=\"carousel-container ng-tns-c362440147-31\"><\/div>\n<\/div>\n<\/li>\n<li data-sourcepos=\"28:1-29:0\"><strong><span class=\"citation-13 recitation\">Konsumentelektronik:<\/span><\/strong><span class=\"citation-13 recitation citation-end-13\"> F\u00f6rb\u00e4ttra prestandan hos ljud- och videoutrustning.<\/span><span class=\"button-container hide-from-message-actions ng-star-inserted\"> \u00a0<\/span>\n<div class=\"container ng-tns-c362440147-32 hide\">\n<div class=\"carousel-container ng-tns-c362440147-32\"><\/div>\n<\/div>\n<\/li>\n<\/ul>\n<h3 data-sourcepos=\"30:1-30:13\"><strong>F\u00f6rdelar:<\/strong><\/h3>\n<ul data-sourcepos=\"32:1-36:0\">\n<li data-sourcepos=\"32:1-32:125\"><strong><span class=\"citation-14 recitation\">F\u00f6rb\u00e4ttrad elkvalitet:<\/span><\/strong><span class=\"citation-14 recitation citation-end-14\"> Minskar harmonisk distorsion, vilket leder till mer stabila och effektiva kraftsystem.<\/span>\n<div class=\"container ng-tns-c362440147-33 hide\">\n<div class=\"carousel-container ng-tns-c362440147-33\"><\/div>\n<\/div>\n<\/li>\n<li data-sourcepos=\"33:1-33:105\"><strong><span class=\"citation-15 recitation\">Minskad energif\u00f6rbrukning:<\/span><\/strong><span class=\"citation-15 recitation citation-end-15\"> L\u00e4gre harmonisk distorsion kan minska energif\u00f6rlusterna.<\/span><span class=\"button-container hide-from-message-actions ng-star-inserted\"> \u00a0<\/span>\n<div class=\"container ng-tns-c362440147-34 hide\">\n<div class=\"carousel-container ng-tns-c362440147-34\"><\/div>\n<\/div>\n<\/li>\n<li data-sourcepos=\"34:1-34:92\"><strong>F\u00f6rl\u00e4ngd livsl\u00e4ngd f\u00f6r utrustningen:<\/strong> Skyddar k\u00e4nslig utrustning fr\u00e5n effekterna av \u00f6vertoner.<\/li>\n<li data-sourcepos=\"35:1-36:0\"><strong>F\u00f6rb\u00e4ttrad systemtillf\u00f6rlitlighet:<\/strong> <span class=\"citation-16 recitation citation-end-16\">Sj\u00e4lvl\u00e4kande egenskaper f\u00f6rb\u00e4ttrar kondensatorernas l\u00e5ngsiktiga tillf\u00f6rlitlighet.<\/span><span class=\"button-container hide-from-message-actions ng-star-inserted\"> \u00a0 <\/span><\/li>\n<\/ul>","protected":false},"excerpt":{"rendered":"<table style=\"height: 406px;\" width=\"696\">\n<tbody>\n<tr>\n<td width=\"146\"><strong>Produktnamn:<\/strong><\/td>\n<td width=\"601\"><strong>AC-filter Metalliserad filmkondensator<\/strong><\/td>\n<\/tr>\n<tr>\n<td width=\"146\">\n<h4><strong>Paket:<\/strong><\/h4>\n<\/td>\n<td width=\"601\">Metallskal av aluminium, flamskyddad (UL 94V-0) epoxipackning med h\u00f6g str\u00f6mstyrka<\/td>\n<\/tr>\n<tr>\n<td width=\"146\"><strong>Elektrisk kapacitet:<\/strong><\/td>\n<td width=\"601\">3\u2716\ufe0f20~3\u2716\ufe0f500UF<\/td>\n<\/tr>\n<tr>\n<td width=\"146\"><strong>Nominell sp\u00e4nning\uff1a.<\/strong><\/td>\n<td width=\"601\">220-1000vac<\/td>\n<\/tr>\n<tr>\n<td width=\"146\"><strong>Dielektrisk:\u00a0<\/strong><\/td>\n<td width=\"601\">Polypropylenfilm<\/td>\n<\/tr>\n<tr>\n<td width=\"146\"><strong>Struktur:<\/strong><\/td>\n<td width=\"601\">Metalliserad film torr struktur<\/td>\n<\/tr>\n<\/tbody>\n<\/table>","protected":false},"featured_media":1706,"comment_status":"open","ping_status":"closed","template":"","meta":[],"product_brand":[],"product_cat":[39],"product_tag":[],"class_list":{"0":"post-1705","1":"product","2":"type-product","3":"status-publish","4":"has-post-thumbnail","6":"product_cat-ac-filter-capacitor-1","8":"first","9":"instock","10":"shipping-taxable","11":"product-type-simple"},"_links":{"self":[{"href":"https:\/\/rf-capacitor.com\/sv\/wp-json\/wp\/v2\/product\/1705","targetHints":{"allow":["GET"]}}],"collection":[{"href":"https:\/\/rf-capacitor.com\/sv\/wp-json\/wp\/v2\/product"}],"about":[{"href":"https:\/\/rf-capacitor.com\/sv\/wp-json\/wp\/v2\/types\/product"}],"replies":[{"embeddable":true,"href":"https:\/\/rf-capacitor.com\/sv\/wp-json\/wp\/v2\/comments?post=1705"}],"wp:featuredmedia":[{"embeddable":true,"href":"https:\/\/rf-capacitor.com\/sv\/wp-json\/wp\/v2\/media\/1706"}],"wp:attachment":[{"href":"https:\/\/rf-capacitor.com\/sv\/wp-json\/wp\/v2\/media?parent=1705"}],"wp:term":[{"taxonomy":"product_brand","embeddable":true,"href":"https:\/\/rf-capacitor.com\/sv\/wp-json\/wp\/v2\/product_brand?post=1705"},{"taxonomy":"product_cat","embeddable":true,"href":"https:\/\/rf-capacitor.com\/sv\/wp-json\/wp\/v2\/product_cat?post=1705"},{"taxonomy":"product_tag","embeddable":true,"href":"https:\/\/rf-capacitor.com\/sv\/wp-json\/wp\/v2\/product_tag?post=1705"}],"curies":[{"name":"wp","href":"https:\/\/api.w.org\/{rel}","templated":true}]}}