{"id":1666,"date":"2024-12-27T03:40:14","date_gmt":"2024-12-27T03:40:14","guid":{"rendered":"https:\/\/rf-capacitor.com\/?post_type=product&#038;p=1666"},"modified":"2024-12-31T03:26:01","modified_gmt":"2024-12-31T03:26:01","slug":"polyester-film-capacitor","status":"publish","type":"product","link":"https:\/\/rf-capacitor.com\/sv\/polyester-film-capacitor\/","title":{"rendered":"Kondensator av polyesterfilm"},"content":{"rendered":"<h3 data-sourcepos=\"1:1-1:29\"><strong>Kondensatorer av polyesterfilm<\/strong><\/h3>\n<p data-sourcepos=\"3:1-3:312\"><span class=\"citation-0 recitation citation-end-0\">Polyesterfilmkondensatorer \u00e4r en vanlig typ av filmkondensatorer som anv\u00e4nder polyesterfilm som dielektriskt material mellan de ledande plattorna.<\/span> <span class=\"citation-1 recitation citation-end-1\">De \u00e4r k\u00e4nda f\u00f6r sin goda stabilitet, tillf\u00f6rlitlighet och kostnadseffektivitet, vilket g\u00f6r att de anv\u00e4nds i stor utstr\u00e4ckning i olika elektroniska applikationer.<\/span><span class=\"button-container hide-from-message-actions ng-star-inserted\">\u00a0<\/span><\/p>\n<h3 data-sourcepos=\"5:1-5:24\"><strong>Viktiga egenskaper:<\/strong><\/h3>\n<ul data-sourcepos=\"7:1-13:0\">\n<li data-sourcepos=\"7:1-7:90\"><strong><span class=\"citation-2 recitation\">Dielektriskt material:<\/span><\/strong><span class=\"citation-2 recitation citation-end-2\"> Polyesterfilm (polyetylentereftalat eller PET)<\/span><span class=\"button-container hide-from-message-actions ng-star-inserted\"> \u00a0<\/span>\n<div class=\"container ng-tns-c362440147-92 hide\">\n<div class=\"carousel-container ng-tns-c362440147-92\"><\/div>\n<\/div>\n<\/li>\n<li data-sourcepos=\"8:1-8:104\"><strong>God stabilitet:<\/strong> <span class=\"citation-3 recitation citation-end-3\">Uppvisar utm\u00e4rkt stabilitet av kapacitansen \u00f6ver temperatur och tid.<\/span><span class=\"button-container hide-from-message-actions ng-star-inserted\"> \u00a0<\/span>\n<div class=\"container ng-tns-c362440147-93 hide\">\n<div class=\"carousel-container ng-tns-c362440147-93\"><\/div>\n<\/div>\n<\/li>\n<li data-sourcepos=\"9:1-9:189\"><strong><span class=\"citation-4 recitation\">Sj\u00e4lvl\u00e4kande egenskaper:<\/span><\/strong><span class=\"citation-4 recitation citation-end-4\"> Har inneboende sj\u00e4lvl\u00e4kande egenskaper, d\u00e4r lokala dielektriska nedbrytningar automatiskt repareras, vilket f\u00f6rl\u00e4nger kondensatorns livsl\u00e4ngd.<\/span>\n<div class=\"container ng-tns-c362440147-94 hide\">\n<div class=\"carousel-container ng-tns-c362440147-94\"><\/div>\n<\/div>\n<\/li>\n<li data-sourcepos=\"10:1-10:140\"><strong><span class=\"citation-5 recitation\">Brett utbud av kapacitansv\u00e4rden:<\/span><\/strong><span class=\"citation-5 recitation citation-end-5\"> Finns i ett brett utbud av kapacitansv\u00e4rden f\u00f6r att passa olika kretskrav.<\/span><span class=\"button-container hide-from-message-actions ng-star-inserted\"> \u00a0<\/span>\n<div class=\"container ng-tns-c362440147-95 hide\">\n<div class=\"carousel-container ng-tns-c362440147-95\"><\/div>\n<\/div>\n<\/li>\n<li data-sourcepos=\"11:1-11:109\"><strong>Kostnadseffektivt:<\/strong> <span class=\"citation-6 recitation citation-end-6\">Generellt mer prisv\u00e4rda j\u00e4mf\u00f6rt med vissa andra typer av filmkondensatorer.<\/span><span class=\"button-container hide-from-message-actions ng-star-inserted\"> \u00a0<\/span>\n<div class=\"container ng-tns-c362440147-96 hide\">\n<div class=\"carousel-container ng-tns-c362440147-96\"><\/div>\n<\/div>\n<\/li>\n<li data-sourcepos=\"12:1-13:0\"><strong>M\u00e5ttlig sp\u00e4nningsklassning:<\/strong> Har vanligtvis m\u00e5ttliga sp\u00e4nningsv\u00e4rden j\u00e4mf\u00f6rt med h\u00f6gsp\u00e4nningsfilmkondensatorer.<\/li>\n<\/ul>\n<h3 data-sourcepos=\"14:1-14:24\"><strong>Vanliga applikationer:<\/strong><\/h3>\n<ul data-sourcepos=\"16:1-20:0\">\n<li data-sourcepos=\"16:1-16:128\"><strong>Koppling och frikoppling:<\/strong> Anv\u00e4nds f\u00f6r att isolera DC-f\u00f6rsp\u00e4nningar och filtrera AC-signaler i f\u00f6rst\u00e4rkarkretsar och andra elektroniska system.<\/li>\n<li data-sourcepos=\"17:1-17:96\"><strong><span class=\"citation-7 recitation\">Timing-kretsar:<\/span><\/strong><span class=\"citation-7 recitation citation-end-7\"> Anv\u00e4nds i timingkretsar, t.ex. oscillatorer och timers.<\/span><span class=\"button-container hide-from-message-actions ng-star-inserted\"> \u00a0<\/span>\n<div class=\"container ng-tns-c362440147-97 hide\">\n<div class=\"carousel-container ng-tns-c362440147-97\"><\/div>\n<\/div>\n<\/li>\n<li data-sourcepos=\"18:1-18:97\"><strong>Str\u00f6mf\u00f6rs\u00f6rjning:<\/strong> <span class=\"citation-8 recitation citation-end-8\">Anv\u00e4nds i str\u00f6mf\u00f6rs\u00f6rjningskretsar f\u00f6r filtrering och utj\u00e4mning.<\/span><span class=\"button-container hide-from-message-actions ng-star-inserted\">\u00a0<\/span>\n<div class=\"container ng-tns-c362440147-98 hide\">\n<div class=\"carousel-container ng-tns-c362440147-98\"><\/div>\n<\/div>\n<\/li>\n<li data-sourcepos=\"19:1-20:0\"><strong>Applikationer f\u00f6r allm\u00e4nt bruk:<\/strong> <span class=\"citation-9 recitation citation-end-9\">L\u00e4mplig f\u00f6r ett brett spektrum av allm\u00e4nna applikationer d\u00e4r god stabilitet och tillf\u00f6rlitlighet kr\u00e4vs.<\/span><span class=\"button-container hide-from-message-actions ng-star-inserted\"> \u00a0 <\/span><\/li>\n<\/ul>","protected":false},"excerpt":{"rendered":"<table style=\"height: 436px;\" width=\"725\">\n<tbody>\n<tr>\n<td width=\"146\"><strong><b>Produkt<\/b><\/strong>\u00a0<strong><b>Namn:<\/b><\/strong><\/td>\n<td width=\"601\"><strong>Kondensator av polyesterfilm<\/strong><\/td>\n<\/tr>\n<tr>\n<td width=\"146\">\n<h4><strong>Kort beskrivning:<\/strong><\/h4>\n<\/td>\n<td width=\"601\">Extern defibrillator;<br \/>\nApplikationer med pulseffekt;<\/td>\n<\/tr>\n<tr>\n<td width=\"146\"><strong>Kapacitansomr\u00e5de:<\/strong><\/td>\n<td width=\"601\">32\u03bcF~200\u03bcF<\/td>\n<\/tr>\n<tr>\n<td width=\"146\"><strong>Nominell sp\u00e4nning\uff1a.<\/strong><\/td>\n<td width=\"601\">1500V.DC - 5000V.DC<\/td>\n<\/tr>\n<tr>\n<td width=\"146\"><strong>Cap.tol\uff1a<\/strong><\/td>\n<td width=\"601\">\u00a0\u00b15%(J);\u00b110%(K)<\/td>\n<\/tr>\n<\/tbody>\n<\/table>","protected":false},"featured_media":1806,"comment_status":"open","ping_status":"closed","template":"","meta":[],"product_brand":[],"product_cat":[38],"product_tag":[],"class_list":{"0":"post-1666","1":"product","2":"type-product","3":"status-publish","4":"has-post-thumbnail","6":"product_cat-dc-capacitor-2","8":"first","9":"instock","10":"shipping-taxable","11":"product-type-simple"},"_links":{"self":[{"href":"https:\/\/rf-capacitor.com\/sv\/wp-json\/wp\/v2\/product\/1666","targetHints":{"allow":["GET"]}}],"collection":[{"href":"https:\/\/rf-capacitor.com\/sv\/wp-json\/wp\/v2\/product"}],"about":[{"href":"https:\/\/rf-capacitor.com\/sv\/wp-json\/wp\/v2\/types\/product"}],"replies":[{"embeddable":true,"href":"https:\/\/rf-capacitor.com\/sv\/wp-json\/wp\/v2\/comments?post=1666"}],"wp:featuredmedia":[{"embeddable":true,"href":"https:\/\/rf-capacitor.com\/sv\/wp-json\/wp\/v2\/media\/1806"}],"wp:attachment":[{"href":"https:\/\/rf-capacitor.com\/sv\/wp-json\/wp\/v2\/media?parent=1666"}],"wp:term":[{"taxonomy":"product_brand","embeddable":true,"href":"https:\/\/rf-capacitor.com\/sv\/wp-json\/wp\/v2\/product_brand?post=1666"},{"taxonomy":"product_cat","embeddable":true,"href":"https:\/\/rf-capacitor.com\/sv\/wp-json\/wp\/v2\/product_cat?post=1666"},{"taxonomy":"product_tag","embeddable":true,"href":"https:\/\/rf-capacitor.com\/sv\/wp-json\/wp\/v2\/product_tag?post=1666"}],"curies":[{"name":"wp","href":"https:\/\/api.w.org\/{rel}","templated":true}]}}