{"id":1627,"date":"2024-12-26T08:00:56","date_gmt":"2024-12-26T08:00:56","guid":{"rendered":"https:\/\/rf-capacitor.com\/?post_type=product&#038;p=1627"},"modified":"2024-12-26T08:00:56","modified_gmt":"2024-12-26T08:00:56","slug":"dc-voltage-capacitor","status":"publish","type":"product","link":"https:\/\/rf-capacitor.com\/sv\/dc-voltage-capacitor\/","title":{"rendered":"Kondensator f\u00f6r DC-sp\u00e4nning"},"content":{"rendered":"<div id=\"model-response-message-contentr_ace5d7b53d4346af\" class=\"markdown markdown-main-panel response-optimization\" dir=\"ltr\">\n<h2 data-sourcepos=\"1:1-1:55\">Kondensator f\u00f6r liksp\u00e4nning: En missvisande ben\u00e4mning eller en specifik typ?<\/h2>\n<p data-sourcepos=\"3:1-3:97\"><strong>Begreppet \"liksp\u00e4nningskondensator\" \u00e4r lite tvetydigt.<\/strong> Det kan handla om tv\u00e5 olika begrepp:<\/p>\n<h3 data-sourcepos=\"5:1-5:36\">1. Kondensator som anv\u00e4nds i likstr\u00f6mskretsar<\/h3>\n<ul data-sourcepos=\"6:1-13:0\">\n<li data-sourcepos=\"6:1-6:111\"><strong>Allm\u00e4n anv\u00e4ndning:<\/strong> I det h\u00e4r sammanhanget anv\u00e4nds en kondensator i en krets med likstr\u00f6msf\u00f6rs\u00f6rjning (DC).<\/li>\n<li data-sourcepos=\"7:1-7:236\"><strong>Beteende:<\/strong> Kondensatorer f\u00f6rknippas i f\u00f6rsta hand med v\u00e4xelstr\u00f6mskretsar, men de kan ocks\u00e5 fungera i likstr\u00f6mskretsar. <span class=\"citation-0 recitation citation-end-0\">N\u00e4r en liksp\u00e4nning l\u00e4ggs p\u00e5 laddas kondensatorn upp till en viss sp\u00e4nning och stoppar sedan str\u00f6mfl\u00f6det.<\/span><span class=\"button-container hide-from-message-actions ng-star-inserted\"> \u00a0<\/span>\n<div class=\"container ng-tns-c362440147-50 hide\">\n<div class=\"carousel-container ng-tns-c362440147-50\"><\/div>\n<\/div>\n<\/li>\n<li data-sourcepos=\"8:1-13:0\"><strong>Applikationer:<\/strong> Denna typ av kondensator anv\u00e4nds ofta i:\n<ul data-sourcepos=\"9:5-13:0\">\n<li data-sourcepos=\"9:5-9:78\"><strong>Utj\u00e4mnande:<\/strong> <span class=\"citation-1 recitation citation-end-1\">Minskning av sp\u00e4nningsrippel i likstr\u00f6msaggregat<\/span><span class=\"button-container hide-from-message-actions ng-star-inserted\">\u00a0 \u00a0<\/span>\n<div class=\"container ng-tns-c362440147-51 hide\">\n<div class=\"carousel-container ng-tns-c362440147-51\"><\/div>\n<\/div>\n<\/li>\n<li data-sourcepos=\"10:5-10:85\"><strong>Koppling:<\/strong> <span class=\"citation-2 recitation citation-end-2\">\u00d6verf\u00f6ring av AC-signaler med blockering av DC-komponenter<\/span><span class=\"button-container hide-from-message-actions ng-star-inserted\">\u00a0<\/span>\n<div class=\"container ng-tns-c362440147-52 hide\">\n<div class=\"carousel-container ng-tns-c362440147-52\"><\/div>\n<\/div>\n<\/li>\n<li data-sourcepos=\"11:5-11:64\"><strong>Filtrering:<\/strong> Tar bort o\u00f6nskade frekvenser fr\u00e5n en signal<\/li>\n<li data-sourcepos=\"12:5-13:0\"><strong><span class=\"citation-3 recitation\">Timing-kretsar:<\/span><\/strong><span class=\"citation-3 recitation citation-end-3\"> Styrning av tidsf\u00f6rloppet f\u00f6r h\u00e4ndelser i en krets<\/span><span class=\"button-container hide-from-message-actions ng-star-inserted\"> \u00a0<\/span>\n<div class=\"container ng-tns-c362440147-53 hide\">\n<div class=\"carousel-container ng-tns-c362440147-53\"><\/div>\n<\/div>\n<\/li>\n<\/ul>\n<\/li>\n<\/ul>\n<h3 data-sourcepos=\"17:1-17:45\">2. Kondensator avsedd f\u00f6r h\u00f6g liksp\u00e4nning<\/h3>\n<ul data-sourcepos=\"18:1-24:0\">\n<li data-sourcepos=\"18:1-18:99\"><strong>Specifik typ:<\/strong> Detta avser kondensatorer som \u00e4r s\u00e4rskilt konstruerade f\u00f6r att klara h\u00f6ga liksp\u00e4nningar.<\/li>\n<li data-sourcepos=\"19:1-19:140\"><strong>Konstruktion:<\/strong> Dessa kondensatorer har ofta speciella dielektriska material och konstruktioner f\u00f6r att klara h\u00f6ga sp\u00e4nningar utan att g\u00e5 s\u00f6nder.<\/li>\n<li data-sourcepos=\"20:1-24:0\"><strong>Applikationer:<\/strong> De anv\u00e4nds i applikationer d\u00e4r h\u00f6ga liksp\u00e4nningar f\u00f6rekommer, t.ex:\n<ul data-sourcepos=\"21:5-24:0\">\n<li data-sourcepos=\"21:5-21:37\"><strong>Str\u00f6mf\u00f6rs\u00f6rjning f\u00f6r h\u00f6gsp\u00e4nning<\/strong><\/li>\n<li data-sourcepos=\"22:5-22:34\"><strong>Kraft\u00f6verf\u00f6ringsledningar<\/strong><\/li>\n<li data-sourcepos=\"23:5-24:0\"><strong>Elektrostatiska f\u00e4llare<\/strong><\/li>\n<\/ul>\n<\/li>\n<\/ul>\n<\/div>\n<div class=\"response-footer gap complete\">\n<div class=\"show-sources-container ng-star-inserted\"><\/div>\n<div class=\"container ng-tns-c362440147-49\">\n<div class=\"carousel-container ng-tns-c362440147-49\">\n<div class=\"carousel-content ng-tns-c362440147-49\">\n<div class=\"sources-carousel-source ng-tns-c362440147-49 ng-star-inserted\" data-test-id=\"sources-carousel-source\">\n<div class=\"source-card-container\">\n<div class=\"source-card-content\">\n<div class=\"source-card-body\">\n<div class=\"source-card-header\">\n<div class=\"source-card-title\"><\/div>\n<\/div>\n<\/div>\n<\/div>\n<\/div>\n<\/div>\n<\/div>\n<\/div>\n<\/div>\n<\/div>","protected":false},"excerpt":{"rendered":"<table style=\"height: 483px;\" width=\"511\">\n<tbody>\n<tr>\n<td width=\"146\"><strong><b>Produkt<\/b><\/strong>\u00a0<strong><b>Namn:<\/b><\/strong><\/td>\n<td width=\"601\">Kondensator f\u00f6r DC-sp\u00e4nning<\/td>\n<\/tr>\n<tr>\n<td width=\"146\">\n<h4><strong>T\u00e5lig sp\u00e4nning:<\/strong><\/h4>\n<\/td>\n<td width=\"601\">\n<table border=\"0\" cellspacing=\"0\" cellpadding=\"0\">\n<tbody>\n<tr>\n<td width=\"722\">Vt-t 1.5UN\/ 10s ( 20\u2103 \u00b1 5\u2103 )<br \/>\nVt-c 3000V.AC \/10s ( 50Hz , 20\u2103\u00b15\u2103 )<\/td>\n<\/tr>\n<\/tbody>\n<\/table>\n<\/td>\n<\/tr>\n<tr>\n<td width=\"146\"><strong>Kapacitansomr\u00e5de:<\/strong><\/td>\n<td width=\"601\">320 \u03bcF\u00b110%<\/td>\n<\/tr>\n<tr>\n<td width=\"146\"><strong>Nominell sp\u00e4nning\uff1a.<\/strong><\/td>\n<td width=\"601\">750 VDC<\/td>\n<\/tr>\n<tr>\n<td width=\"146\"><strong>Nominell energi:<\/strong><\/td>\n<td width=\"601\">90Ws<\/td>\n<\/tr>\n<\/tbody>\n<\/table>","protected":false},"featured_media":1628,"comment_status":"open","ping_status":"closed","template":"","meta":[],"product_brand":[],"product_cat":[38],"product_tag":[],"class_list":{"0":"post-1627","1":"product","2":"type-product","3":"status-publish","4":"has-post-thumbnail","6":"product_cat-dc-capacitor-2","8":"first","9":"instock","10":"shipping-taxable","11":"product-type-simple"},"_links":{"self":[{"href":"https:\/\/rf-capacitor.com\/sv\/wp-json\/wp\/v2\/product\/1627","targetHints":{"allow":["GET"]}}],"collection":[{"href":"https:\/\/rf-capacitor.com\/sv\/wp-json\/wp\/v2\/product"}],"about":[{"href":"https:\/\/rf-capacitor.com\/sv\/wp-json\/wp\/v2\/types\/product"}],"replies":[{"embeddable":true,"href":"https:\/\/rf-capacitor.com\/sv\/wp-json\/wp\/v2\/comments?post=1627"}],"wp:featuredmedia":[{"embeddable":true,"href":"https:\/\/rf-capacitor.com\/sv\/wp-json\/wp\/v2\/media\/1628"}],"wp:attachment":[{"href":"https:\/\/rf-capacitor.com\/sv\/wp-json\/wp\/v2\/media?parent=1627"}],"wp:term":[{"taxonomy":"product_brand","embeddable":true,"href":"https:\/\/rf-capacitor.com\/sv\/wp-json\/wp\/v2\/product_brand?post=1627"},{"taxonomy":"product_cat","embeddable":true,"href":"https:\/\/rf-capacitor.com\/sv\/wp-json\/wp\/v2\/product_cat?post=1627"},{"taxonomy":"product_tag","embeddable":true,"href":"https:\/\/rf-capacitor.com\/sv\/wp-json\/wp\/v2\/product_tag?post=1627"}],"curies":[{"name":"wp","href":"https:\/\/api.w.org\/{rel}","templated":true}]}}