{"id":1624,"date":"2024-12-26T07:13:54","date_gmt":"2024-12-26T07:13:54","guid":{"rendered":"https:\/\/rf-capacitor.com\/?post_type=product&#038;p=1624"},"modified":"2024-12-26T07:13:54","modified_gmt":"2024-12-26T07:13:54","slug":"dc-link-capacitor","status":"publish","type":"product","link":"https:\/\/rf-capacitor.com\/sv\/dc-link-capacitor\/","title":{"rendered":"Kondensator f\u00f6r DC-l\u00e4nk"},"content":{"rendered":"<h2 data-sourcepos=\"1:1-1:48\">Kondensator f\u00f6r DC-l\u00e4nk: En buffert f\u00f6r kraftelektronik<\/h2>\n<p data-sourcepos=\"3:1-3:271\"><strong><span class=\"citation-0 recitation\">En kondensator f\u00f6r likstr\u00f6msl\u00e4nken<\/span><\/strong><span class=\"citation-0 recitation citation-end-0\"> \u00e4r en viktig komponent i kraftelektronikkretsar och fungerar som en buffert mellan ing\u00e5ngs- och utg\u00e5ngsstegen i en omvandlare.<\/span> <span class=\"citation-1 recitation citation-end-1\">Den spelar en viktig roll f\u00f6r att stabilisera liksp\u00e4nningen och s\u00e4kerst\u00e4lla en smidig drift av systemet.<\/span><span class=\"button-container hide-from-message-actions ng-star-inserted\">\u00a0<\/span><\/p>\n<h3 data-sourcepos=\"5:1-5:16\">Hur det fungerar<\/h3>\n<ul data-sourcepos=\"6:1-9:0\">\n<li data-sourcepos=\"6:1-6:146\"><strong>Lagring av energi:<\/strong> <span class=\"citation-2 recitation citation-end-2\">DC-l\u00e4nkens kondensator lagrar energi under perioder med l\u00e5g efterfr\u00e5gan och avger den under perioder med h\u00f6g efterfr\u00e5gan.<\/span>\n<div class=\"container ng-tns-c362440147-34 hide\">\n<div class=\"carousel-container ng-tns-c362440147-34\"><\/div>\n<\/div>\n<\/li>\n<li data-sourcepos=\"7:1-7:209\"><strong><span class=\"citation-3 recitation\">Stabilisering av sp\u00e4nning:<\/span><\/strong><span class=\"citation-3 recitation citation-end-3\"> Genom att absorbera och avge energi bidrar kondensatorn till att uppr\u00e4tth\u00e5lla en stabil liksp\u00e4nningsniv\u00e5, vilket minskar fluktuationer som orsakas av variationer i tillf\u00f6rd effekt eller belastningsefterfr\u00e5gan.<\/span><span class=\"button-container hide-from-message-actions ng-star-inserted\">\u00a0<\/span>\n<div class=\"container ng-tns-c362440147-35 hide\">\n<div class=\"carousel-container ng-tns-c362440147-35\"><\/div>\n<\/div>\n<\/li>\n<li data-sourcepos=\"8:1-9:0\"><strong><span class=\"citation-4 recitation\">Minskning av rippelstr\u00f6m:<\/span><\/strong><span class=\"citation-4 recitation citation-end-4\"> Det bidrar ocks\u00e5 till att minska den rippelstr\u00f6m som genereras av omvandlarens v\u00e4xling, vilket resulterar i en renare DC-utg\u00e5ng.<\/span><span class=\"button-container hide-from-message-actions ng-star-inserted\"> \u00a0<\/span>\n<div class=\"container ng-tns-c362440147-36 hide\">\n<div class=\"carousel-container ng-tns-c362440147-36\"><\/div>\n<\/div>\n<\/li>\n<\/ul>\n<h3 data-sourcepos=\"10:1-10:16\">Till\u00e4mpningar<\/h3>\n<p data-sourcepos=\"11:1-11:88\">DC-l\u00e4nkkondensatorer anv\u00e4nds ofta i olika kraftelektronikapplikationer, t.ex:<\/p>\n<ul data-sourcepos=\"18:1-21:0\">\n<li data-sourcepos=\"12:1-12:122\"><strong><span class=\"citation-5 recitation\">Inverterare:<\/span><\/strong><span class=\"citation-5 recitation citation-end-5\"> F\u00f6r att tillhandah\u00e5lla en stabil liksp\u00e4nningsk\u00e4lla f\u00f6r omriktaren, som omvandlar likstr\u00f6m till v\u00e4xelstr\u00f6m.<\/span><span class=\"button-container hide-from-message-actions ng-star-inserted\">\u00a0 \u00a0<\/span>\n<div class=\"container ng-tns-c362440147-37 hide\">\n<div class=\"carousel-container ng-tns-c362440147-37\"><\/div>\n<\/div>\n<\/li>\n<li data-sourcepos=\"13:1-13:98\"><strong><span class=\"citation-6 recitation\">Omvandlare:<\/span><\/strong><span class=\"citation-6 recitation citation-end-6\"> F\u00f6r att j\u00e4mna ut liksp\u00e4nningen mellan stegen i en flerstegsomvandlare.<\/span><span class=\"button-container hide-from-message-actions ng-star-inserted\">\u00a0 \u00a0<\/span>\n<div class=\"container ng-tns-c362440147-38 hide\">\n<div class=\"carousel-container ng-tns-c362440147-38\"><\/div>\n<\/div>\n<\/li>\n<li data-sourcepos=\"14:1-14:124\"><strong><span class=\"citation-7 recitation\">Motordrivna enheter:<\/span><\/strong><span class=\"citation-7 recitation citation-end-7\"> F\u00f6r att s\u00e4kerst\u00e4lla stabil drift av motorstyrningar genom att tillhandah\u00e5lla en konstant liksp\u00e4nning till motorn.<\/span><span class=\"button-container hide-from-message-actions ng-star-inserted\">\u00a0 \u00a0<\/span>\n<div class=\"container ng-tns-c362440147-39 hide\">\n<div class=\"carousel-container ng-tns-c362440147-39\"><\/div>\n<\/div>\n<\/li>\n<li data-sourcepos=\"15:1-16:0\"><strong><span class=\"citation-8 recitation\">System f\u00f6r f\u00f6rnybar energi:<\/span><\/strong><span class=\"citation-8 recitation citation-end-8\"> F\u00f6r att lagra energi fr\u00e5n k\u00e4llor som solpaneler och vindkraftverk, vilket s\u00e4kerst\u00e4ller en stabil likstr\u00f6msf\u00f6rs\u00f6rjning.<\/span><span class=\"button-container hide-from-message-actions ng-star-inserted\">\u00a0<\/span>\n<div class=\"container ng-tns-c362440147-40 hide\">\n<div class=\"carousel-container ng-tns-c362440147-40\">\n<div class=\"carousel-content ng-tns-c362440147-40\">\n<div data-test-id=\"sources-carousel-source\"><\/div>\n<div data-test-id=\"sources-carousel-source\"><\/div>\n<div class=\"sources-carousel-source ng-tns-c362440147-40 hide ng-star-inserted\" data-test-id=\"sources-carousel-source\"><span style=\"font-size: 20.16px;\">Viktiga \u00f6verv\u00e4ganden<\/span><\/div>\n<\/div>\n<\/div>\n<\/div>\n<\/li>\n<li data-sourcepos=\"18:1-18:147\"><strong>Kapacitansv\u00e4rde:<\/strong> <span class=\"citation-9 recitation citation-end-9\">Kapacitansv\u00e4rdet v\u00e4ljs utifr\u00e5n \u00f6nskat sp\u00e4nningsrippel och systemets effektbehov.<\/span><\/li>\n<li data-sourcepos=\"18:1-18:147\"><strong style=\"font-size: 14.4px;\">Sp\u00e4nningsklassning:<\/strong><span style=\"font-size: 14.4px;\"> Kondensatorn m\u00e5ste vara dimensionerad f\u00f6r den maximala sp\u00e4nning som den kommer att uts\u00e4ttas f\u00f6r i kretsen.<\/span><\/li>\n<li data-sourcepos=\"20:1-21:0\"><strong>Rippelstr\u00f6m Klassning:<\/strong> <span class=\"citation-10 recitation citation-end-10\">Kondensatorn m\u00e5ste kunna hantera de h\u00f6ga rippelstr\u00f6mmar som genereras av omvandlarens switchning.<\/span><span class=\"button-container hide-from-message-actions ng-star-inserted\"> \u00a0<\/span>\n<div class=\"container ng-tns-c362440147-42 hide\">\n<div class=\"carousel-container ng-tns-c362440147-42\"><\/div>\n<\/div>\n<\/li>\n<\/ul>\n<p data-sourcepos=\"22:1-22:323\"><strong><span class=\"citation-11 recitation citation-end-11\">En DC-l\u00e4nkkondensator \u00e4r en kritisk komponent som s\u00e4kerst\u00e4ller stabil och effektiv drift av kraftelektroniksystem.<\/span> <span class=\"citation-12 recitation\">Genom att tillhandah\u00e5lla en buffert f\u00f6r energilagring och sp\u00e4nningsstabilisering spelar den en nyckelroll i olika applikationer, fr\u00e5n system f\u00f6r f\u00f6rnybar energi till motorstyrningar.<\/span><\/strong><span class=\"button-container hide-from-message-actions ng-star-inserted\"> \u00a0 <\/span><\/p>","protected":false},"excerpt":{"rendered":"<table style=\"height: 485px;\" width=\"682\">\n<tbody>\n<tr>\n<td width=\"146\"><strong><b>Produkt<\/b><\/strong>\u00a0<strong><b>Namn:<\/b><\/strong><\/td>\n<td width=\"601\">Kondensator f\u00f6r DC-l\u00e4nk<\/td>\n<\/tr>\n<tr>\n<td width=\"146\">\n<h4><strong>Kort beskrivning:<\/strong><\/h4>\n<\/td>\n<td width=\"601\">Anv\u00e4nds ofta i olika typer av elektronisk utrustning DC-l\u00e4nkdel f\u00f6r DC-st\u00f6d, energilagring och filter. t.ex. vindkraftsystem och v\u00e4xelriktare;<\/td>\n<\/tr>\n<tr>\n<td width=\"146\"><strong>Kapacitansomr\u00e5de:<\/strong><\/td>\n<td width=\"601\">20\u00b5F ~ 5600\u00b5F<\/td>\n<\/tr>\n<tr>\n<td width=\"146\"><strong>Nominell sp\u00e4nning\uff1a.<\/strong><\/td>\n<td width=\"601\">500 ~ 4000VDC<\/td>\n<\/tr>\n<tr>\n<td width=\"146\"><strong>Cap.tol\uff1a<\/strong><\/td>\n<td width=\"601\">\u00a0\u00a0\u00b15%\uff08J\uff09\uff1b\u00b110%\uff08K\uff09<\/td>\n<\/tr>\n<tr>\n<td width=\"146\"><\/td>\n<td width=\"601\"><\/td>\n<\/tr>\n<\/tbody>\n<\/table>","protected":false},"featured_media":1625,"comment_status":"open","ping_status":"closed","template":"","meta":[],"product_brand":[],"product_cat":[38],"product_tag":[],"class_list":{"0":"post-1624","1":"product","2":"type-product","3":"status-publish","4":"has-post-thumbnail","6":"product_cat-dc-capacitor-2","8":"first","9":"instock","10":"shipping-taxable","11":"product-type-simple"},"_links":{"self":[{"href":"https:\/\/rf-capacitor.com\/sv\/wp-json\/wp\/v2\/product\/1624","targetHints":{"allow":["GET"]}}],"collection":[{"href":"https:\/\/rf-capacitor.com\/sv\/wp-json\/wp\/v2\/product"}],"about":[{"href":"https:\/\/rf-capacitor.com\/sv\/wp-json\/wp\/v2\/types\/product"}],"replies":[{"embeddable":true,"href":"https:\/\/rf-capacitor.com\/sv\/wp-json\/wp\/v2\/comments?post=1624"}],"wp:featuredmedia":[{"embeddable":true,"href":"https:\/\/rf-capacitor.com\/sv\/wp-json\/wp\/v2\/media\/1625"}],"wp:attachment":[{"href":"https:\/\/rf-capacitor.com\/sv\/wp-json\/wp\/v2\/media?parent=1624"}],"wp:term":[{"taxonomy":"product_brand","embeddable":true,"href":"https:\/\/rf-capacitor.com\/sv\/wp-json\/wp\/v2\/product_brand?post=1624"},{"taxonomy":"product_cat","embeddable":true,"href":"https:\/\/rf-capacitor.com\/sv\/wp-json\/wp\/v2\/product_cat?post=1624"},{"taxonomy":"product_tag","embeddable":true,"href":"https:\/\/rf-capacitor.com\/sv\/wp-json\/wp\/v2\/product_tag?post=1624"}],"curies":[{"name":"wp","href":"https:\/\/api.w.org\/{rel}","templated":true}]}}