{"id":2087,"date":"2025-01-14T03:17:14","date_gmt":"2025-01-14T03:17:14","guid":{"rendered":"https:\/\/rf-capacitor.com\/?post_type=product&#038;p=2087"},"modified":"2025-01-14T07:43:50","modified_gmt":"2025-01-14T07:43:50","slug":"closed-loop-hall-current-sensor","status":"publish","type":"product","link":"https:\/\/rf-capacitor.com\/sl\/closed-loop-hall-current-sensor\/","title":{"rendered":"Zaprta zanka Hallovega senzorja toka"},"content":{"rendered":"<p data-sourcepos=\"1:1-1:157\">Senzor toka z zaprto zanko s Hallovim u\u010dinkom je bolj izpopolnjena vrsta senzorja toka, ki premaguje \u0161tevilne omejitve svojega kolega z odprto zanko.<\/p>\n<h2 data-sourcepos=\"3:1-3:17\">Kako deluje Hallov senzor toka v zaprti zanki:<\/h2>\n<ol data-sourcepos=\"5:1-9:0\">\n<li data-sourcepos=\"5:1-5:171\"><strong>Zaznavanje magnetnega polja:<\/strong> Tako kot senzor z odprto zanko uporablja Hallov senzor za zaznavanje magnetnega polja, ki ga ustvarja tok, ki te\u010de skozi vodnik.<\/li>\n<li data-sourcepos=\"6:1-6:179\"><strong>Mehanizem povratnih informacij:<\/strong> Klju\u010dna razlika je v vklju\u010ditvi povratne zanke. Izhodni signal Hallovega senzorja se oja\u010da in uporabi za pogon kompenzacijske tuljave.<\/li>\n<li data-sourcepos=\"7:1-7:151\"><strong>Izbris magnetnega polja:<\/strong> Ta kompenzacijska tuljava ustvarja magnetno polje, ki je nasprotno magnetnemu polju, ki ga ustvarja primarni tok.<\/li>\n<li data-sourcepos=\"8:1-9:0\"><strong>Stanje ni\u010delnega toka:<\/strong> Sistem aktivno prilagaja tok, ki te\u010de skozi kompenzacijsko tuljavo, dokler se neto magnetno polje v jedru ne zmanj\u0161a na minimum (v idealnem primeru na ni\u010d).<\/li>\n<\/ol>\n<h2 data-sourcepos=\"10:1-10:19\">Glavne prednosti:<\/h2>\n<ul data-sourcepos=\"12:1-16:0\">\n<li data-sourcepos=\"12:1-12:104\"><strong>Izbolj\u0161ana natan\u010dnost:<\/strong> Zmanj\u0161uje vpliv zunanjih magnetnih polj in temperaturnih sprememb.<\/li>\n<li data-sourcepos=\"13:1-13:91\"><strong>Izbolj\u0161ana linearnost:<\/strong> Zagotavlja zelo linearen izhodni signal v \u0161irokem tokovnem obmo\u010dju.<\/li>\n<li data-sourcepos=\"14:1-14:99\"><strong>Zmanj\u0161ano temperaturno odstopanje:<\/strong> Zmanj\u0161a vpliv temperaturnih sprememb na delovanje senzorja.<\/li>\n<li data-sourcepos=\"15:1-16:0\"><strong>Visoka natan\u010dnost:<\/strong> V primerjavi s senzorji z odprto zanko dose\u017ee ve\u010djo natan\u010dnost in to\u010dnost.<\/li>\n<\/ul>\n<h2 data-sourcepos=\"17:1-17:17\">Uporaba:<\/h2>\n<ul data-sourcepos=\"19:1-22:0\">\n<li data-sourcepos=\"19:1-19:198\"><strong>Zelo natan\u010dne aplikacije:<\/strong> Uporablja se v aplikacijah, kjer sta visoka natan\u010dnost in to\u010dnost klju\u010dnega pomena, na primer pri natan\u010dnem krmiljenju motorjev, spremljanju kakovosti elektri\u010dne energije in znanstvenih instrumentih.<\/li>\n<li data-sourcepos=\"20:1-20:120\"><strong>Industrijska avtomatizacija:<\/strong> Uporabljajo se v zahtevnih industrijskih okoljih, kjer sta natan\u010dnost in zanesljivost najpomembnej\u0161i.<\/li>\n<li data-sourcepos=\"21:1-22:0\"><strong>Sistemi za obnovljive vire energije:<\/strong> Uporablja se v solarnih pretvornikih, vetrnih turbinah in drugih sistemih za obnovljive vire energije za natan\u010dno spremljanje in nadzor mo\u010di.<\/li>\n<\/ul>\n<h2 data-sourcepos=\"23:1-23:15\">\u010ce povzamemo:<\/h2>\n<p data-sourcepos=\"25:1-25:329\">Senzorji toka z zaprto zanko s Hallovim u\u010dinkom imajo v primerjavi z odprto zanko precej\u0161nje prednosti, saj vklju\u010dujejo mehanizem povratne informacije, ki aktivno kompenzira zunanje vplive in izbolj\u0161a celotno delovanje. Zaradi tega so primerni za \u0161irok nabor aplikacij, pri katerih sta bistvenega pomena visoka natan\u010dnost in zanesljivost.<\/p>","protected":false},"excerpt":{"rendered":"<p>\u25cf Senzor toka Hallovega tipa zaprtega tipa<\/p>\n<p>\u25cf Nazivni vhodni tok: (200-1000) A; Nazivni izhod: 0 ~ (200-1000) A; Nazivni izhod: IZHODNA NAPETOST: 4V \/ 5V<\/p>\n<p>\u25cf Zaslonka: 40 mm; napajanje: \u00b112V \/ \u00b115V<\/p>\n<p>\u25cf izmeni\u010dni, enosmerni, impulzni in drugi kompleksni tok<\/p>\n<p>\u25cf hiter odziv, \u0161iroko obmo\u010dje merjenja, visoka natan\u010dnost, mo\u010dna preobremenitvena zmogljivost, dobra linearnost ter odli\u010dna in proti motnjam performace<\/p>","protected":false},"featured_media":2089,"comment_status":"open","ping_status":"closed","template":"","meta":[],"product_brand":[],"product_cat":[44],"product_tag":[],"class_list":{"0":"post-2087","1":"product","2":"type-product","3":"status-publish","4":"has-post-thumbnail","6":"product_cat-current-sensor-2","8":"first","9":"instock","10":"shipping-taxable","11":"product-type-simple"},"_links":{"self":[{"href":"https:\/\/rf-capacitor.com\/sl\/wp-json\/wp\/v2\/product\/2087","targetHints":{"allow":["GET"]}}],"collection":[{"href":"https:\/\/rf-capacitor.com\/sl\/wp-json\/wp\/v2\/product"}],"about":[{"href":"https:\/\/rf-capacitor.com\/sl\/wp-json\/wp\/v2\/types\/product"}],"replies":[{"embeddable":true,"href":"https:\/\/rf-capacitor.com\/sl\/wp-json\/wp\/v2\/comments?post=2087"}],"wp:featuredmedia":[{"embeddable":true,"href":"https:\/\/rf-capacitor.com\/sl\/wp-json\/wp\/v2\/media\/2089"}],"wp:attachment":[{"href":"https:\/\/rf-capacitor.com\/sl\/wp-json\/wp\/v2\/media?parent=2087"}],"wp:term":[{"taxonomy":"product_brand","embeddable":true,"href":"https:\/\/rf-capacitor.com\/sl\/wp-json\/wp\/v2\/product_brand?post=2087"},{"taxonomy":"product_cat","embeddable":true,"href":"https:\/\/rf-capacitor.com\/sl\/wp-json\/wp\/v2\/product_cat?post=2087"},{"taxonomy":"product_tag","embeddable":true,"href":"https:\/\/rf-capacitor.com\/sl\/wp-json\/wp\/v2\/product_tag?post=2087"}],"curies":[{"name":"wp","href":"https:\/\/api.w.org\/{rel}","templated":true}]}}