{"id":2073,"date":"2025-01-14T02:34:23","date_gmt":"2025-01-14T02:34:23","guid":{"rendered":"https:\/\/rf-capacitor.com\/?post_type=product&#038;p=2073"},"modified":"2025-01-14T07:43:03","modified_gmt":"2025-01-14T07:43:03","slug":"ac-transmitter","status":"publish","type":"product","link":"https:\/\/rf-capacitor.com\/sl\/ac-transmitter\/","title":{"rendered":"Oddajnik AC"},"content":{"rendered":"<p data-sourcepos=\"1:1-1:166\">Prenosnik izmeni\u010dnega toka je elektronska naprava, ki pretvori vhodni signal (obi\u010dajno enosmerni signal ali nizkofrekven\u010dni izmeni\u010dni signal) v izmeni\u010dni signal z vi\u0161jo frekvenco.<\/p>\n<h2 data-sourcepos=\"3:1-3:18\">Klju\u010dne funkcije AC oddajnika:<\/h2>\n<ul data-sourcepos=\"5:1-8:0\">\n<li data-sourcepos=\"5:1-5:117\"><strong>Pretvorba frekvence:<\/strong> Osnovna funkcija je premik frekvence vhodnega signala na vi\u0161jo frekvenco.<\/li>\n<li data-sourcepos=\"6:1-6:89\"><strong>Oja\u010danje signala:<\/strong> V mnogih primerih izmeni\u010dni oddajniki tudi oja\u010dajo vhodni signal.<\/li>\n<li data-sourcepos=\"7:1-8:0\"><strong>Modulacija:<\/strong> Nekateri izmeni\u010dni oddajniki lahko izhodni signal modulirajo, na primer z amplitudno (AM), frekven\u010dno (FM) ali fazno (PM) modulacijo.<\/li>\n<\/ul>\n<h2 data-sourcepos=\"9:1-9:17\">Uporaba:<\/h2>\n<ul data-sourcepos=\"11:1-15:0\">\n<li data-sourcepos=\"11:1-11:151\"><strong>Radijska komunikacija:<\/strong> Uporablja se v radijskih oddajnikih za generiranje radiofrekven\u010dnih (RF) signalov za radiodifuzijo, komunikacijo in druge aplikacije.<\/li>\n<li data-sourcepos=\"12:1-12:142\"><strong>Telekomunikacije:<\/strong> Uporablja se v razli\u010dnih telekomunikacijskih sistemih, vklju\u010dno s celi\u010dnimi omre\u017eji, brez\u017ei\u010dnimi lokalnimi omre\u017eji in satelitskimi komunikacijami.<\/li>\n<li data-sourcepos=\"13:1-13:147\"><strong>Industrijske aplikacije:<\/strong> Uporablja se v industrijskih nadzornih sistemih, pri daljinskem zaznavanju in drugih aplikacijah, kjer je potrebna brez\u017ei\u010dna komunikacija.<\/li>\n<li data-sourcepos=\"14:1-15:0\"><strong>Medicinske aplikacije:<\/strong> Uporablja se v medicinskih pripomo\u010dkih za daljinsko spremljanje in nadzor.<\/li>\n<\/ul>\n<h2 data-sourcepos=\"16:1-16:19\">Klju\u010dne sestavine:<\/h2>\n<ul data-sourcepos=\"18:1-22:0\">\n<li data-sourcepos=\"18:1-18:70\"><strong>Oscilator:<\/strong> Generira nosilni val z \u017eeleno frekvenco.<\/li>\n<li data-sourcepos=\"19:1-19:82\"><strong>Modulator:<\/strong> (\u010ce je primerno) Modulira nosilni val z vhodnim signalom.<\/li>\n<li data-sourcepos=\"20:1-20:75\"><strong>Oja\u010devalnik:<\/strong> Okrepi modulirani signal na \u017eeleno raven mo\u010di.<\/li>\n<li data-sourcepos=\"21:1-22:0\"><strong>Filtri:<\/strong> Izhodni signal filtrira, da odstrani ne\u017eelene frekvence in izbolj\u0161a kakovost signala.<\/li>\n<\/ul>\n<p data-sourcepos=\"23:1-23:149\">Oddajniki izmeni\u010dnega toka so bistveni sestavni deli \u0161tevilnih sodobnih komunikacijskih sistemov, saj omogo\u010dajo brez\u017ei\u010dni prenos informacij na velike razdalje.<\/p>","protected":false},"excerpt":{"rendered":"<p id=\"tw-target-text\" class=\"tw-data-text tw-text-large tw-ta\" dir=\"ltr\" data-placeholder=\"Translation\" data-ved=\"2ahUKEwjet87_mPSKAxW-l-4BHYkPKs4Q3ewLegQIDRAU\" aria-label=\"Prevedeno besedilo: Tehni\u010dni parametri\"><span class=\"Y2IQFc\" lang=\"en\">Tehni\u010dni parametri AC oddajnika\uff1a<\/span><\/p>\n<table style=\"font-size: 14.4px; height: 1380px;\" width=\"766\">\n<tbody>\n<tr>\n<td width=\"179\">Model<\/td>\n<td width=\"113\">Na\u010delo<\/td>\n<td width=\"128\">Nazivni vhod<\/td>\n<td width=\"160\">Napajalna napetost (V)<\/td>\n<td width=\"164\">Izhod @ nazivni vhod<\/td>\n<td width=\"106\">Pasovna \u0161irina (Hz)<\/td>\n<td width=\"121\">Natan\u010dnost pri obi\u010dajni temperaturi \uff08%\uff09<\/td>\n<td width=\"105\">TA (\u2103)<\/td>\n<td width=\"109\">Na\u010din namestitve<\/td>\n<td width=\"151\">Odprtina\/priklju\u010dek (mm)<\/td>\n<\/tr>\n<tr>\n<td width=\"179\">RF50EKA128<\/td>\n<td width=\"113\">Odprta zanka<\/td>\n<td width=\"128\">AC50A<\/td>\n<td width=\"160\">+24V<\/td>\n<td width=\"164\">DC 12\u00b18mA<\/td>\n<td width=\"106\">DC-20 (-3dB)<\/td>\n<td width=\"121\">1<\/td>\n<td width=\"105\">-40&#8230;+85<\/td>\n<td width=\"109\">Perforacija<\/td>\n<td width=\"151\">\u03a621<\/td>\n<\/tr>\n<tr>\n<td width=\"179\">RF100EKA128<\/td>\n<td width=\"113\">Odprta zanka<\/td>\n<td width=\"128\">AC100A<\/td>\n<td width=\"160\">+24V<\/td>\n<td width=\"164\">DC 12\u00b18mA<\/td>\n<td width=\"106\">DC-20 (-3dB)<\/td>\n<td width=\"121\">1<\/td>\n<td width=\"105\">-40&#8230;+85<\/td>\n<td width=\"109\">Perforacija<\/td>\n<td width=\"151\">\u03a621<\/td>\n<\/tr>\n<tr>\n<td width=\"179\">RF150EKA128<\/td>\n<td width=\"113\">Odprta zanka<\/td>\n<td width=\"128\">AC150A<\/td>\n<td width=\"160\">+24V<\/td>\n<td width=\"164\">DC 12\u00b18mA<\/td>\n<td width=\"106\">DC-20 (-3dB)<\/td>\n<td width=\"121\">1<\/td>\n<td width=\"105\">-40&#8230;+85<\/td>\n<td width=\"109\">Perforacija<\/td>\n<td width=\"151\">\u03a621<\/td>\n<\/tr>\n<tr>\n<td width=\"179\">RF200EKA128<\/td>\n<td width=\"113\">Odprta zanka<\/td>\n<td width=\"128\">AC200A<\/td>\n<td width=\"160\">+24V<\/td>\n<td width=\"164\">DC 12\u00b18mA<\/td>\n<td width=\"106\">DC-20 (-3dB)<\/td>\n<td width=\"121\">1<\/td>\n<td width=\"105\">-40&#8230;+85<\/td>\n<td width=\"109\">Perforacija<\/td>\n<td width=\"151\">\u03a621<\/td>\n<\/tr>\n<tr>\n<td width=\"179\">RF300EKA128<\/td>\n<td width=\"113\">Odprta zanka<\/td>\n<td width=\"128\">AC300A<\/td>\n<td width=\"160\">+24V<\/td>\n<td width=\"164\">DC 12\u00b18mA<\/td>\n<td width=\"106\">DC-20 (-3dB)<\/td>\n<td width=\"121\">1<\/td>\n<td width=\"105\">-40&#8230;+85<\/td>\n<td width=\"109\">Perforacija<\/td>\n<td width=\"151\">\u03a621<\/td>\n<\/tr>\n<tr>\n<td width=\"179\">RF400EKA128<\/td>\n<td width=\"113\">Odprta zanka<\/td>\n<td width=\"128\">AC400A<\/td>\n<td width=\"160\">+24V<\/td>\n<td width=\"164\">DC 12\u00b18mA<\/td>\n<td width=\"106\">DC-20 (-3dB)<\/td>\n<td width=\"121\">1<\/td>\n<td width=\"105\">-40&#8230;+85<\/td>\n<td width=\"109\">Perforacija<\/td>\n<td width=\"151\">\u03a621<\/td>\n<\/tr>\n<tr>\n<td width=\"179\">RF500EKA128<\/td>\n<td width=\"113\">Odprta zanka<\/td>\n<td width=\"128\">AC500A<\/td>\n<td width=\"160\">+24V<\/td>\n<td width=\"164\">DC 12\u00b18mA<\/td>\n<td width=\"106\">DC-20 (-3dB)<\/td>\n<td width=\"121\">1<\/td>\n<td width=\"105\">-40&#8230;+85<\/td>\n<td width=\"109\">Perforacija<\/td>\n<td width=\"151\">\u03a621<\/td>\n<\/tr>\n<tr>\n<td width=\"179\">RF600EKA128<\/td>\n<td width=\"113\">Odprta zanka<\/td>\n<td width=\"128\">AC600A<\/td>\n<td width=\"160\">+24V<\/td>\n<td width=\"164\">DC 12\u00b18mA<\/td>\n<td width=\"106\">DC-20 (-3dB)<\/td>\n<td width=\"121\">1<\/td>\n<td width=\"105\">-40&#8230;+85<\/td>\n<td width=\"109\">Perforacija<\/td>\n<td width=\"151\">\u03a621<\/td>\n<\/tr>\n<tr>\n<td width=\"179\">RF100EKB128<\/td>\n<td width=\"113\">Odprta zanka<\/td>\n<td width=\"128\">AC100A<\/td>\n<td width=\"160\">+24V<\/td>\n<td width=\"164\">DC 12\u00b18mA<\/td>\n<td width=\"106\">DC-20 (-3dB)<\/td>\n<td width=\"121\">1<\/td>\n<td width=\"105\">-40&#8230;+85<\/td>\n<td width=\"109\">Perforacija<\/td>\n<td width=\"151\">\u03a640.5<\/td>\n<\/tr>\n<tr>\n<td width=\"179\">RF200EKB128<\/td>\n<td width=\"113\">Odprta zanka<\/td>\n<td width=\"128\">AC200A<\/td>\n<td width=\"160\">+24V<\/td>\n<td width=\"164\">DC 12\u00b18mA<\/td>\n<td width=\"106\">DC-20 (-3dB)<\/td>\n<td width=\"121\">1<\/td>\n<td width=\"105\">-40&#8230;+85<\/td>\n<td width=\"109\">Perforacija<\/td>\n<td width=\"151\">\u03a640.5<\/td>\n<\/tr>\n<tr>\n<td width=\"179\">RF300EKB128<\/td>\n<td width=\"113\">Odprta zanka<\/td>\n<td width=\"128\">AC300A<\/td>\n<td width=\"160\">+24V<\/td>\n<td width=\"164\">DC 12\u00b18mA<\/td>\n<td width=\"106\">DC-20 (-3dB)<\/td>\n<td width=\"121\">1<\/td>\n<td width=\"105\">-40&#8230;+85<\/td>\n<td width=\"109\">Perforacija<\/td>\n<td width=\"151\">\u03a640.5<\/td>\n<\/tr>\n<tr>\n<td width=\"179\">RF500EKB128<\/td>\n<td width=\"113\">Odprta zanka<\/td>\n<td width=\"128\">AC500A<\/td>\n<td width=\"160\">+24V<\/td>\n<td width=\"164\">DC 12\u00b18mA<\/td>\n<td width=\"106\">DC-20 (-3dB)<\/td>\n<td width=\"121\">1<\/td>\n<td width=\"105\">-40&#8230;+85<\/td>\n<td width=\"109\">Perforacija<\/td>\n<td width=\"151\">\u03a640.5<\/td>\n<\/tr>\n<tr>\n<td width=\"179\">RF1000EKB128<\/td>\n<td width=\"113\">Odprta zanka<\/td>\n<td width=\"128\">AC1000A<\/td>\n<td width=\"160\">+24V<\/td>\n<td width=\"164\">DC 12\u00b18mA<\/td>\n<td width=\"106\">DC-20 (-3dB)<\/td>\n<td width=\"121\">1<\/td>\n<td width=\"105\">-40&#8230;+85<\/td>\n<td width=\"109\">Perforacija<\/td>\n<td width=\"151\">\u03a640.5<\/td>\n<\/tr>\n<tr>\n<td width=\"179\">RF2000EKB128<\/td>\n<td width=\"113\">Odprta zanka<\/td>\n<td width=\"128\">AC2000A<\/td>\n<td width=\"160\">+24V<\/td>\n<td width=\"164\">DC 12\u00b18mA<\/td>\n<td width=\"106\">DC-20 (-3dB)<\/td>\n<td width=\"121\">1<\/td>\n<td width=\"105\">-40&#8230;+85<\/td>\n<td width=\"109\">Perforacija<\/td>\n<td width=\"151\">\u03a640.5<\/td>\n<\/tr>\n<tr>\n<td width=\"179\">RF50EKA<\/td>\n<td width=\"113\">Odprta zanka<\/td>\n<td width=\"128\">AC50A<\/td>\n<td width=\"160\">\u00b115V<\/td>\n<td width=\"164\">DC 0 ~ 5V<\/td>\n<td width=\"106\">DC-20 (-3dB)<\/td>\n<td width=\"121\">1<\/td>\n<td width=\"105\">-40&#8230;+85<\/td>\n<td width=\"109\">Perforacija<\/td>\n<td width=\"151\">\u03a621<\/td>\n<\/tr>\n<tr>\n<td width=\"179\">RF100EKA<\/td>\n<td width=\"113\">Odprta zanka<\/td>\n<td width=\"128\">AC100A<\/td>\n<td width=\"160\">\u00b115V<\/td>\n<td width=\"164\">DC 0 ~ 5V<\/td>\n<td width=\"106\">DC-20 (-3dB)<\/td>\n<td width=\"121\">1<\/td>\n<td width=\"105\">-40&#8230;+85<\/td>\n<td width=\"109\">Perforacija<\/td>\n<td width=\"151\">\u03a621<\/td>\n<\/tr>\n<tr>\n<td width=\"179\">RF150EKA<\/td>\n<td width=\"113\">Odprta zanka<\/td>\n<td width=\"128\">AC150A<\/td>\n<td width=\"160\">\u00b115V<\/td>\n<td width=\"164\">DC 0 ~ 5V<\/td>\n<td width=\"106\">DC-20 (-3dB)<\/td>\n<td width=\"121\">1<\/td>\n<td width=\"105\">-40&#8230;+85<\/td>\n<td width=\"109\">Perforacija<\/td>\n<td width=\"151\">\u03a621<\/td>\n<\/tr>\n<tr>\n<td width=\"179\">RF200EKA<\/td>\n<td width=\"113\">Odprta zanka<\/td>\n<td width=\"128\">AC200A<\/td>\n<td width=\"160\">\u00b115V<\/td>\n<td width=\"164\">DC 0 ~ 5V<\/td>\n<td width=\"106\">DC-20 (-3dB)<\/td>\n<td width=\"121\">1<\/td>\n<td width=\"105\">-40&#8230;+85<\/td>\n<td width=\"109\">Perforacija<\/td>\n<td width=\"151\">\u03a621<\/td>\n<\/tr>\n<tr>\n<td width=\"179\">RF300EKA<\/td>\n<td width=\"113\">Odprta zanka<\/td>\n<td width=\"128\">AC300A<\/td>\n<td width=\"160\">\u00b115V<\/td>\n<td width=\"164\">DC 0 ~ 5V<\/td>\n<td width=\"106\">DC-20 (-3dB)<\/td>\n<td width=\"121\">1<\/td>\n<td width=\"105\">-40&#8230;+85<\/td>\n<td width=\"109\">Perforacija<\/td>\n<td width=\"151\">\u03a621<\/td>\n<\/tr>\n<tr>\n<td width=\"179\">RF400EKA<\/td>\n<td width=\"113\">Odprta zanka<\/td>\n<td width=\"128\">AC400A<\/td>\n<td width=\"160\">\u00b115V<\/td>\n<td width=\"164\">DC 0 ~ 5V<\/td>\n<td width=\"106\">DC-20 (-3dB)<\/td>\n<td width=\"121\">1<\/td>\n<td width=\"105\">-40&#8230;+85<\/td>\n<td width=\"109\">Perforacija<\/td>\n<td width=\"151\">\u03a621<\/td>\n<\/tr>\n<tr>\n<td width=\"179\">RF500EKA<\/td>\n<td width=\"113\">Odprta zanka<\/td>\n<td width=\"128\">AC500A<\/td>\n<td width=\"160\">\u00b115V<\/td>\n<td width=\"164\">DC 0 ~ 5V<\/td>\n<td width=\"106\">DC-20 (-3dB)<\/td>\n<td width=\"121\">1<\/td>\n<td width=\"105\">-40&#8230;+85<\/td>\n<td width=\"109\">Perforacija<\/td>\n<td width=\"151\">\u03a621<\/td>\n<\/tr>\n<tr>\n<td width=\"179\">RF600EKA<\/td>\n<td width=\"113\">Odprta zanka<\/td>\n<td width=\"128\">AC600A<\/td>\n<td width=\"160\">\u00b115V<\/td>\n<td width=\"164\">DC 0 ~ 5V<\/td>\n<td width=\"106\">DC-20 (-3dB)<\/td>\n<td width=\"121\">1<\/td>\n<td width=\"105\">-40&#8230;+85<\/td>\n<td width=\"109\">Perforacija<\/td>\n<td width=\"151\">\u03a621<\/td>\n<\/tr>\n<tr>\n<td width=\"179\">RF100EKB<\/td>\n<td width=\"113\">Odprta zanka<\/td>\n<td width=\"128\">AC100A<\/td>\n<td width=\"160\">\u00b115V<\/td>\n<td width=\"164\">DC 0 ~ 5V<\/td>\n<td width=\"106\">DC-20 (-3dB)<\/td>\n<td width=\"121\">1<\/td>\n<td width=\"105\">-40&#8230;+85<\/td>\n<td width=\"109\">Perforacija<\/td>\n<td width=\"151\">\u03a640.5<\/td>\n<\/tr>\n<tr>\n<td width=\"179\">RF200EKB<\/td>\n<td width=\"113\">Odprta zanka<\/td>\n<td width=\"128\">AC200A<\/td>\n<td width=\"160\">\u00b115V<\/td>\n<td width=\"164\">DC 0 ~ 5V<\/td>\n<td width=\"106\">DC-20 (-3dB)<\/td>\n<td width=\"121\">1<\/td>\n<td width=\"105\">-40&#8230;+85<\/td>\n<td width=\"109\">Perforacija<\/td>\n<td width=\"151\">\u03a640.5<\/td>\n<\/tr>\n<tr>\n<td width=\"179\">RF300EKB<\/td>\n<td width=\"113\">Odprta zanka<\/td>\n<td width=\"128\">AC300A<\/td>\n<td width=\"160\">\u00b115V<\/td>\n<td width=\"164\">DC 0 ~ 5V<\/td>\n<td width=\"106\">DC-20 (-3dB)<\/td>\n<td width=\"121\">1<\/td>\n<td width=\"105\">-40&#8230;+85<\/td>\n<td width=\"109\">Perforacija<\/td>\n<td width=\"151\">\u03a640.5<\/td>\n<\/tr>\n<tr>\n<td width=\"179\">RF500EKB<\/td>\n<td width=\"113\">Odprta zanka<\/td>\n<td width=\"128\">AC500A<\/td>\n<td width=\"160\">\u00b115V<\/td>\n<td width=\"164\">DC 0 ~ 5V<\/td>\n<td width=\"106\">DC-20 (-3dB)<\/td>\n<td width=\"121\">1<\/td>\n<td width=\"105\">-40&#8230;+85<\/td>\n<td width=\"109\">Perforacija<\/td>\n<td width=\"151\">\u03a640.5<\/td>\n<\/tr>\n<tr>\n<td width=\"179\">RF1000EKB<\/td>\n<td width=\"113\">Odprta zanka<\/td>\n<td width=\"128\">AC1000A<\/td>\n<td width=\"160\">\u00b115V<\/td>\n<td width=\"164\">DC 0 ~ 5V<\/td>\n<td width=\"106\">DC-20 (-3dB)<\/td>\n<td width=\"121\">1<\/td>\n<td width=\"105\">-40&#8230;+85<\/td>\n<td width=\"109\">Perforacija<\/td>\n<td width=\"151\">\u03a640.5<\/td>\n<\/tr>\n<tr>\n<td width=\"179\">RF2000EKB<\/td>\n<td width=\"113\">Odprta zanka<\/td>\n<td width=\"128\">AC2000A<\/td>\n<td width=\"160\">\u00b115V<\/td>\n<td width=\"164\">DC 0 ~ 5V<\/td>\n<td width=\"106\">DC-20 (-3dB)<\/td>\n<td width=\"121\">1<\/td>\n<td width=\"105\">-40&#8230;+85<\/td>\n<td width=\"109\">Perforacija<\/td>\n<td width=\"151\">\u03a640.5<\/td>\n<\/tr>\n<\/tbody>\n<\/table>","protected":false},"featured_media":2074,"comment_status":"open","ping_status":"closed","template":"","meta":[],"product_brand":[],"product_cat":[44],"product_tag":[],"class_list":{"0":"post-2073","1":"product","2":"type-product","3":"status-publish","4":"has-post-thumbnail","6":"product_cat-current-sensor-2","8":"first","9":"instock","10":"shipping-taxable","11":"product-type-simple"},"_links":{"self":[{"href":"https:\/\/rf-capacitor.com\/sl\/wp-json\/wp\/v2\/product\/2073","targetHints":{"allow":["GET"]}}],"collection":[{"href":"https:\/\/rf-capacitor.com\/sl\/wp-json\/wp\/v2\/product"}],"about":[{"href":"https:\/\/rf-capacitor.com\/sl\/wp-json\/wp\/v2\/types\/product"}],"replies":[{"embeddable":true,"href":"https:\/\/rf-capacitor.com\/sl\/wp-json\/wp\/v2\/comments?post=2073"}],"wp:featuredmedia":[{"embeddable":true,"href":"https:\/\/rf-capacitor.com\/sl\/wp-json\/wp\/v2\/media\/2074"}],"wp:attachment":[{"href":"https:\/\/rf-capacitor.com\/sl\/wp-json\/wp\/v2\/media?parent=2073"}],"wp:term":[{"taxonomy":"product_brand","embeddable":true,"href":"https:\/\/rf-capacitor.com\/sl\/wp-json\/wp\/v2\/product_brand?post=2073"},{"taxonomy":"product_cat","embeddable":true,"href":"https:\/\/rf-capacitor.com\/sl\/wp-json\/wp\/v2\/product_cat?post=2073"},{"taxonomy":"product_tag","embeddable":true,"href":"https:\/\/rf-capacitor.com\/sl\/wp-json\/wp\/v2\/product_tag?post=2073"}],"curies":[{"name":"wp","href":"https:\/\/api.w.org\/{rel}","templated":true}]}}