{"id":1886,"date":"2025-01-02T06:26:09","date_gmt":"2025-01-02T06:26:09","guid":{"rendered":"https:\/\/rf-capacitor.com\/?post_type=product&#038;p=1886"},"modified":"2025-01-02T06:26:09","modified_gmt":"2025-01-02T06:26:09","slug":"high-voltage-resonance-capacitor","status":"publish","type":"product","link":"https:\/\/rf-capacitor.com\/sl\/high-voltage-resonance-capacitor\/","title":{"rendered":"Visokonapetostni resonan\u010dni kondenzator"},"content":{"rendered":"<div class=\"user-query-container ng-star-inserted\">\n<div id=\"user-query-content-5\" class=\"query-content\">\n<div class=\"query-text gds-body-l ng-star-inserted\" dir=\"ltr\" role=\"heading\" aria-level=\"2\">\n<h3 class=\"query-text-line ng-star-inserted\">Visokonapetostni resonan\u010dni kondenzator<\/h3>\n<\/div>\n<\/div>\n<\/div>\n<div>\n<div class=\"response-container ng-tns-c3227055261-91 response-optimization tts-removed ng-star-inserted response-container-has-multiple-responses\">\n<div class=\"presented-response-container ng-tns-c3227055261-91\">\n<div class=\"response-container-content ng-tns-c3227055261-91 tunable-selection-with-avatar\">\n<div class=\"response-content ng-tns-c3227055261-91\">\n<div id=\"model-response-message-contentr_53dd446f46a75fa7\" class=\"markdown markdown-main-panel tutor-markdown-rendering response-optimization\" dir=\"ltr\">\n<p data-sourcepos=\"1:1-1:126\"><span class=\"citation-0 recitation citation-end-0\">Visokonapetostni resonan\u010dni kondenzatorji so specializirane komponente, namenjene uporabi v visokonapetostnih resonan\u010dnih vezjih.<\/span><span class=\"button-container hide-from-message-actions ng-star-inserted\"> \u00a0<\/span><\/p>\n<h3 data-sourcepos=\"3:1-3:24\"><strong>Glavne zna\u010dilnosti:<\/strong><\/h3>\n<ul data-sourcepos=\"5:1-10:0\">\n<li data-sourcepos=\"5:1-5:127\"><strong>Izjemno visoka napetost:<\/strong> <span class=\"citation-1 recitation citation-end-1\">zmo\u017een prenesti zelo visoke napetosti (obi\u010dajno v obmo\u010dju kilovoltov).<\/span><span class=\"button-container hide-from-message-actions ng-star-inserted\">\u00a0 \u00a0<\/span>\n<div class=\"container ng-tns-c362440147-96 hide\">\n<div class=\"carousel-container ng-tns-c362440147-96\"><\/div>\n<\/div>\n<\/li>\n<li data-sourcepos=\"6:1-6:95\"><strong>Nizka izguba:<\/strong> Minimalne notranje izgube za \u010dim manj\u0161o izgubo energije in \u010dim ve\u010djo u\u010dinkovitost.<\/li>\n<li data-sourcepos=\"7:1-7:110\"><strong>Visok faktor Q:<\/strong> <span class=\"citation-2 recitation citation-end-2\">Visok faktor kakovosti (Q) je klju\u010dnega pomena za u\u010dinkovito delovanje resonan\u010dnega vezja.<\/span><span class=\"button-container hide-from-message-actions ng-star-inserted\">\u00a0 \u00a0<\/span>\n<div class=\"container ng-tns-c362440147-97 hide\">\n<div class=\"carousel-container ng-tns-c362440147-97\"><\/div>\n<\/div>\n<\/li>\n<li data-sourcepos=\"8:1-8:96\"><strong>Natan\u010dna kapacitivnost:<\/strong> To je klju\u010dnega pomena za doseganje \u017eelene resonan\u010dne frekvence v vezju.<\/li>\n<li data-sourcepos=\"9:1-10:0\"><strong>Robustna konstrukcija:<\/strong> Zasnovani so tako, da zdr\u017eijo obremenitve pri delovanju z visoko napetostjo in v zahtevnih okoljih, kjer se uporabljajo.<\/li>\n<\/ul>\n<h3 data-sourcepos=\"11:1-11:17\"><strong>Uporaba:<\/strong><\/h3>\n<ul data-sourcepos=\"13:1-18:0\">\n<li data-sourcepos=\"13:1-13:154\"><strong><span class=\"citation-3 recitation\">Teslove tuljave:<\/span><\/strong><span class=\"citation-3 recitation citation-end-3\"> Klasi\u010den primer, pri katerem se visokonapetostni resonan\u010dni kondenzatorji uporabljajo za ustvarjanje visokonapetostnih, visokofrekven\u010dnih nihanj.<\/span><span class=\"button-container hide-from-message-actions ng-star-inserted\">\u00a0<\/span>\n<div class=\"container ng-tns-c362440147-98 hide\">\n<div class=\"carousel-container ng-tns-c362440147-98\"><\/div>\n<\/div>\n<\/li>\n<li data-sourcepos=\"14:1-14:135\"><strong>pospe\u0161evalniki delcev:<\/strong> Uporablja se v razli\u010dnih sestavnih delih pospe\u0161evalnikov delcev za ustvarjanje in upravljanje snopov visokoenergijskih delcev.<\/li>\n<li data-sourcepos=\"15:1-15:85\"><strong>Oddajniki velike mo\u010di:<\/strong> Najdemo ga v visokozmogljivih radijskih in televizijskih oddajnikih.<\/li>\n<li data-sourcepos=\"16:1-16:98\"><strong>Raziskave na podro\u010dju fizike plazme:<\/strong> Uporablja se v poskusih fizike plazme za ustvarjanje in omejevanje plazme.<\/li>\n<li data-sourcepos=\"17:1-18:0\"><strong>Industrijske aplikacije:<\/strong> Nekatere specializirane industrijske aplikacije lahko zahtevajo visokonapetostne resonan\u010dne kondenzatorje.<\/li>\n<\/ul>\n<p data-sourcepos=\"19:1-19:15\"><strong>\u010ce povzamemo:<\/strong><\/p>\n<p data-sourcepos=\"21:1-21:254\">Visokonapetostni resonan\u010dni kondenzatorji so kriti\u010dne komponente v \u0161tevilnih visokonapetostnih aplikacijah. Njihova sposobnost prena\u0161anja ekstremnih napetosti, zmanj\u0161evanja izgub in u\u010dinkovitega delovanja v resonan\u010dnih tokokrogih jih naredi bistvene za te zahtevne aplikacije.<\/p>\n<\/div>\n<\/div>\n<\/div>\n<\/div>\n<\/div>\n<\/div>","protected":false},"excerpt":{"rendered":"<table style=\"height: 581px;\" width=\"824\">\n<tbody>\n<tr>\n<td width=\"146\"><strong><b>Izdelek<\/b><\/strong>\u00a0<strong><b>Ime:<\/b><\/strong><\/td>\n<td width=\"601\"><strong>Visokonapetostni resonan\u010dni kondenzator<\/strong><\/td>\n<\/tr>\n<tr>\n<td width=\"146\">\n<h4><strong>Kratek opis:<\/strong><\/h4>\n<\/td>\n<td width=\"601\">1. Majhna kompaktna velikost paketa<\/p>\n<p>2. Sposoben prena\u0161ati velike napetosti in tokove<\/p>\n<p>3. Uporabite dielektrik z nizkimi izgubami iz polipropilenske folije<\/td>\n<\/tr>\n<tr>\n<td width=\"146\"><strong>Odpornost proti praznjenju:<\/strong><\/td>\n<td width=\"601\">30000M\u03a9<\/td>\n<\/tr>\n<tr>\n<td width=\"146\"><strong>Nazivna napetost\uff1a<\/strong><\/td>\n<td width=\"601\">5000v\/\u00b5s<\/td>\n<\/tr>\n<tr>\n<td width=\"146\"><strong>Cap.tol\uff1a<\/strong><\/td>\n<td width=\"601\">\n<table style=\"height: 6px;\" border=\"0\" width=\"5\" cellspacing=\"0\">\n<tbody>\n<tr>\n<td valign=\"center\" nowrap=\"nowrap\" width=\"330\"><\/td>\n<\/tr>\n<\/tbody>\n<\/table>\n<p>-40\u2103~ +85\u2103<\/td>\n<\/tr>\n<tr>\n<td width=\"146\"><strong>\u017divljenjska doba:\u00a0<\/strong><\/td>\n<td width=\"601\">100000H<\/td>\n<\/tr>\n<\/tbody>\n<\/table>","protected":false},"featured_media":1887,"comment_status":"open","ping_status":"closed","template":"","meta":[],"product_brand":[],"product_cat":[42],"product_tag":[],"class_list":{"0":"post-1886","1":"product","2":"type-product","3":"status-publish","4":"has-post-thumbnail","6":"product_cat-resonance-capacitor","8":"first","9":"instock","10":"shipping-taxable","11":"product-type-simple"},"_links":{"self":[{"href":"https:\/\/rf-capacitor.com\/sl\/wp-json\/wp\/v2\/product\/1886","targetHints":{"allow":["GET"]}}],"collection":[{"href":"https:\/\/rf-capacitor.com\/sl\/wp-json\/wp\/v2\/product"}],"about":[{"href":"https:\/\/rf-capacitor.com\/sl\/wp-json\/wp\/v2\/types\/product"}],"replies":[{"embeddable":true,"href":"https:\/\/rf-capacitor.com\/sl\/wp-json\/wp\/v2\/comments?post=1886"}],"wp:featuredmedia":[{"embeddable":true,"href":"https:\/\/rf-capacitor.com\/sl\/wp-json\/wp\/v2\/media\/1887"}],"wp:attachment":[{"href":"https:\/\/rf-capacitor.com\/sl\/wp-json\/wp\/v2\/media?parent=1886"}],"wp:term":[{"taxonomy":"product_brand","embeddable":true,"href":"https:\/\/rf-capacitor.com\/sl\/wp-json\/wp\/v2\/product_brand?post=1886"},{"taxonomy":"product_cat","embeddable":true,"href":"https:\/\/rf-capacitor.com\/sl\/wp-json\/wp\/v2\/product_cat?post=1886"},{"taxonomy":"product_tag","embeddable":true,"href":"https:\/\/rf-capacitor.com\/sl\/wp-json\/wp\/v2\/product_tag?post=1886"}],"curies":[{"name":"wp","href":"https:\/\/api.w.org\/{rel}","templated":true}]}}