{"id":1866,"date":"2025-01-02T02:57:34","date_gmt":"2025-01-02T02:57:34","guid":{"rendered":"https:\/\/rf-capacitor.com\/?post_type=product&#038;p=1866"},"modified":"2025-01-02T02:57:34","modified_gmt":"2025-01-02T02:57:34","slug":"water-cooled-capacitor","status":"publish","type":"product","link":"https:\/\/rf-capacitor.com\/sl\/water-cooled-capacitor\/","title":{"rendered":"Vodno hlajeni kondenzator"},"content":{"rendered":"<div class=\"user-query-container ng-star-inserted\">\n<div id=\"user-query-content-4\" class=\"query-content\">\n<div class=\"query-text gds-body-l ng-star-inserted\" dir=\"ltr\" role=\"heading\" aria-level=\"2\">\n<h2 class=\"query-text-line ng-star-inserted\"><strong>Vodno hlajeni kondenzator<\/strong><\/h2>\n<\/div>\n<\/div>\n<\/div>\n<div>\n<div class=\"response-container ng-tns-c3227055261-63 response-optimization tts-removed ng-star-inserted response-container-has-multiple-responses\">\n<div class=\"presented-response-container ng-tns-c3227055261-63\">\n<div class=\"response-container-content ng-tns-c3227055261-63 tunable-selection-with-avatar\">\n<div class=\"response-content ng-tns-c3227055261-63\">\n<div id=\"model-response-message-contentr_bb0f189e172b8913\" class=\"markdown markdown-main-panel tutor-markdown-rendering response-optimization\" dir=\"ltr\">\n<p data-sourcepos=\"1:1-1:143\"><span class=\"citation-0 recitation citation-end-0\">Vodno hlajeni kondenzatorji so zasnovani za visokozmogljive aplikacije, pri katerih je u\u010dinkovito odvajanje toplote klju\u010dnega pomena.<\/span> Tukaj je raz\u010dlenitev:<span class=\"button-container hide-from-message-actions ng-star-inserted\"> \u00a0<\/span><\/p>\n<h3 data-sourcepos=\"3:1-3:18\"><strong>Kako deluje vodno hlajeni kondenzator:<\/strong><\/h3>\n<ul data-sourcepos=\"5:1-7:0\">\n<li data-sourcepos=\"5:1-5:162\"><strong><span class=\"citation-1 recitation\">Proizvodnja toplote:<\/span><\/strong><span class=\"citation-1 recitation citation-end-1\"> Pri aplikacijah z veliko mo\u010djo lahko kondenzatorji zaradi notranjih izgub (kot so dielektri\u010dne izgube in ESR) proizvajajo veliko toplote.<\/span><span class=\"button-container hide-from-message-actions ng-star-inserted\">\u00a0<\/span>\n<div class=\"container ng-tns-c362440147-68 hide\">\n<div class=\"carousel-container ng-tns-c362440147-68\"><\/div>\n<\/div>\n<\/li>\n<li data-sourcepos=\"6:1-7:0\"><strong><span class=\"citation-2 recitation\">Mehanizem hlajenja:<\/span><\/strong><span class=\"citation-2 recitation citation-end-2\"> Voda kro\u017ei po notranjih kanalih ali po zunanji strani kondenzatorja.<\/span> <span class=\"citation-3 recitation citation-end-3\">To omogo\u010da u\u010dinkovit prenos toplote stran od kondenzatorja in prepre\u010duje pretirano povi\u0161anje temperature.<\/span><span class=\"button-container hide-from-message-actions ng-star-inserted\">\u00a0<button class=\"mat-mdc-tooltip-trigger button image-fade-on hide-from-message-actions\" aria-controls=\"sources\" aria-expanded=\"false\" aria-describedby=\"cdk-describedby-message-ng-1-29\"><\/button><\/span>\n<div class=\"container ng-tns-c362440147-69 hide\">\n<div class=\"carousel-container ng-tns-c362440147-69\"><\/div>\n<\/div>\n<\/li>\n<\/ul>\n<h3 data-sourcepos=\"8:1-8:24\"><strong>Glavne zna\u010dilnosti:<\/strong><\/h3>\n<ul data-sourcepos=\"10:1-14:0\">\n<li data-sourcepos=\"10:1-10:89\"><strong>Visoka zmogljivost:<\/strong> <span class=\"citation-4 recitation citation-end-4\">Zasnovan za visoke mo\u010di in visoke tokove.<\/span>\n<div class=\"container ng-tns-c362440147-70 hide\">\n<div class=\"carousel-container ng-tns-c362440147-70\"><\/div>\n<\/div>\n<\/li>\n<li data-sourcepos=\"11:1-11:65\"><strong>Visoka napetost:<\/strong> zmo\u017een prenesti visoke napetosti.<\/li>\n<li data-sourcepos=\"12:1-12:63\"><strong><span class=\"citation-5 recitation\">Nizek ESR:<\/span><\/strong><span class=\"citation-5 recitation citation-end-5\"> Zmanj\u0161uje nastajanje notranje toplote.<\/span><span class=\"button-container hide-from-message-actions ng-star-inserted\"> \u00a0<\/span>\n<div class=\"container ng-tns-c362440147-71 hide\">\n<div class=\"carousel-container ng-tns-c362440147-71\"><\/div>\n<\/div>\n<\/li>\n<li data-sourcepos=\"13:1-14:0\"><strong>Robustna konstrukcija:<\/strong> Izdelan je tako, da prenese obremenitve pri delovanju z visoko mo\u010djo in u\u010dinke vodnega hlajenja.<\/li>\n<\/ul>\n<h3 data-sourcepos=\"15:1-15:17\"><strong>Uporaba:<\/strong><\/h3>\n<ul data-sourcepos=\"17:1-23:0\">\n<li data-sourcepos=\"17:1-21:89\"><strong>Industrijske aplikacije:<\/strong>\n<ul data-sourcepos=\"18:5-21:89\">\n<li data-sourcepos=\"18:5-18:104\"><strong>Indukcijsko ogrevanje:<\/strong> <span class=\"citation-6 recitation citation-end-6\">Uporablja se v visokozmogljivih indukcijskih ogrevalnih sistemih za obdelavo kovin.<\/span><span class=\"button-container hide-from-message-actions ng-star-inserted\">\u00a0<\/span>\n<div class=\"container ng-tns-c362440147-72 hide\">\n<div class=\"carousel-container ng-tns-c362440147-72\"><\/div>\n<\/div>\n<\/li>\n<li data-sourcepos=\"19:5-19:117\"><strong><span class=\"citation-7 recitation\">Korekcija faktorja mo\u010di:<\/span><\/strong><span class=\"citation-7 recitation citation-end-7\"> Uporablja se v sistemih za korekcijo faktorja mo\u010di v industrijskih objektih.<\/span><span class=\"button-container hide-from-message-actions ng-star-inserted\"> \u00a0<\/span>\n<div class=\"container ng-tns-c362440147-73 hide\">\n<div class=\"carousel-container ng-tns-c362440147-73\"><\/div>\n<\/div>\n<\/li>\n<li data-sourcepos=\"20:5-20:89\"><strong>Visokonapetostni prenos:<\/strong> Uporablja se v visokonapetostnih sistemih za prenos elektri\u010dne energije.<\/li>\n<li data-sourcepos=\"21:5-21:89\"><strong><span class=\"citation-8 recitation\">Oddajniki RF:<\/span><\/strong><span class=\"citation-8 recitation citation-end-8\"> Najdemo ga v visokozmogljivih radiofrekven\u010dnih oddajnikih.<\/span>\n<div class=\"container ng-tns-c362440147-74 hide\">\n<div class=\"carousel-container ng-tns-c362440147-74\"><\/div>\n<\/div>\n<\/li>\n<\/ul>\n<\/li>\n<li data-sourcepos=\"22:1-23:0\"><strong>Raziskave in znanstvene aplikacije:<\/strong> Uporablja se pri eksperimentih v visokoenergijski fiziki in drugih znanstvenih raziskavah.<\/li>\n<\/ul>\n<h3 data-sourcepos=\"24:1-24:13\"><strong>Prednosti Vodno hlajeni kondenzator:<\/strong><\/h3>\n<ul data-sourcepos=\"26:1-29:0\">\n<li data-sourcepos=\"26:1-26:117\"><strong>Izbolj\u0161ana zanesljivost:<\/strong> <span class=\"citation-9 recitation citation-end-9\">U\u010dinkovito hlajenje prepre\u010duje pregrevanje, ki lahko privede do okvare komponent.<\/span><span class=\"button-container hide-from-message-actions ng-star-inserted\"> \u00a0<\/span>\n<div class=\"container ng-tns-c362440147-75 hide\">\n<div class=\"carousel-container ng-tns-c362440147-75\"><\/div>\n<\/div>\n<\/li>\n<li data-sourcepos=\"27:1-27:99\"><strong>Ve\u010dja gostota mo\u010di:<\/strong> <span class=\"citation-10 recitation citation-end-10\">Omogo\u010da delovanje z ve\u010djo mo\u010djo na manj\u0161em prostoru.<\/span><span class=\"button-container hide-from-message-actions ng-star-inserted\"> \u00a0<\/span>\n<div class=\"container ng-tns-c362440147-76 hide\">\n<div class=\"carousel-container ng-tns-c362440147-76\"><\/div>\n<\/div>\n<\/li>\n<li data-sourcepos=\"28:1-29:0\"><strong><span class=\"citation-11 recitation\">Podalj\u0161ana \u017eivljenjska doba:<\/span><\/strong><span class=\"citation-11 recitation citation-end-11\"> Zni\u017eane delovne temperature lahko znatno podalj\u0161ajo \u017eivljenjsko dobo kondenzatorja.<\/span><span class=\"button-container hide-from-message-actions ng-star-inserted\"> \u00a0 <\/span><\/li>\n<\/ul>\n<\/div>\n<\/div>\n<\/div>\n<\/div>\n<\/div>\n<\/div>","protected":false},"excerpt":{"rendered":"<table style=\"height: 462px;\" width=\"711\">\n<tbody>\n<tr>\n<td width=\"146\"><strong><b>Izdelek<\/b><\/strong>\u00a0<strong><b>Ime:<\/b><\/strong><\/td>\n<td width=\"601\"><strong>Vodno hlajeni kondenzator<\/strong><\/td>\n<\/tr>\n<tr>\n<td width=\"146\">\n<h4><strong>Kratek opis:<\/strong><\/h4>\n<\/td>\n<td width=\"601\">Vodno hlajeni kondenzatorji se ve\u010dinoma uporabljajo v nadzorovanih ali nastavljivih sistemih izmeni\u010dne napetosti z nazivno napetostjo do 4,8 kV in frekvenco do 100 KHZ za izbolj\u0161anje faktorja mo\u010di pri indukcijskem ogrevanju, taljenju, me\u0161anju ali litju in podobnih aplikacijah.<\/td>\n<\/tr>\n<tr>\n<td width=\"146\"><strong>Obmo\u010dje kapacitivnosti:<\/strong><\/td>\n<td width=\"601\">do 6000 uF<\/td>\n<\/tr>\n<tr>\n<td width=\"146\"><strong>Nazivna napetost\uff1a<\/strong><\/td>\n<td width=\"601\">0,75kv do 3kv<\/td>\n<\/tr>\n<tr>\n<td width=\"146\"><strong>Cap.tol\uff1a<\/strong><\/td>\n<td width=\"601\">\u00a0-25 ~ +50\u2103<\/td>\n<\/tr>\n<tr>\n<td width=\"146\"><strong>Model kondenzatorja:\u00a0<\/strong><\/td>\n<td width=\"601\">:GB\/T3984.1-2004<\/td>\n<\/tr>\n<\/tbody>\n<\/table>","protected":false},"featured_media":1867,"comment_status":"open","ping_status":"closed","template":"","meta":[],"product_brand":[],"product_cat":[41],"product_tag":[],"class_list":{"0":"post-1866","1":"product","2":"type-product","3":"status-publish","4":"has-post-thumbnail","6":"product_cat-induction-heating-capacitor","8":"first","9":"instock","10":"shipping-taxable","11":"product-type-simple"},"_links":{"self":[{"href":"https:\/\/rf-capacitor.com\/sl\/wp-json\/wp\/v2\/product\/1866","targetHints":{"allow":["GET"]}}],"collection":[{"href":"https:\/\/rf-capacitor.com\/sl\/wp-json\/wp\/v2\/product"}],"about":[{"href":"https:\/\/rf-capacitor.com\/sl\/wp-json\/wp\/v2\/types\/product"}],"replies":[{"embeddable":true,"href":"https:\/\/rf-capacitor.com\/sl\/wp-json\/wp\/v2\/comments?post=1866"}],"wp:featuredmedia":[{"embeddable":true,"href":"https:\/\/rf-capacitor.com\/sl\/wp-json\/wp\/v2\/media\/1867"}],"wp:attachment":[{"href":"https:\/\/rf-capacitor.com\/sl\/wp-json\/wp\/v2\/media?parent=1866"}],"wp:term":[{"taxonomy":"product_brand","embeddable":true,"href":"https:\/\/rf-capacitor.com\/sl\/wp-json\/wp\/v2\/product_brand?post=1866"},{"taxonomy":"product_cat","embeddable":true,"href":"https:\/\/rf-capacitor.com\/sl\/wp-json\/wp\/v2\/product_cat?post=1866"},{"taxonomy":"product_tag","embeddable":true,"href":"https:\/\/rf-capacitor.com\/sl\/wp-json\/wp\/v2\/product_tag?post=1866"}],"curies":[{"name":"wp","href":"https:\/\/api.w.org\/{rel}","templated":true}]}}