{"id":1863,"date":"2025-01-02T02:25:29","date_gmt":"2025-01-02T02:25:29","guid":{"rendered":"https:\/\/rf-capacitor.com\/?post_type=product&#038;p=1863"},"modified":"2025-01-02T02:25:29","modified_gmt":"2025-01-02T02:25:29","slug":"rmf-induction-heating-capacitor","status":"publish","type":"product","link":"https:\/\/rf-capacitor.com\/sl\/rmf-induction-heating-capacitor\/","title":{"rendered":"RMF Indukcijski grelni kondenzator"},"content":{"rendered":"<div class=\"user-query-container ng-star-inserted\">\n<div id=\"user-query-content-3\" class=\"query-content\">\n<div class=\"query-text gds-body-l ng-star-inserted\" dir=\"ltr\" role=\"heading\" aria-level=\"2\">\n<h3 class=\"query-text-line ng-star-inserted\">RMF Indukcijski grelni kondenzator<\/h3>\n<\/div>\n<\/div>\n<\/div>\n<div>\n<div class=\"response-container ng-tns-c3227055261-50 response-optimization tts-removed ng-star-inserted response-container-has-multiple-responses\">\n<div class=\"presented-response-container ng-tns-c3227055261-50\">\n<div class=\"response-container-content ng-tns-c3227055261-50 tunable-selection-with-avatar\">\n<div class=\"response-content ng-tns-c3227055261-50\">\n<div id=\"model-response-message-contentr_6c2a80d1ec190fc8\" class=\"markdown markdown-main-panel tutor-markdown-rendering response-optimization\" dir=\"ltr\">\n<p data-sourcepos=\"1:1-1:113\"><span class=\"citation-0 recitation\">Kondenzatorji RFM so posebej zasnovani za uporabo v <\/span><strong><span class=\"citation-0 recitation\">srednjefrekven\u010dni indukcijski ogrevalni sistemi<\/span><\/strong><span class=\"citation-0 recitation citation-end-0\">.<\/span><span class=\"button-container hide-from-message-actions ng-star-inserted\">\u00a0<\/span><\/p>\n<h3 data-sourcepos=\"3:1-3:24\"><strong>Glavne zna\u010dilnosti:<\/strong><\/h3>\n<ul data-sourcepos=\"5:1-10:0\">\n<li data-sourcepos=\"5:1-5:95\"><strong>Visoka napetost:<\/strong> Vzdr\u017eati morajo visoke napetosti, ki nastajajo v teh sistemih.<\/li>\n<li data-sourcepos=\"6:1-6:119\"><strong>Visoka tokovna zmogljivost:<\/strong> <span class=\"citation-1 recitation citation-end-1\">Sposoben je prena\u0161ati velike tokove, povezane z indukcijskim segrevanjem.<\/span><span class=\"button-container hide-from-message-actions ng-star-inserted\"> \u00a0<\/span>\n<div class=\"container ng-tns-c362440147-55 hide\">\n<div class=\"carousel-container ng-tns-c362440147-55\"><\/div>\n<\/div>\n<\/li>\n<li data-sourcepos=\"7:1-7:104\"><strong><span class=\"citation-2 recitation\">Nizka vrednost ESR (ekvivalentna zaporedna upornost):<\/span><\/strong><span class=\"citation-2 recitation citation-end-2\"> Zmanj\u0161a izgube energije v kondenzatorju.<\/span><span class=\"button-container hide-from-message-actions ng-star-inserted\">\u00a0 \u00a0<\/span>\n<div class=\"container ng-tns-c362440147-56 hide\">\n<div class=\"carousel-container ng-tns-c362440147-56\"><\/div>\n<\/div>\n<\/li>\n<li data-sourcepos=\"8:1-8:123\"><strong>Dobra toplotna stabilnost:<\/strong> Zaradi toplote, ki nastaja pri indukcijskem segrevanju, lahko deluje pri visokih temperaturah.<\/li>\n<li data-sourcepos=\"9:1-10:0\"><strong>Robustna konstrukcija:<\/strong> Zasnovan je tako, da zdr\u017ei te\u017eke delovne pogoje v industrijskih okoljih.<\/li>\n<\/ul>\n<h3 data-sourcepos=\"11:1-11:39\"><strong>Kako delujejo v RMF Indukcijski grelni kondenzator:<\/strong><\/h3>\n<ol data-sourcepos=\"13:1-15:0\">\n<li data-sourcepos=\"13:1-13:220\"><strong><span class=\"citation-3 recitation\">Resonanca:<\/span><\/strong><span class=\"citation-3 recitation citation-end-3\"> Kondenzatorji RFM se uporabljajo za ustvarjanje resonan\u010dnega tokokroga z indukcijsko tuljavo.<\/span> Ta resonanca pove\u010duje pretok toka skozi tuljavo, kar je bistvenega pomena za u\u010dinkovito indukcijsko ogrevanje.<span class=\"button-container hide-from-message-actions ng-star-inserted\">\u00a0 \u00a0<\/span>\n<div class=\"container ng-tns-c362440147-57 hide\">\n<div class=\"carousel-container ng-tns-c362440147-57\"><\/div>\n<\/div>\n<\/li>\n<li data-sourcepos=\"14:1-15:0\"><strong><span class=\"citation-4 recitation\">Korekcija faktorja mo\u010di:<\/span><\/strong><span class=\"citation-4 recitation citation-end-4\"> Pomagajo izbolj\u0161ati faktor mo\u010di indukcijskega ogrevalnega sistema, zmanj\u0161ati jalovo mo\u010d in izbolj\u0161ati splo\u0161no u\u010dinkovitost sistema.<\/span><span class=\"button-container hide-from-message-actions ng-star-inserted\"> \u00a0<\/span>\n<div class=\"container ng-tns-c362440147-58 hide\">\n<div class=\"carousel-container ng-tns-c362440147-58\"><\/div>\n<\/div>\n<\/li>\n<\/ol>\n<h3 data-sourcepos=\"16:1-16:25\"><strong>Tipi\u010dne aplikacije:<\/strong><\/h3>\n<ul data-sourcepos=\"18:1-20:0\">\n<li data-sourcepos=\"18:1-18:93\"><strong>Kovinsko ogrevanje:<\/strong> Uporablja se v razli\u010dnih aplikacijah, kot so kovanje, kaljenje in taljenje kovin.<\/li>\n<li data-sourcepos=\"19:1-20:0\"><strong>Toplotna obdelava:<\/strong> <span class=\"citation-5 recitation citation-end-5\">Uporablja se pri toplotni obdelavi kovin za izbolj\u0161anje njihovih mehanskih lastnosti.<\/span><span class=\"button-container hide-from-message-actions ng-star-inserted\"> \u00a0 <\/span><\/li>\n<\/ul>\n<\/div>\n<\/div>\n<\/div>\n<\/div>\n<\/div>\n<\/div>","protected":false},"excerpt":{"rendered":"<table style=\"height: 472px;\" width=\"718\">\n<tbody>\n<tr>\n<td width=\"146\"><strong><b>Izdelek<\/b><\/strong>\u00a0<strong><b>Ime:<\/b><\/strong><\/td>\n<td width=\"601\"><strong>RMF Indukcijski grelni kondenzator<\/strong><\/td>\n<\/tr>\n<tr>\n<td width=\"146\">\n<h4><strong>Kratek opis:<\/strong><\/h4>\n<\/td>\n<td width=\"601\">Inverter Pv, pretvornik vetrne energije; AII vrste frekven\u010dnega pretvornika in inverterja<br \/>\nnapajanje; izklju\u010dno elektri\u010dni in hibridni avtomobili; polnilni kup, UPS itd.<\/td>\n<\/tr>\n<tr>\n<td width=\"146\"><b>Razpon mo\u010di<\/b>:<\/td>\n<td width=\"601\">do 6000 uF<\/td>\n<\/tr>\n<tr>\n<td width=\"146\"><strong>Nazivna napetost\uff1a<\/strong><\/td>\n<td width=\"601\">0,75kv do 3kv<\/td>\n<\/tr>\n<tr>\n<td width=\"146\"><strong><b>Referen\u010dni standard<\/b>:\uff1a<\/strong><\/td>\n<td width=\"601\">GB\/T3984.1-2004<\/td>\n<\/tr>\n<tr>\n<td width=\"146\"><strong>IEC60110-1:<\/strong><\/td>\n<td width=\"601\">1998<\/td>\n<\/tr>\n<\/tbody>\n<\/table>","protected":false},"featured_media":1864,"comment_status":"open","ping_status":"closed","template":"","meta":[],"product_brand":[],"product_cat":[41],"product_tag":[],"class_list":{"0":"post-1863","1":"product","2":"type-product","3":"status-publish","4":"has-post-thumbnail","6":"product_cat-induction-heating-capacitor","8":"first","9":"instock","10":"shipping-taxable","11":"product-type-simple"},"_links":{"self":[{"href":"https:\/\/rf-capacitor.com\/sl\/wp-json\/wp\/v2\/product\/1863","targetHints":{"allow":["GET"]}}],"collection":[{"href":"https:\/\/rf-capacitor.com\/sl\/wp-json\/wp\/v2\/product"}],"about":[{"href":"https:\/\/rf-capacitor.com\/sl\/wp-json\/wp\/v2\/types\/product"}],"replies":[{"embeddable":true,"href":"https:\/\/rf-capacitor.com\/sl\/wp-json\/wp\/v2\/comments?post=1863"}],"wp:featuredmedia":[{"embeddable":true,"href":"https:\/\/rf-capacitor.com\/sl\/wp-json\/wp\/v2\/media\/1864"}],"wp:attachment":[{"href":"https:\/\/rf-capacitor.com\/sl\/wp-json\/wp\/v2\/media?parent=1863"}],"wp:term":[{"taxonomy":"product_brand","embeddable":true,"href":"https:\/\/rf-capacitor.com\/sl\/wp-json\/wp\/v2\/product_brand?post=1863"},{"taxonomy":"product_cat","embeddable":true,"href":"https:\/\/rf-capacitor.com\/sl\/wp-json\/wp\/v2\/product_cat?post=1863"},{"taxonomy":"product_tag","embeddable":true,"href":"https:\/\/rf-capacitor.com\/sl\/wp-json\/wp\/v2\/product_tag?post=1863"}],"curies":[{"name":"wp","href":"https:\/\/api.w.org\/{rel}","templated":true}]}}