{"id":1856,"date":"2025-01-02T02:04:58","date_gmt":"2025-01-02T02:04:58","guid":{"rendered":"https:\/\/rf-capacitor.com\/?post_type=product&#038;p=1856"},"modified":"2025-01-02T02:04:58","modified_gmt":"2025-01-02T02:04:58","slug":"resonant-circuit-snubber-capacitor","status":"publish","type":"product","link":"https:\/\/rf-capacitor.com\/sl\/resonant-circuit-snubber-capacitor\/","title":{"rendered":"Resonan\u010dno vezje Snubber kondenzator"},"content":{"rendered":"<div class=\"user-query-container ng-star-inserted\">\n<div id=\"user-query-content-1\" class=\"query-content\">\n<div class=\"query-text gds-body-l ng-star-inserted\" dir=\"ltr\" role=\"heading\" aria-level=\"2\">\n<h3 class=\"query-text-line ng-star-inserted\">Resonan\u010dno vezje Snubber kondenzator<\/h3>\n<\/div>\n<\/div>\n<\/div>\n<div>\n<div class=\"response-container ng-tns-c3227055261-32 response-optimization tts-removed ng-star-inserted response-container-has-multiple-responses\">\n<div class=\"presented-response-container ng-tns-c3227055261-32\">\n<div class=\"response-container-content ng-tns-c3227055261-32 tunable-selection-with-avatar\">\n<div class=\"response-content ng-tns-c3227055261-32\">\n<div id=\"model-response-message-contentr_be92511bd195e395\" class=\"markdown markdown-main-panel tutor-markdown-rendering response-optimization\" dir=\"ltr\">\n<p data-sourcepos=\"1:1-1:154\">V resonan\u010dnih vezjih snubberja ima kondenzator klju\u010dno vlogo pri ustvarjanju resonan\u010dnega vezja rezervoarja s parazitno induktivnostjo, ki je prisotna v sistemu.<\/p>\n<h3 data-sourcepos=\"3:1-3:17\"><strong>Kako deluje resonan\u010dni kondenzator Snubber:<\/strong><\/h3>\n<ul data-sourcepos=\"5:1-7:0\">\n<li data-sourcepos=\"5:1-5:283\"><strong>Resonanca:<\/strong> Kondenzator in parazitna induktivnost tvorita vezje LC-nastanka. Ko se IGBT izklopi, se shranjena energija v parazitni induktivnosti prenese na kondenzator. Ta prenos energije se zgodi pri resonan\u010dni frekvenci LC-tanka, kar povzro\u010di oscilacije.<\/li>\n<li data-sourcepos=\"6:1-7:0\"><strong>Razpr\u0161itev energije:<\/strong> V resonan\u010dno vezje snubberja je obi\u010dajno vklju\u010den upor, ki du\u0161i ta nihanja in razpr\u0161uje energijo.<\/li>\n<\/ul>\n<h3 data-sourcepos=\"8:1-8:56\"><strong>Klju\u010dne zna\u010dilnosti za resonan\u010dne kondenzatorje Snubber:<\/strong><\/h3>\n<ul data-sourcepos=\"10:1-13:0\">\n<li data-sourcepos=\"10:1-10:82\"><strong>Natan\u010dna kapacitivnost:<\/strong> Klju\u010dnega pomena za doseganje \u017eelene resonan\u010dne frekvence.<\/li>\n<li data-sourcepos=\"11:1-11:78\"><strong><span class=\"citation-0 recitation\">Nizek ESR:<\/span><\/strong><span class=\"citation-0 recitation citation-end-0\"> Zmanj\u0161a izgube med resonan\u010dnimi nihanji. <\/span>\n<div class=\"container ng-tns-c362440147-35\">\n<div class=\"carousel-container ng-tns-c362440147-35\">\n<div class=\"carousel-content ng-tns-c362440147-35\">\n<div class=\"sources-carousel-source ng-tns-c362440147-35 ng-star-inserted\" data-test-id=\"sources-carousel-source\">\n<div class=\"source-card-container\">\n<div class=\"source-card-content\"><\/div>\n<\/div>\n<\/div>\n<\/div>\n<\/div>\n<\/div>\n<\/li>\n<li data-sourcepos=\"12:1-13:0\"><strong>Visoka napetost:<\/strong> Vzdr\u017eati mora najvi\u0161je napetosti, ki se pojavijo med resonanco.<\/li>\n<\/ul>\n<h3 data-sourcepos=\"14:1-14:42\"><strong>Prednosti kondenzatorja Resonant Circuit Snubber:<\/strong><\/h3>\n<ul data-sourcepos=\"16:1-19:0\">\n<li data-sourcepos=\"16:1-16:158\"><strong>Manj\u0161e izgube pri preklapljanju:<\/strong> Z uporabo resonan\u010dnega prenosa energije se lahko v primerjavi s tradicionalnimi R-C snubberji znatno zmanj\u0161ajo preklopne izgube.<\/li>\n<li data-sourcepos=\"17:1-17:96\"><strong>Izbolj\u0161ana u\u010dinkovitost:<\/strong> Manj\u0161e preklopne izgube pomenijo ve\u010djo splo\u0161no u\u010dinkovitost sistema.<\/li>\n<li data-sourcepos=\"18:1-19:0\"><strong>Manj\u0161i EMI:<\/strong> Resonan\u010dna narava vezja lahko pomaga zmanj\u0161ati emisije elektromagnetnih motenj.<\/li>\n<\/ul>\n<h3 data-sourcepos=\"20:1-20:26\"><strong>Razmisleki o na\u010drtovanju:<\/strong><\/h3>\n<ul data-sourcepos=\"22:1-25:0\">\n<li data-sourcepos=\"22:1-22:89\"><strong>Resonan\u010dna frekvenca:<\/strong> Skrbno izra\u010dunano tako, da ustreza \u017eelenim pogojem delovanja.<\/li>\n<li data-sourcepos=\"23:1-23:117\"><strong>Faktor du\u0161enja:<\/strong> Vrednost upora je izbrana tako, da zagotavlja ustrezno du\u0161enje in prepre\u010duje prevelika nihanja.<\/li>\n<li data-sourcepos=\"24:1-25:0\"><strong>Izbira komponent vezja:<\/strong> Skrbna izbira komponent (kondenzator, upor, induktor) je klju\u010dnega pomena za optimalno delovanje.<\/li>\n<\/ul>\n<p data-sourcepos=\"30:1-30:230\">\n<\/div>\n<\/div>\n<\/div>\n<\/div>\n<\/div>\n<\/div>","protected":false},"excerpt":{"rendered":"<table style=\"height: 534px;\" width=\"695\">\n<tbody>\n<tr>\n<td width=\"146\"><strong><b>Izdelek<\/b><\/strong>\u00a0<strong><b>Ime:<\/b><\/strong><\/td>\n<td width=\"601\"><strong>Resonan\u010dno vezje Snubber kondenzator<\/strong><\/td>\n<\/tr>\n<tr>\n<td width=\"146\">\n<h4><strong>Kratek opis:<\/strong><\/h4>\n<\/td>\n<td width=\"601\">\u0160iroko se uporablja v mo\u010dnostni elektronski opremi, ko je najvi\u0161ja napetost, najvi\u0161ja trenutna absorpcijska za\u0161\u010dita<\/td>\n<\/tr>\n<tr>\n<td width=\"146\"><strong>Obmo\u010dje kapacitivnosti:<\/strong><\/td>\n<td width=\"601\">0,1 \u03bcF ~ 5,6 \u03bcF<\/td>\n<\/tr>\n<tr>\n<td width=\"146\"><strong>Nazivna napetost\uff1a<\/strong><\/td>\n<td width=\"601\">630V.DC ~ 2000V.DC<\/td>\n<\/tr>\n<tr>\n<td width=\"146\"><strong>Cap.tol\uff1a<\/strong><\/td>\n<td width=\"601\">\u00a0\u00a0\u00b15%(J)\uff1b\u00b110%(K)<\/td>\n<\/tr>\n<tr>\n<td width=\"146\"><strong>Model kondenzatorja:\u00a0<\/strong><\/td>\n<td width=\"601\">IGBT snubber<\/td>\n<\/tr>\n<\/tbody>\n<\/table>","protected":false},"featured_media":1857,"comment_status":"open","ping_status":"closed","template":"","meta":[],"product_brand":[],"product_cat":[40],"product_tag":[],"class_list":{"0":"post-1856","1":"product","2":"type-product","3":"status-publish","4":"has-post-thumbnail","6":"product_cat-snubber-capacitor","8":"first","9":"instock","10":"shipping-taxable","11":"product-type-simple"},"_links":{"self":[{"href":"https:\/\/rf-capacitor.com\/sl\/wp-json\/wp\/v2\/product\/1856","targetHints":{"allow":["GET"]}}],"collection":[{"href":"https:\/\/rf-capacitor.com\/sl\/wp-json\/wp\/v2\/product"}],"about":[{"href":"https:\/\/rf-capacitor.com\/sl\/wp-json\/wp\/v2\/types\/product"}],"replies":[{"embeddable":true,"href":"https:\/\/rf-capacitor.com\/sl\/wp-json\/wp\/v2\/comments?post=1856"}],"wp:featuredmedia":[{"embeddable":true,"href":"https:\/\/rf-capacitor.com\/sl\/wp-json\/wp\/v2\/media\/1857"}],"wp:attachment":[{"href":"https:\/\/rf-capacitor.com\/sl\/wp-json\/wp\/v2\/media?parent=1856"}],"wp:term":[{"taxonomy":"product_brand","embeddable":true,"href":"https:\/\/rf-capacitor.com\/sl\/wp-json\/wp\/v2\/product_brand?post=1856"},{"taxonomy":"product_cat","embeddable":true,"href":"https:\/\/rf-capacitor.com\/sl\/wp-json\/wp\/v2\/product_cat?post=1856"},{"taxonomy":"product_tag","embeddable":true,"href":"https:\/\/rf-capacitor.com\/sl\/wp-json\/wp\/v2\/product_tag?post=1856"}],"curies":[{"name":"wp","href":"https:\/\/api.w.org\/{rel}","templated":true}]}}