{"id":1811,"date":"2024-12-31T03:42:39","date_gmt":"2024-12-31T03:42:39","guid":{"rendered":"https:\/\/rf-capacitor.com\/?post_type=product&#038;p=1811"},"modified":"2024-12-31T03:42:39","modified_gmt":"2024-12-31T03:42:39","slug":"high-voltage-snubber-capacitor","status":"publish","type":"product","link":"https:\/\/rf-capacitor.com\/sl\/high-voltage-snubber-capacitor\/","title":{"rendered":"Visokonapetostni kondenzator Snubber"},"content":{"rendered":"<p>Visokonapetostni kondenzator Snubber je pomembna komponenta, ki se uporablja v visokonapetostnih tokokrogih za za\u0161\u010dito pred napetostnimi konicami in prehodnimi pojavi. Tukaj je pregled, kaj je snubber kondenzator, kak\u0161na je njegova funkcija in uporaba:<\/p>\n<p>Kaj je visokonapetostni kondenzator Snubber?<\/p>\n<p>Visokonapetostni kondenzator Snubber je kondenzator, ki se uporablja v elektri\u010dnih tokokrogih za prepre\u010devanje napetostnih skokov (znanih tudi kot prehodni pojavi), ki se lahko pojavijo ob izklopu induktivne obremenitve. Ti kondenzatorji pomagajo za\u0161\u010dititi ob\u010dutljive komponente pred po\u0161kodbami zaradi nenadnih sprememb napetosti.<\/p>\n<p>Funkcija visokonapetostnega kondenzatorja Snubber<\/p>\n<p>1. Zatiranje napetosti: Snubber kondenzatorji za\u010dasno shranjujejo energijo in jo po\u010dasi spro\u0161\u010dajo ter tako zmanj\u0161ujejo hitrost nara\u0161\u010danja (dV\/dt) napetostnih skokov.<br \/>\n2. Za\u0161\u010dita: \u0161\u010ditijo polprevodni\u0161ke naprave, kot so tiristorji, IGBT in diode, pred napetostnimi udarci, ki bi sicer lahko povzro\u010dili okvaro ali odpoved.<br \/>\n3. Zmanj\u0161anje hrupa: Z bla\u017eenjem nihanj napetosti kondenzatorji snubber prispevajo tudi k zmanj\u0161anju elektromagnetnih motenj (EMI).<\/p>\n<p>Aplikacije<\/p>\n<p>1. Energetska elektronika: V mo\u010dnostni elektroniki, kot so pretvorniki, pretvorniki in motorni pogoni, se pogosto uporabljajo kondenzatorji Snubber.<br \/>\n2. Stikalne naprave in odklopniki: Uporabljajo se v stikalnih napravah in odklopnikih za za\u0161\u010dito pred prehodnimi napetostmi med stikanjem.<br \/>\n3. Industrijska oprema: V industrijskih napravah se za za\u0161\u010dito krmilnih tokokrogov in napajalnikov pred napetostnimi skoki uporabljajo kondenzatorji snubber.<br \/>\n4. Sistemi HVAC: V sistemih HVAC se za za\u0161\u010dito pred prehodnimi napetostmi v krmilnih tokokrogih motorjev uporabljajo visokonapetostni kondenzatorji.<\/p>\n<p>Klju\u010dne specifikacije<\/p>\n<p>- Vrednost kapacitivnosti: Vrednost kapacitivnosti je treba izbrati glede na specifi\u010dno uporabo in pri\u010dakovane ravni napetostnih skokov.<br \/>\n- Nazivna napetost: Kondenzator mora imeti zadostno nazivno napetost, da prenese najve\u010djo napetost v tokokrogu.<br \/>\n- Dielektri\u010dni material: Obi\u010dajni dielektri\u010dni materiali so keramika, folija in polipropilen. Izbira je odvisna od zahtevane sposobnosti prenosa napetosti in delovne frekvence.<br \/>\n- ESR (ekvivalentna zaporedna upornost): Za zmanj\u0161anje izgub energije in nastajanja toplote je na splo\u0161no za\u017eeleno ni\u017eje ESR.<\/p>\n<p>Primeri uporabe<\/p>\n<p>1. Vezja inverterjev: V inverterjih so \u010dez preklopne naprave name\u0161\u010deni kondenzatorji za za\u0161\u010dito pred napetostnimi skoki med izklopom.<br \/>\n2. Motorni pogoni: V pogonih s spremenljivo frekvenco (VFD) kondenzatorji za odklop pomagajo za\u0161\u010dititi stikalne naprave pred napetostnimi skoki, ki nastanejo zaradi induktivne narave motorjev.<br \/>\n3. Sistemi razsvetljave: V sistemih razsvetljave z visoko intenzivnostjo razelektritve (HID) se za za\u0161\u010dito predstikalne naprave in drugih komponent pred prehodnimi napetostnimi pojavi uporabljajo kondenzatorji.<\/p>","protected":false},"excerpt":{"rendered":"<table style=\"height: 660px;\" width=\"727\">\n<tbody>\n<tr>\n<td width=\"146\"><strong><b>Izdelek<\/b><\/strong>\u00a0<strong><b>Ime:<\/b><\/strong><\/td>\n<td width=\"601\"><strong>Visokonapetostni kondenzator Snubber<\/strong><\/td>\n<\/tr>\n<tr>\n<td width=\"146\">\n<h4><strong>Kratek opis:<\/strong><\/h4>\n<\/td>\n<td width=\"601\">1. Inovativni snubber kondenzatorji, ki jih je zasnovala in izdelala dru\u017eba CRE<\/p>\n<p>2. Vodilno podjetje na podro\u010dju na\u010drtovanja in proizvodnje filmskih kondenzatorjev.<\/p>\n<p>3. \u010ce potrebujete edinstvene specifikacije snubberja, se obrnite na na\u0161 oblikovalski center za snubber kondenzator po meri.<\/p>\n<p>&nbsp;<\/td>\n<\/tr>\n<tr>\n<td width=\"146\"><strong>Obmo\u010dje kapacitivnosti:<\/strong><\/td>\n<td width=\"601\">\u00a01,6\u03bcF \u00b15%<\/td>\n<\/tr>\n<tr>\n<td width=\"146\"><strong>Nazivna napetost\uff1a<\/strong><\/td>\n<td width=\"601\">3000 V.DC<\/td>\n<\/tr>\n<tr>\n<td width=\"146\"><strong>Cap.tol\uff1a<\/strong><\/td>\n<td width=\"601\">\u00b15%(J) ;\u00b110%(K)<\/td>\n<\/tr>\n<\/tbody>\n<\/table>","protected":false},"featured_media":1812,"comment_status":"open","ping_status":"closed","template":"","meta":[],"product_brand":[],"product_cat":[40],"product_tag":[],"class_list":{"0":"post-1811","1":"product","2":"type-product","3":"status-publish","4":"has-post-thumbnail","6":"product_cat-snubber-capacitor","8":"first","9":"instock","10":"shipping-taxable","11":"product-type-simple"},"_links":{"self":[{"href":"https:\/\/rf-capacitor.com\/sl\/wp-json\/wp\/v2\/product\/1811","targetHints":{"allow":["GET"]}}],"collection":[{"href":"https:\/\/rf-capacitor.com\/sl\/wp-json\/wp\/v2\/product"}],"about":[{"href":"https:\/\/rf-capacitor.com\/sl\/wp-json\/wp\/v2\/types\/product"}],"replies":[{"embeddable":true,"href":"https:\/\/rf-capacitor.com\/sl\/wp-json\/wp\/v2\/comments?post=1811"}],"wp:featuredmedia":[{"embeddable":true,"href":"https:\/\/rf-capacitor.com\/sl\/wp-json\/wp\/v2\/media\/1812"}],"wp:attachment":[{"href":"https:\/\/rf-capacitor.com\/sl\/wp-json\/wp\/v2\/media?parent=1811"}],"wp:term":[{"taxonomy":"product_brand","embeddable":true,"href":"https:\/\/rf-capacitor.com\/sl\/wp-json\/wp\/v2\/product_brand?post=1811"},{"taxonomy":"product_cat","embeddable":true,"href":"https:\/\/rf-capacitor.com\/sl\/wp-json\/wp\/v2\/product_cat?post=1811"},{"taxonomy":"product_tag","embeddable":true,"href":"https:\/\/rf-capacitor.com\/sl\/wp-json\/wp\/v2\/product_tag?post=1811"}],"curies":[{"name":"wp","href":"https:\/\/api.w.org\/{rel}","templated":true}]}}