{"id":1783,"date":"2024-12-31T02:56:12","date_gmt":"2024-12-31T02:56:12","guid":{"rendered":"https:\/\/rf-capacitor.com\/?post_type=product&#038;p=1783"},"modified":"2024-12-31T02:56:12","modified_gmt":"2024-12-31T02:56:12","slug":"low-esr-ac-filter-capacitor","status":"publish","type":"product","link":"https:\/\/rf-capacitor.com\/sl\/low-esr-ac-filter-capacitor\/","title":{"rendered":"Nizka ESR AC filter kondenzator"},"content":{"rendered":"<h3 data-sourcepos=\"1:1-1:32\"><strong>Nizki kondenzatorji za filtriranje izmeni\u010dnega toka ESR<\/strong><\/h3>\n<ul data-sourcepos=\"3:1-17:0\">\n<li data-sourcepos=\"3:1-3:208\">\n<p data-sourcepos=\"3:3-3:208\"><strong>ESR:<\/strong> <span class=\"citation-0 recitation citation-end-0\">Pomeni \"ekvivalentno zaporedno upornost\".<\/span> <span class=\"citation-1 recitation citation-end-1\">Predstavlja notranji upor v kondenzatorju, ki lahko med delovanjem povzro\u010da izgube energije in nastajanje toplote.<\/span><span class=\"button-container hide-from-message-actions ng-star-inserted\">\u00a0<\/span><\/p>\n<div class=\"container ng-tns-c362440147-124 hide\">\n<div class=\"carousel-container ng-tns-c362440147-124\"><\/div>\n<\/div>\n<\/li>\n<li data-sourcepos=\"4:1-9:0\">\n<p data-sourcepos=\"4:3-4:105\"><strong>Nizka vrednost ESR Pomembnost:<\/strong> <span class=\"citation-2 recitation citation-end-2\">Pri uporabi filtrov za izmeni\u010dni tok je nizka vrednost ESR klju\u010dnega pomena iz ve\u010d razlogov:<\/span><span class=\"button-container hide-from-message-actions ng-star-inserted\"> \u00a0<\/span><\/p>\n<div class=\"container ng-tns-c362440147-125 hide\">\n<div class=\"carousel-container ng-tns-c362440147-125\"><\/div>\n<\/div>\n<ul data-sourcepos=\"5:5-9:0\">\n<li data-sourcepos=\"5:5-5:147\"><strong><span class=\"citation-3 recitation\">Manj\u0161e izgube energije:<\/span><\/strong><span class=\"citation-3 recitation citation-end-3\"> Ni\u017eji ESR zmanj\u0161uje nastajanje notranje toplote, kar vodi do manj\u0161ih izgub energije in izbolj\u0161ane u\u010dinkovitosti.<\/span><span class=\"button-container hide-from-message-actions ng-star-inserted\">\u00a0<\/span>\n<div class=\"container ng-tns-c362440147-126 hide\">\n<div class=\"carousel-container ng-tns-c362440147-126\"><\/div>\n<\/div>\n<\/li>\n<li data-sourcepos=\"6:5-6:186\"><strong>Izbolj\u0161ana zmogljivost filtriranja:<\/strong> Zaradi nizkega ESR se kondenzator u\u010dinkoviteje odziva na hitre spremembe toka, kar izbolj\u0161a njegovo sposobnost filtriranja visokofrekven\u010dnih harmonskih.<\/li>\n<li data-sourcepos=\"7:5-7:173\"><strong>Izbolj\u0161ana stabilnost:<\/strong> Zmanj\u0161uje tveganje resonance v elektroenergetskem sistemu, ki se lahko pojavi pri interakciji visokofrekven\u010dnih komponent z induktivnostjo sistema.<\/li>\n<li data-sourcepos=\"8:5-9:0\"><strong>Izbolj\u0161ana zanesljivost:<\/strong> <span class=\"citation-4 recitation citation-end-4\">Manj\u0161a notranja toplota zmanj\u0161uje obremenitev kondenzatorja in podalj\u0161uje njegovo \u017eivljenjsko dobo.<\/span><span class=\"button-container hide-from-message-actions ng-star-inserted\"> \u00a0<\/span>\n<div class=\"container ng-tns-c362440147-127 hide\">\n<div class=\"carousel-container ng-tns-c362440147-127\"><\/div>\n<\/div>\n<\/li>\n<\/ul>\n<\/li>\n<li data-sourcepos=\"10:1-13:0\">\n<h3 data-sourcepos=\"10:3-10:19\"><strong>Skupne vrste kondenzatorjev za izmeni\u010dni tok z nizkim ESR:<\/strong><\/h3>\n<ul data-sourcepos=\"11:5-13:0\">\n<li data-sourcepos=\"11:5-11:130\"><strong><span class=\"citation-5 recitation\">Kondenzatorji iz metalizirane polipropilenske folije:<\/span><\/strong><span class=\"citation-5 recitation citation-end-5\"> Pogosto so priljubljeni zaradi nizkega ESR in visokofrekven\u010dnega delovanja.<\/span><span class=\"button-container hide-from-message-actions ng-star-inserted\"> \u00a0<\/span>\n<div class=\"container ng-tns-c362440147-128 hide\">\n<div class=\"carousel-container ng-tns-c362440147-128\"><\/div>\n<\/div>\n<\/li>\n<li data-sourcepos=\"12:5-13:0\"><strong>Kondenzatorji iz metaliziranega papirja:<\/strong> Lahko imajo tudi nizek ESR, zlasti v aplikacijah z ve\u010djo mo\u010djo.<\/li>\n<\/ul>\n<\/li>\n<li data-sourcepos=\"14:1-17:0\">\n<h3 data-sourcepos=\"14:3-14:19\"><strong>Uporaba:<\/strong><\/h3>\n<ul data-sourcepos=\"15:5-17:0\">\n<li data-sourcepos=\"15:5-15:202\"><strong>Visokozmogljive aplikacije:<\/strong> Uporablja se v visokozmogljivi industrijski opremi, sistemih za obnovljive vire energije ter sistemih za prenos in distribucijo elektri\u010dne energije, kjer so prisotni visoki tokovi in hitri prehodni pojavi.<\/li>\n<li data-sourcepos=\"16:5-17:0\"><strong>Visokofrekven\u010dne aplikacije:<\/strong> Uporablja se v aplikacijah, ki vklju\u010dujejo visokofrekven\u010dno preklapljanje, kot so motorni pogoni, inverterji in mo\u010dnostni elektronski pretvorniki.<\/li>\n<\/ul>\n<\/li>\n<\/ul>\n<p data-sourcepos=\"18:1-18:358\"><strong>\u010ce povzamemo:<\/strong> Filtrirni kondenzatorji za izmeni\u010dni tok z nizkim ESR so bistveni za zagotavljanje optimalnega delovanja in zanesljivosti v zahtevnih aplikacijah, kjer so prisotni visoki tokovi, hitri prehodni pojavi in visokofrekven\u010dne komponente. Z zmanj\u0161anjem notranjega upora ti kondenzatorji prispevajo k izbolj\u0161ani kakovosti elektri\u010dne energije, manj\u0161im izgubam energije in ve\u010dji stabilnosti sistema.<\/p>","protected":false},"excerpt":{"rendered":"<table style=\"height: 601px;\" width=\"720\">\n<tbody>\n<tr>\n<td width=\"146\"><strong><b>Izdelek<\/b><\/strong>\u00a0<strong><b>Ime:<\/b><\/strong><\/td>\n<td width=\"601\"><strong>Nizka ESR AC filter kondenzator<\/strong><\/td>\n<\/tr>\n<tr>\n<td width=\"146\">\n<h4><strong>Dielektri\u010dni material:<\/strong><\/h4>\n<\/td>\n<td width=\"601\">1. Veliko ohi\u0161je iz nerjave\u010dega jekla<\/p>\n<p>2. visoka specifi\u010dna energija<\/p>\n<p>3. valovno rezana metalizirana PP folija\/PU, ki zagotavlja nizko samoinduktivnost, visoko odpornost proti pretrganju in visoko zanesljivost.<\/td>\n<\/tr>\n<tr>\n<td width=\"146\"><strong>Obmo\u010dje kapacitivnosti:<\/strong><\/td>\n<td width=\"601\">3*200\u03bcF \u00b15%<\/td>\n<\/tr>\n<tr>\n<td width=\"146\"><strong>Nazivna napetost\uff1a<\/strong><\/td>\n<td width=\"601\">\u00a0450V.AC SH<\/td>\n<\/tr>\n<tr>\n<td width=\"146\"><strong>Cap.tol\uff1a<\/strong><\/td>\n<td width=\"601\">5%~+5%<\/td>\n<\/tr>\n<tr>\n<td width=\"146\"><strong>Najvi\u0161ja temperatura okolice:<\/strong><\/td>\n<td width=\"601\">\u00a0-40\u2103-85\u2103<\/td>\n<\/tr>\n<\/tbody>\n<\/table>","protected":false},"featured_media":1787,"comment_status":"open","ping_status":"closed","template":"","meta":[],"product_brand":[],"product_cat":[39],"product_tag":[],"class_list":{"0":"post-1783","1":"product","2":"type-product","3":"status-publish","4":"has-post-thumbnail","6":"product_cat-ac-filter-capacitor-1","8":"first","9":"instock","10":"shipping-taxable","11":"product-type-simple"},"_links":{"self":[{"href":"https:\/\/rf-capacitor.com\/sl\/wp-json\/wp\/v2\/product\/1783","targetHints":{"allow":["GET"]}}],"collection":[{"href":"https:\/\/rf-capacitor.com\/sl\/wp-json\/wp\/v2\/product"}],"about":[{"href":"https:\/\/rf-capacitor.com\/sl\/wp-json\/wp\/v2\/types\/product"}],"replies":[{"embeddable":true,"href":"https:\/\/rf-capacitor.com\/sl\/wp-json\/wp\/v2\/comments?post=1783"}],"wp:featuredmedia":[{"embeddable":true,"href":"https:\/\/rf-capacitor.com\/sl\/wp-json\/wp\/v2\/media\/1787"}],"wp:attachment":[{"href":"https:\/\/rf-capacitor.com\/sl\/wp-json\/wp\/v2\/media?parent=1783"}],"wp:term":[{"taxonomy":"product_brand","embeddable":true,"href":"https:\/\/rf-capacitor.com\/sl\/wp-json\/wp\/v2\/product_brand?post=1783"},{"taxonomy":"product_cat","embeddable":true,"href":"https:\/\/rf-capacitor.com\/sl\/wp-json\/wp\/v2\/product_cat?post=1783"},{"taxonomy":"product_tag","embeddable":true,"href":"https:\/\/rf-capacitor.com\/sl\/wp-json\/wp\/v2\/product_tag?post=1783"}],"curies":[{"name":"wp","href":"https:\/\/api.w.org\/{rel}","templated":true}]}}