{"id":1773,"date":"2024-12-31T02:47:20","date_gmt":"2024-12-31T02:47:20","guid":{"rendered":"https:\/\/rf-capacitor.com\/?post_type=product&#038;p=1773"},"modified":"2024-12-31T03:19:56","modified_gmt":"2024-12-31T03:19:56","slug":"dual-run-ac-capacitor","status":"publish","type":"product","link":"https:\/\/rf-capacitor.com\/sl\/dual-run-ac-capacitor\/","title":{"rendered":"Dvojni kondenzator AC Run"},"content":{"rendered":"<h2 data-sourcepos=\"1:1-1:147\"><span class=\"citation-0 recitation citation-end-0\"> Dvojni kondenzator AC Run<\/span><\/h2>\n<p data-sourcepos=\"1:1-1:147\"><span class=\"citation-0 recitation citation-end-0\">Kondenzator za izmeni\u010dni tok z dvojnim delovanjem je vrsta kondenzatorja, ki v eni enoti zdru\u017euje funkcijo zagonskega in zagonskega kondenzatorja.<\/span><span class=\"button-container hide-from-message-actions ng-star-inserted\">\u00a0 \u00a0<\/span><\/p>\n<ul data-sourcepos=\"3:1-5:0\">\n<li data-sourcepos=\"3:1-3:128\"><strong><span class=\"citation-1 recitation\">Za\u010detni kondenzator:<\/span><\/strong><span class=\"citation-1 recitation citation-end-1\"> Zagotavlja za\u010dasno pove\u010danje elektri\u010dne energije za zagon motorjev kompresorja in ventilatorja.<\/span><span class=\"button-container hide-from-message-actions ng-star-inserted\"> \u00a0<\/span>\n<div class=\"container ng-tns-c362440147-111 hide\">\n<div class=\"carousel-container ng-tns-c362440147-111\"><\/div>\n<\/div>\n<\/li>\n<li data-sourcepos=\"4:1-5:0\"><strong>Teko\u010di kondenzator:<\/strong> <span class=\"citation-2 recitation citation-end-2\">Izbolj\u0161a u\u010dinkovitost in zmogljivost motorjev med neprekinjenim delovanjem.<\/span><span class=\"button-container hide-from-message-actions ng-star-inserted\">\u00a0 \u00a0<\/span>\n<div class=\"container ng-tns-c362440147-112 hide\">\n<div class=\"carousel-container ng-tns-c362440147-112\"><\/div>\n<\/div>\n<\/li>\n<\/ul>\n<h3 data-sourcepos=\"6:1-6:17\"><strong>Klju\u010dne lastnosti:<\/strong><\/h3>\n<ul data-sourcepos=\"8:1-11:0\">\n<li data-sourcepos=\"8:1-8:128\"><strong>Udobje:<\/strong> <span class=\"citation-3 recitation citation-end-3\">Poenostavlja namestitev in vzdr\u017eevanje z zamenjavo dveh lo\u010denih kondenzatorjev z eno enoto.<\/span><\/li>\n<li data-sourcepos=\"8:1-8:128\"><strong style=\"font-size: 14.4px;\">Var\u010devanje s prostorom:<\/strong> <span class=\"citation-4 recitation citation-end-4\" style=\"font-size: 14.4px;\">Zmanj\u0161a prostor, potreben za kondenzatorje v sistemu HVAC.<\/span><span class=\"button-container hide-from-message-actions ng-star-inserted\" style=\"font-size: 14.4px;\">\u00a0\u00a0<\/span>\n<div class=\"container ng-tns-c362440147-114 hide\">\n<div class=\"carousel-container ng-tns-c362440147-114\"><\/div>\n<\/div>\n<\/li>\n<li data-sourcepos=\"10:1-11:0\"><strong><span class=\"citation-5 recitation\">Izbolj\u0161ana u\u010dinkovitost:<\/span><\/strong><span class=\"citation-5 recitation citation-end-5\"> Prispeva lahko k izbolj\u0161anju splo\u0161ne u\u010dinkovitosti sistema.<\/span><span class=\"button-container hide-from-message-actions ng-star-inserted\"> \u00a0<\/span>\n<div class=\"container ng-tns-c362440147-115 hide\">\n<div class=\"carousel-container ng-tns-c362440147-115\"><\/div>\n<\/div>\n<\/li>\n<\/ul>\n<h3 data-sourcepos=\"12:1-12:17\"><strong>Uporaba:<\/strong><\/h3>\n<ul data-sourcepos=\"14:1-15:0\">\n<li data-sourcepos=\"14:1-15:0\"><span class=\"citation-6 recitation citation-end-6\">Uporablja se predvsem v klimatskih napravah za zagotavljanje nemotenega in u\u010dinkovitega delovanja kompresorja in motorjev ventilatorjev.<\/span><span class=\"button-container hide-from-message-actions ng-star-inserted\">\u00a0 \u00a0<\/span>\n<div class=\"container ng-tns-c362440147-116 hide\">\n<div class=\"carousel-container ng-tns-c362440147-116\"><\/div>\n<\/div>\n<\/li>\n<\/ul>\n<p data-sourcepos=\"20:1-20:167\"><strong><span class=\"citation-7 recitation\">Opomba:<\/span><\/strong><span class=\"citation-7 recitation citation-end-7\"> Kondenzatorji z dvojnim tekom so specializirana komponenta, ki jo je treba izbrati in namestiti v skladu s posebnimi zahtevami sistema HVAC.<\/span><span class=\"button-container hide-from-message-actions ng-star-inserted\"> \u00a0 <\/span><\/p>","protected":false},"excerpt":{"rendered":"<table style=\"height: 619px;\" width=\"693\">\n<tbody>\n<tr>\n<td width=\"146\"><strong><b>Izdelek<\/b><\/strong>\u00a0<strong><b>Ime:<\/b><\/strong><\/td>\n<td width=\"601\"><strong>Dvojni kondenzator AC Run<\/strong><\/td>\n<\/tr>\n<tr>\n<td width=\"146\">\n<h4><strong>Kratek opis:<\/strong><\/h4>\n<\/td>\n<td width=\"601\">1. Inovativno oblikovanje<\/p>\n<p>2. Robustni primer<\/p>\n<p>3. Visokokakovostni filmski kondenzator AC z dobro ceno<\/td>\n<\/tr>\n<tr>\n<td width=\"146\"><strong>Obmo\u010dje kapacitivnosti:<\/strong><\/td>\n<td width=\"601\">\u00a03*10\u03bcF \u00b15%<\/td>\n<\/tr>\n<tr>\n<td width=\"146\"><strong>Nazivna napetost\uff1a<\/strong><\/td>\n<td width=\"601\">750 V.AC<\/td>\n<\/tr>\n<tr>\n<td width=\"146\"><strong>Cap.tol\uff1a<\/strong><\/td>\n<td width=\"601\">-40\u2103_85\u2103<\/td>\n<\/tr>\n<tr>\n<td width=\"146\"><\/td>\n<td width=\"601\"><\/td>\n<\/tr>\n<\/tbody>\n<\/table>","protected":false},"featured_media":1775,"comment_status":"open","ping_status":"closed","template":"","meta":[],"product_brand":[],"product_cat":[39],"product_tag":[],"class_list":{"0":"post-1773","1":"product","2":"type-product","3":"status-publish","4":"has-post-thumbnail","6":"product_cat-ac-filter-capacitor-1","8":"first","9":"instock","10":"shipping-taxable","11":"product-type-simple"},"_links":{"self":[{"href":"https:\/\/rf-capacitor.com\/sl\/wp-json\/wp\/v2\/product\/1773","targetHints":{"allow":["GET"]}}],"collection":[{"href":"https:\/\/rf-capacitor.com\/sl\/wp-json\/wp\/v2\/product"}],"about":[{"href":"https:\/\/rf-capacitor.com\/sl\/wp-json\/wp\/v2\/types\/product"}],"replies":[{"embeddable":true,"href":"https:\/\/rf-capacitor.com\/sl\/wp-json\/wp\/v2\/comments?post=1773"}],"wp:featuredmedia":[{"embeddable":true,"href":"https:\/\/rf-capacitor.com\/sl\/wp-json\/wp\/v2\/media\/1775"}],"wp:attachment":[{"href":"https:\/\/rf-capacitor.com\/sl\/wp-json\/wp\/v2\/media?parent=1773"}],"wp:term":[{"taxonomy":"product_brand","embeddable":true,"href":"https:\/\/rf-capacitor.com\/sl\/wp-json\/wp\/v2\/product_brand?post=1773"},{"taxonomy":"product_cat","embeddable":true,"href":"https:\/\/rf-capacitor.com\/sl\/wp-json\/wp\/v2\/product_cat?post=1773"},{"taxonomy":"product_tag","embeddable":true,"href":"https:\/\/rf-capacitor.com\/sl\/wp-json\/wp\/v2\/product_tag?post=1773"}],"curies":[{"name":"wp","href":"https:\/\/api.w.org\/{rel}","templated":true}]}}