{"id":1767,"date":"2024-12-31T02:35:15","date_gmt":"2024-12-31T02:35:15","guid":{"rendered":"https:\/\/rf-capacitor.com\/?post_type=product&#038;p=1767"},"modified":"2024-12-31T02:35:15","modified_gmt":"2024-12-31T02:35:15","slug":"metallized-polypropylene-film-capacitor","status":"publish","type":"product","link":"https:\/\/rf-capacitor.com\/sl\/metallized-polypropylene-film-capacitor\/","title":{"rendered":"Metaliziran polipropilenski filmski kondenzator"},"content":{"rendered":"<h3 data-sourcepos=\"1:1-1:50\"><strong>Kondenzatorji iz metalizirane polipropilenske folije (MKP)<\/strong><\/h3>\n<ul data-sourcepos=\"3:1-27:0\">\n<li data-sourcepos=\"3:1-7:0\">\n<p data-sourcepos=\"3:3-3:19\"><strong>Gradnja:<\/strong><\/p>\n<ul data-sourcepos=\"4:5-7:0\">\n<li data-sourcepos=\"4:5-4:104\"><strong>Dielektrik:<\/strong> <span class=\"citation-0 recitation citation-end-0\">Kot izolacijski material uporabite tanke plasti polipropilenske folije.<\/span><span class=\"button-container hide-from-message-actions ng-star-inserted\">\u00a0 \u00a0<\/span>\n<div class=\"container ng-tns-c362440147-96 hide\">\n<div class=\"carousel-container ng-tns-c362440147-96\"><\/div>\n<\/div>\n<\/li>\n<li data-sourcepos=\"5:5-5:136\"><strong>Metalizacija:<\/strong> Na folijo se vakuumsko nanese tanka plast kovine (obi\u010dajno aluminija), ki tvori prevodne elektrode.<\/li>\n<li data-sourcepos=\"6:5-7:0\"><strong>Samozdravljenje:<\/strong> <span class=\"citation-1 recitation citation-end-1\">\u010ce zaradi napake pri izdelavi ali prenapetosti pride do lokalnega kratkega stika, se metalizacija okoli napake izhlapi, kar izolira obmo\u010dje in prepre\u010di nadaljnje po\u0161kodbe.<\/span> <span class=\"citation-2 recitation citation-end-2\">Ta mehanizem samozdravljenja pove\u010duje zanesljivost.<\/span><span class=\"button-container hide-from-message-actions ng-star-inserted\"> \u00a0<\/span>\n<div class=\"container ng-tns-c362440147-97 hide\">\n<div class=\"carousel-container ng-tns-c362440147-97\"><\/div>\n<\/div>\n<\/li>\n<\/ul>\n<\/li>\n<li data-sourcepos=\"8:1-14:0\">\n<h3 data-sourcepos=\"8:3-8:26\"><strong>Klju\u010dne zna\u010dilnosti Metaliziran polipropilenski filmski kondenzator:<\/strong><\/h3>\n<ul data-sourcepos=\"9:5-14:0\">\n<li data-sourcepos=\"9:5-9:122\"><strong><span class=\"citation-3 recitation\">Nizka izguba:<\/span><\/strong><span class=\"citation-3 recitation citation-end-3\"> Imajo zelo majhne dielektri\u010dne izgube, zato so primerni za visokofrekven\u010dne aplikacije.<\/span><span class=\"button-container hide-from-message-actions ng-star-inserted\"> \u00a0<\/span>\n<div class=\"container ng-tns-c362440147-98 hide\">\n<div class=\"carousel-container ng-tns-c362440147-98\"><\/div>\n<\/div>\n<\/li>\n<li data-sourcepos=\"10:5-10:72\"><strong>Visoka stabilnost:<\/strong> Odli\u010dna temperaturna in \u010dasovna stabilnost.<\/li>\n<li data-sourcepos=\"11:5-11:83\"><strong>Samozdravljenje:<\/strong> <span class=\"citation-4 recitation citation-end-4\">Izbolj\u0161a zanesljivost in podalj\u0161a \u017eivljenjsko dobo.<\/span><span class=\"button-container hide-from-message-actions ng-star-inserted\"> \u00a0<\/span>\n<div class=\"container ng-tns-c362440147-99 hide\">\n<div class=\"carousel-container ng-tns-c362440147-99\"><\/div>\n<\/div>\n<\/li>\n<li data-sourcepos=\"12:5-12:72\"><strong>Visoka napetost:<\/strong> <span class=\"citation-5 recitation citation-end-5\">Lahko prenese visoke napetosti.<\/span><span class=\"button-container hide-from-message-actions ng-star-inserted\"> \u00a0<\/span>\n<div class=\"container ng-tns-c362440147-100 hide\">\n<div class=\"carousel-container ng-tns-c362440147-100\"><\/div>\n<\/div>\n<\/li>\n<li data-sourcepos=\"13:5-14:0\"><strong>Kompaktna velikost:<\/strong> Doseganje visokih vrednosti kapacitivnosti v razmeroma majhnih paketih.<\/li>\n<\/ul>\n<\/li>\n<li data-sourcepos=\"15:1-21:0\">\n<h3 data-sourcepos=\"15:3-15:19\"><strong>Uporaba:<\/strong><\/h3>\n<ul data-sourcepos=\"16:5-21:0\">\n<li data-sourcepos=\"16:5-16:110\"><strong>Filtri za izmeni\u010dni tok:<\/strong> <span class=\"citation-6 recitation citation-end-6\">Uporablja se v elektroenergetskih sistemih za izmeni\u010dni tok za filtriranje harmonskih in izbolj\u0161anje kakovosti elektri\u010dne energije.<\/span><span class=\"button-container hide-from-message-actions ng-star-inserted\"> \u00a0<\/span>\n<div class=\"container ng-tns-c362440147-101 hide\">\n<div class=\"carousel-container ng-tns-c362440147-101\"><\/div>\n<\/div>\n<\/li>\n<li data-sourcepos=\"17:5-17:98\"><strong>Motorni pogoni:<\/strong> Uporablja se v pogonih s spremenljivo hitrostjo za izbolj\u0161anje zmogljivosti in zmanj\u0161anje hrupa.<\/li>\n<li data-sourcepos=\"18:5-18:142\"><strong>Preklopni napajalniki:<\/strong> \u0160iroko se uporablja v razli\u010dnih elektronskih vezjih, vklju\u010dno s stikalnimi napajalniki, inverterji in pretvorniki.<\/li>\n<li data-sourcepos=\"19:5-19:149\"><strong>Visokofrekven\u010dne aplikacije:<\/strong> Primeren za aplikacije, ki delujejo pri visokih frekvencah, kot so RF vezja in telekomunikacijska oprema.<\/li>\n<li data-sourcepos=\"20:5-21:0\"><strong>Zvo\u010dna oprema:<\/strong> <span class=\"citation-7 recitation citation-end-7\">Uporablja se v avdio aplikacijah za izbolj\u0161anje kakovosti signala in zmanj\u0161anje popa\u010denja.<\/span><span class=\"button-container hide-from-message-actions ng-star-inserted\">\u00a0<\/span>\n<div class=\"container ng-tns-c362440147-102 hide\">\n<div class=\"carousel-container ng-tns-c362440147-102\"><\/div>\n<\/div>\n<\/li>\n<\/ul>\n<\/li>\n<li data-sourcepos=\"22:1-27:0\">\n<h3 data-sourcepos=\"22:3-22:15\"><strong>Prednosti:<\/strong><\/h3>\n<ul data-sourcepos=\"23:5-27:0\">\n<li data-sourcepos=\"23:5-23:108\"><strong><span class=\"citation-8 recitation\">Izbolj\u0161ana zmogljivost:<\/span><\/strong><span class=\"citation-8 recitation citation-end-8\"> Izbolj\u0161ajte zmogljivost in u\u010dinkovitost elektronske opreme.<\/span>\n<div class=\"container ng-tns-c362440147-103 hide\">\n<div class=\"carousel-container ng-tns-c362440147-103\"><\/div>\n<\/div>\n<\/li>\n<li data-sourcepos=\"24:5-24:80\"><strong>Zmanj\u0161anje energetskih izgub:<\/strong> Zmanj\u0161ajte izgube energije v razli\u010dnih aplikacijah.<\/li>\n<li data-sourcepos=\"25:5-25:87\"><strong>Ve\u010dja zanesljivost:<\/strong> Mehanizem samozdravljenja izbolj\u0161a dolgoro\u010dno zanesljivost.<\/li>\n<li data-sourcepos=\"26:5-27:0\"><strong>Kompakten in lahek:<\/strong> Primerno za aplikacije z omejenim prostorom.<\/li>\n<\/ul>\n<\/li>\n<\/ul>\n<p data-sourcepos=\"28:1-28:293\"><strong>\u010ce povzamemo:<\/strong> Metalizirani polipropilenski filmski kondenzatorji so vsestranska in zanesljiva komponenta s \u0161irokim spektrom uporabe v razli\u010dnih elektronskih in energetskih sistemih. Zaradi nizkih izgub, visoke stabilnosti in sposobnosti samozdravljenja so prednostna izbira za \u0161tevilne kriti\u010dne aplikacije.<\/p>\n<p data-sourcepos=\"30:1-30:82\">","protected":false},"excerpt":{"rendered":"<table style=\"height: 493px;\" width=\"698\">\n<tbody>\n<tr>\n<td width=\"146\"><strong><b>Izdelek<\/b><\/strong>\u00a0<strong><b>Ime:<\/b><\/strong><\/td>\n<td width=\"601\"><strong>Metaliziran polipropilenski filmski kondenzator<\/strong><\/td>\n<\/tr>\n<tr>\n<td width=\"146\">\n<h4><strong>Dielektri\u010dni material:<\/strong><\/h4>\n<\/td>\n<td width=\"601\">Metalizirana polipropilenska folija<\/td>\n<\/tr>\n<tr>\n<td width=\"146\"><strong>Obmo\u010dje kapacitivnosti:<\/strong><\/td>\n<td width=\"601\">50 Hz in\/ali 60 Hz<\/td>\n<\/tr>\n<tr>\n<td width=\"146\"><strong>Nazivna napetost\uff1a<\/strong><\/td>\n<td width=\"601\">\u00a0660 VAC<\/td>\n<\/tr>\n<tr>\n<td width=\"146\"><strong>Cap.tol\uff1a<\/strong><\/td>\n<td width=\"601\">5%~+5%<\/td>\n<\/tr>\n<tr>\n<td width=\"146\"><strong>Najvi\u0161ja temperatura okolice:<\/strong><\/td>\n<td width=\"601\">\u00a0-40 \u2103 do +70 \u2103<\/td>\n<\/tr>\n<\/tbody>\n<\/table>","protected":false},"featured_media":1770,"comment_status":"open","ping_status":"closed","template":"","meta":[],"product_brand":[],"product_cat":[39],"product_tag":[],"class_list":{"0":"post-1767","1":"product","2":"type-product","3":"status-publish","4":"has-post-thumbnail","6":"product_cat-ac-filter-capacitor-1","8":"first","9":"instock","10":"shipping-taxable","11":"product-type-simple"},"_links":{"self":[{"href":"https:\/\/rf-capacitor.com\/sl\/wp-json\/wp\/v2\/product\/1767","targetHints":{"allow":["GET"]}}],"collection":[{"href":"https:\/\/rf-capacitor.com\/sl\/wp-json\/wp\/v2\/product"}],"about":[{"href":"https:\/\/rf-capacitor.com\/sl\/wp-json\/wp\/v2\/types\/product"}],"replies":[{"embeddable":true,"href":"https:\/\/rf-capacitor.com\/sl\/wp-json\/wp\/v2\/comments?post=1767"}],"wp:featuredmedia":[{"embeddable":true,"href":"https:\/\/rf-capacitor.com\/sl\/wp-json\/wp\/v2\/media\/1770"}],"wp:attachment":[{"href":"https:\/\/rf-capacitor.com\/sl\/wp-json\/wp\/v2\/media?parent=1767"}],"wp:term":[{"taxonomy":"product_brand","embeddable":true,"href":"https:\/\/rf-capacitor.com\/sl\/wp-json\/wp\/v2\/product_brand?post=1767"},{"taxonomy":"product_cat","embeddable":true,"href":"https:\/\/rf-capacitor.com\/sl\/wp-json\/wp\/v2\/product_cat?post=1767"},{"taxonomy":"product_tag","embeddable":true,"href":"https:\/\/rf-capacitor.com\/sl\/wp-json\/wp\/v2\/product_tag?post=1767"}],"curies":[{"name":"wp","href":"https:\/\/api.w.org\/{rel}","templated":true}]}}