{"id":1715,"date":"2024-12-30T03:49:14","date_gmt":"2024-12-30T03:49:14","guid":{"rendered":"https:\/\/rf-capacitor.com\/?post_type=product&#038;p=1715"},"modified":"2024-12-30T03:49:14","modified_gmt":"2024-12-30T03:49:14","slug":"three-phase-ac-filter-capacitor","status":"publish","type":"product","link":"https:\/\/rf-capacitor.com\/sl\/three-phase-ac-filter-capacitor\/","title":{"rendered":"Trifazni filter AC kondenzator"},"content":{"rendered":"<h3 data-sourcepos=\"1:1-1:36\"><strong>Trifazni filter AC kondenzator<\/strong><\/h3>\n<ul data-sourcepos=\"3:1-21:0\">\n<li data-sourcepos=\"3:1-3:147\">\n<p data-sourcepos=\"3:3-3:147\"><strong>Namen:<\/strong> <span class=\"citation-0 recitation citation-end-0\">Posebej zasnovan za trifazne napajalne sisteme na izmeni\u010dni tok za filtriranje harmoni\u010dnega popa\u010denja, ki ga povzro\u010dajo nelinearne obremenitve.<\/span><span class=\"button-container hide-from-message-actions ng-star-inserted\">\u00a0<\/span><\/p>\n<div class=\"container ng-tns-c362440147-79 hide\">\n<div class=\"carousel-container ng-tns-c362440147-79\"><\/div>\n<\/div>\n<\/li>\n<li data-sourcepos=\"4:1-10:0\">\n<h3 data-sourcepos=\"4:3-4:26\"><strong>Klju\u010dne zna\u010dilnosti Trifazni AC filter kondenzator:<\/strong><\/h3>\n<ul data-sourcepos=\"5:5-10:0\">\n<li data-sourcepos=\"5:5-5:151\"><strong>Trifazna konfiguracija:<\/strong> Obi\u010dajno so priklju\u010deni v konfiguraciji delta ali vej za u\u010dinkovito filtriranje harmonskih v trifaznih sistemih.<\/li>\n<li data-sourcepos=\"6:5-6:126\"><strong>Visoka zmogljivost:<\/strong> <span class=\"citation-1 recitation citation-end-1\">Sposoben je obvladovati visoke tokove in napetosti, ki so prisotni v trifaznih sistemih.<\/span><span class=\"button-container hide-from-message-actions ng-star-inserted\">\u00a0 \u00a0<\/span>\n<div class=\"container ng-tns-c362440147-80 hide\">\n<div class=\"carousel-container ng-tns-c362440147-80\"><\/div>\n<\/div>\n<\/li>\n<li data-sourcepos=\"7:5-7:78\"><strong>Nizka impedanca:<\/strong> <span class=\"citation-2 recitation citation-end-2\">Zmanj\u0161ajte izgube energije med delovanjem.<\/span><span class=\"button-container hide-from-message-actions ng-star-inserted\">\u00a0 \u00a0<\/span>\n<div class=\"container ng-tns-c362440147-81 hide\">\n<div class=\"carousel-container ng-tns-c362440147-81\"><\/div>\n<\/div>\n<\/li>\n<li data-sourcepos=\"8:5-8:158\"><strong>Robustna konstrukcija:<\/strong> Izdelani so za zahteve trifaznih elektroenergetskih sistemov, vklju\u010dno z vi\u0161jimi napetostmi in mo\u017enostjo ve\u010djih okvarnih tokov.<\/li>\n<li data-sourcepos=\"9:5-10:0\"><strong>Samozdravljenje:<\/strong> <span class=\"citation-3 recitation citation-end-3\">Pogosto vsebujejo mehanizme za samopopravljanje, ki pove\u010dujejo zanesljivost in podalj\u0161ujejo \u017eivljenjsko dobo.<\/span><span class=\"button-container hide-from-message-actions ng-star-inserted\"> \u00a0<\/span>\n<div class=\"container ng-tns-c362440147-82 hide\">\n<div class=\"carousel-container ng-tns-c362440147-82\"><\/div>\n<\/div>\n<\/li>\n<\/ul>\n<\/li>\n<li data-sourcepos=\"11:1-15:0\">\n<h3 data-sourcepos=\"11:3-11:19\"><strong>Uporaba Trifazni AC filter kondenzator:<\/strong><\/h3>\n<ul data-sourcepos=\"12:5-15:0\">\n<li data-sourcepos=\"12:5-12:158\"><strong>Industrijski:<\/strong> <span class=\"citation-4 recitation citation-end-4\">Filtriranje harmonskih, ki jih ustvarjajo pogoni s spremenljivo hitrostjo (VSD), mo\u010dnostni elektronski pretvorniki in druga industrijska oprema.<\/span><span class=\"button-container hide-from-message-actions ng-star-inserted\">\u00a0 \u00a0<\/span>\n<div class=\"container ng-tns-c362440147-83 hide\">\n<div class=\"carousel-container ng-tns-c362440147-83\"><\/div>\n<\/div>\n<\/li>\n<li data-sourcepos=\"13:5-13:140\"><strong><span class=\"citation-5 recitation\">Obnovljivi viri energije:<\/span><\/strong><span class=\"citation-5 recitation citation-end-5\"> Filtriranje harmonskih, ki jih proizvajajo vetrne turbine, son\u010dni pretvorniki in drugi obnovljivi viri energije.<\/span>\n<div class=\"container ng-tns-c362440147-84 hide\">\n<div class=\"carousel-container ng-tns-c362440147-84\"><\/div>\n<\/div>\n<\/li>\n<li data-sourcepos=\"14:5-15:0\"><strong>Prenos in distribucija elektri\u010dne energije:<\/strong> Izbolj\u0161anje kakovosti elektri\u010dne energije v trifaznih prenosnih in distribucijskih sistemih.<\/li>\n<\/ul>\n<\/li>\n<li data-sourcepos=\"16:1-21:0\">\n<h3 data-sourcepos=\"16:3-16:15\"><strong>Prednosti:<\/strong><\/h3>\n<ul data-sourcepos=\"17:5-21:0\">\n<li data-sourcepos=\"17:5-17:127\"><strong>Izbolj\u0161ana kakovost elektri\u010dne energije:<\/strong> Znatno zmanj\u0161ajo harmoni\u010dno popa\u010denje, kar omogo\u010da stabilnej\u0161e in u\u010dinkovitej\u0161e elektroenergetske sisteme.<\/li>\n<li data-sourcepos=\"18:5-18:131\"><strong><span class=\"citation-6 recitation\">Zmanj\u0161anje energetskih izgub:<\/span><\/strong><span class=\"citation-6 recitation citation-end-6\"> Zmanj\u0161ajte izgube energije v sistemu, kar zmanj\u0161a porabo energije in obratovalne stro\u0161ke.<\/span><span class=\"button-container hide-from-message-actions ng-star-inserted\">\u00a0 \u00a0<\/span>\n<div class=\"container ng-tns-c362440147-85 hide\">\n<div class=\"carousel-container ng-tns-c362440147-85\"><\/div>\n<\/div>\n<\/li>\n<li data-sourcepos=\"19:5-19:105\"><strong>Izbolj\u0161ana \u017eivljenjska doba opreme:<\/strong> Za\u0161\u010ditite ob\u010dutljivo opremo pred \u0161kodljivimi u\u010dinki harmonskih.<\/li>\n<li data-sourcepos=\"20:5-21:0\"><strong>Ve\u010dja zanesljivost sistema:<\/strong> izbolj\u0161anje splo\u0161ne zanesljivosti in stabilnosti trifaznega elektroenergetskega sistema.<\/li>\n<\/ul>\n<\/li>\n<\/ul>","protected":false},"excerpt":{"rendered":"<table style=\"height: 446px;\" width=\"714\">\n<tbody>\n<tr>\n<td width=\"146\"><strong><b>Izdelek<\/b><\/strong>\u00a0<strong><b>Ime:<\/b><\/strong><\/td>\n<td width=\"601\"><strong>Trifazni filter AC kondenzator<\/strong><\/td>\n<\/tr>\n<tr>\n<td width=\"146\">\n<h4><strong>Kratek opis:<\/strong><\/h4>\n<\/td>\n<td width=\"601\">Kovinska aluminijasta lupina, ognjevaren (UL 94V-0) epoksidni paket z visokim tokom, veliko zmogljivostjo, nizkim ESL in nizkimi izgubami<\/td>\n<\/tr>\n<tr>\n<td width=\"146\"><strong>Obmo\u010dje kapacitivnosti:<\/strong><\/td>\n<td width=\"601\">3\u2716\ufe0f20~3\u2716\ufe0f500UF<\/td>\n<\/tr>\n<tr>\n<td width=\"146\"><strong>Nazivna napetost\uff1a<\/strong><\/td>\n<td width=\"601\">220-1000 Vac<\/td>\n<\/tr>\n<tr>\n<td width=\"146\"><strong>Struktura:\u00a0<\/strong><\/td>\n<td width=\"601\">\u00a0Suha struktura metaliziranega filma<\/td>\n<\/tr>\n<tr>\n<td width=\"146\"><strong>Model kondenzatorja:\u00a0<\/strong><\/td>\n<td width=\"601\">AKMJ-MC<\/td>\n<\/tr>\n<\/tbody>\n<\/table>","protected":false},"featured_media":1716,"comment_status":"open","ping_status":"closed","template":"","meta":[],"product_brand":[],"product_cat":[39],"product_tag":[],"class_list":{"0":"post-1715","1":"product","2":"type-product","3":"status-publish","4":"has-post-thumbnail","6":"product_cat-ac-filter-capacitor-1","8":"first","9":"instock","10":"shipping-taxable","11":"product-type-simple"},"_links":{"self":[{"href":"https:\/\/rf-capacitor.com\/sl\/wp-json\/wp\/v2\/product\/1715","targetHints":{"allow":["GET"]}}],"collection":[{"href":"https:\/\/rf-capacitor.com\/sl\/wp-json\/wp\/v2\/product"}],"about":[{"href":"https:\/\/rf-capacitor.com\/sl\/wp-json\/wp\/v2\/types\/product"}],"replies":[{"embeddable":true,"href":"https:\/\/rf-capacitor.com\/sl\/wp-json\/wp\/v2\/comments?post=1715"}],"wp:featuredmedia":[{"embeddable":true,"href":"https:\/\/rf-capacitor.com\/sl\/wp-json\/wp\/v2\/media\/1716"}],"wp:attachment":[{"href":"https:\/\/rf-capacitor.com\/sl\/wp-json\/wp\/v2\/media?parent=1715"}],"wp:term":[{"taxonomy":"product_brand","embeddable":true,"href":"https:\/\/rf-capacitor.com\/sl\/wp-json\/wp\/v2\/product_brand?post=1715"},{"taxonomy":"product_cat","embeddable":true,"href":"https:\/\/rf-capacitor.com\/sl\/wp-json\/wp\/v2\/product_cat?post=1715"},{"taxonomy":"product_tag","embeddable":true,"href":"https:\/\/rf-capacitor.com\/sl\/wp-json\/wp\/v2\/product_tag?post=1715"}],"curies":[{"name":"wp","href":"https:\/\/api.w.org\/{rel}","templated":true}]}}