{"id":1709,"date":"2024-12-30T03:11:32","date_gmt":"2024-12-30T03:11:32","guid":{"rendered":"https:\/\/rf-capacitor.com\/?post_type=product&#038;p=1709"},"modified":"2024-12-30T03:11:32","modified_gmt":"2024-12-30T03:11:32","slug":"power-factor-correction-film-capacitors","status":"publish","type":"product","link":"https:\/\/rf-capacitor.com\/sl\/power-factor-correction-film-capacitors\/","title":{"rendered":"Filmski kondenzatorji za korekcijo faktorja mo\u010di"},"content":{"rendered":"<h3 data-sourcepos=\"1:1-1:49\"><strong>Filmski kondenzatorji za korekcijo faktorja mo\u010di<\/strong><\/h3>\n<ul data-sourcepos=\"3:1-13:0\">\n<li data-sourcepos=\"3:1-3:94\">\n<p data-sourcepos=\"3:3-3:94\"><strong><span class=\"citation-0 recitation\">Namen:<\/span><\/strong><span class=\"citation-0 recitation citation-end-0\"> Uporablja se predvsem za izbolj\u0161anje faktorja mo\u010di v elektri\u010dnih sistemih.<\/span><span class=\"button-container hide-from-message-actions ng-star-inserted\">\u00a0<\/span><\/p>\n<div class=\"container ng-tns-c362440147-42 hide\">\n<div class=\"carousel-container ng-tns-c362440147-42\"><\/div>\n<\/div>\n<\/li>\n<li data-sourcepos=\"4:1-11:0\">\n<p data-sourcepos=\"4:3-4:21\"><strong>Kako delujejo:<\/strong><\/p>\n<ul data-sourcepos=\"5:5-11:0\">\n<li data-sourcepos=\"5:5-5:174\"><strong>Reaktivna mo\u010d:<\/strong> <span class=\"citation-1 recitation citation-end-1\">Induktivne obremenitve (kot so motorji in transformatorji) porabljajo jalovo mo\u010d, ki ne prispeva k koristnemu delu, vendar pove\u010duje pretok toka.<\/span><span class=\"button-container hide-from-message-actions ng-star-inserted\"> \u00a0<\/span>\n<div class=\"container ng-tns-c362440147-43 hide\">\n<div class=\"carousel-container ng-tns-c362440147-43\"><\/div>\n<\/div>\n<\/li>\n<li data-sourcepos=\"6:5-6:124\"><strong><span class=\"citation-2 recitation\">Kondenzatorji:<\/span><\/strong><span class=\"citation-2 recitation citation-end-2\"> Zagotavlja vodilno jalovo mo\u010d, ki izni\u010di zaostalo jalovo mo\u010d bremena.<\/span><span class=\"button-container hide-from-message-actions ng-star-inserted\"> \u00a0<\/span>\n<div class=\"container ng-tns-c362440147-44 hide\">\n<div class=\"carousel-container ng-tns-c362440147-44\"><\/div>\n<\/div>\n<\/li>\n<li data-sourcepos=\"7:5-11:0\"><strong>Izbolj\u0161an faktor mo\u010di:<\/strong> Z dodajanjem kondenzatorjev PFC se pove\u010da skupni faktor mo\u010di sistema, kar povzro\u010di:\n<ul data-sourcepos=\"8:9-11:0\">\n<li data-sourcepos=\"8:9-8:65\">Manj\u0161i pretok toka za enako koli\u010dino dejanske mo\u010di.<\/li>\n<li data-sourcepos=\"9:9-9:57\"><span class=\"citation-3 recitation citation-end-3\">Manj\u0161e izgube energije v sistemu.<\/span><span class=\"button-container hide-from-message-actions ng-star-inserted\"> \u00a0<\/span>\n<div class=\"container ng-tns-c362440147-45 hide\">\n<div class=\"carousel-container ng-tns-c362440147-45\"><\/div>\n<\/div>\n<\/li>\n<li data-sourcepos=\"10:9-11:0\"><span class=\"citation-4 recitation citation-end-4\">Izbolj\u0161ana stabilnost napetosti.<\/span><span class=\"button-container hide-from-message-actions ng-star-inserted\">\u00a0 \u00a0<\/span><\/li>\n<li data-sourcepos=\"10:9-11:0\"><strong>Gradnja:<\/strong> Podobno kot splo\u0161ni kondenzatorji za izmeni\u010dni tok, ki za dielektrik obi\u010dajno uporabljajo metalizirano polipropilensko folijo.<\/li>\n<\/ul>\n<\/li>\n<\/ul>\n<\/li>\n<\/ul>\n<h3 data-sourcepos=\"14:1-14:17\"><strong>Klju\u010dne lastnosti Filmski kondenzatorji za korekcijo faktorja mo\u010di:<\/strong><\/h3>\n<ul data-sourcepos=\"16:1-20:0\">\n<li data-sourcepos=\"16:1-16:86\"><strong>Visoka gostota kapacitivnosti:<\/strong> V kompaktni velikosti lahko dose\u017ee visoke vrednosti kapacitivnosti.<\/li>\n<li data-sourcepos=\"17:1-17:60\"><strong>Nizka izguba:<\/strong> Minimalna razpr\u0161itev energije med delovanjem.<\/li>\n<li data-sourcepos=\"18:1-18:80\"><strong>Samozdravljenje:<\/strong> <span class=\"citation-5 recitation citation-end-5\">Pove\u010da zanesljivost in podalj\u0161a \u017eivljenjsko dobo.<\/span><span class=\"button-container hide-from-message-actions ng-star-inserted\"> \u00a0<\/span>\n<div class=\"container ng-tns-c362440147-47 hide\">\n<div class=\"carousel-container ng-tns-c362440147-47\"><\/div>\n<\/div>\n<\/li>\n<li data-sourcepos=\"19:1-20:0\"><strong>Dolga \u017eivljenjska doba:<\/strong> Zasnovan za neprekinjeno delovanje v elektroenergetskih sistemih.<\/li>\n<\/ul>\n<h3 data-sourcepos=\"21:1-21:17\"><strong>Uporaba filmskih kondenzatorjev za korekcijo faktorja mo\u010di :<\/strong><\/h3>\n<ul data-sourcepos=\"23:1-26:0\">\n<li data-sourcepos=\"23:1-23:147\"><strong><span class=\"citation-6 recitation\">Industrijski:<\/span><\/strong><span class=\"citation-6 recitation citation-end-6\"> \u0160iroko se uporablja v industrijskih obratih za izbolj\u0161anje faktorja mo\u010di motorjev, transformatorjev in drugih induktivnih bremen.<\/span><span class=\"button-container hide-from-message-actions ng-star-inserted\">\u00a0<\/span>\n<div class=\"container ng-tns-c362440147-48 hide\">\n<div class=\"carousel-container ng-tns-c362440147-48\"><\/div>\n<\/div>\n<\/li>\n<li data-sourcepos=\"24:1-24:113\"><strong>Komercialno:<\/strong> <span class=\"citation-7 recitation citation-end-7\">Uporablja se v poslovnih stavbah za zmanj\u0161anje stro\u0161kov energije in izbolj\u0161anje u\u010dinkovitosti sistema.<\/span><span class=\"button-container hide-from-message-actions ng-star-inserted\">\u00a0 \u00a0<\/span>\n<div class=\"container ng-tns-c362440147-49 hide\">\n<div class=\"carousel-container ng-tns-c362440147-49\"><\/div>\n<\/div>\n<\/li>\n<li data-sourcepos=\"25:1-26:0\"><strong><span class=\"citation-8 recitation\">Komunalne storitve:<\/span><\/strong><span class=\"citation-8 recitation citation-end-8\"> Uporabljajo jih energetska podjetja za izbolj\u0161anje splo\u0161ne kakovosti elektri\u010dne energije v omre\u017eju.<\/span><span class=\"button-container hide-from-message-actions ng-star-inserted\">\u00a0<\/span>\n<div class=\"container ng-tns-c362440147-50 hide\">\n<div class=\"carousel-container ng-tns-c362440147-50\"><\/div>\n<\/div>\n<\/li>\n<\/ul>\n<h3 data-sourcepos=\"27:1-27:13\"><strong>Prednosti:<\/strong><\/h3>\n<ul data-sourcepos=\"29:1-34:0\">\n<li data-sourcepos=\"29:1-29:117\"><strong>Manj\u0161i stro\u0161ki energije:<\/strong> Manj\u0161a poraba toka vodi do manj\u0161ih izgub energije v prenosnih in distribucijskih vodih.<\/li>\n<li data-sourcepos=\"30:1-30:126\"><strong>Izbolj\u0161ana u\u010dinkovitost sistema:<\/strong> <span class=\"citation-9 recitation citation-end-9\">Pove\u010dan faktor mo\u010di izbolj\u0161a splo\u0161no u\u010dinkovitost elektri\u010dne opreme.<\/span><span class=\"button-container hide-from-message-actions ng-star-inserted\">\u00a0 \u00a0<\/span>\n<div class=\"container ng-tns-c362440147-51 hide\">\n<div class=\"carousel-container ng-tns-c362440147-51\"><\/div>\n<\/div>\n<\/li>\n<li data-sourcepos=\"31:1-31:131\"><strong>Ve\u010dja zmogljivost sistema:<\/strong> <span class=\"citation-10 recitation citation-end-10\">Manj\u0161i tok omogo\u010da ve\u010djo mo\u010d brez nadgradnje infrastrukture.<\/span><span class=\"button-container hide-from-message-actions ng-star-inserted\"> \u00a0<\/span>\n<div class=\"container ng-tns-c362440147-52 hide\">\n<div class=\"carousel-container ng-tns-c362440147-52\"><\/div>\n<\/div>\n<\/li>\n<li data-sourcepos=\"32:1-32:93\"><strong>Izbolj\u0161ana stabilnost napetosti:<\/strong> Manj\u0161e nihanje napetosti in ve\u010dja stabilnost sistema.<\/li>\n<li data-sourcepos=\"33:1-34:0\"><strong>Manj\u0161a obraba opreme:<\/strong> Manj\u0161i tok zmanj\u0161a obremenitev elektri\u010dne opreme in podalj\u0161a njeno \u017eivljenjsko dobo.<\/li>\n<\/ul>","protected":false},"excerpt":{"rendered":"<table style=\"height: 506px;\" width=\"694\">\n<tbody>\n<tr>\n<td width=\"146\"><strong><b>Izdelek<\/b><\/strong>\u00a0<strong><b>Ime:<\/b><\/strong><\/td>\n<td width=\"601\"><strong>Filmski kondenzatorji za korekcijo faktorja mo\u010di<\/strong><\/td>\n<\/tr>\n<tr>\n<td width=\"146\">\n<h4><strong>Kratek opis:<\/strong><\/h4>\n<\/td>\n<td width=\"601\">&nbsp;<\/p>\n<p>Podjetje CRE je razvilo ta suhi filmski filter za izmeni\u010dni tok, ki je re\u0161il problem okvare obi\u010dajnega filtra za izmeni\u010dni tok.<\/td>\n<\/tr>\n<tr>\n<td width=\"146\"><strong>Obmo\u010dje kapacitivnosti:<\/strong><\/td>\n<td width=\"601\">\u00a03*200\u03bcF\u00b15%<\/td>\n<\/tr>\n<tr>\n<td width=\"146\"><strong>Nazivna napetost\uff1a<\/strong><\/td>\n<td width=\"601\">450V.AC SH<\/td>\n<\/tr>\n<tr>\n<td width=\"146\"><strong>Cap.tol\uff1a<\/strong><\/td>\n<td width=\"601\">\u00a0\u00b15%\uff08J\uff09\uff1b\u00b110%\uff08K\uff09<\/td>\n<\/tr>\n<tr>\n<td width=\"146\"><strong>Model kondenzatorja:\u00a0<\/strong><\/td>\n<td width=\"601\">Serija DMJ-PS<\/td>\n<\/tr>\n<\/tbody>\n<\/table>","protected":false},"featured_media":1710,"comment_status":"open","ping_status":"closed","template":"","meta":[],"product_brand":[],"product_cat":[39],"product_tag":[],"class_list":{"0":"post-1709","1":"product","2":"type-product","3":"status-publish","4":"has-post-thumbnail","6":"product_cat-ac-filter-capacitor-1","8":"first","9":"instock","10":"shipping-taxable","11":"product-type-simple"},"_links":{"self":[{"href":"https:\/\/rf-capacitor.com\/sl\/wp-json\/wp\/v2\/product\/1709","targetHints":{"allow":["GET"]}}],"collection":[{"href":"https:\/\/rf-capacitor.com\/sl\/wp-json\/wp\/v2\/product"}],"about":[{"href":"https:\/\/rf-capacitor.com\/sl\/wp-json\/wp\/v2\/types\/product"}],"replies":[{"embeddable":true,"href":"https:\/\/rf-capacitor.com\/sl\/wp-json\/wp\/v2\/comments?post=1709"}],"wp:featuredmedia":[{"embeddable":true,"href":"https:\/\/rf-capacitor.com\/sl\/wp-json\/wp\/v2\/media\/1710"}],"wp:attachment":[{"href":"https:\/\/rf-capacitor.com\/sl\/wp-json\/wp\/v2\/media?parent=1709"}],"wp:term":[{"taxonomy":"product_brand","embeddable":true,"href":"https:\/\/rf-capacitor.com\/sl\/wp-json\/wp\/v2\/product_brand?post=1709"},{"taxonomy":"product_cat","embeddable":true,"href":"https:\/\/rf-capacitor.com\/sl\/wp-json\/wp\/v2\/product_cat?post=1709"},{"taxonomy":"product_tag","embeddable":true,"href":"https:\/\/rf-capacitor.com\/sl\/wp-json\/wp\/v2\/product_tag?post=1709"}],"curies":[{"name":"wp","href":"https:\/\/api.w.org\/{rel}","templated":true}]}}